{"id":271,"date":"2018-12-05T11:56:17","date_gmt":"2018-12-05T11:56:17","guid":{"rendered":"https:\/\/sleepcity.ee\/?page_id=271"},"modified":"2025-03-10T16:34:08","modified_gmt":"2025-03-10T16:34:08","slug":"padjad","status":"publish","type":"page","link":"https:\/\/sleepcity.ee\/padjad\/","title":{"rendered":"Padjad"},"content":{"rendered":"<p>[section padding=&#8221;0px&#8221;]<\/p>\n<p>[ux_banner height__sm=&#8221;300px&#8221; height__md=&#8221;50%&#8221; bg=&#8221;8005&#8243; bg_size=&#8221;original&#8221; bg_color=&#8221;rgb(255, 255, 255)&#8221; bg_overlay=&#8221;rgba(0, 0, 0, 0.3)&#8221; bg_pos=&#8221;48% 74%&#8221; class=&#8221;voodid-banner&#8221;]<\/p>\n<p>[text_box text_color=&#8221;dark&#8221; width=&#8221;64&#8243; width__sm=&#8221;92&#8243; width__md=&#8221;78&#8243; position_x=&#8221;100&#8243; position_y=&#8221;85&#8243; text_align=&#8221;left&#8221;]<\/p>\n<h1 class=\"alt-font\"><span style=\"color: #ffffff; font-size: 200%;\">SleepCity-Hea Une Valem!<br \/>\nTempur padjad<\/span><\/h1>\n<h3><span style=\"color: #ffffff; font-size: 60%;\">Toeta oma pead ja kaela sama t\u00f5husalt kui kehagi!<br \/>\u00d5ige padja valikuga tagad parima kehahoiaku kogu puhkamise ajaks. <\/p>\n<p>Ootame Sind meie esindussalongi, P\u00e4rnu mnt 110, Tallinn.<\/span><\/h3>\n<p>[\/text_box]<\/p>\n<p>[\/ux_banner]<\/p>\n<p>[\/section]<br \/>\n[section padding=&#8221;0px&#8221;]<\/p>\n<p>[row]<\/p>\n<p>[col span__sm=&#8221;12&#8243; padding=&#8221;51px 0px 0px 0px&#8221;]<\/p>\n<h3 style=\"text-align: center;\"><strong><span style=\"color: #333399;\">Maga s\u00fcgavalt ja \u00e4rka v\u00e4lja puhanuna- seda pakub Sulle<\/span><\/strong><\/h3>\n<h3 style=\"text-align: center;\"><strong><span style=\"color: #333399;\"> SleepCity-Hea Une Valem!\u00a0 <\/span><\/strong><\/h3>\n<h3 style=\"text-align: center;\"><strong><span style=\"color: #333399;\">\u00a0 \u00a0 \u00a0<\/span><\/strong><strong><span style=\"color: #333399;\">Kasuta ostukorvis sooduskoodi KEVAD15<\/span><\/strong><\/h3>\n<p style=\"text-align: center;\">Soodustus -15% kestab kuni mai l\u00f5puni!<\/p>\n<p style=\"text-align: center;\">\u00a0<\/p>\n<h2 style=\"text-align: center;\">TEMPUR traditsioonilised padjad<\/h2>\n<p style=\"text-align: center;\">K\u00f5ik TEMPUR padjad sisaldavad temperatuuritundliku materjali. Padi kohaneb sinu pea\u00a0ja kaelaga,\u00a0mis aitab l\u00f5dvestada \u00f5lgu ning magada rahulikult.<\/p>\n<p>[\/col]<br \/>\n[col span__sm=&#8221;12&#8243; align=&#8221;left&#8221; class=&#8221;voodid-adjustable&#8221;]<\/p>\n<p>[row_inner]<\/p>\n<p>[col_inner span__sm=&#8221;12&#8243;]<\/p>\n<p>[ux_products type=&#8221;row&#8221; cat=&#8221;93&#8243;]<\/p>\n<p>[\/col_inner]<\/p>\n<p>[\/row_inner]<\/p>\n<p>[\/col]<\/p>\n<p>[\/row]<\/p>\n<p>[\/section]<br \/>\n[section bg_color=&#8221;rgb(247, 247, 247)&#8221; padding=&#8221;0px&#8221;]<\/p>\n<p>[row]<\/p>\n<p>[col span__sm=&#8221;12&#8243;]<\/p>\n<p>[row_inner]<\/p>\n<p>[col_inner span__sm=&#8221;12&#8243; padding=&#8221;51px 0px 0px 0px&#8221;]<\/p>\n<h3 style=\"text-align: center;\">TEMPUR ergonoomilised padjad<\/h3>\n<p style=\"text-align: center;\">Ergonoomilised padjad, mis on disainitud silmas pidades teie keha loomulikku kumerust, pakkudes kindlat tuge kaelale, peale ja \u00f5lgadele.<\/p>\n<p>[\/col_inner]<\/p>\n<p>[\/row_inner]<br \/>\n[row_inner]<\/p>\n<p>[col_inner span__sm=&#8221;12&#8243; padding=&#8221;0px 0px 0px 0px&#8221;]<\/p>\n<p>[ux_products cat=&#8221;94&#8243; products=&#8221;16&#8243;]<\/p>\n<p>[\/col_inner]<\/p>\n<p>[\/row_inner]<\/p>\n<p>[\/col]<\/p>\n<p>[\/row]<\/p>\n<p>[\/section]<\/p>\n","protected":false},"excerpt":{"rendered":"<p>[section padding=&#8221;0px&#8221;] [ux_banner height__sm=&#8221;300px&#8221; height__md=&#8221;50%&#8221; bg=&#8221;8005&#8243; bg_size=&#8221;original&#8221; bg_color=&#8221;rgb(255, 255, 255)&#8221; bg_overlay=&#8221;rgba(0, 0, 0, 0.3)&#8221; bg_pos=&#8221;48% 74%&#8221; class=&#8221;voodid-banner&#8221;] [text_box text_color=&#8221;dark&#8221; width=&#8221;64&#8243; width__sm=&#8221;92&#8243; width__md=&#8221;78&#8243; position_x=&#8221;100&#8243; position_y=&#8221;85&#8243; text_align=&#8221;left&#8221;] SleepCity-Hea Une Valem! Tempur padjad Toeta oma pead ja kaela sama t\u00f5husalt kui kehagi!\u00d5ige padja valikuga tagad parima kehahoiaku kogu puhkamise ajaks. Ootame Sind meie esindussalongi, P\u00e4rnu mnt 110, Tallinn. [&hellip;]<\/p>\n","protected":false},"author":2,"featured_media":0,"parent":0,"menu_order":0,"comment_status":"closed","ping_status":"closed","template":"page-blank.php","meta":{"_monsterinsights_skip_tracking":false,"_monsterinsights_sitenote_active":false,"_monsterinsights_sitenote_note":"","_monsterinsights_sitenote_category":0,"footnotes":""},"class_list":["post-271","page","type-page","status-publish","hentry"],"yoast_head":"<!-- This site is optimized with the Yoast SEO plugin v27.4 - https:\/\/yoast.com\/product\/yoast-seo-wordpress\/ -->\n<title>Padjad - SleepCity - Hea Une Valem<\/title>\n<meta name=\"description\" content=\"SleepCity-Hea Une Valem! Tempur padjad Toeta oma pead ja kaela sama t\u00f5husalt kui kehagi!\u00d5ige padja valikuga tagad parima kehahoiaku kogu puhkamise ajaks.\" \/>\n<meta name=\"robots\" content=\"index, follow, max-snippet:-1, max-image-preview:large, max-video-preview:-1\" \/>\n<link rel=\"canonical\" href=\"https:\/\/sleepcity.ee\/padjad\/\" \/>\n<meta property=\"og:locale\" content=\"et_EE\" \/>\n<meta property=\"og:type\" content=\"article\" \/>\n<meta property=\"og:title\" content=\"Padjad - SleepCity - Hea Une Valem\" \/>\n<meta property=\"og:description\" content=\"SleepCity-Hea Une Valem! Tempur padjad Toeta oma pead ja kaela sama t\u00f5husalt kui kehagi!\u00d5ige padja valikuga tagad parima kehahoiaku kogu puhkamise ajaks.\" \/>\n<meta property=\"og:url\" content=\"https:\/\/sleepcity.ee\/padjad\/\" \/>\n<meta property=\"og:site_name\" content=\"SleepCity - Hea Une Valem\" \/>\n<meta property=\"article:publisher\" content=\"http:\/\/www.fb.com\/TempurEstonia\" \/>\n<meta property=\"article:modified_time\" content=\"2025-03-10T16:34:08+00:00\" \/>\n<meta name=\"twitter:card\" content=\"summary_large_image\" \/>\n<meta name=\"twitter:label1\" content=\"Est. reading time\" \/>\n\t<meta name=\"twitter:data1\" content=\"1 minut\" \/>\n<script type=\"application\/ld+json\" class=\"yoast-schema-graph\">{\"@context\":\"https:\\\/\\\/schema.org\",\"@graph\":[{\"@type\":\"WebPage\",\"@id\":\"https:\\\/\\\/sleepcity.ee\\\/padjad\\\/\",\"url\":\"https:\\\/\\\/sleepcity.ee\\\/padjad\\\/\",\"name\":\"Padjad - SleepCity - Hea Une Valem\",\"isPartOf\":{\"@id\":\"https:\\\/\\\/sleepcity.ee\\\/#website\"},\"datePublished\":\"2018-12-05T11:56:17+00:00\",\"dateModified\":\"2025-03-10T16:34:08+00:00\",\"description\":\"SleepCity-Hea Une Valem! Tempur padjad Toeta oma pead ja kaela sama t\u00f5husalt kui kehagi!\u00d5ige padja valikuga tagad parima kehahoiaku kogu puhkamise ajaks.\",\"breadcrumb\":{\"@id\":\"https:\\\/\\\/sleepcity.ee\\\/padjad\\\/#breadcrumb\"},\"inLanguage\":\"et\",\"potentialAction\":[{\"@type\":\"ReadAction\",\"target\":[\"https:\\\/\\\/sleepcity.ee\\\/padjad\\\/\"]}]},{\"@type\":\"BreadcrumbList\",\"@id\":\"https:\\\/\\\/sleepcity.ee\\\/padjad\\\/#breadcrumb\",\"itemListElement\":[{\"@type\":\"ListItem\",\"position\":1,\"name\":\"Home\",\"item\":\"https:\\\/\\\/sleepcity.ee\\\/\"},{\"@type\":\"ListItem\",\"position\":2,\"name\":\"Padjad\"}]},{\"@type\":\"WebSite\",\"@id\":\"https:\\\/\\\/sleepcity.ee\\\/#website\",\"url\":\"https:\\\/\\\/sleepcity.ee\\\/\",\"name\":\"Tempur Shop\",\"description\":\"TEMPUR madratsid, voodid, padjad ja muud unetooted.\",\"publisher\":{\"@id\":\"https:\\\/\\\/sleepcity.ee\\\/#organization\"},\"potentialAction\":[{\"@type\":\"SearchAction\",\"target\":{\"@type\":\"EntryPoint\",\"urlTemplate\":\"https:\\\/\\\/sleepcity.ee\\\/?s={search_term_string}\"},\"query-input\":{\"@type\":\"PropertyValueSpecification\",\"valueRequired\":true,\"valueName\":\"search_term_string\"}}],\"inLanguage\":\"et\"},{\"@type\":\"Organization\",\"@id\":\"https:\\\/\\\/sleepcity.ee\\\/#organization\",\"name\":\"VG Design O\u00dc\",\"url\":\"https:\\\/\\\/sleepcity.ee\\\/\",\"logo\":{\"@type\":\"ImageObject\",\"inLanguage\":\"et\",\"@id\":\"https:\\\/\\\/sleepcity.ee\\\/#\\\/schema\\\/logo\\\/image\\\/\",\"url\":\"https:\\\/\\\/sleepcity.ee\\\/wp-content\\\/uploads\\\/2023\\\/09\\\/sleepcity_logo.png\",\"contentUrl\":\"https:\\\/\\\/sleepcity.ee\\\/wp-content\\\/uploads\\\/2023\\\/09\\\/sleepcity_logo.png\",\"width\":1034,\"height\":318,\"caption\":\"VG Design O\u00dc\"},\"image\":{\"@id\":\"https:\\\/\\\/sleepcity.ee\\\/#\\\/schema\\\/logo\\\/image\\\/\"},\"sameAs\":[\"http:\\\/\\\/www.fb.com\\\/TempurEstonia\",\"http:\\\/\\\/www.instagram.com\\\/tempurestonia\"]}]}<\/script>\n<!-- \/ Yoast SEO plugin. -->","yoast_head_json":{"title":"Padjad - SleepCity - Hea Une Valem","description":"SleepCity-Hea Une Valem! Tempur padjad Toeta oma pead ja kaela sama t\u00f5husalt kui kehagi!\u00d5ige padja valikuga tagad parima kehahoiaku kogu puhkamise ajaks.","robots":{"index":"index","follow":"follow","max-snippet":"max-snippet:-1","max-image-preview":"max-image-preview:large","max-video-preview":"max-video-preview:-1"},"canonical":"https:\/\/sleepcity.ee\/padjad\/","og_locale":"et_EE","og_type":"article","og_title":"Padjad - SleepCity - Hea Une Valem","og_description":"SleepCity-Hea Une Valem! Tempur padjad Toeta oma pead ja kaela sama t\u00f5husalt kui kehagi!\u00d5ige padja valikuga tagad parima kehahoiaku kogu puhkamise ajaks.","og_url":"https:\/\/sleepcity.ee\/padjad\/","og_site_name":"SleepCity - Hea Une Valem","article_publisher":"http:\/\/www.fb.com\/TempurEstonia","article_modified_time":"2025-03-10T16:34:08+00:00","twitter_card":"summary_large_image","twitter_misc":{"Est. reading time":"1 minut"},"schema":{"@context":"https:\/\/schema.org","@graph":[{"@type":"WebPage","@id":"https:\/\/sleepcity.ee\/padjad\/","url":"https:\/\/sleepcity.ee\/padjad\/","name":"Padjad - SleepCity - Hea Une Valem","isPartOf":{"@id":"https:\/\/sleepcity.ee\/#website"},"datePublished":"2018-12-05T11:56:17+00:00","dateModified":"2025-03-10T16:34:08+00:00","description":"SleepCity-Hea Une Valem! Tempur padjad Toeta oma pead ja kaela sama t\u00f5husalt kui kehagi!\u00d5ige padja valikuga tagad parima kehahoiaku kogu puhkamise ajaks.","breadcrumb":{"@id":"https:\/\/sleepcity.ee\/padjad\/#breadcrumb"},"inLanguage":"et","potentialAction":[{"@type":"ReadAction","target":["https:\/\/sleepcity.ee\/padjad\/"]}]},{"@type":"BreadcrumbList","@id":"https:\/\/sleepcity.ee\/padjad\/#breadcrumb","itemListElement":[{"@type":"ListItem","position":1,"name":"Home","item":"https:\/\/sleepcity.ee\/"},{"@type":"ListItem","position":2,"name":"Padjad"}]},{"@type":"WebSite","@id":"https:\/\/sleepcity.ee\/#website","url":"https:\/\/sleepcity.ee\/","name":"Tempur Shop","description":"TEMPUR madratsid, voodid, padjad ja muud unetooted.","publisher":{"@id":"https:\/\/sleepcity.ee\/#organization"},"potentialAction":[{"@type":"SearchAction","target":{"@type":"EntryPoint","urlTemplate":"https:\/\/sleepcity.ee\/?s={search_term_string}"},"query-input":{"@type":"PropertyValueSpecification","valueRequired":true,"valueName":"search_term_string"}}],"inLanguage":"et"},{"@type":"Organization","@id":"https:\/\/sleepcity.ee\/#organization","name":"VG Design O\u00dc","url":"https:\/\/sleepcity.ee\/","logo":{"@type":"ImageObject","inLanguage":"et","@id":"https:\/\/sleepcity.ee\/#\/schema\/logo\/image\/","url":"https:\/\/sleepcity.ee\/wp-content\/uploads\/2023\/09\/sleepcity_logo.png","contentUrl":"https:\/\/sleepcity.ee\/wp-content\/uploads\/2023\/09\/sleepcity_logo.png","width":1034,"height":318,"caption":"VG Design O\u00dc"},"image":{"@id":"https:\/\/sleepcity.ee\/#\/schema\/logo\/image\/"},"sameAs":["http:\/\/www.fb.com\/TempurEstonia","http:\/\/www.instagram.com\/tempurestonia"]}]}},"_links":{"self":[{"href":"https:\/\/sleepcity.ee\/wp-json\/wp\/v2\/pages\/271","targetHints":{"allow":["GET"]}}],"collection":[{"href":"https:\/\/sleepcity.ee\/wp-json\/wp\/v2\/pages"}],"about":[{"href":"https:\/\/sleepcity.ee\/wp-json\/wp\/v2\/types\/page"}],"author":[{"embeddable":true,"href":"https:\/\/sleepcity.ee\/wp-json\/wp\/v2\/users\/2"}],"replies":[{"embeddable":true,"href":"https:\/\/sleepcity.ee\/wp-json\/wp\/v2\/comments?post=271"}],"version-history":[{"count":5,"href":"https:\/\/sleepcity.ee\/wp-json\/wp\/v2\/pages\/271\/revisions"}],"predecessor-version":[{"id":8239,"href":"https:\/\/sleepcity.ee\/wp-json\/wp\/v2\/pages\/271\/revisions\/8239"}],"wp:attachment":[{"href":"https:\/\/sleepcity.ee\/wp-json\/wp\/v2\/media?parent=271"}],"curies":[{"name":"wp","href":"https:\/\/api.w.org\/{rel}","templated":true}]}}