{"id":465,"date":"2019-01-18T12:32:05","date_gmt":"2019-01-18T12:32:05","guid":{"rendered":"https:\/\/sleepcity.ee\/?page_id=465"},"modified":"2025-05-10T19:27:59","modified_gmt":"2025-05-10T19:27:59","slug":"kasutustingimused","status":"publish","type":"page","link":"https:\/\/sleepcity.ee\/kasutustingimused\/","title":{"rendered":"Kasutustingimused"},"content":{"rendered":"\t\t<div data-elementor-type=\"wp-page\" data-elementor-id=\"465\" class=\"elementor elementor-465\" data-elementor-post-type=\"page\">\n\t\t\t\t<div class=\"elementor-element elementor-element-bbdc0ef e-flex e-con-boxed e-con e-parent\" data-id=\"bbdc0ef\" data-element_type=\"container\" data-e-type=\"container\">\n\t\t\t\t\t<div class=\"e-con-inner\">\n\t\t\t\t<div class=\"elementor-element elementor-element-6fbb37c6 elementor-widget elementor-widget-heading\" data-id=\"6fbb37c6\" data-element_type=\"widget\" data-e-type=\"widget\" data-widget_type=\"heading.default\">\n\t\t\t\t<div class=\"elementor-widget-container\">\n\t\t\t\t\t<h2 class=\"elementor-heading-title elementor-size-default\">Kasutustingimused<\/h2>\t\t\t\t<\/div>\n\t\t\t\t<\/div>\n\t\t\t\t<div class=\"elementor-element elementor-element-63f9b8a2 elementor-widget elementor-widget-text-editor\" data-id=\"63f9b8a2\" data-element_type=\"widget\" data-e-type=\"widget\" data-widget_type=\"text-editor.default\">\n\t\t\t\t<div class=\"elementor-widget-container\">\n\t\t\t\t\t\t\t\t\t<p>Veebipoe sleepcity.ee (edaspidi Veebipood) omanik on Temparu O\u00dc(registrikood 14831101), asukohaga P\u00e4rnu mnt 110, 11313 Tallinn Eesti.<\/p><p><strong>M\u00fc\u00fcgilepingu kehtivus, kauba- ja hinnainfo<\/strong><\/p><p>M\u00fc\u00fcgitingimused kehtivad Veebipoest kaupade ostmisel.<br \/>Veebipoes m\u00fc\u00fcdavate toodete hinnad on m\u00e4rgitud toodete juurde. Toodete hinnad on l\u00f5plikud. Hinnad on m\u00e4rgitud Eurodes. Hinnale lisandub tasu kauba k\u00e4ttetoimetamise eest.<br \/>Kauba k\u00e4ttetoimetamise tasu s\u00f5ltub ostja asukohast ning k\u00e4ttetoimetamise viisist. K\u00e4ttetoimetamise tasu kuvatakse ostjale tellimuse vormistamisel.<br \/>Teave kauba kohta on esitatud Veebipoes vahetult kauba juures.<\/p><p><strong>Tellimuse vormistamine<\/strong><\/p><p>Kauba tellimiseks tuleb lisada soovitud tooted ostukorvi. Tellimuse vormistamiseks tuleb t\u00e4ita n\u00f5utud andmev\u00e4ljad ning valida sobiv toodete kohaletoimetamise viis. Seej\u00e4rel kuvatakse ekraanile tasu suurus Eurodes, mille saab tasuda \u00fclekande arve alusel.<br \/>Leping j\u00f5ustub alates tasumisele kuuluva summa laekumisest Veebipoe arvelduskontole.<br \/>Kui tellitud kaupa ei ole v\u00f5imalik tarnida seoses kauba l\u00f5ppemisega, laost puudumisega v\u00f5i muul p\u00f5hjusel, teavitatakse sellest ostjat esimesel v\u00f5imalusel. Kliendiga lepitakse kokku uus tarneaeg. Vajadusel tagastatakse tasutud raha (sh kauba k\u00e4ttetoimetamise kulud) viivitamata, kuid mitte hiljem kui 14 p\u00e4eva jooksul teate saatmisest.<\/p><p>Makseviisid Veebipoes<\/p><p>Eesti pangalingid: Swedbank, SEB, Luminor, LHV, Coop, Pocopay ja Liisi ID<br \/>Krediitkaardiga: Visa, Mastercard, Maestro<br \/>\u00dclekandearve alusel.<br \/>\u2013 P\u00e4rast tellimuse kinnitamist n\u00e4ete \u00fclekande teostamiseks vajalikke andmeid. Samuti tuleb teie e-posti aadressile PDF formaadis \u00fclekandearve.<br \/>\u2013 Tellimust hakatakse t\u00e4itma peale 100% makse laekumist Veebipoe arvelduskontole.<br \/>\u2013 Kui tellimuse eest ei ole raha laekunud Veebipoe arvelduskontole 3- p\u00e4eva jooksul siis t\u00fchistatakse tellimus automaatselt.<\/p><p><strong>Kohaletoimetamine<\/strong><\/p><p>Kaupu saadetakse Eesti siseselt<br \/>j\u00e4rgmised transpordi lahendused:<\/p><p>Tulen ise esindusse j\u00e4rgi. Hind alati 0\u20ac.<br \/>P\u00e4rnu mnt 110, Tallinn, Eesti. SleepCity-Hea Une Valem kauplus.<\/p><p>Smartpost pakiautomaat<br \/>Smartpost pakiautomaadid paiknevad \u00fcle Eesti ja on paigutatud kaubanduskeskustesse, seega on pakid ilmastiku olude eest kaitstud. Hind kuvatakse tellimuse juures vastavalt paki suurusele. Paki maksimaalne m\u00f5\u00f5t 60x36x60cm, kaal kuni 35kg<\/p><p>Omniva pakiautomaat<br \/>Omniva pakiautomaadid paiknevad \u00fcle Baltikumi ja on \u00f6\u00f6p\u00e4eva ringselt kasutatavad. Hind kuvatakse tellimust vormistades vastavalt paki suurusele. Paki maksimaalne m\u00f5\u00f5t 38x64x39cm, kaal kuni 30kg.<\/p><p>Kuller koju v\u00f5i kontorisse<br \/>Kuller koju v\u00f5i kontorisse on m\u00f5\u00f5tude osas k\u00f5ige paindlikum ja mugavam lahendus. Hind kuvatakse tellimust vormistades vastavalt paki suurusele ja kaalule.<\/p><p>Eesti posti postkontorisse<br \/>Postkontorid asuvad \u00fcle Eesti. Hind kuvatakse vastavalt paki suurusele ja kaalule tellimust vormistades.<\/p><p>V\u00e4ljaspool Eestit on hetkel v\u00f5imalik pakid tellida vaid kulleriga koju v\u00f5i kontorisse.<\/p><p>Kauba saatmiskulud kannab ostja kui ei ole m\u00e4rgitud teisiti. Vastav hinnainfo on kuvatud saatmisviisi juures. Eestisisesed saadetised j\u00f5uavad \u00fcldjuhul ostja m\u00e4\u00e4ratud sihtpunkti 3-14 t\u00f6\u00f6p\u00e4eva jooksul alates m\u00fc\u00fcgilepingu j\u00f5ustumiset. Erandlikel juhtumitel on \u00f5igus kaup kohale toimetada kuni 12 n\u00e4dala\u00a0 jooksul.<\/p><p><strong>Taganemis\u00f5igus ja kauba tagastamine<\/strong><\/p><p>P\u00e4rast tellimuse k\u00e4ttesaamist on ostjal \u00f5igus e-poes s\u00f5lmitud lepingust taganeda 14 p\u00e4eva jooksul.<br \/>Tagastamis\u00f5igus ei kohaldu toodetele, mis on valmistatud tarbija esitatud tingimuste kohaselt. ( v\u00f5la\u00f5igusseadus \u00a753 lg 4 p.3). Sellisteks toodeteks on eritellimusel valmistatud madratsid, voodid, voodiraamid, katted jne. Tempur Luxe tooted kuuluvad eritellimuse toodete gruppi.<br \/>Taganemis\u00f5igus ei kohaldu, kui ostjaks on juriidiline isik.<br \/>14-p\u00e4evase tagastamis\u00f5iguse kasutamiseks ei tohi tellitud kaupa kasutada muul viisil kui on vajalik kauba olemuses, omadustes ja toimimises veendumiseks viisil nagu see on lubatud kauba testimiseks f\u00fc\u00fcsilises poes.<br \/>Kui kaupa on kasutatud muuks otstarbeks kui on vajalik kauba olemuses, omadustes ja toimimises veendumiseks v\u00f5i sellel on kasutamise v\u00f5i kulumise m\u00e4rke, on Veebipoel \u00f5igus alandada tagastatavat tasu vastavalt kauba v\u00e4\u00e4rtuse v\u00e4henemisele.<br \/>Kauba tagastamiseks tuleb esitada kauba ostmisest taganemise avaldus (kauba tagastamis avalduse vorm) ning saata see e-posti aadressile info@sleepcity.ee hiljemalt 14 p\u00e4eva jooksul kauba k\u00e4ttesaamisest.<br \/>Kauba tagastamise kulud kannab ostja, v\u00e4lja arvatud juhul, kui tagastamise p\u00f5hjus seisneb asjaolus, et tagastamisele kuuluv asi ei vasta tellitule (nt vale v\u00f5i defektiga toode).<br \/>Ostja peab kauba tagastama avalduse esitamisele j\u00e4rgneva 14 p\u00e4eva jooksul v\u00f5i esitama t\u00f5endi, et ta on eelnimetatud perioodi jooksul kauba \u00fcle andnud kauba vedajale.<br \/>Veebipood tagastab k\u00f5ik ostjalt lepingu alusel saadud tasud tagastatava kauba k\u00e4ttesaamisel viivitamata, mitte hiljem kui 14 p\u00e4eva m\u00f6\u00f6dumisel arvates taganemisavalduse saamisest, .<\/p><p>Veebipood v\u00f5ib keelduda tagasimaksete tegemisest seni, kuni on lepingu esemeks oleva asja tagasi saanud v\u00f5i kuni ostja on esitanud t\u00f5endid, et on asja tagasi saatnud, s\u00f5ltuvalt sellest, kumb toimub varem.<br \/>Kui ostja on s\u00f5naselgelt valinud Veebipoe pakutud k\u00f5ige odavamast tavap\u00e4rasest asja k\u00e4ttetoimetamise viisist erineva k\u00e4ttetoimetamise viisi, ei pea Veebipood tarbijale tagastama kulu, mis \u00fcletab tavap\u00e4rase k\u00e4ttetoimetamise viisiga seotud kulu.<br \/>Veebipoel on \u00f5igus taganeda m\u00fc\u00fcgitehingust ning n\u00f5uda ostjalt tagasi kaup, kui kauba hind veebipoes on eksituse t\u00f5ttu m\u00e4rgitud oluliselt alla kauba turuhinna.<\/p><p><strong>Pretensiooni esitamise \u00f5igus<\/strong><\/p><p>Veebipood vastutab ostjale m\u00fc\u00fcdud kauba lepingutingimustele mittevastavuse v\u00f5i puuduse eest, mis oli olemas juba asja \u00fcleandmise hetkel ning mis ilmneb kuni k\u00fcmne aasta jooksul(madratsid), alates kauba \u00fcleandmisest ostjale. Sellest esimese kuue kuu jooksul asja \u00fcleandmisest ostjale eeldatakse, et puudus oli olemas juba asja \u00fcleandmise ajal. Vastava eelduse \u00fcmberl\u00fckkamine on Veebipoe kohustus.<br \/>Ostjal on \u00f5igus puuduse ilmnemisel p\u00f6\u00f6rduda hiljemalt kahe kuu jooksul veebipoe poole, saates e-kirja aadressile info@sleepcity.ee v\u00f5i helistada telefonil +372 53614569.<br \/>Veebipood ei vastuta puuduste eest, mis on tekkinud p\u00e4rast kauba \u00fcleandmist ostjale. Kui Veebipoest ostetud kaubal on puudused, mille eest Veebipood vastutab, parandab v\u00f5i asendab Veebipood puudusega kauba. Kui kaupa ei ole v\u00f5imalik parandada ega asendada, tagastab Veebipood ostjale k\u00f5ik m\u00fc\u00fcgilepinguga kaasnenud tasud.<br \/>Veebipood vastab tarbija esitatud kaebusele kirjalikult v\u00f5i kirjalikku taasesitamist v\u00f5imaldavas vormis 15 p\u00e4eva jooksul.<\/p><p><strong>Otseturustus ja isikuandmete t\u00f6\u00f6tlemine<\/strong><\/p><p>Kaupmees on isikuandmete vastutav t\u00f6\u00f6tleja, Kaupmees edastab maksete teostamiseks vajalikud isikuandmed volitatud t\u00f6\u00f6tleja Montonio AS-le.<br \/>Veebipood kasutab ostja poolt sisestatud isikuandmeid (sh nimi, telefoninumber, aadress, e-maili aadress, pangarekvisiidid) ainult tellimuse t\u00f6\u00f6tlemiseks ning kauba ostjale saatmiseks.<br \/>Veebipood edastab isikuandmeid veoteenust pakkuvale ettev\u00f5tetele selleks, et kohale toimetada kaupa.<br \/>Veebipood saadab ostjale uudiskirju ning pakkumisi ostja e-maili aadressile ainult juhul, kui ostja on selleks avaldanud soovi sisestades veebilehel e-kirja aadressi ning andnud teada oma soovist otsepostituse teadete saamiseks.<br \/>Ostjal on igal ajal v\u00f5imalik loobuda e-postile saadetavatest pakkumistest ja uudiskirjadest andes sellest meile teada e-kirja teel v\u00f5i j\u00e4rgides pakkumisi sisaldava e-kirjas toodud juhiseid.<\/p><p>Tutvu Veebipoe Privaatsuspoliitikaga siin<\/p><p><strong>Vaidluste lahendamine<\/strong><\/p><p>Kui ostjal on Veebipoe osas pretensioone, tuleb need saata e-kirja aadressile info@sleepcity.ee v\u00f5i helistada telefonil +372 53614569.<br \/>Kui ostja ja Veebipood ei suuda lahendada vaidlust kokkuleppe teel, siis on ostjal v\u00f5imalik p\u00f6\u00f6rduda TTJA komisjoni poole. Menetlustingimustega saab tutvuda ning avaldust esitada siin http:\/\/www.tarbijakaitseamet.ee\/et\/tarbijavaidluste-komisjon. Tarbijavaidluste komisjoni p\u00e4devuses on lahendada ostja ja Veebipoe vahel s\u00f5lmitud lepingust tulenevaid vaidlusi. Ostja kaebuse l\u00e4bivaatamine komisjonis on tasuta.<br \/>Ostja v\u00f5ib p\u00f6\u00f6rduda Euroopa Liidu tarbijavaidlusi lahendava platvormi poole https:\/\/webgate.ec.europa.eu\/odr\/main\/index.cfm?event=main.home.chooseLanguage<\/p><p>Soovime Teile meeldivaid ja turvalisi oste!<\/p>\t\t\t\t\t\t\t\t<\/div>\n\t\t\t\t<\/div>\n\t\t\t\t\t<\/div>\n\t\t\t\t<\/div>\n\t\t\t\t<\/div>\n\t\t","protected":false},"excerpt":{"rendered":"<p>Kasutustingimused Veebipoe sleepcity.ee (edaspidi Veebipood) omanik on Temparu O\u00dc(registrikood 14831101), asukohaga P\u00e4rnu mnt 110, 11313 Tallinn Eesti. M\u00fc\u00fcgilepingu kehtivus, kauba- ja hinnainfo M\u00fc\u00fcgitingimused kehtivad Veebipoest kaupade ostmisel.Veebipoes m\u00fc\u00fcdavate toodete hinnad on m\u00e4rgitud toodete juurde. Toodete hinnad on l\u00f5plikud. Hinnad on m\u00e4rgitud Eurodes. Hinnale lisandub tasu kauba k\u00e4ttetoimetamise eest.Kauba k\u00e4ttetoimetamise tasu s\u00f5ltub ostja asukohast ning k\u00e4ttetoimetamise [&hellip;]<\/p>\n","protected":false},"author":2,"featured_media":0,"parent":0,"menu_order":0,"comment_status":"closed","ping_status":"closed","template":"","meta":{"_monsterinsights_skip_tracking":false,"_monsterinsights_sitenote_active":false,"_monsterinsights_sitenote_note":"","_monsterinsights_sitenote_category":0,"footnotes":""},"class_list":["post-465","page","type-page","status-publish","hentry"],"yoast_head":"<!-- This site is optimized with the Yoast SEO plugin v27.4 - https:\/\/yoast.com\/product\/yoast-seo-wordpress\/ -->\n<title>Kasutustingimused - SleepCity - Hea Une Valem<\/title>\n<meta name=\"description\" content=\"Kasutustingimused Veebipoe sleepcity.ee (edaspidi Veebipood) omanik on Temparu O\u00dc(registrikood 14831101), asukohaga P\u00e4rnu mnt 110, 11313 Tallinn\" \/>\n<meta name=\"robots\" content=\"index, follow, max-snippet:-1, max-image-preview:large, max-video-preview:-1\" \/>\n<link rel=\"canonical\" href=\"https:\/\/sleepcity.ee\/kasutustingimused\/\" \/>\n<meta property=\"og:locale\" content=\"et_EE\" \/>\n<meta property=\"og:type\" content=\"article\" \/>\n<meta property=\"og:title\" content=\"Kasutustingimused - SleepCity - Hea Une Valem\" \/>\n<meta property=\"og:description\" content=\"Kasutustingimused Veebipoe sleepcity.ee (edaspidi Veebipood) omanik on Temparu O\u00dc(registrikood 14831101), asukohaga P\u00e4rnu mnt 110, 11313 Tallinn\" \/>\n<meta property=\"og:url\" content=\"https:\/\/sleepcity.ee\/kasutustingimused\/\" \/>\n<meta property=\"og:site_name\" content=\"SleepCity - Hea Une Valem\" \/>\n<meta property=\"article:publisher\" content=\"http:\/\/www.fb.com\/TempurEstonia\" \/>\n<meta property=\"article:modified_time\" content=\"2025-05-10T19:27:59+00:00\" \/>\n<meta name=\"twitter:card\" content=\"summary_large_image\" \/>\n<meta name=\"twitter:label1\" content=\"Est. reading time\" \/>\n\t<meta name=\"twitter:data1\" content=\"6 minutit\" \/>\n<script type=\"application\/ld+json\" class=\"yoast-schema-graph\">{\"@context\":\"https:\\\/\\\/schema.org\",\"@graph\":[{\"@type\":\"WebPage\",\"@id\":\"https:\\\/\\\/sleepcity.ee\\\/kasutustingimused\\\/\",\"url\":\"https:\\\/\\\/sleepcity.ee\\\/kasutustingimused\\\/\",\"name\":\"Kasutustingimused - SleepCity - Hea Une Valem\",\"isPartOf\":{\"@id\":\"https:\\\/\\\/sleepcity.ee\\\/#website\"},\"datePublished\":\"2019-01-18T12:32:05+00:00\",\"dateModified\":\"2025-05-10T19:27:59+00:00\",\"description\":\"Kasutustingimused Veebipoe sleepcity.ee (edaspidi Veebipood) omanik on Temparu O\u00dc(registrikood 14831101), asukohaga P\u00e4rnu mnt 110, 11313 Tallinn\",\"breadcrumb\":{\"@id\":\"https:\\\/\\\/sleepcity.ee\\\/kasutustingimused\\\/#breadcrumb\"},\"inLanguage\":\"et\",\"potentialAction\":[{\"@type\":\"ReadAction\",\"target\":[\"https:\\\/\\\/sleepcity.ee\\\/kasutustingimused\\\/\"]}]},{\"@type\":\"BreadcrumbList\",\"@id\":\"https:\\\/\\\/sleepcity.ee\\\/kasutustingimused\\\/#breadcrumb\",\"itemListElement\":[{\"@type\":\"ListItem\",\"position\":1,\"name\":\"Home\",\"item\":\"https:\\\/\\\/sleepcity.ee\\\/\"},{\"@type\":\"ListItem\",\"position\":2,\"name\":\"Kasutustingimused\"}]},{\"@type\":\"WebSite\",\"@id\":\"https:\\\/\\\/sleepcity.ee\\\/#website\",\"url\":\"https:\\\/\\\/sleepcity.ee\\\/\",\"name\":\"Tempur Shop\",\"description\":\"TEMPUR madratsid, voodid, padjad ja muud unetooted.\",\"publisher\":{\"@id\":\"https:\\\/\\\/sleepcity.ee\\\/#organization\"},\"potentialAction\":[{\"@type\":\"SearchAction\",\"target\":{\"@type\":\"EntryPoint\",\"urlTemplate\":\"https:\\\/\\\/sleepcity.ee\\\/?s={search_term_string}\"},\"query-input\":{\"@type\":\"PropertyValueSpecification\",\"valueRequired\":true,\"valueName\":\"search_term_string\"}}],\"inLanguage\":\"et\"},{\"@type\":\"Organization\",\"@id\":\"https:\\\/\\\/sleepcity.ee\\\/#organization\",\"name\":\"VG Design O\u00dc\",\"url\":\"https:\\\/\\\/sleepcity.ee\\\/\",\"logo\":{\"@type\":\"ImageObject\",\"inLanguage\":\"et\",\"@id\":\"https:\\\/\\\/sleepcity.ee\\\/#\\\/schema\\\/logo\\\/image\\\/\",\"url\":\"https:\\\/\\\/sleepcity.ee\\\/wp-content\\\/uploads\\\/2023\\\/09\\\/sleepcity_logo.png\",\"contentUrl\":\"https:\\\/\\\/sleepcity.ee\\\/wp-content\\\/uploads\\\/2023\\\/09\\\/sleepcity_logo.png\",\"width\":1034,\"height\":318,\"caption\":\"VG Design O\u00dc\"},\"image\":{\"@id\":\"https:\\\/\\\/sleepcity.ee\\\/#\\\/schema\\\/logo\\\/image\\\/\"},\"sameAs\":[\"http:\\\/\\\/www.fb.com\\\/TempurEstonia\",\"http:\\\/\\\/www.instagram.com\\\/tempurestonia\"]}]}<\/script>\n<!-- \/ Yoast SEO plugin. -->","yoast_head_json":{"title":"Kasutustingimused - SleepCity - Hea Une Valem","description":"Kasutustingimused Veebipoe sleepcity.ee (edaspidi Veebipood) omanik on Temparu O\u00dc(registrikood 14831101), asukohaga P\u00e4rnu mnt 110, 11313 Tallinn","robots":{"index":"index","follow":"follow","max-snippet":"max-snippet:-1","max-image-preview":"max-image-preview:large","max-video-preview":"max-video-preview:-1"},"canonical":"https:\/\/sleepcity.ee\/kasutustingimused\/","og_locale":"et_EE","og_type":"article","og_title":"Kasutustingimused - SleepCity - Hea Une Valem","og_description":"Kasutustingimused Veebipoe sleepcity.ee (edaspidi Veebipood) omanik on Temparu O\u00dc(registrikood 14831101), asukohaga P\u00e4rnu mnt 110, 11313 Tallinn","og_url":"https:\/\/sleepcity.ee\/kasutustingimused\/","og_site_name":"SleepCity - Hea Une Valem","article_publisher":"http:\/\/www.fb.com\/TempurEstonia","article_modified_time":"2025-05-10T19:27:59+00:00","twitter_card":"summary_large_image","twitter_misc":{"Est. reading time":"6 minutit"},"schema":{"@context":"https:\/\/schema.org","@graph":[{"@type":"WebPage","@id":"https:\/\/sleepcity.ee\/kasutustingimused\/","url":"https:\/\/sleepcity.ee\/kasutustingimused\/","name":"Kasutustingimused - SleepCity - Hea Une Valem","isPartOf":{"@id":"https:\/\/sleepcity.ee\/#website"},"datePublished":"2019-01-18T12:32:05+00:00","dateModified":"2025-05-10T19:27:59+00:00","description":"Kasutustingimused Veebipoe sleepcity.ee (edaspidi Veebipood) omanik on Temparu O\u00dc(registrikood 14831101), asukohaga P\u00e4rnu mnt 110, 11313 Tallinn","breadcrumb":{"@id":"https:\/\/sleepcity.ee\/kasutustingimused\/#breadcrumb"},"inLanguage":"et","potentialAction":[{"@type":"ReadAction","target":["https:\/\/sleepcity.ee\/kasutustingimused\/"]}]},{"@type":"BreadcrumbList","@id":"https:\/\/sleepcity.ee\/kasutustingimused\/#breadcrumb","itemListElement":[{"@type":"ListItem","position":1,"name":"Home","item":"https:\/\/sleepcity.ee\/"},{"@type":"ListItem","position":2,"name":"Kasutustingimused"}]},{"@type":"WebSite","@id":"https:\/\/sleepcity.ee\/#website","url":"https:\/\/sleepcity.ee\/","name":"Tempur Shop","description":"TEMPUR madratsid, voodid, padjad ja muud unetooted.","publisher":{"@id":"https:\/\/sleepcity.ee\/#organization"},"potentialAction":[{"@type":"SearchAction","target":{"@type":"EntryPoint","urlTemplate":"https:\/\/sleepcity.ee\/?s={search_term_string}"},"query-input":{"@type":"PropertyValueSpecification","valueRequired":true,"valueName":"search_term_string"}}],"inLanguage":"et"},{"@type":"Organization","@id":"https:\/\/sleepcity.ee\/#organization","name":"VG Design O\u00dc","url":"https:\/\/sleepcity.ee\/","logo":{"@type":"ImageObject","inLanguage":"et","@id":"https:\/\/sleepcity.ee\/#\/schema\/logo\/image\/","url":"https:\/\/sleepcity.ee\/wp-content\/uploads\/2023\/09\/sleepcity_logo.png","contentUrl":"https:\/\/sleepcity.ee\/wp-content\/uploads\/2023\/09\/sleepcity_logo.png","width":1034,"height":318,"caption":"VG Design O\u00dc"},"image":{"@id":"https:\/\/sleepcity.ee\/#\/schema\/logo\/image\/"},"sameAs":["http:\/\/www.fb.com\/TempurEstonia","http:\/\/www.instagram.com\/tempurestonia"]}]}},"_links":{"self":[{"href":"https:\/\/sleepcity.ee\/wp-json\/wp\/v2\/pages\/465","targetHints":{"allow":["GET"]}}],"collection":[{"href":"https:\/\/sleepcity.ee\/wp-json\/wp\/v2\/pages"}],"about":[{"href":"https:\/\/sleepcity.ee\/wp-json\/wp\/v2\/types\/page"}],"author":[{"embeddable":true,"href":"https:\/\/sleepcity.ee\/wp-json\/wp\/v2\/users\/2"}],"replies":[{"embeddable":true,"href":"https:\/\/sleepcity.ee\/wp-json\/wp\/v2\/comments?post=465"}],"version-history":[{"count":5,"href":"https:\/\/sleepcity.ee\/wp-json\/wp\/v2\/pages\/465\/revisions"}],"predecessor-version":[{"id":8970,"href":"https:\/\/sleepcity.ee\/wp-json\/wp\/v2\/pages\/465\/revisions\/8970"}],"wp:attachment":[{"href":"https:\/\/sleepcity.ee\/wp-json\/wp\/v2\/media?parent=465"}],"curies":[{"name":"wp","href":"https:\/\/api.w.org\/{rel}","templated":true}]}}