{"id":4836,"date":"2022-06-06T06:18:33","date_gmt":"2022-06-06T06:18:33","guid":{"rendered":"https:\/\/sleepcity.ee\/?page_id=4836"},"modified":"2025-05-10T19:30:33","modified_gmt":"2025-05-10T19:30:33","slug":"placet-jarelmaks","status":"publish","type":"page","link":"https:\/\/sleepcity.ee\/placet-jarelmaks\/","title":{"rendered":"Placet J\u00e4relmaks"},"content":{"rendered":"\t\t<div data-elementor-type=\"wp-page\" data-elementor-id=\"4836\" class=\"elementor elementor-4836\" data-elementor-post-type=\"page\">\n\t\t\t\t<div class=\"elementor-element elementor-element-4a98d883 e-flex e-con-boxed e-con e-parent\" data-id=\"4a98d883\" data-element_type=\"container\" data-e-type=\"container\">\n\t\t\t\t\t<div class=\"e-con-inner\">\n\t\t\t\t<div class=\"elementor-element elementor-element-7fa23736 elementor-widget elementor-widget-heading\" data-id=\"7fa23736\" data-element_type=\"widget\" data-e-type=\"widget\" data-widget_type=\"heading.default\">\n\t\t\t\t<div class=\"elementor-widget-container\">\n\t\t\t\t\t<h2 class=\"elementor-heading-title elementor-size-default\">Placet J\u00e4relmaks \u2013 V\u00f5ta maksmiseks rohkem aega!<\/h2>\t\t\t\t<\/div>\n\t\t\t\t<\/div>\n\t\t\t\t<div class=\"elementor-element elementor-element-23f92ea7 elementor-align-center elementor-widget elementor-widget-button\" data-id=\"23f92ea7\" data-element_type=\"widget\" data-e-type=\"widget\" data-widget_type=\"button.default\">\n\t\t\t\t<div class=\"elementor-widget-container\">\n\t\t\t\t\t\t\t\t\t<div class=\"elementor-button-wrapper\">\n\t\t\t\t\t<a class=\"elementor-button elementor-button-link elementor-size-sm elementor-animation-shrink\" href=\"https:\/\/online.placet.ee\/temparu\">\n\t\t\t\t\t\t<span class=\"elementor-button-content-wrapper\">\n\t\t\t\t\t\t\t\t\t<span class=\"elementor-button-text\">Taotluse esitamine<\/span>\n\t\t\t\t\t<\/span>\n\t\t\t\t\t<\/a>\n\t\t\t\t<\/div>\n\t\t\t\t\t\t\t\t<\/div>\n\t\t\t\t<\/div>\n\t\t\t\t<div class=\"elementor-element elementor-element-1087ae31 elementor-widget elementor-widget-image\" data-id=\"1087ae31\" data-element_type=\"widget\" data-e-type=\"widget\" data-widget_type=\"image.default\">\n\t\t\t\t<div class=\"elementor-widget-container\">\n\t\t\t\t\t\t\t\t\t\t\t\t\t\t\t<img decoding=\"async\" src=\"https:\/\/online.placet.ee\/img\/logo\/installment-banner.jpeg?ts=1648005802\" title=\"\" alt=\"\" loading=\"lazy\" \/>\t\t\t\t\t\t\t\t\t\t\t\t\t\t\t<\/div>\n\t\t\t\t<\/div>\n\t\t\t\t<div class=\"elementor-element elementor-element-2d99989a elementor-widget elementor-widget-text-editor\" data-id=\"2d99989a\" data-element_type=\"widget\" data-e-type=\"widget\" data-widget_type=\"text-editor.default\">\n\t\t\t\t<div class=\"elementor-widget-container\">\n\t\t\t\t\t\t\t\t\t<p>Enam ei pea kartma, et m\u00f5ni oluline asi j\u00e4\u00e4b ostmata!<\/p><p>Placet J\u00e4relmaks annab v\u00f5imaluse maksta vajalike toodete ja teenuste eest osade kaupa endale sobivas tempos \u2013 nii ei pea tegema korraga suurt v\u00e4ljaminekut.<\/p><p>Ikka tuleb ette ootamatuid kulutusi, mille puhul ei ole aega oodata. Just sellises olukorras on mugav kasutada Placet j\u00e4relmaksu, mis v\u00f5imaldab osta vajalikke tooteid v\u00f5i teenuseid nii, et maksta saab osade kaupa kuni 72 kuud ning sissemakse on 0 \u20ac. K\u00f5lab ju suurep\u00e4raselt!<\/p><p>Kogu protsess on kiire ja mugav- Placet j\u00e4relmaksu taotluse t\u00e4itmiseks kulub vaid m\u00f5ned minutid.<\/p><p>J\u00e4relmaksu teenust v\u00f5ib kasutada mistahes vabalt valitud toote v\u00f5i teenuse eest tasumiseks ning kauba saab k\u00e4tte kohe p\u00e4rast lepingu allkirjastamist!<\/p><p><strong>Placet J\u00e4relmaksu eelised<\/strong><\/p><ul><li>Vormistamine kohapeal<\/li><li>Vastus 5 minutiga<\/li><li>Intressivaba periood<\/li><li>Periood 1 kuni 72 kuud<\/li><li>Sissemakse 0%<\/li><li>50 \u20ac \u2013 15 000 \u20ac<\/li><\/ul><p><span style=\"font-size: 80%;\">J\u00e4relmaksu teenuseosutaja on Placet Group O\u00dc. Enne teenuse kasutamist pea n\u00f5u meie asjatundjatega. J\u00e4relmaksu igakuise osamakse suurus on\u00a0333.34\u00a0eurot ja krediidi kulukuse m\u00e4\u00e4r\u00a00,00% aastas j\u00e4rgmistel n\u00e4idistingimustel: krediidisumma\u00a01000\u00a0eurot, intressim\u00e4\u00e4r\u00a00,00% aastas, j\u00e4relmaksu periood\u00a012\u00a0kuud, tasumine igakuiste osamaksetena, tagasimaksete kogusumma\u00a0&#8211;\u00a0eurot.<\/span><\/p>\t\t\t\t\t\t\t\t<\/div>\n\t\t\t\t<\/div>\n\t\t\t\t\t<\/div>\n\t\t\t\t<\/div>\n\t\t\t\t<\/div>\n\t\t","protected":false},"excerpt":{"rendered":"<p>Placet J\u00e4relmaks \u2013 V\u00f5ta maksmiseks rohkem aega! Taotluse esitamine Enam ei pea kartma, et m\u00f5ni oluline asi j\u00e4\u00e4b ostmata! Placet J\u00e4relmaks annab v\u00f5imaluse maksta vajalike toodete ja teenuste eest osade kaupa endale sobivas tempos \u2013 nii ei pea tegema korraga suurt v\u00e4ljaminekut. Ikka tuleb ette ootamatuid kulutusi, mille puhul ei ole aega oodata. Just sellises [&hellip;]<\/p>\n","protected":false},"author":2,"featured_media":0,"parent":0,"menu_order":0,"comment_status":"closed","ping_status":"closed","template":"","meta":{"_monsterinsights_skip_tracking":false,"_monsterinsights_sitenote_active":false,"_monsterinsights_sitenote_note":"","_monsterinsights_sitenote_category":0,"footnotes":""},"class_list":["post-4836","page","type-page","status-publish","hentry"],"yoast_head":"<!-- This site is optimized with the Yoast SEO plugin v27.3 - https:\/\/yoast.com\/product\/yoast-seo-wordpress\/ -->\n<title>Placet J\u00e4relmaks - SleepCity - Hea Une Valem<\/title>\n<meta name=\"description\" content=\"Placet J\u00e4relmaks \u2013 V\u00f5ta maksmiseks rohkem aega! Taotluse esitamine Enam ei pea kartma, et m\u00f5ni oluline asi j\u00e4\u00e4b ostmata!Placet J\u00e4relmaks annab v\u00f5imaluse\" \/>\n<meta name=\"robots\" content=\"index, follow, max-snippet:-1, max-image-preview:large, max-video-preview:-1\" \/>\n<link rel=\"canonical\" href=\"https:\/\/www.sleepcity.ee\/placet-jarelmaks\/\" \/>\n<meta property=\"og:locale\" content=\"et_EE\" \/>\n<meta property=\"og:type\" content=\"article\" \/>\n<meta property=\"og:title\" content=\"Placet J\u00e4relmaks - SleepCity - Hea Une Valem\" \/>\n<meta property=\"og:description\" content=\"Placet J\u00e4relmaks \u2013 V\u00f5ta maksmiseks rohkem aega! Taotluse esitamine Enam ei pea kartma, et m\u00f5ni oluline asi j\u00e4\u00e4b ostmata!Placet J\u00e4relmaks annab v\u00f5imaluse\" \/>\n<meta property=\"og:url\" content=\"https:\/\/www.sleepcity.ee\/placet-jarelmaks\/\" \/>\n<meta property=\"og:site_name\" content=\"SleepCity - Hea Une Valem\" \/>\n<meta property=\"article:publisher\" content=\"http:\/\/www.fb.com\/TempurEstonia\" \/>\n<meta property=\"article:modified_time\" content=\"2025-05-10T19:30:33+00:00\" \/>\n<meta property=\"og:image\" content=\"https:\/\/online.placet.ee\/img\/logo\/installment-banner.jpeg?ts=1648005802\" \/>\n<meta name=\"twitter:card\" content=\"summary_large_image\" \/>\n<meta name=\"twitter:label1\" content=\"Est. reading time\" \/>\n\t<meta name=\"twitter:data1\" content=\"2 minutit\" \/>\n<script type=\"application\/ld+json\" class=\"yoast-schema-graph\">{\"@context\":\"https:\\\/\\\/schema.org\",\"@graph\":[{\"@type\":\"WebPage\",\"@id\":\"https:\\\/\\\/www.sleepcity.ee\\\/placet-jarelmaks\\\/\",\"url\":\"https:\\\/\\\/www.sleepcity.ee\\\/placet-jarelmaks\\\/\",\"name\":\"Placet J\u00e4relmaks - SleepCity - Hea Une Valem\",\"isPartOf\":{\"@id\":\"https:\\\/\\\/sleepcity.ee\\\/#website\"},\"primaryImageOfPage\":{\"@id\":\"https:\\\/\\\/www.sleepcity.ee\\\/placet-jarelmaks\\\/#primaryimage\"},\"image\":{\"@id\":\"https:\\\/\\\/www.sleepcity.ee\\\/placet-jarelmaks\\\/#primaryimage\"},\"thumbnailUrl\":\"https:\\\/\\\/online.placet.ee\\\/img\\\/logo\\\/installment-banner.jpeg?ts=1648005802\",\"datePublished\":\"2022-06-06T06:18:33+00:00\",\"dateModified\":\"2025-05-10T19:30:33+00:00\",\"description\":\"Placet J\u00e4relmaks \u2013 V\u00f5ta maksmiseks rohkem aega! Taotluse esitamine Enam ei pea kartma, et m\u00f5ni oluline asi j\u00e4\u00e4b ostmata!Placet J\u00e4relmaks annab v\u00f5imaluse\",\"breadcrumb\":{\"@id\":\"https:\\\/\\\/www.sleepcity.ee\\\/placet-jarelmaks\\\/#breadcrumb\"},\"inLanguage\":\"et\",\"potentialAction\":[{\"@type\":\"ReadAction\",\"target\":[\"https:\\\/\\\/www.sleepcity.ee\\\/placet-jarelmaks\\\/\"]}]},{\"@type\":\"ImageObject\",\"inLanguage\":\"et\",\"@id\":\"https:\\\/\\\/www.sleepcity.ee\\\/placet-jarelmaks\\\/#primaryimage\",\"url\":\"https:\\\/\\\/online.placet.ee\\\/img\\\/logo\\\/installment-banner.jpeg?ts=1648005802\",\"contentUrl\":\"https:\\\/\\\/online.placet.ee\\\/img\\\/logo\\\/installment-banner.jpeg?ts=1648005802\"},{\"@type\":\"BreadcrumbList\",\"@id\":\"https:\\\/\\\/www.sleepcity.ee\\\/placet-jarelmaks\\\/#breadcrumb\",\"itemListElement\":[{\"@type\":\"ListItem\",\"position\":1,\"name\":\"Home\",\"item\":\"https:\\\/\\\/www.sleepcity.ee\\\/\"},{\"@type\":\"ListItem\",\"position\":2,\"name\":\"Placet J\u00e4relmaks\"}]},{\"@type\":\"WebSite\",\"@id\":\"https:\\\/\\\/sleepcity.ee\\\/#website\",\"url\":\"https:\\\/\\\/sleepcity.ee\\\/\",\"name\":\"Tempur Shop\",\"description\":\"TEMPUR madratsid, voodid, padjad ja muud unetooted.\",\"publisher\":{\"@id\":\"https:\\\/\\\/sleepcity.ee\\\/#organization\"},\"potentialAction\":[{\"@type\":\"SearchAction\",\"target\":{\"@type\":\"EntryPoint\",\"urlTemplate\":\"https:\\\/\\\/sleepcity.ee\\\/?s={search_term_string}\"},\"query-input\":{\"@type\":\"PropertyValueSpecification\",\"valueRequired\":true,\"valueName\":\"search_term_string\"}}],\"inLanguage\":\"et\"},{\"@type\":\"Organization\",\"@id\":\"https:\\\/\\\/sleepcity.ee\\\/#organization\",\"name\":\"VG Design O\u00dc\",\"url\":\"https:\\\/\\\/sleepcity.ee\\\/\",\"logo\":{\"@type\":\"ImageObject\",\"inLanguage\":\"et\",\"@id\":\"https:\\\/\\\/sleepcity.ee\\\/#\\\/schema\\\/logo\\\/image\\\/\",\"url\":\"https:\\\/\\\/sleepcity.ee\\\/wp-content\\\/uploads\\\/2023\\\/09\\\/sleepcity_logo.png\",\"contentUrl\":\"https:\\\/\\\/sleepcity.ee\\\/wp-content\\\/uploads\\\/2023\\\/09\\\/sleepcity_logo.png\",\"width\":1034,\"height\":318,\"caption\":\"VG Design O\u00dc\"},\"image\":{\"@id\":\"https:\\\/\\\/sleepcity.ee\\\/#\\\/schema\\\/logo\\\/image\\\/\"},\"sameAs\":[\"http:\\\/\\\/www.fb.com\\\/TempurEstonia\",\"http:\\\/\\\/www.instagram.com\\\/tempurestonia\"]}]}<\/script>\n<!-- \/ Yoast SEO plugin. -->","yoast_head_json":{"title":"Placet J\u00e4relmaks - SleepCity - Hea Une Valem","description":"Placet J\u00e4relmaks \u2013 V\u00f5ta maksmiseks rohkem aega! Taotluse esitamine Enam ei pea kartma, et m\u00f5ni oluline asi j\u00e4\u00e4b ostmata!Placet J\u00e4relmaks annab v\u00f5imaluse","robots":{"index":"index","follow":"follow","max-snippet":"max-snippet:-1","max-image-preview":"max-image-preview:large","max-video-preview":"max-video-preview:-1"},"canonical":"https:\/\/www.sleepcity.ee\/placet-jarelmaks\/","og_locale":"et_EE","og_type":"article","og_title":"Placet J\u00e4relmaks - SleepCity - Hea Une Valem","og_description":"Placet J\u00e4relmaks \u2013 V\u00f5ta maksmiseks rohkem aega! Taotluse esitamine Enam ei pea kartma, et m\u00f5ni oluline asi j\u00e4\u00e4b ostmata!Placet J\u00e4relmaks annab v\u00f5imaluse","og_url":"https:\/\/www.sleepcity.ee\/placet-jarelmaks\/","og_site_name":"SleepCity - Hea Une Valem","article_publisher":"http:\/\/www.fb.com\/TempurEstonia","article_modified_time":"2025-05-10T19:30:33+00:00","og_image":[{"url":"https:\/\/online.placet.ee\/img\/logo\/installment-banner.jpeg?ts=1648005802","type":"","width":"","height":""}],"twitter_card":"summary_large_image","twitter_misc":{"Est. reading time":"2 minutit"},"schema":{"@context":"https:\/\/schema.org","@graph":[{"@type":"WebPage","@id":"https:\/\/www.sleepcity.ee\/placet-jarelmaks\/","url":"https:\/\/www.sleepcity.ee\/placet-jarelmaks\/","name":"Placet J\u00e4relmaks - SleepCity - Hea Une Valem","isPartOf":{"@id":"https:\/\/sleepcity.ee\/#website"},"primaryImageOfPage":{"@id":"https:\/\/www.sleepcity.ee\/placet-jarelmaks\/#primaryimage"},"image":{"@id":"https:\/\/www.sleepcity.ee\/placet-jarelmaks\/#primaryimage"},"thumbnailUrl":"https:\/\/online.placet.ee\/img\/logo\/installment-banner.jpeg?ts=1648005802","datePublished":"2022-06-06T06:18:33+00:00","dateModified":"2025-05-10T19:30:33+00:00","description":"Placet J\u00e4relmaks \u2013 V\u00f5ta maksmiseks rohkem aega! Taotluse esitamine Enam ei pea kartma, et m\u00f5ni oluline asi j\u00e4\u00e4b ostmata!Placet J\u00e4relmaks annab v\u00f5imaluse","breadcrumb":{"@id":"https:\/\/www.sleepcity.ee\/placet-jarelmaks\/#breadcrumb"},"inLanguage":"et","potentialAction":[{"@type":"ReadAction","target":["https:\/\/www.sleepcity.ee\/placet-jarelmaks\/"]}]},{"@type":"ImageObject","inLanguage":"et","@id":"https:\/\/www.sleepcity.ee\/placet-jarelmaks\/#primaryimage","url":"https:\/\/online.placet.ee\/img\/logo\/installment-banner.jpeg?ts=1648005802","contentUrl":"https:\/\/online.placet.ee\/img\/logo\/installment-banner.jpeg?ts=1648005802"},{"@type":"BreadcrumbList","@id":"https:\/\/www.sleepcity.ee\/placet-jarelmaks\/#breadcrumb","itemListElement":[{"@type":"ListItem","position":1,"name":"Home","item":"https:\/\/www.sleepcity.ee\/"},{"@type":"ListItem","position":2,"name":"Placet J\u00e4relmaks"}]},{"@type":"WebSite","@id":"https:\/\/sleepcity.ee\/#website","url":"https:\/\/sleepcity.ee\/","name":"Tempur Shop","description":"TEMPUR madratsid, voodid, padjad ja muud unetooted.","publisher":{"@id":"https:\/\/sleepcity.ee\/#organization"},"potentialAction":[{"@type":"SearchAction","target":{"@type":"EntryPoint","urlTemplate":"https:\/\/sleepcity.ee\/?s={search_term_string}"},"query-input":{"@type":"PropertyValueSpecification","valueRequired":true,"valueName":"search_term_string"}}],"inLanguage":"et"},{"@type":"Organization","@id":"https:\/\/sleepcity.ee\/#organization","name":"VG Design O\u00dc","url":"https:\/\/sleepcity.ee\/","logo":{"@type":"ImageObject","inLanguage":"et","@id":"https:\/\/sleepcity.ee\/#\/schema\/logo\/image\/","url":"https:\/\/sleepcity.ee\/wp-content\/uploads\/2023\/09\/sleepcity_logo.png","contentUrl":"https:\/\/sleepcity.ee\/wp-content\/uploads\/2023\/09\/sleepcity_logo.png","width":1034,"height":318,"caption":"VG Design O\u00dc"},"image":{"@id":"https:\/\/sleepcity.ee\/#\/schema\/logo\/image\/"},"sameAs":["http:\/\/www.fb.com\/TempurEstonia","http:\/\/www.instagram.com\/tempurestonia"]}]}},"_links":{"self":[{"href":"https:\/\/sleepcity.ee\/wp-json\/wp\/v2\/pages\/4836","targetHints":{"allow":["GET"]}}],"collection":[{"href":"https:\/\/sleepcity.ee\/wp-json\/wp\/v2\/pages"}],"about":[{"href":"https:\/\/sleepcity.ee\/wp-json\/wp\/v2\/types\/page"}],"author":[{"embeddable":true,"href":"https:\/\/sleepcity.ee\/wp-json\/wp\/v2\/users\/2"}],"replies":[{"embeddable":true,"href":"https:\/\/sleepcity.ee\/wp-json\/wp\/v2\/comments?post=4836"}],"version-history":[{"count":5,"href":"https:\/\/sleepcity.ee\/wp-json\/wp\/v2\/pages\/4836\/revisions"}],"predecessor-version":[{"id":8982,"href":"https:\/\/sleepcity.ee\/wp-json\/wp\/v2\/pages\/4836\/revisions\/8982"}],"wp:attachment":[{"href":"https:\/\/sleepcity.ee\/wp-json\/wp\/v2\/media?parent=4836"}],"curies":[{"name":"wp","href":"https:\/\/api.w.org\/{rel}","templated":true}]}}