{"id":181,"date":"2018-11-28T12:15:52","date_gmt":"2018-11-28T12:15:52","guid":{"rendered":"https:\/\/sleepcity.ee\/?post_type=product&#038;p=181"},"modified":"2025-10-21T17:34:59","modified_gmt":"2025-10-21T17:34:59","slug":"kaelapadi-tempur","status":"publish","type":"product","link":"https:\/\/sleepcity.ee\/toode\/kaelapadi-tempur\/","title":{"rendered":"KAELAPADI TEMPUR \u00ae"},"content":{"rendered":"<div class=\"description-description\">\n<p data-start=\"789\" data-end=\"803\"><strong data-start=\"789\" data-end=\"801\">Eelised:<\/strong><\/p>\n<ul data-start=\"804\" data-end=\"1033\">\n<li data-start=\"804\" data-end=\"854\">\n<p data-start=\"806\" data-end=\"854\">Viskoelastne materjal, mis kohandub kehakujuga<\/p>\n<\/li>\n<li data-start=\"855\" data-end=\"901\">\n<p data-start=\"857\" data-end=\"901\">Leevendab survet ja toetab kaela ning pead<\/p>\n<\/li>\n<li data-start=\"902\" data-end=\"947\">\n<p data-start=\"904\" data-end=\"947\">Sobib ideaalselt lennu- ja rongireisideks<\/p>\n<\/li>\n<li data-start=\"948\" data-end=\"977\">\n<p data-start=\"950\" data-end=\"977\">Eemaldatav ja pestav kate<\/p>\n<\/li>\n<li data-start=\"978\" data-end=\"1033\">\n<p data-start=\"980\" data-end=\"1033\">TEMPUR\u00ae mugavus \u2013 alati sinuga, olenemata asukohast<\/p>\n<\/li>\n<\/ul>\n<h3><span style=\"font-family: -apple-system, BlinkMacSystemFont, 'Segoe UI', Roboto, 'Helvetica Neue', Arial, 'Noto Sans', sans-serif, 'Apple Color Emoji', 'Segoe UI Emoji', 'Segoe UI Symbol', 'Noto Color Emoji'; font-size: 16px;\">M\u00f5\u00f5dud<\/span><\/h3>\n<\/div>\n<div class=\"description-options\">\n<ul>\n<li>30x28x11 cm<\/li>\n<\/ul>\n<\/div>\n","protected":false},"excerpt":{"rendered":"<p data-start=\"0\" data-end=\"63\"><strong data-start=\"0\" data-end=\"61\">TEMPUR\u00ae kaelapadi \u2013 ideaalne reisipadi mugavaks puhkuseks<\/strong><\/p>\n<p data-start=\"65\" data-end=\"258\">Naudi t\u00f5elist mugavust ka teel olles. <strong data-start=\"103\" data-end=\"124\">TEMPUR\u00ae kaelapadi<\/strong> toetab \u00f5rnalt pead ja kaela, aidates v\u00e4hendada pinget ning v\u00f5imaldades sul puhata v\u00f5i magada mugavamalt lennukis, rongis v\u00f5i autos.<\/p>\n<p data-start=\"260\" data-end=\"472\">Padja <strong data-start=\"266\" data-end=\"311\">temperatuuritundlik viskoelastne materjal<\/strong> kohandub t\u00e4pselt sinu kehakujuga, pakkudes optimaalset tuge ja leevendades survet. See aitab sul l\u00f5\u00f5gastuda loomulikult \u2013 \u00fcksk\u00f5ik, kui pikk su reis ka poleks.<\/p>\n<p data-start=\"474\" data-end=\"566\">Katte <strong data-start=\"480\" data-end=\"501\">pehme hall kangas<\/strong> on eemaldatav ja pestav, et padi p\u00fcsiks alati v\u00e4rske ja puhas.<\/p>\n<p data-start=\"568\" data-end=\"787\"><strong data-start=\"568\" data-end=\"619\">Koge TEMPUR\u00ae kvaliteeti \u2013 kodus v\u00f5i teel olles.<\/strong><br data-start=\"619\" data-end=\"622\" \/>K\u00f5ik TEMPUR\u00ae aksessuaarid on valmistatud samast ainulaadsest materjalist, mida kasutatakse ka TEMPUR\u00ae madratsites \u2013 et pakkuda \u00fclimat mugavust ja tuge igal hetkel.<\/p>\n","protected":false},"featured_media":263,"comment_status":"closed","ping_status":"closed","template":"","meta":{"_monsterinsights_skip_tracking":false,"_monsterinsights_sitenote_active":false,"_monsterinsights_sitenote_note":"","_monsterinsights_sitenote_category":0},"product_brand":[],"product_cat":[15,420],"product_tag":[],"class_list":{"0":"post-181","1":"product","2":"type-product","3":"status-publish","4":"has-post-thumbnail","6":"product_cat-muu","7":"product_cat-reisil","9":"first","10":"instock","11":"taxable","12":"shipping-taxable","13":"purchasable","14":"product-type-simple"},"yoast_head":"<!-- This site is optimized with the Yoast SEO plugin v27.4 - https:\/\/yoast.com\/product\/yoast-seo-wordpress\/ -->\n<title>KAELAPADI TEMPUR \u00ae - SleepCity - Hea Une Valem<\/title>\n<meta name=\"description\" content=\"TEMPUR\u00ae kaelapadi \u2013 ideaalne reisipadi mugavaks puhkuseks Naudi t\u00f5elist mugavust ka teel olles. TEMPUR\u00ae kaelapadi toetab \u00f5rnalt pead ja kaela, aidates v\u00e4hendada pinget ning v\u00f5imaldades sul puhata v\u00f5i magada mugavamalt lennukis, rongis v\u00f5i autos. Padja temperatuuritundlik viskoelastne materjal kohandub t\u00e4pselt sinu kehakujuga, pakkudes optimaalset tuge ja leevendades survet. See aitab sul l\u00f5\u00f5gastuda loomulikult \u2013 \u00fcksk\u00f5ik, kui pikk su reis ka poleks. Katte pehme hall kangas on eemaldatav ja pestav, et padi p\u00fcsiks alati v\u00e4rske ja puhas. Koge TEMPUR\u00ae kvaliteeti \u2013 kodus v\u00f5i teel olles.K\u00f5ik TEMPUR\u00ae aksessuaarid on valmistatud samast ainulaadsest materjalist, mida kasutatakse ka TEMPUR\u00ae madratsites \u2013 et pakkuda \u00fclimat mugavust ja tuge igal hetkel.\" \/>\n<meta name=\"robots\" content=\"index, follow, max-snippet:-1, max-image-preview:large, max-video-preview:-1\" \/>\n<link rel=\"canonical\" href=\"https:\/\/sleepcity.ee\/toode\/kaelapadi-tempur\/\" \/>\n<meta property=\"og:locale\" content=\"et_EE\" \/>\n<meta property=\"og:type\" content=\"article\" \/>\n<meta property=\"og:title\" content=\"KAELAPADI TEMPUR \u00ae - SleepCity - Hea Une Valem\" \/>\n<meta property=\"og:description\" content=\"TEMPUR\u00ae kaelapadi \u2013 ideaalne reisipadi mugavaks puhkuseks Naudi t\u00f5elist mugavust ka teel olles. TEMPUR\u00ae kaelapadi toetab \u00f5rnalt pead ja kaela, aidates v\u00e4hendada pinget ning v\u00f5imaldades sul puhata v\u00f5i magada mugavamalt lennukis, rongis v\u00f5i autos. Padja temperatuuritundlik viskoelastne materjal kohandub t\u00e4pselt sinu kehakujuga, pakkudes optimaalset tuge ja leevendades survet. See aitab sul l\u00f5\u00f5gastuda loomulikult \u2013 \u00fcksk\u00f5ik, kui pikk su reis ka poleks. Katte pehme hall kangas on eemaldatav ja pestav, et padi p\u00fcsiks alati v\u00e4rske ja puhas. Koge TEMPUR\u00ae kvaliteeti \u2013 kodus v\u00f5i teel olles.K\u00f5ik TEMPUR\u00ae aksessuaarid on valmistatud samast ainulaadsest materjalist, mida kasutatakse ka TEMPUR\u00ae madratsites \u2013 et pakkuda \u00fclimat mugavust ja tuge igal hetkel.\" \/>\n<meta property=\"og:url\" content=\"https:\/\/sleepcity.ee\/toode\/kaelapadi-tempur\/\" \/>\n<meta property=\"og:site_name\" content=\"SleepCity - Hea Une Valem\" \/>\n<meta property=\"article:publisher\" content=\"http:\/\/www.fb.com\/TempurEstonia\" \/>\n<meta property=\"article:modified_time\" content=\"2025-10-21T17:34:59+00:00\" \/>\n<meta property=\"og:image\" content=\"https:\/\/sleepcity.ee\/wp-content\/uploads\/2018\/11\/kaela-padi-tempur1.jpg\" \/>\n\t<meta property=\"og:image:width\" content=\"700\" \/>\n\t<meta property=\"og:image:height\" content=\"570\" \/>\n\t<meta property=\"og:image:type\" content=\"image\/jpeg\" \/>\n<meta name=\"twitter:card\" content=\"summary_large_image\" \/>\n<script type=\"application\/ld+json\" class=\"yoast-schema-graph\">{\"@context\":\"https:\\\/\\\/schema.org\",\"@graph\":[{\"@type\":\"WebPage\",\"@id\":\"https:\\\/\\\/sleepcity.ee\\\/toode\\\/kaelapadi-tempur\\\/\",\"url\":\"https:\\\/\\\/sleepcity.ee\\\/toode\\\/kaelapadi-tempur\\\/\",\"name\":\"KAELAPADI TEMPUR \u00ae - SleepCity - Hea Une Valem\",\"isPartOf\":{\"@id\":\"https:\\\/\\\/sleepcity.ee\\\/#website\"},\"primaryImageOfPage\":{\"@id\":\"https:\\\/\\\/sleepcity.ee\\\/toode\\\/kaelapadi-tempur\\\/#primaryimage\"},\"image\":{\"@id\":\"https:\\\/\\\/sleepcity.ee\\\/toode\\\/kaelapadi-tempur\\\/#primaryimage\"},\"thumbnailUrl\":\"https:\\\/\\\/sleepcity.ee\\\/wp-content\\\/uploads\\\/2018\\\/11\\\/kaela-padi-tempur1.jpg\",\"datePublished\":\"2018-11-28T12:15:52+00:00\",\"dateModified\":\"2025-10-21T17:34:59+00:00\",\"description\":\"TEMPUR\u00ae kaelapadi \u2013 ideaalne reisipadi mugavaks puhkuseks Naudi t\u00f5elist mugavust ka teel olles. TEMPUR\u00ae kaelapadi toetab \u00f5rnalt pead ja kaela, aidates v\u00e4hendada pinget ning v\u00f5imaldades sul puhata v\u00f5i magada mugavamalt lennukis, rongis v\u00f5i autos. Padja temperatuuritundlik viskoelastne materjal kohandub t\u00e4pselt sinu kehakujuga, pakkudes optimaalset tuge ja leevendades survet. See aitab sul l\u00f5\u00f5gastuda loomulikult \u2013 \u00fcksk\u00f5ik, kui pikk su reis ka poleks. Katte pehme hall kangas on eemaldatav ja pestav, et padi p\u00fcsiks alati v\u00e4rske ja puhas. Koge TEMPUR\u00ae kvaliteeti \u2013 kodus v\u00f5i teel olles.K\u00f5ik TEMPUR\u00ae aksessuaarid on valmistatud samast ainulaadsest materjalist, mida kasutatakse ka TEMPUR\u00ae madratsites \u2013 et pakkuda \u00fclimat mugavust ja tuge igal hetkel.\",\"breadcrumb\":{\"@id\":\"https:\\\/\\\/sleepcity.ee\\\/toode\\\/kaelapadi-tempur\\\/#breadcrumb\"},\"inLanguage\":\"et\",\"potentialAction\":[{\"@type\":\"ReadAction\",\"target\":[\"https:\\\/\\\/sleepcity.ee\\\/toode\\\/kaelapadi-tempur\\\/\"]}]},{\"@type\":\"ImageObject\",\"inLanguage\":\"et\",\"@id\":\"https:\\\/\\\/sleepcity.ee\\\/toode\\\/kaelapadi-tempur\\\/#primaryimage\",\"url\":\"https:\\\/\\\/sleepcity.ee\\\/wp-content\\\/uploads\\\/2018\\\/11\\\/kaela-padi-tempur1.jpg\",\"contentUrl\":\"https:\\\/\\\/sleepcity.ee\\\/wp-content\\\/uploads\\\/2018\\\/11\\\/kaela-padi-tempur1.jpg\",\"width\":700,\"height\":570},{\"@type\":\"BreadcrumbList\",\"@id\":\"https:\\\/\\\/sleepcity.ee\\\/toode\\\/kaelapadi-tempur\\\/#breadcrumb\",\"itemListElement\":[{\"@type\":\"ListItem\",\"position\":1,\"name\":\"Home\",\"item\":\"https:\\\/\\\/sleepcity.ee\\\/\"},{\"@type\":\"ListItem\",\"position\":2,\"name\":\"Pood\",\"item\":\"https:\\\/\\\/sleepcity.ee\\\/pood\\\/\"},{\"@type\":\"ListItem\",\"position\":3,\"name\":\"KAELAPADI TEMPUR \u00ae\"}]},{\"@type\":\"WebSite\",\"@id\":\"https:\\\/\\\/sleepcity.ee\\\/#website\",\"url\":\"https:\\\/\\\/sleepcity.ee\\\/\",\"name\":\"Tempur Shop\",\"description\":\"TEMPUR madratsid, voodid, padjad ja muud unetooted.\",\"publisher\":{\"@id\":\"https:\\\/\\\/sleepcity.ee\\\/#organization\"},\"potentialAction\":[{\"@type\":\"SearchAction\",\"target\":{\"@type\":\"EntryPoint\",\"urlTemplate\":\"https:\\\/\\\/sleepcity.ee\\\/?s={search_term_string}\"},\"query-input\":{\"@type\":\"PropertyValueSpecification\",\"valueRequired\":true,\"valueName\":\"search_term_string\"}}],\"inLanguage\":\"et\"},{\"@type\":\"Organization\",\"@id\":\"https:\\\/\\\/sleepcity.ee\\\/#organization\",\"name\":\"VG Design O\u00dc\",\"url\":\"https:\\\/\\\/sleepcity.ee\\\/\",\"logo\":{\"@type\":\"ImageObject\",\"inLanguage\":\"et\",\"@id\":\"https:\\\/\\\/sleepcity.ee\\\/#\\\/schema\\\/logo\\\/image\\\/\",\"url\":\"https:\\\/\\\/sleepcity.ee\\\/wp-content\\\/uploads\\\/2023\\\/09\\\/sleepcity_logo.png\",\"contentUrl\":\"https:\\\/\\\/sleepcity.ee\\\/wp-content\\\/uploads\\\/2023\\\/09\\\/sleepcity_logo.png\",\"width\":1034,\"height\":318,\"caption\":\"VG Design O\u00dc\"},\"image\":{\"@id\":\"https:\\\/\\\/sleepcity.ee\\\/#\\\/schema\\\/logo\\\/image\\\/\"},\"sameAs\":[\"http:\\\/\\\/www.fb.com\\\/TempurEstonia\",\"http:\\\/\\\/www.instagram.com\\\/tempurestonia\"]}]}<\/script>\n<!-- \/ Yoast SEO plugin. -->","yoast_head_json":{"title":"KAELAPADI TEMPUR \u00ae - SleepCity - Hea Une Valem","description":"TEMPUR\u00ae kaelapadi \u2013 ideaalne reisipadi mugavaks puhkuseks Naudi t\u00f5elist mugavust ka teel olles. TEMPUR\u00ae kaelapadi toetab \u00f5rnalt pead ja kaela, aidates v\u00e4hendada pinget ning v\u00f5imaldades sul puhata v\u00f5i magada mugavamalt lennukis, rongis v\u00f5i autos. Padja temperatuuritundlik viskoelastne materjal kohandub t\u00e4pselt sinu kehakujuga, pakkudes optimaalset tuge ja leevendades survet. See aitab sul l\u00f5\u00f5gastuda loomulikult \u2013 \u00fcksk\u00f5ik, kui pikk su reis ka poleks. Katte pehme hall kangas on eemaldatav ja pestav, et padi p\u00fcsiks alati v\u00e4rske ja puhas. Koge TEMPUR\u00ae kvaliteeti \u2013 kodus v\u00f5i teel olles.K\u00f5ik TEMPUR\u00ae aksessuaarid on valmistatud samast ainulaadsest materjalist, mida kasutatakse ka TEMPUR\u00ae madratsites \u2013 et pakkuda \u00fclimat mugavust ja tuge igal hetkel.","robots":{"index":"index","follow":"follow","max-snippet":"max-snippet:-1","max-image-preview":"max-image-preview:large","max-video-preview":"max-video-preview:-1"},"canonical":"https:\/\/sleepcity.ee\/toode\/kaelapadi-tempur\/","og_locale":"et_EE","og_type":"article","og_title":"KAELAPADI TEMPUR \u00ae - SleepCity - Hea Une Valem","og_description":"TEMPUR\u00ae kaelapadi \u2013 ideaalne reisipadi mugavaks puhkuseks Naudi t\u00f5elist mugavust ka teel olles. TEMPUR\u00ae kaelapadi toetab \u00f5rnalt pead ja kaela, aidates v\u00e4hendada pinget ning v\u00f5imaldades sul puhata v\u00f5i magada mugavamalt lennukis, rongis v\u00f5i autos. Padja temperatuuritundlik viskoelastne materjal kohandub t\u00e4pselt sinu kehakujuga, pakkudes optimaalset tuge ja leevendades survet. See aitab sul l\u00f5\u00f5gastuda loomulikult \u2013 \u00fcksk\u00f5ik, kui pikk su reis ka poleks. Katte pehme hall kangas on eemaldatav ja pestav, et padi p\u00fcsiks alati v\u00e4rske ja puhas. Koge TEMPUR\u00ae kvaliteeti \u2013 kodus v\u00f5i teel olles.K\u00f5ik TEMPUR\u00ae aksessuaarid on valmistatud samast ainulaadsest materjalist, mida kasutatakse ka TEMPUR\u00ae madratsites \u2013 et pakkuda \u00fclimat mugavust ja tuge igal hetkel.","og_url":"https:\/\/sleepcity.ee\/toode\/kaelapadi-tempur\/","og_site_name":"SleepCity - Hea Une Valem","article_publisher":"http:\/\/www.fb.com\/TempurEstonia","article_modified_time":"2025-10-21T17:34:59+00:00","og_image":[{"width":700,"height":570,"url":"https:\/\/sleepcity.ee\/wp-content\/uploads\/2018\/11\/kaela-padi-tempur1.jpg","type":"image\/jpeg"}],"twitter_card":"summary_large_image","schema":{"@context":"https:\/\/schema.org","@graph":[{"@type":"WebPage","@id":"https:\/\/sleepcity.ee\/toode\/kaelapadi-tempur\/","url":"https:\/\/sleepcity.ee\/toode\/kaelapadi-tempur\/","name":"KAELAPADI TEMPUR \u00ae - SleepCity - Hea Une Valem","isPartOf":{"@id":"https:\/\/sleepcity.ee\/#website"},"primaryImageOfPage":{"@id":"https:\/\/sleepcity.ee\/toode\/kaelapadi-tempur\/#primaryimage"},"image":{"@id":"https:\/\/sleepcity.ee\/toode\/kaelapadi-tempur\/#primaryimage"},"thumbnailUrl":"https:\/\/sleepcity.ee\/wp-content\/uploads\/2018\/11\/kaela-padi-tempur1.jpg","datePublished":"2018-11-28T12:15:52+00:00","dateModified":"2025-10-21T17:34:59+00:00","description":"TEMPUR\u00ae kaelapadi \u2013 ideaalne reisipadi mugavaks puhkuseks Naudi t\u00f5elist mugavust ka teel olles. TEMPUR\u00ae kaelapadi toetab \u00f5rnalt pead ja kaela, aidates v\u00e4hendada pinget ning v\u00f5imaldades sul puhata v\u00f5i magada mugavamalt lennukis, rongis v\u00f5i autos. Padja temperatuuritundlik viskoelastne materjal kohandub t\u00e4pselt sinu kehakujuga, pakkudes optimaalset tuge ja leevendades survet. See aitab sul l\u00f5\u00f5gastuda loomulikult \u2013 \u00fcksk\u00f5ik, kui pikk su reis ka poleks. Katte pehme hall kangas on eemaldatav ja pestav, et padi p\u00fcsiks alati v\u00e4rske ja puhas. Koge TEMPUR\u00ae kvaliteeti \u2013 kodus v\u00f5i teel olles.K\u00f5ik TEMPUR\u00ae aksessuaarid on valmistatud samast ainulaadsest materjalist, mida kasutatakse ka TEMPUR\u00ae madratsites \u2013 et pakkuda \u00fclimat mugavust ja tuge igal hetkel.","breadcrumb":{"@id":"https:\/\/sleepcity.ee\/toode\/kaelapadi-tempur\/#breadcrumb"},"inLanguage":"et","potentialAction":[{"@type":"ReadAction","target":["https:\/\/sleepcity.ee\/toode\/kaelapadi-tempur\/"]}]},{"@type":"ImageObject","inLanguage":"et","@id":"https:\/\/sleepcity.ee\/toode\/kaelapadi-tempur\/#primaryimage","url":"https:\/\/sleepcity.ee\/wp-content\/uploads\/2018\/11\/kaela-padi-tempur1.jpg","contentUrl":"https:\/\/sleepcity.ee\/wp-content\/uploads\/2018\/11\/kaela-padi-tempur1.jpg","width":700,"height":570},{"@type":"BreadcrumbList","@id":"https:\/\/sleepcity.ee\/toode\/kaelapadi-tempur\/#breadcrumb","itemListElement":[{"@type":"ListItem","position":1,"name":"Home","item":"https:\/\/sleepcity.ee\/"},{"@type":"ListItem","position":2,"name":"Pood","item":"https:\/\/sleepcity.ee\/pood\/"},{"@type":"ListItem","position":3,"name":"KAELAPADI TEMPUR \u00ae"}]},{"@type":"WebSite","@id":"https:\/\/sleepcity.ee\/#website","url":"https:\/\/sleepcity.ee\/","name":"Tempur Shop","description":"TEMPUR madratsid, voodid, padjad ja muud unetooted.","publisher":{"@id":"https:\/\/sleepcity.ee\/#organization"},"potentialAction":[{"@type":"SearchAction","target":{"@type":"EntryPoint","urlTemplate":"https:\/\/sleepcity.ee\/?s={search_term_string}"},"query-input":{"@type":"PropertyValueSpecification","valueRequired":true,"valueName":"search_term_string"}}],"inLanguage":"et"},{"@type":"Organization","@id":"https:\/\/sleepcity.ee\/#organization","name":"VG Design O\u00dc","url":"https:\/\/sleepcity.ee\/","logo":{"@type":"ImageObject","inLanguage":"et","@id":"https:\/\/sleepcity.ee\/#\/schema\/logo\/image\/","url":"https:\/\/sleepcity.ee\/wp-content\/uploads\/2023\/09\/sleepcity_logo.png","contentUrl":"https:\/\/sleepcity.ee\/wp-content\/uploads\/2023\/09\/sleepcity_logo.png","width":1034,"height":318,"caption":"VG Design O\u00dc"},"image":{"@id":"https:\/\/sleepcity.ee\/#\/schema\/logo\/image\/"},"sameAs":["http:\/\/www.fb.com\/TempurEstonia","http:\/\/www.instagram.com\/tempurestonia"]}]}},"_links":{"self":[{"href":"https:\/\/sleepcity.ee\/wp-json\/wp\/v2\/product\/181","targetHints":{"allow":["GET"]}}],"collection":[{"href":"https:\/\/sleepcity.ee\/wp-json\/wp\/v2\/product"}],"about":[{"href":"https:\/\/sleepcity.ee\/wp-json\/wp\/v2\/types\/product"}],"replies":[{"embeddable":true,"href":"https:\/\/sleepcity.ee\/wp-json\/wp\/v2\/comments?post=181"}],"wp:featuredmedia":[{"embeddable":true,"href":"https:\/\/sleepcity.ee\/wp-json\/wp\/v2\/media\/263"}],"wp:attachment":[{"href":"https:\/\/sleepcity.ee\/wp-json\/wp\/v2\/media?parent=181"}],"wp:term":[{"taxonomy":"product_brand","embeddable":true,"href":"https:\/\/sleepcity.ee\/wp-json\/wp\/v2\/product_brand?post=181"},{"taxonomy":"product_cat","embeddable":true,"href":"https:\/\/sleepcity.ee\/wp-json\/wp\/v2\/product_cat?post=181"},{"taxonomy":"product_tag","embeddable":true,"href":"https:\/\/sleepcity.ee\/wp-json\/wp\/v2\/product_tag?post=181"}],"curies":[{"name":"wp","href":"https:\/\/api.w.org\/{rel}","templated":true}]}}