{"id":1928,"date":"2019-12-09T17:13:26","date_gmt":"2019-12-09T17:13:26","guid":{"rendered":"https:\/\/sleepcity.ee\/?post_type=product&#038;p=1928"},"modified":"2026-03-15T19:11:03","modified_gmt":"2026-03-15T19:11:03","slug":"tempur-padi-original-smartcool-2","status":"publish","type":"product","link":"https:\/\/sleepcity.ee\/toode\/tempur-padi-original-smartcool-2\/","title":{"rendered":"TEMPUR padi Original SmartCool"},"content":{"rendered":"<h2><strong>TEMPUR materjal on eriline!<\/strong><\/h2>\n<p>TEMPUR\u00ae materjal on erinev k\u00f5ikidest teistest. Hetk, mil pikali heidad, tundub kui\u00a0<em>puhas maagia<\/em>\u00a0\u2013 materjali rakud reageerivad koheselt sinu keha kujule, kaalule ja soojusele, kohandudes t\u00e4pselt iga sinu kehaosaga. T\u00f5estatult survevaba tugi pakub t\u00e4ielikku mugavust ja toetust. See v\u00f5ib aidata v\u00e4hendada pidevat p\u00f6\u00f6ramist ja k\u00fclje vahetamist une ajal. TEMPUR\u00ae materjal neelab ka partneri liikumise, nii et te ei sega teineteise und. Kuidas TEMPUR\u00ae materjal t\u00f6\u00f6tab, on keeruline, aga selle m\u00f5ju on lihtne: see aitab sul saavutada t\u00f5eliselt kosutava une.<\/p>\n<p>&nbsp;<\/p>\n<h2><strong>TEMPUR<sup>\u00ae<\/sup>\u00a0ergonoomiliste patjade katted on pestavad kuni 60\u00b0c.<\/strong><\/h2>\n<p>Sinu padi on oluline sinu tervise ja heaolu jaoks, seet\u00f5ttu on t\u00e4htis hoida seda puhta ja v\u00e4rskena. Meie pestavate padjap\u00fc\u00fcridega saad neid mugavalt eemaldada ja pesta pesumasinas kuni 60 \u00b0C juures.*<\/p>\n","protected":false},"excerpt":{"rendered":"<p>Ergonoomiline disain, mis on just enda keha loomuliku kuju j\u00e4rgi ainulaadselt kujundatud, aitab mugavamaks muuta selgroo asendit ning toetab ka kaela, kui magate selili.<\/p>\n<p>TEMPUR\u00ae\ufe0f originaalne padi ORIGINAL koos CoolTouch\u2122 s\u00fcsteemiga \ufe0f on loodud kaela ja selgroo optimaalseks toetamiseks n\u00f6. jaheda puudutusega (CoolTouch). CoolTouch jahutuss\u00fcsteem akumuleerib \u00fcleliigse soojuse endasse, v\u00e4ga mugav on magada ja samal ajal ei aja higistama.<\/p>\n<p>TEMPUR\u00ae\ufe0f materjal leevendab survet \u00f5lgade, kaela ja selja \u00fcmber, v\u00f5imaldades lihastel t\u00e4ielikult l\u00f5\u00f5gastuda.<\/p>\n","protected":false},"featured_media":9104,"comment_status":"open","ping_status":"closed","template":"","meta":{"_monsterinsights_skip_tracking":false,"_monsterinsights_sitenote_active":false,"_monsterinsights_sitenote_note":"","_monsterinsights_sitenote_category":0},"product_brand":[],"product_cat":[94],"product_tag":[86,131],"class_list":{"0":"post-1928","1":"product","2":"type-product","3":"status-publish","4":"has-post-thumbnail","6":"product_cat-ergonoomilised-padjad","7":"product_tag-cooltouch","8":"product_tag-padi","10":"first","11":"instock","12":"taxable","13":"shipping-taxable","14":"purchasable","15":"product-type-variable"},"yoast_head":"<!-- This site is optimized with the Yoast SEO plugin v27.3 - https:\/\/yoast.com\/product\/yoast-seo-wordpress\/ -->\n<title>TEMPUR padi Original SmartCool - SleepCity - Hea Une Valem<\/title>\n<meta name=\"description\" content=\"UUS TEMPUR\u00ae\ufe0f originaalne padi ORIGINAL\u00a0 koos CoolTouch \u2122 s\u00fcsteemiga \ufe0f on loodud kaela ja selgroo optimaalseks toetamiseks n\u00f6. jaheda puudutusega (CoolTouch). CoolTouch jahutuss\u00fcsteem akumuleerib \u00fcleliigse soojuse endasse, v\u00e4ga komfortne on magada ja samal ajal ei aja higistama.\" \/>\n<meta name=\"robots\" content=\"index, follow, max-snippet:-1, max-image-preview:large, max-video-preview:-1\" \/>\n<link rel=\"canonical\" href=\"https:\/\/sleepcity.ee\/toode\/tempur-padi-original-smartcool-2\/\" \/>\n<meta property=\"og:locale\" content=\"et_EE\" \/>\n<meta property=\"og:type\" content=\"article\" \/>\n<meta property=\"og:title\" content=\"TEMPUR padi Original SmartCool - SleepCity - Hea Une Valem\" \/>\n<meta property=\"og:description\" content=\"UUS TEMPUR\u00ae\ufe0f originaalne padi ORIGINAL\u00a0 koos CoolTouch \u2122 s\u00fcsteemiga \ufe0f on loodud kaela ja selgroo optimaalseks toetamiseks n\u00f6. jaheda puudutusega (CoolTouch). CoolTouch jahutuss\u00fcsteem akumuleerib \u00fcleliigse soojuse endasse, v\u00e4ga komfortne on magada ja samal ajal ei aja higistama.\" \/>\n<meta property=\"og:url\" content=\"https:\/\/sleepcity.ee\/toode\/tempur-padi-original-smartcool-2\/\" \/>\n<meta property=\"og:site_name\" content=\"SleepCity - Hea Une Valem\" \/>\n<meta property=\"article:publisher\" content=\"http:\/\/www.fb.com\/TempurEstonia\" \/>\n<meta property=\"article:modified_time\" content=\"2026-03-15T19:11:03+00:00\" \/>\n<meta property=\"og:image\" content=\"https:\/\/www.sleepcity.ee\/wp-content\/uploads\/2019\/12\/TEMPUR-Original-SmartCool-Pillows-2.jpeg\" \/>\n\t<meta property=\"og:image:width\" content=\"968\" \/>\n\t<meta property=\"og:image:height\" content=\"716\" \/>\n\t<meta property=\"og:image:type\" content=\"image\/jpeg\" \/>\n<meta name=\"twitter:card\" content=\"summary_large_image\" \/>\n<meta name=\"twitter:label1\" content=\"Est. reading time\" \/>\n\t<meta name=\"twitter:data1\" content=\"1 minut\" \/>\n<script type=\"application\/ld+json\" class=\"yoast-schema-graph\">{\"@context\":\"https:\\\/\\\/schema.org\",\"@graph\":[{\"@type\":\"WebPage\",\"@id\":\"https:\\\/\\\/sleepcity.ee\\\/toode\\\/tempur-padi-original-smartcool-2\\\/\",\"url\":\"https:\\\/\\\/sleepcity.ee\\\/toode\\\/tempur-padi-original-smartcool-2\\\/\",\"name\":\"TEMPUR padi Original SmartCool - SleepCity - Hea Une Valem\",\"isPartOf\":{\"@id\":\"https:\\\/\\\/sleepcity.ee\\\/#website\"},\"primaryImageOfPage\":{\"@id\":\"https:\\\/\\\/sleepcity.ee\\\/toode\\\/tempur-padi-original-smartcool-2\\\/#primaryimage\"},\"image\":{\"@id\":\"https:\\\/\\\/sleepcity.ee\\\/toode\\\/tempur-padi-original-smartcool-2\\\/#primaryimage\"},\"thumbnailUrl\":\"https:\\\/\\\/sleepcity.ee\\\/wp-content\\\/uploads\\\/2019\\\/12\\\/TEMPUR-Original-SmartCool-Pillows-2.jpeg\",\"datePublished\":\"2019-12-09T17:13:26+00:00\",\"dateModified\":\"2026-03-15T19:11:03+00:00\",\"description\":\"UUS TEMPUR\u00ae\ufe0f originaalne padi ORIGINAL\u00a0 koos CoolTouch \u2122 s\u00fcsteemiga \ufe0f on loodud kaela ja selgroo optimaalseks toetamiseks n\u00f6. jaheda puudutusega (CoolTouch). CoolTouch jahutuss\u00fcsteem akumuleerib \u00fcleliigse soojuse endasse, v\u00e4ga komfortne on magada ja samal ajal ei aja higistama.\",\"breadcrumb\":{\"@id\":\"https:\\\/\\\/sleepcity.ee\\\/toode\\\/tempur-padi-original-smartcool-2\\\/#breadcrumb\"},\"inLanguage\":\"et\",\"potentialAction\":[{\"@type\":\"ReadAction\",\"target\":[\"https:\\\/\\\/sleepcity.ee\\\/toode\\\/tempur-padi-original-smartcool-2\\\/\"]}]},{\"@type\":\"ImageObject\",\"inLanguage\":\"et\",\"@id\":\"https:\\\/\\\/sleepcity.ee\\\/toode\\\/tempur-padi-original-smartcool-2\\\/#primaryimage\",\"url\":\"https:\\\/\\\/sleepcity.ee\\\/wp-content\\\/uploads\\\/2019\\\/12\\\/TEMPUR-Original-SmartCool-Pillows-2.jpeg\",\"contentUrl\":\"https:\\\/\\\/sleepcity.ee\\\/wp-content\\\/uploads\\\/2019\\\/12\\\/TEMPUR-Original-SmartCool-Pillows-2.jpeg\",\"width\":968,\"height\":716},{\"@type\":\"BreadcrumbList\",\"@id\":\"https:\\\/\\\/sleepcity.ee\\\/toode\\\/tempur-padi-original-smartcool-2\\\/#breadcrumb\",\"itemListElement\":[{\"@type\":\"ListItem\",\"position\":1,\"name\":\"Home\",\"item\":\"https:\\\/\\\/www.sleepcity.ee\\\/\"},{\"@type\":\"ListItem\",\"position\":2,\"name\":\"Pood\",\"item\":\"https:\\\/\\\/sleepcity.ee\\\/pood\\\/\"},{\"@type\":\"ListItem\",\"position\":3,\"name\":\"TEMPUR padi Original SmartCool\"}]},{\"@type\":\"WebSite\",\"@id\":\"https:\\\/\\\/sleepcity.ee\\\/#website\",\"url\":\"https:\\\/\\\/sleepcity.ee\\\/\",\"name\":\"Tempur Shop\",\"description\":\"TEMPUR madratsid, voodid, padjad ja muud unetooted.\",\"publisher\":{\"@id\":\"https:\\\/\\\/sleepcity.ee\\\/#organization\"},\"potentialAction\":[{\"@type\":\"SearchAction\",\"target\":{\"@type\":\"EntryPoint\",\"urlTemplate\":\"https:\\\/\\\/sleepcity.ee\\\/?s={search_term_string}\"},\"query-input\":{\"@type\":\"PropertyValueSpecification\",\"valueRequired\":true,\"valueName\":\"search_term_string\"}}],\"inLanguage\":\"et\"},{\"@type\":\"Organization\",\"@id\":\"https:\\\/\\\/sleepcity.ee\\\/#organization\",\"name\":\"VG Design O\u00dc\",\"url\":\"https:\\\/\\\/sleepcity.ee\\\/\",\"logo\":{\"@type\":\"ImageObject\",\"inLanguage\":\"et\",\"@id\":\"https:\\\/\\\/sleepcity.ee\\\/#\\\/schema\\\/logo\\\/image\\\/\",\"url\":\"https:\\\/\\\/sleepcity.ee\\\/wp-content\\\/uploads\\\/2023\\\/09\\\/sleepcity_logo.png\",\"contentUrl\":\"https:\\\/\\\/sleepcity.ee\\\/wp-content\\\/uploads\\\/2023\\\/09\\\/sleepcity_logo.png\",\"width\":1034,\"height\":318,\"caption\":\"VG Design O\u00dc\"},\"image\":{\"@id\":\"https:\\\/\\\/sleepcity.ee\\\/#\\\/schema\\\/logo\\\/image\\\/\"},\"sameAs\":[\"http:\\\/\\\/www.fb.com\\\/TempurEstonia\",\"http:\\\/\\\/www.instagram.com\\\/tempurestonia\"]}]}<\/script>\n<!-- \/ Yoast SEO plugin. -->","yoast_head_json":{"title":"TEMPUR padi Original SmartCool - SleepCity - Hea Une Valem","description":"UUS TEMPUR\u00ae\ufe0f originaalne padi ORIGINAL\u00a0 koos CoolTouch \u2122 s\u00fcsteemiga \ufe0f on loodud kaela ja selgroo optimaalseks toetamiseks n\u00f6. jaheda puudutusega (CoolTouch). CoolTouch jahutuss\u00fcsteem akumuleerib \u00fcleliigse soojuse endasse, v\u00e4ga komfortne on magada ja samal ajal ei aja higistama.","robots":{"index":"index","follow":"follow","max-snippet":"max-snippet:-1","max-image-preview":"max-image-preview:large","max-video-preview":"max-video-preview:-1"},"canonical":"https:\/\/sleepcity.ee\/toode\/tempur-padi-original-smartcool-2\/","og_locale":"et_EE","og_type":"article","og_title":"TEMPUR padi Original SmartCool - SleepCity - Hea Une Valem","og_description":"UUS TEMPUR\u00ae\ufe0f originaalne padi ORIGINAL\u00a0 koos CoolTouch \u2122 s\u00fcsteemiga \ufe0f on loodud kaela ja selgroo optimaalseks toetamiseks n\u00f6. jaheda puudutusega (CoolTouch). CoolTouch jahutuss\u00fcsteem akumuleerib \u00fcleliigse soojuse endasse, v\u00e4ga komfortne on magada ja samal ajal ei aja higistama.","og_url":"https:\/\/sleepcity.ee\/toode\/tempur-padi-original-smartcool-2\/","og_site_name":"SleepCity - Hea Une Valem","article_publisher":"http:\/\/www.fb.com\/TempurEstonia","article_modified_time":"2026-03-15T19:11:03+00:00","og_image":[{"width":968,"height":716,"url":"https:\/\/www.sleepcity.ee\/wp-content\/uploads\/2019\/12\/TEMPUR-Original-SmartCool-Pillows-2.jpeg","type":"image\/jpeg"}],"twitter_card":"summary_large_image","twitter_misc":{"Est. reading time":"1 minut"},"schema":{"@context":"https:\/\/schema.org","@graph":[{"@type":"WebPage","@id":"https:\/\/sleepcity.ee\/toode\/tempur-padi-original-smartcool-2\/","url":"https:\/\/sleepcity.ee\/toode\/tempur-padi-original-smartcool-2\/","name":"TEMPUR padi Original SmartCool - SleepCity - Hea Une Valem","isPartOf":{"@id":"https:\/\/sleepcity.ee\/#website"},"primaryImageOfPage":{"@id":"https:\/\/sleepcity.ee\/toode\/tempur-padi-original-smartcool-2\/#primaryimage"},"image":{"@id":"https:\/\/sleepcity.ee\/toode\/tempur-padi-original-smartcool-2\/#primaryimage"},"thumbnailUrl":"https:\/\/sleepcity.ee\/wp-content\/uploads\/2019\/12\/TEMPUR-Original-SmartCool-Pillows-2.jpeg","datePublished":"2019-12-09T17:13:26+00:00","dateModified":"2026-03-15T19:11:03+00:00","description":"UUS TEMPUR\u00ae\ufe0f originaalne padi ORIGINAL\u00a0 koos CoolTouch \u2122 s\u00fcsteemiga \ufe0f on loodud kaela ja selgroo optimaalseks toetamiseks n\u00f6. jaheda puudutusega (CoolTouch). CoolTouch jahutuss\u00fcsteem akumuleerib \u00fcleliigse soojuse endasse, v\u00e4ga komfortne on magada ja samal ajal ei aja higistama.","breadcrumb":{"@id":"https:\/\/sleepcity.ee\/toode\/tempur-padi-original-smartcool-2\/#breadcrumb"},"inLanguage":"et","potentialAction":[{"@type":"ReadAction","target":["https:\/\/sleepcity.ee\/toode\/tempur-padi-original-smartcool-2\/"]}]},{"@type":"ImageObject","inLanguage":"et","@id":"https:\/\/sleepcity.ee\/toode\/tempur-padi-original-smartcool-2\/#primaryimage","url":"https:\/\/sleepcity.ee\/wp-content\/uploads\/2019\/12\/TEMPUR-Original-SmartCool-Pillows-2.jpeg","contentUrl":"https:\/\/sleepcity.ee\/wp-content\/uploads\/2019\/12\/TEMPUR-Original-SmartCool-Pillows-2.jpeg","width":968,"height":716},{"@type":"BreadcrumbList","@id":"https:\/\/sleepcity.ee\/toode\/tempur-padi-original-smartcool-2\/#breadcrumb","itemListElement":[{"@type":"ListItem","position":1,"name":"Home","item":"https:\/\/www.sleepcity.ee\/"},{"@type":"ListItem","position":2,"name":"Pood","item":"https:\/\/sleepcity.ee\/pood\/"},{"@type":"ListItem","position":3,"name":"TEMPUR padi Original SmartCool"}]},{"@type":"WebSite","@id":"https:\/\/sleepcity.ee\/#website","url":"https:\/\/sleepcity.ee\/","name":"Tempur Shop","description":"TEMPUR madratsid, voodid, padjad ja muud unetooted.","publisher":{"@id":"https:\/\/sleepcity.ee\/#organization"},"potentialAction":[{"@type":"SearchAction","target":{"@type":"EntryPoint","urlTemplate":"https:\/\/sleepcity.ee\/?s={search_term_string}"},"query-input":{"@type":"PropertyValueSpecification","valueRequired":true,"valueName":"search_term_string"}}],"inLanguage":"et"},{"@type":"Organization","@id":"https:\/\/sleepcity.ee\/#organization","name":"VG Design O\u00dc","url":"https:\/\/sleepcity.ee\/","logo":{"@type":"ImageObject","inLanguage":"et","@id":"https:\/\/sleepcity.ee\/#\/schema\/logo\/image\/","url":"https:\/\/sleepcity.ee\/wp-content\/uploads\/2023\/09\/sleepcity_logo.png","contentUrl":"https:\/\/sleepcity.ee\/wp-content\/uploads\/2023\/09\/sleepcity_logo.png","width":1034,"height":318,"caption":"VG Design O\u00dc"},"image":{"@id":"https:\/\/sleepcity.ee\/#\/schema\/logo\/image\/"},"sameAs":["http:\/\/www.fb.com\/TempurEstonia","http:\/\/www.instagram.com\/tempurestonia"]}]}},"_links":{"self":[{"href":"https:\/\/sleepcity.ee\/wp-json\/wp\/v2\/product\/1928","targetHints":{"allow":["GET"]}}],"collection":[{"href":"https:\/\/sleepcity.ee\/wp-json\/wp\/v2\/product"}],"about":[{"href":"https:\/\/sleepcity.ee\/wp-json\/wp\/v2\/types\/product"}],"replies":[{"embeddable":true,"href":"https:\/\/sleepcity.ee\/wp-json\/wp\/v2\/comments?post=1928"}],"wp:featuredmedia":[{"embeddable":true,"href":"https:\/\/sleepcity.ee\/wp-json\/wp\/v2\/media\/9104"}],"wp:attachment":[{"href":"https:\/\/sleepcity.ee\/wp-json\/wp\/v2\/media?parent=1928"}],"wp:term":[{"taxonomy":"product_brand","embeddable":true,"href":"https:\/\/sleepcity.ee\/wp-json\/wp\/v2\/product_brand?post=1928"},{"taxonomy":"product_cat","embeddable":true,"href":"https:\/\/sleepcity.ee\/wp-json\/wp\/v2\/product_cat?post=1928"},{"taxonomy":"product_tag","embeddable":true,"href":"https:\/\/sleepcity.ee\/wp-json\/wp\/v2\/product_tag?post=1928"}],"curies":[{"name":"wp","href":"https:\/\/api.w.org\/{rel}","templated":true}]}}