{"id":1981,"date":"2019-12-11T14:32:52","date_gmt":"2019-12-11T14:32:52","guid":{"rendered":"https:\/\/sleepcity.ee\/?post_type=product&#038;p=1981"},"modified":"2023-11-02T16:38:53","modified_gmt":"2023-11-02T16:38:53","slug":"tempur-tekk-deluxe-light","status":"publish","type":"product","link":"https:\/\/sleepcity.ee\/toode\/tempur-tekk-deluxe-light\/","title":{"rendered":"TEMPUR TEKK DELUXE LIGHT"},"content":{"rendered":"<h2>TEMPUR-FIT TEKK DELUXE LIGHT<\/h2>\n","protected":false},"excerpt":{"rendered":"<ul>\n<li>UUE tehnoloogia j\u00e4rgi valmistatud tekk aitab hoida optimaalset temperatuuri magamise ajal, v\u00e4hendades \u00fclekuumenemist ja higistamist, ning tagab rahulikuma ja m\u00f5nusama une.<\/li>\n<li>TEMPUR\u00a0 DELUXE suletekk on t\u00e4idetud pehmete hane udusulgedega ja on\u00a0 jahutusega.<\/li>\n<li>ALLERGIAVABA!<\/li>\n<li>TEMPUR DELUXE LIGHT on kerge jahutav ja samas soojendav tekk, mis sobib magamiseks tuppa alates 15\u00baC.<\/li>\n<li>T\u00e4ide: 100% Euroopa hanesuled<\/li>\n<li>Kate: 100% Puuvill batist PCM kihtidega m\u00f5lemal poolel<\/li>\n<li><span style=\"font-size: 14.4px;\">100% naturaalne<\/span><\/li>\n<\/ul>\n","protected":false},"featured_media":4654,"comment_status":"open","ping_status":"closed","template":"","meta":{"_monsterinsights_skip_tracking":false,"_monsterinsights_sitenote_active":false,"_monsterinsights_sitenote_note":"","_monsterinsights_sitenote_category":0},"product_brand":[],"product_cat":[439,416],"product_tag":[203,204,202],"class_list":{"0":"post-1981","1":"product","2":"type-product","3":"status-publish","4":"has-post-thumbnail","6":"product_cat-tekid-2","7":"product_cat-tempur-suletekid","8":"product_tag-hanesuled","9":"product_tag-light","10":"product_tag-tekk","12":"first","13":"instock","14":"sold-individually","15":"taxable","16":"shipping-taxable","17":"purchasable","18":"product-type-variable"},"yoast_head":"<!-- This site is optimized with the Yoast SEO plugin v27.4 - https:\/\/yoast.com\/product\/yoast-seo-wordpress\/ -->\n<title>TEMPUR TEKK DELUXE LIGHT - SleepCity - Hea Une Valem<\/title>\n<meta name=\"description\" content=\"TEMPUR Deluxe Light tekk on uue tehnoloogia j\u00e4rgi valmistatud tekk, mis aitab hoida optimaalset temperatuuri magamise ajal.\" \/>\n<meta name=\"robots\" content=\"index, follow, max-snippet:-1, max-image-preview:large, max-video-preview:-1\" \/>\n<link rel=\"canonical\" href=\"https:\/\/www.sleepcity.ee\/toode\/tempur-tekk-deluxe-light\/\" \/>\n<meta property=\"og:locale\" content=\"et_EE\" \/>\n<meta property=\"og:type\" content=\"article\" \/>\n<meta property=\"og:title\" content=\"TEMPUR TEKK DELUXE LIGHT - SleepCity - Hea Une Valem\" \/>\n<meta property=\"og:description\" content=\"TEMPUR Deluxe Light tekk on uue tehnoloogia j\u00e4rgi valmistatud tekk, mis aitab hoida optimaalset temperatuuri magamise ajal.\" \/>\n<meta property=\"og:url\" content=\"https:\/\/www.sleepcity.ee\/toode\/tempur-tekk-deluxe-light\/\" \/>\n<meta property=\"og:site_name\" content=\"SleepCity - Hea Une Valem\" \/>\n<meta property=\"article:publisher\" content=\"http:\/\/www.fb.com\/TempurEstonia\" \/>\n<meta property=\"article:modified_time\" content=\"2023-11-02T16:38:53+00:00\" \/>\n<meta property=\"og:image\" content=\"https:\/\/www.sleepcity.ee\/wp-content\/uploads\/2019\/12\/51bfRnoaqtL._AC_SL1300_.jpg\" \/>\n\t<meta property=\"og:image:width\" content=\"1300\" \/>\n\t<meta property=\"og:image:height\" content=\"651\" \/>\n\t<meta property=\"og:image:type\" content=\"image\/jpeg\" \/>\n<meta name=\"twitter:card\" content=\"summary_large_image\" \/>\n<script type=\"application\/ld+json\" class=\"yoast-schema-graph\">{\"@context\":\"https:\\\/\\\/schema.org\",\"@graph\":[{\"@type\":\"WebPage\",\"@id\":\"https:\\\/\\\/www.sleepcity.ee\\\/toode\\\/tempur-tekk-deluxe-light\\\/\",\"url\":\"https:\\\/\\\/www.sleepcity.ee\\\/toode\\\/tempur-tekk-deluxe-light\\\/\",\"name\":\"TEMPUR TEKK DELUXE LIGHT - SleepCity - Hea Une Valem\",\"isPartOf\":{\"@id\":\"https:\\\/\\\/sleepcity.ee\\\/#website\"},\"primaryImageOfPage\":{\"@id\":\"https:\\\/\\\/www.sleepcity.ee\\\/toode\\\/tempur-tekk-deluxe-light\\\/#primaryimage\"},\"image\":{\"@id\":\"https:\\\/\\\/www.sleepcity.ee\\\/toode\\\/tempur-tekk-deluxe-light\\\/#primaryimage\"},\"thumbnailUrl\":\"https:\\\/\\\/sleepcity.ee\\\/wp-content\\\/uploads\\\/2019\\\/12\\\/51bfRnoaqtL._AC_SL1300_.jpg\",\"datePublished\":\"2019-12-11T14:32:52+00:00\",\"dateModified\":\"2023-11-02T16:38:53+00:00\",\"description\":\"TEMPUR Deluxe Light tekk on uue tehnoloogia j\u00e4rgi valmistatud tekk, mis aitab hoida optimaalset temperatuuri magamise ajal.\",\"breadcrumb\":{\"@id\":\"https:\\\/\\\/www.sleepcity.ee\\\/toode\\\/tempur-tekk-deluxe-light\\\/#breadcrumb\"},\"inLanguage\":\"et\",\"potentialAction\":[{\"@type\":\"ReadAction\",\"target\":[\"https:\\\/\\\/www.sleepcity.ee\\\/toode\\\/tempur-tekk-deluxe-light\\\/\"]}]},{\"@type\":\"ImageObject\",\"inLanguage\":\"et\",\"@id\":\"https:\\\/\\\/www.sleepcity.ee\\\/toode\\\/tempur-tekk-deluxe-light\\\/#primaryimage\",\"url\":\"https:\\\/\\\/sleepcity.ee\\\/wp-content\\\/uploads\\\/2019\\\/12\\\/51bfRnoaqtL._AC_SL1300_.jpg\",\"contentUrl\":\"https:\\\/\\\/sleepcity.ee\\\/wp-content\\\/uploads\\\/2019\\\/12\\\/51bfRnoaqtL._AC_SL1300_.jpg\",\"width\":1300,\"height\":651},{\"@type\":\"BreadcrumbList\",\"@id\":\"https:\\\/\\\/www.sleepcity.ee\\\/toode\\\/tempur-tekk-deluxe-light\\\/#breadcrumb\",\"itemListElement\":[{\"@type\":\"ListItem\",\"position\":1,\"name\":\"Home\",\"item\":\"https:\\\/\\\/sleepcity.ee\\\/\"},{\"@type\":\"ListItem\",\"position\":2,\"name\":\"Pood\",\"item\":\"https:\\\/\\\/sleepcity.ee\\\/pood\\\/\"},{\"@type\":\"ListItem\",\"position\":3,\"name\":\"TEMPUR TEKK DELUXE LIGHT\"}]},{\"@type\":\"WebSite\",\"@id\":\"https:\\\/\\\/sleepcity.ee\\\/#website\",\"url\":\"https:\\\/\\\/sleepcity.ee\\\/\",\"name\":\"Tempur Shop\",\"description\":\"TEMPUR madratsid, voodid, padjad ja muud unetooted.\",\"publisher\":{\"@id\":\"https:\\\/\\\/sleepcity.ee\\\/#organization\"},\"potentialAction\":[{\"@type\":\"SearchAction\",\"target\":{\"@type\":\"EntryPoint\",\"urlTemplate\":\"https:\\\/\\\/sleepcity.ee\\\/?s={search_term_string}\"},\"query-input\":{\"@type\":\"PropertyValueSpecification\",\"valueRequired\":true,\"valueName\":\"search_term_string\"}}],\"inLanguage\":\"et\"},{\"@type\":\"Organization\",\"@id\":\"https:\\\/\\\/sleepcity.ee\\\/#organization\",\"name\":\"VG Design O\u00dc\",\"url\":\"https:\\\/\\\/sleepcity.ee\\\/\",\"logo\":{\"@type\":\"ImageObject\",\"inLanguage\":\"et\",\"@id\":\"https:\\\/\\\/sleepcity.ee\\\/#\\\/schema\\\/logo\\\/image\\\/\",\"url\":\"https:\\\/\\\/sleepcity.ee\\\/wp-content\\\/uploads\\\/2023\\\/09\\\/sleepcity_logo.png\",\"contentUrl\":\"https:\\\/\\\/sleepcity.ee\\\/wp-content\\\/uploads\\\/2023\\\/09\\\/sleepcity_logo.png\",\"width\":1034,\"height\":318,\"caption\":\"VG Design O\u00dc\"},\"image\":{\"@id\":\"https:\\\/\\\/sleepcity.ee\\\/#\\\/schema\\\/logo\\\/image\\\/\"},\"sameAs\":[\"http:\\\/\\\/www.fb.com\\\/TempurEstonia\",\"http:\\\/\\\/www.instagram.com\\\/tempurestonia\"]}]}<\/script>\n<!-- \/ Yoast SEO plugin. -->","yoast_head_json":{"title":"TEMPUR TEKK DELUXE LIGHT - SleepCity - Hea Une Valem","description":"TEMPUR Deluxe Light tekk on uue tehnoloogia j\u00e4rgi valmistatud tekk, mis aitab hoida optimaalset temperatuuri magamise ajal.","robots":{"index":"index","follow":"follow","max-snippet":"max-snippet:-1","max-image-preview":"max-image-preview:large","max-video-preview":"max-video-preview:-1"},"canonical":"https:\/\/www.sleepcity.ee\/toode\/tempur-tekk-deluxe-light\/","og_locale":"et_EE","og_type":"article","og_title":"TEMPUR TEKK DELUXE LIGHT - SleepCity - Hea Une Valem","og_description":"TEMPUR Deluxe Light tekk on uue tehnoloogia j\u00e4rgi valmistatud tekk, mis aitab hoida optimaalset temperatuuri magamise ajal.","og_url":"https:\/\/www.sleepcity.ee\/toode\/tempur-tekk-deluxe-light\/","og_site_name":"SleepCity - Hea Une Valem","article_publisher":"http:\/\/www.fb.com\/TempurEstonia","article_modified_time":"2023-11-02T16:38:53+00:00","og_image":[{"width":1300,"height":651,"url":"https:\/\/www.sleepcity.ee\/wp-content\/uploads\/2019\/12\/51bfRnoaqtL._AC_SL1300_.jpg","type":"image\/jpeg"}],"twitter_card":"summary_large_image","schema":{"@context":"https:\/\/schema.org","@graph":[{"@type":"WebPage","@id":"https:\/\/www.sleepcity.ee\/toode\/tempur-tekk-deluxe-light\/","url":"https:\/\/www.sleepcity.ee\/toode\/tempur-tekk-deluxe-light\/","name":"TEMPUR TEKK DELUXE LIGHT - SleepCity - Hea Une Valem","isPartOf":{"@id":"https:\/\/sleepcity.ee\/#website"},"primaryImageOfPage":{"@id":"https:\/\/www.sleepcity.ee\/toode\/tempur-tekk-deluxe-light\/#primaryimage"},"image":{"@id":"https:\/\/www.sleepcity.ee\/toode\/tempur-tekk-deluxe-light\/#primaryimage"},"thumbnailUrl":"https:\/\/sleepcity.ee\/wp-content\/uploads\/2019\/12\/51bfRnoaqtL._AC_SL1300_.jpg","datePublished":"2019-12-11T14:32:52+00:00","dateModified":"2023-11-02T16:38:53+00:00","description":"TEMPUR Deluxe Light tekk on uue tehnoloogia j\u00e4rgi valmistatud tekk, mis aitab hoida optimaalset temperatuuri magamise ajal.","breadcrumb":{"@id":"https:\/\/www.sleepcity.ee\/toode\/tempur-tekk-deluxe-light\/#breadcrumb"},"inLanguage":"et","potentialAction":[{"@type":"ReadAction","target":["https:\/\/www.sleepcity.ee\/toode\/tempur-tekk-deluxe-light\/"]}]},{"@type":"ImageObject","inLanguage":"et","@id":"https:\/\/www.sleepcity.ee\/toode\/tempur-tekk-deluxe-light\/#primaryimage","url":"https:\/\/sleepcity.ee\/wp-content\/uploads\/2019\/12\/51bfRnoaqtL._AC_SL1300_.jpg","contentUrl":"https:\/\/sleepcity.ee\/wp-content\/uploads\/2019\/12\/51bfRnoaqtL._AC_SL1300_.jpg","width":1300,"height":651},{"@type":"BreadcrumbList","@id":"https:\/\/www.sleepcity.ee\/toode\/tempur-tekk-deluxe-light\/#breadcrumb","itemListElement":[{"@type":"ListItem","position":1,"name":"Home","item":"https:\/\/sleepcity.ee\/"},{"@type":"ListItem","position":2,"name":"Pood","item":"https:\/\/sleepcity.ee\/pood\/"},{"@type":"ListItem","position":3,"name":"TEMPUR TEKK DELUXE LIGHT"}]},{"@type":"WebSite","@id":"https:\/\/sleepcity.ee\/#website","url":"https:\/\/sleepcity.ee\/","name":"Tempur Shop","description":"TEMPUR madratsid, voodid, padjad ja muud unetooted.","publisher":{"@id":"https:\/\/sleepcity.ee\/#organization"},"potentialAction":[{"@type":"SearchAction","target":{"@type":"EntryPoint","urlTemplate":"https:\/\/sleepcity.ee\/?s={search_term_string}"},"query-input":{"@type":"PropertyValueSpecification","valueRequired":true,"valueName":"search_term_string"}}],"inLanguage":"et"},{"@type":"Organization","@id":"https:\/\/sleepcity.ee\/#organization","name":"VG Design O\u00dc","url":"https:\/\/sleepcity.ee\/","logo":{"@type":"ImageObject","inLanguage":"et","@id":"https:\/\/sleepcity.ee\/#\/schema\/logo\/image\/","url":"https:\/\/sleepcity.ee\/wp-content\/uploads\/2023\/09\/sleepcity_logo.png","contentUrl":"https:\/\/sleepcity.ee\/wp-content\/uploads\/2023\/09\/sleepcity_logo.png","width":1034,"height":318,"caption":"VG Design O\u00dc"},"image":{"@id":"https:\/\/sleepcity.ee\/#\/schema\/logo\/image\/"},"sameAs":["http:\/\/www.fb.com\/TempurEstonia","http:\/\/www.instagram.com\/tempurestonia"]}]}},"_links":{"self":[{"href":"https:\/\/sleepcity.ee\/wp-json\/wp\/v2\/product\/1981","targetHints":{"allow":["GET"]}}],"collection":[{"href":"https:\/\/sleepcity.ee\/wp-json\/wp\/v2\/product"}],"about":[{"href":"https:\/\/sleepcity.ee\/wp-json\/wp\/v2\/types\/product"}],"replies":[{"embeddable":true,"href":"https:\/\/sleepcity.ee\/wp-json\/wp\/v2\/comments?post=1981"}],"wp:featuredmedia":[{"embeddable":true,"href":"https:\/\/sleepcity.ee\/wp-json\/wp\/v2\/media\/4654"}],"wp:attachment":[{"href":"https:\/\/sleepcity.ee\/wp-json\/wp\/v2\/media?parent=1981"}],"wp:term":[{"taxonomy":"product_brand","embeddable":true,"href":"https:\/\/sleepcity.ee\/wp-json\/wp\/v2\/product_brand?post=1981"},{"taxonomy":"product_cat","embeddable":true,"href":"https:\/\/sleepcity.ee\/wp-json\/wp\/v2\/product_cat?post=1981"},{"taxonomy":"product_tag","embeddable":true,"href":"https:\/\/sleepcity.ee\/wp-json\/wp\/v2\/product_tag?post=1981"}],"curies":[{"name":"wp","href":"https:\/\/api.w.org\/{rel}","templated":true}]}}