{"id":4235,"date":"2020-03-12T10:45:00","date_gmt":"2020-03-12T10:45:00","guid":{"rendered":"https:\/\/sleepcity.ee\/?post_type=product&#038;p=4235"},"modified":"2023-09-09T12:02:47","modified_gmt":"2023-09-09T12:02:47","slug":"bouti-enzo","status":"publish","type":"product","link":"https:\/\/sleepcity.ee\/toode\/bouti-enzo\/","title":{"rendered":"Bouti Enzo"},"content":{"rendered":"<p>Bouti Enzo 160 C07 komplekt &#8211; \u00fchetooniline kreemikas-valge voodikate + 2 padjap\u00fc\u00fcri<br \/>\nMaterjal: 100% polyester.<br \/>\nMasinpestav 30 kraadi juures.<br \/>\nTootja: Manterol Casa, Hispaania<\/p>\n","protected":false},"excerpt":{"rendered":"<p>Bouti Enzo 160 C07 komplekt &#8211; \u00fchetooniline kreemikas-valge voodikate + 2 padjap\u00fc\u00fcri Materjal: 100% polyester. Masinpestav 30 kraadi juures. Tootja: Manterol Casa, Hispaania<\/p>\n","protected":false},"featured_media":4240,"comment_status":"open","ping_status":"closed","template":"","meta":{"_monsterinsights_skip_tracking":false,"_monsterinsights_sitenote_active":false,"_monsterinsights_sitenote_note":"","_monsterinsights_sitenote_category":0},"product_brand":[],"product_cat":[138],"product_tag":[],"class_list":{"0":"post-4235","1":"product","2":"type-product","3":"status-publish","4":"has-post-thumbnail","6":"product_cat-voodikatted","8":"first","9":"instock","10":"taxable","11":"shipping-taxable","12":"purchasable","13":"product-type-simple"},"yoast_head":"<!-- This site is optimized with the Yoast SEO plugin v27.4 - https:\/\/yoast.com\/product\/yoast-seo-wordpress\/ -->\n<title>Bouti Enzo - SleepCity - Hea Une Valem<\/title>\n<meta name=\"description\" content=\"Bouti Enzo 160 C07 komplekt - \u00fchetooniline kreemikas-valge voodikate + 2 padjap\u00fc\u00fcriMaterjal: 100% polyester.Masinpestav 30 kraadi juures.Tootja: Manterol Casa, Hispaania\" \/>\n<meta name=\"robots\" content=\"index, follow, max-snippet:-1, max-image-preview:large, max-video-preview:-1\" \/>\n<link rel=\"canonical\" href=\"https:\/\/www.sleepcity.ee\/toode\/bouti-enzo\/\" \/>\n<meta property=\"og:locale\" content=\"et_EE\" \/>\n<meta property=\"og:type\" content=\"article\" \/>\n<meta property=\"og:title\" content=\"Bouti Enzo - SleepCity - Hea Une Valem\" \/>\n<meta property=\"og:description\" content=\"Bouti Enzo 160 C07 komplekt - \u00fchetooniline kreemikas-valge voodikate + 2 padjap\u00fc\u00fcriMaterjal: 100% polyester.Masinpestav 30 kraadi juures.Tootja: Manterol Casa, Hispaania\" \/>\n<meta property=\"og:url\" content=\"https:\/\/www.sleepcity.ee\/toode\/bouti-enzo\/\" \/>\n<meta property=\"og:site_name\" content=\"SleepCity - Hea Une Valem\" \/>\n<meta property=\"article:publisher\" content=\"http:\/\/www.fb.com\/TempurEstonia\" \/>\n<meta property=\"article:modified_time\" content=\"2023-09-09T12:02:47+00:00\" \/>\n<meta property=\"og:image\" content=\"https:\/\/www.sleepcity.ee\/wp-content\/uploads\/2020\/03\/bouti-enzo-blanco-2.jpg\" \/>\n\t<meta property=\"og:image:width\" content=\"1243\" \/>\n\t<meta property=\"og:image:height\" content=\"793\" \/>\n\t<meta property=\"og:image:type\" content=\"image\/jpeg\" \/>\n<meta name=\"twitter:card\" content=\"summary_large_image\" \/>\n<script type=\"application\/ld+json\" class=\"yoast-schema-graph\">{\"@context\":\"https:\\\/\\\/schema.org\",\"@graph\":[{\"@type\":\"WebPage\",\"@id\":\"https:\\\/\\\/www.sleepcity.ee\\\/toode\\\/bouti-enzo\\\/\",\"url\":\"https:\\\/\\\/www.sleepcity.ee\\\/toode\\\/bouti-enzo\\\/\",\"name\":\"Bouti Enzo - SleepCity - Hea Une Valem\",\"isPartOf\":{\"@id\":\"https:\\\/\\\/sleepcity.ee\\\/#website\"},\"primaryImageOfPage\":{\"@id\":\"https:\\\/\\\/www.sleepcity.ee\\\/toode\\\/bouti-enzo\\\/#primaryimage\"},\"image\":{\"@id\":\"https:\\\/\\\/www.sleepcity.ee\\\/toode\\\/bouti-enzo\\\/#primaryimage\"},\"thumbnailUrl\":\"https:\\\/\\\/sleepcity.ee\\\/wp-content\\\/uploads\\\/2020\\\/03\\\/bouti-enzo-blanco-2.jpg\",\"datePublished\":\"2020-03-12T10:45:00+00:00\",\"dateModified\":\"2023-09-09T12:02:47+00:00\",\"description\":\"Bouti Enzo 160 C07 komplekt - \u00fchetooniline kreemikas-valge voodikate + 2 padjap\u00fc\u00fcriMaterjal: 100% polyester.Masinpestav 30 kraadi juures.Tootja: Manterol Casa, Hispaania\",\"breadcrumb\":{\"@id\":\"https:\\\/\\\/www.sleepcity.ee\\\/toode\\\/bouti-enzo\\\/#breadcrumb\"},\"inLanguage\":\"et\",\"potentialAction\":[{\"@type\":\"ReadAction\",\"target\":[\"https:\\\/\\\/www.sleepcity.ee\\\/toode\\\/bouti-enzo\\\/\"]}]},{\"@type\":\"ImageObject\",\"inLanguage\":\"et\",\"@id\":\"https:\\\/\\\/www.sleepcity.ee\\\/toode\\\/bouti-enzo\\\/#primaryimage\",\"url\":\"https:\\\/\\\/sleepcity.ee\\\/wp-content\\\/uploads\\\/2020\\\/03\\\/bouti-enzo-blanco-2.jpg\",\"contentUrl\":\"https:\\\/\\\/sleepcity.ee\\\/wp-content\\\/uploads\\\/2020\\\/03\\\/bouti-enzo-blanco-2.jpg\",\"width\":1243,\"height\":793},{\"@type\":\"BreadcrumbList\",\"@id\":\"https:\\\/\\\/www.sleepcity.ee\\\/toode\\\/bouti-enzo\\\/#breadcrumb\",\"itemListElement\":[{\"@type\":\"ListItem\",\"position\":1,\"name\":\"Home\",\"item\":\"https:\\\/\\\/sleepcity.ee\\\/\"},{\"@type\":\"ListItem\",\"position\":2,\"name\":\"Pood\",\"item\":\"https:\\\/\\\/sleepcity.ee\\\/pood\\\/\"},{\"@type\":\"ListItem\",\"position\":3,\"name\":\"Bouti Enzo\"}]},{\"@type\":\"WebSite\",\"@id\":\"https:\\\/\\\/sleepcity.ee\\\/#website\",\"url\":\"https:\\\/\\\/sleepcity.ee\\\/\",\"name\":\"Tempur Shop\",\"description\":\"TEMPUR madratsid, voodid, padjad ja muud unetooted.\",\"publisher\":{\"@id\":\"https:\\\/\\\/sleepcity.ee\\\/#organization\"},\"potentialAction\":[{\"@type\":\"SearchAction\",\"target\":{\"@type\":\"EntryPoint\",\"urlTemplate\":\"https:\\\/\\\/sleepcity.ee\\\/?s={search_term_string}\"},\"query-input\":{\"@type\":\"PropertyValueSpecification\",\"valueRequired\":true,\"valueName\":\"search_term_string\"}}],\"inLanguage\":\"et\"},{\"@type\":\"Organization\",\"@id\":\"https:\\\/\\\/sleepcity.ee\\\/#organization\",\"name\":\"VG Design O\u00dc\",\"url\":\"https:\\\/\\\/sleepcity.ee\\\/\",\"logo\":{\"@type\":\"ImageObject\",\"inLanguage\":\"et\",\"@id\":\"https:\\\/\\\/sleepcity.ee\\\/#\\\/schema\\\/logo\\\/image\\\/\",\"url\":\"https:\\\/\\\/sleepcity.ee\\\/wp-content\\\/uploads\\\/2023\\\/09\\\/sleepcity_logo.png\",\"contentUrl\":\"https:\\\/\\\/sleepcity.ee\\\/wp-content\\\/uploads\\\/2023\\\/09\\\/sleepcity_logo.png\",\"width\":1034,\"height\":318,\"caption\":\"VG Design O\u00dc\"},\"image\":{\"@id\":\"https:\\\/\\\/sleepcity.ee\\\/#\\\/schema\\\/logo\\\/image\\\/\"},\"sameAs\":[\"http:\\\/\\\/www.fb.com\\\/TempurEstonia\",\"http:\\\/\\\/www.instagram.com\\\/tempurestonia\"]}]}<\/script>\n<!-- \/ Yoast SEO plugin. -->","yoast_head_json":{"title":"Bouti Enzo - SleepCity - Hea Une Valem","description":"Bouti Enzo 160 C07 komplekt - \u00fchetooniline kreemikas-valge voodikate + 2 padjap\u00fc\u00fcriMaterjal: 100% polyester.Masinpestav 30 kraadi juures.Tootja: Manterol Casa, Hispaania","robots":{"index":"index","follow":"follow","max-snippet":"max-snippet:-1","max-image-preview":"max-image-preview:large","max-video-preview":"max-video-preview:-1"},"canonical":"https:\/\/www.sleepcity.ee\/toode\/bouti-enzo\/","og_locale":"et_EE","og_type":"article","og_title":"Bouti Enzo - SleepCity - Hea Une Valem","og_description":"Bouti Enzo 160 C07 komplekt - \u00fchetooniline kreemikas-valge voodikate + 2 padjap\u00fc\u00fcriMaterjal: 100% polyester.Masinpestav 30 kraadi juures.Tootja: Manterol Casa, Hispaania","og_url":"https:\/\/www.sleepcity.ee\/toode\/bouti-enzo\/","og_site_name":"SleepCity - Hea Une Valem","article_publisher":"http:\/\/www.fb.com\/TempurEstonia","article_modified_time":"2023-09-09T12:02:47+00:00","og_image":[{"width":1243,"height":793,"url":"https:\/\/www.sleepcity.ee\/wp-content\/uploads\/2020\/03\/bouti-enzo-blanco-2.jpg","type":"image\/jpeg"}],"twitter_card":"summary_large_image","schema":{"@context":"https:\/\/schema.org","@graph":[{"@type":"WebPage","@id":"https:\/\/www.sleepcity.ee\/toode\/bouti-enzo\/","url":"https:\/\/www.sleepcity.ee\/toode\/bouti-enzo\/","name":"Bouti Enzo - SleepCity - Hea Une Valem","isPartOf":{"@id":"https:\/\/sleepcity.ee\/#website"},"primaryImageOfPage":{"@id":"https:\/\/www.sleepcity.ee\/toode\/bouti-enzo\/#primaryimage"},"image":{"@id":"https:\/\/www.sleepcity.ee\/toode\/bouti-enzo\/#primaryimage"},"thumbnailUrl":"https:\/\/sleepcity.ee\/wp-content\/uploads\/2020\/03\/bouti-enzo-blanco-2.jpg","datePublished":"2020-03-12T10:45:00+00:00","dateModified":"2023-09-09T12:02:47+00:00","description":"Bouti Enzo 160 C07 komplekt - \u00fchetooniline kreemikas-valge voodikate + 2 padjap\u00fc\u00fcriMaterjal: 100% polyester.Masinpestav 30 kraadi juures.Tootja: Manterol Casa, Hispaania","breadcrumb":{"@id":"https:\/\/www.sleepcity.ee\/toode\/bouti-enzo\/#breadcrumb"},"inLanguage":"et","potentialAction":[{"@type":"ReadAction","target":["https:\/\/www.sleepcity.ee\/toode\/bouti-enzo\/"]}]},{"@type":"ImageObject","inLanguage":"et","@id":"https:\/\/www.sleepcity.ee\/toode\/bouti-enzo\/#primaryimage","url":"https:\/\/sleepcity.ee\/wp-content\/uploads\/2020\/03\/bouti-enzo-blanco-2.jpg","contentUrl":"https:\/\/sleepcity.ee\/wp-content\/uploads\/2020\/03\/bouti-enzo-blanco-2.jpg","width":1243,"height":793},{"@type":"BreadcrumbList","@id":"https:\/\/www.sleepcity.ee\/toode\/bouti-enzo\/#breadcrumb","itemListElement":[{"@type":"ListItem","position":1,"name":"Home","item":"https:\/\/sleepcity.ee\/"},{"@type":"ListItem","position":2,"name":"Pood","item":"https:\/\/sleepcity.ee\/pood\/"},{"@type":"ListItem","position":3,"name":"Bouti Enzo"}]},{"@type":"WebSite","@id":"https:\/\/sleepcity.ee\/#website","url":"https:\/\/sleepcity.ee\/","name":"Tempur Shop","description":"TEMPUR madratsid, voodid, padjad ja muud unetooted.","publisher":{"@id":"https:\/\/sleepcity.ee\/#organization"},"potentialAction":[{"@type":"SearchAction","target":{"@type":"EntryPoint","urlTemplate":"https:\/\/sleepcity.ee\/?s={search_term_string}"},"query-input":{"@type":"PropertyValueSpecification","valueRequired":true,"valueName":"search_term_string"}}],"inLanguage":"et"},{"@type":"Organization","@id":"https:\/\/sleepcity.ee\/#organization","name":"VG Design O\u00dc","url":"https:\/\/sleepcity.ee\/","logo":{"@type":"ImageObject","inLanguage":"et","@id":"https:\/\/sleepcity.ee\/#\/schema\/logo\/image\/","url":"https:\/\/sleepcity.ee\/wp-content\/uploads\/2023\/09\/sleepcity_logo.png","contentUrl":"https:\/\/sleepcity.ee\/wp-content\/uploads\/2023\/09\/sleepcity_logo.png","width":1034,"height":318,"caption":"VG Design O\u00dc"},"image":{"@id":"https:\/\/sleepcity.ee\/#\/schema\/logo\/image\/"},"sameAs":["http:\/\/www.fb.com\/TempurEstonia","http:\/\/www.instagram.com\/tempurestonia"]}]}},"_links":{"self":[{"href":"https:\/\/sleepcity.ee\/wp-json\/wp\/v2\/product\/4235","targetHints":{"allow":["GET"]}}],"collection":[{"href":"https:\/\/sleepcity.ee\/wp-json\/wp\/v2\/product"}],"about":[{"href":"https:\/\/sleepcity.ee\/wp-json\/wp\/v2\/types\/product"}],"replies":[{"embeddable":true,"href":"https:\/\/sleepcity.ee\/wp-json\/wp\/v2\/comments?post=4235"}],"wp:featuredmedia":[{"embeddable":true,"href":"https:\/\/sleepcity.ee\/wp-json\/wp\/v2\/media\/4240"}],"wp:attachment":[{"href":"https:\/\/sleepcity.ee\/wp-json\/wp\/v2\/media?parent=4235"}],"wp:term":[{"taxonomy":"product_brand","embeddable":true,"href":"https:\/\/sleepcity.ee\/wp-json\/wp\/v2\/product_brand?post=4235"},{"taxonomy":"product_cat","embeddable":true,"href":"https:\/\/sleepcity.ee\/wp-json\/wp\/v2\/product_cat?post=4235"},{"taxonomy":"product_tag","embeddable":true,"href":"https:\/\/sleepcity.ee\/wp-json\/wp\/v2\/product_tag?post=4235"}],"curies":[{"name":"wp","href":"https:\/\/api.w.org\/{rel}","templated":true}]}}