{"id":4438,"date":"2020-12-07T09:08:55","date_gmt":"2020-12-07T09:08:55","guid":{"rendered":"https:\/\/sleepcity.ee\/?post_type=product&#038;p=4438"},"modified":"2026-02-01T17:41:38","modified_gmt":"2026-02-01T17:41:38","slug":"tempur-padi-symphony","status":"publish","type":"product","link":"https:\/\/sleepcity.ee\/toode\/tempur-padi-symphony\/","title":{"rendered":"TEMPUR padi Symphony"},"content":{"rendered":"<h2><strong>TEMPUR materjal on eriline!<\/strong><\/h2>\n<p>TEMPUR\u00ae materjal on erinev k\u00f5ikidest teistest. Hetk, mil pikali heidad, tundub kui\u00a0<em>puhas maagia<\/em>\u00a0\u2013 materjali rakud reageerivad koheselt sinu keha kujule, kaalule ja soojusele, kohandudes t\u00e4pselt iga sinu kehaosaga. T\u00f5estatult survevaba tugi pakub t\u00e4ielikku mugavust ja toetust. See v\u00f5ib aidata v\u00e4hendada pidevat p\u00f6\u00f6ramist ja k\u00fclje vahetamist une ajal. TEMPUR\u00ae materjal neelab ka partneri liikumise, nii et te ei sega teineteise und. Kuidas TEMPUR\u00ae materjal t\u00f6\u00f6tab, on keeruline, aga selle m\u00f5ju on lihtne: see aitab sul saavutada t\u00f5eliselt kosutava une.<\/p>\n<h2><strong>TEMPUR<sup>\u00ae<\/sup>\u00a0ergonoomiliste patjade katted on pestavad kuni 60\u00b0c.<\/strong><\/h2>\n<p>Sinu padi on oluline sinu tervise ja heaolu jaoks, seet\u00f5ttu on t\u00e4htis hoida seda puhta ja v\u00e4rskena. Meie pestavate padjap\u00fc\u00fcridega saad neid mugavalt eemaldada ja pesta pesumasinas kuni 60 \u00b0C juures.*<\/p>\n","protected":false},"excerpt":{"rendered":"<p><span style=\"font-family: -apple-system, BlinkMacSystemFont, 'Segoe UI', Roboto, 'Helvetica Neue', Arial, 'Noto Sans', sans-serif, 'Apple Color Emoji', 'Segoe UI Emoji', 'Segoe UI Symbol', 'Noto Color Emoji';\">TEMPUR Symphony\u2122 padja kahepoolne disain on loodud spetsiaalselt <strong>selili ja k\u00fclili magajatele<\/strong>. \u00dchel k\u00fcljel on klassikalisema kujuga padi, mis sobib h\u00e4sti m\u00f5lema magamisasendi jaoks. Kui aga magad peamiselt k\u00fclili, keera padi \u00fcmber ja avasta \u00f5rnalt kalduv, toetav pind, mis on ideaalselt kohandatud just selliseks magamisviisiks.<\/span><\/p>\n<p>TEMPUR\u00ae materjalist vormitud padi peidab oma pehme katteriide all miljoneid \u00fclit\u00e4pseid rakke, mis kohanduvad t\u00e4pselt sinu loomulike kehakumerustega, pakkudes leevendust survepunktidele.<\/p>\n<p><span style=\"font-family: -apple-system, BlinkMacSystemFont, 'Segoe UI', Roboto, 'Helvetica Neue', Arial, 'Noto Sans', sans-serif, 'Apple Color Emoji', 'Segoe UI Emoji', 'Segoe UI Symbol', 'Noto Color Emoji';\">Saadaval ka vastav padjap\u00fc\u00fcr, kui vana on kulunud.<\/span><\/p>\n","protected":false},"featured_media":4291,"comment_status":"closed","ping_status":"closed","template":"","meta":{"_monsterinsights_skip_tracking":false,"_monsterinsights_sitenote_active":false,"_monsterinsights_sitenote_note":"","_monsterinsights_sitenote_category":0},"product_brand":[],"product_cat":[94],"product_tag":[86],"class_list":{"0":"post-4438","1":"product","2":"type-product","3":"status-publish","4":"has-post-thumbnail","6":"product_cat-ergonoomilised-padjad","7":"product_tag-cooltouch","9":"first","10":"instock","11":"taxable","12":"shipping-taxable","13":"purchasable","14":"product-type-variable"},"yoast_head":"<!-- This site is optimized with the Yoast SEO plugin v27.4 - https:\/\/yoast.com\/product\/yoast-seo-wordpress\/ -->\n<title>TEMPUR padi Symphony - SleepCity - Hea Une Valem<\/title>\n<meta name=\"description\" content=\"TEMPUR Symphony\u2122 padja kahepoolne disain on loodud spetsiaalselt selili ja k\u00fclili magajatele. \u00dchel k\u00fcljel on klassikalisema kujuga padi, mis sobib h\u00e4sti m\u00f5lema magamisasendi jaoks. Kui aga magad peamiselt k\u00fclili, keera padi \u00fcmber ja avasta \u00f5rnalt kalduv, toetav pind, mis on ideaalselt kohandatud just selliseks magamisviisiks.  TEMPUR\u00ae materjalist vormitud padi peidab oma pehme katteriide all miljoneid \u00fclit\u00e4pseid rakke, mis kohanduvad t\u00e4pselt sinu loomulike kehakumerustega, pakkudes leevendust survepunktidele.  Saadaval ka vastav padjap\u00fc\u00fcr, kui vana on kulunud.\" \/>\n<meta name=\"robots\" content=\"index, follow, max-snippet:-1, max-image-preview:large, max-video-preview:-1\" \/>\n<link rel=\"canonical\" href=\"https:\/\/sleepcity.ee\/toode\/tempur-padi-symphony\/\" \/>\n<meta property=\"og:locale\" content=\"et_EE\" \/>\n<meta property=\"og:type\" content=\"article\" \/>\n<meta property=\"og:title\" content=\"TEMPUR padi Symphony - SleepCity - Hea Une Valem\" \/>\n<meta property=\"og:description\" content=\"TEMPUR Symphony\u2122 padja kahepoolne disain on loodud spetsiaalselt selili ja k\u00fclili magajatele. \u00dchel k\u00fcljel on klassikalisema kujuga padi, mis sobib h\u00e4sti m\u00f5lema magamisasendi jaoks. Kui aga magad peamiselt k\u00fclili, keera padi \u00fcmber ja avasta \u00f5rnalt kalduv, toetav pind, mis on ideaalselt kohandatud just selliseks magamisviisiks.  TEMPUR\u00ae materjalist vormitud padi peidab oma pehme katteriide all miljoneid \u00fclit\u00e4pseid rakke, mis kohanduvad t\u00e4pselt sinu loomulike kehakumerustega, pakkudes leevendust survepunktidele.  Saadaval ka vastav padjap\u00fc\u00fcr, kui vana on kulunud.\" \/>\n<meta property=\"og:url\" content=\"https:\/\/sleepcity.ee\/toode\/tempur-padi-symphony\/\" \/>\n<meta property=\"og:site_name\" content=\"SleepCity - Hea Une Valem\" \/>\n<meta property=\"article:publisher\" content=\"http:\/\/www.fb.com\/TempurEstonia\" \/>\n<meta property=\"article:modified_time\" content=\"2026-02-01T17:41:38+00:00\" \/>\n<meta property=\"og:image\" content=\"https:\/\/www.sleepcity.ee\/wp-content\/uploads\/2019\/05\/\u0414\u0438\u0437\u0430\u0439\u043d-\u0431\u0435\u0437-\u043d\u0430\u0437\u0432\u0430\u043d\u0438\u044f-4.png\" \/>\n\t<meta property=\"og:image:width\" content=\"1080\" \/>\n\t<meta property=\"og:image:height\" content=\"1080\" \/>\n\t<meta property=\"og:image:type\" content=\"image\/png\" \/>\n<meta name=\"twitter:card\" content=\"summary_large_image\" \/>\n<meta name=\"twitter:label1\" content=\"Est. reading time\" \/>\n\t<meta name=\"twitter:data1\" content=\"1 minut\" \/>\n<script type=\"application\/ld+json\" class=\"yoast-schema-graph\">{\"@context\":\"https:\\\/\\\/schema.org\",\"@graph\":[{\"@type\":\"WebPage\",\"@id\":\"https:\\\/\\\/sleepcity.ee\\\/toode\\\/tempur-padi-symphony\\\/\",\"url\":\"https:\\\/\\\/sleepcity.ee\\\/toode\\\/tempur-padi-symphony\\\/\",\"name\":\"TEMPUR padi Symphony - SleepCity - Hea Une Valem\",\"isPartOf\":{\"@id\":\"https:\\\/\\\/sleepcity.ee\\\/#website\"},\"primaryImageOfPage\":{\"@id\":\"https:\\\/\\\/sleepcity.ee\\\/toode\\\/tempur-padi-symphony\\\/#primaryimage\"},\"image\":{\"@id\":\"https:\\\/\\\/sleepcity.ee\\\/toode\\\/tempur-padi-symphony\\\/#primaryimage\"},\"thumbnailUrl\":\"https:\\\/\\\/sleepcity.ee\\\/wp-content\\\/uploads\\\/2019\\\/05\\\/\u0414\u0438\u0437\u0430\u0439\u043d-\u0431\u0435\u0437-\u043d\u0430\u0437\u0432\u0430\u043d\u0438\u044f-4.png\",\"datePublished\":\"2020-12-07T09:08:55+00:00\",\"dateModified\":\"2026-02-01T17:41:38+00:00\",\"description\":\"TEMPUR Symphony\u2122 padja kahepoolne disain on loodud spetsiaalselt selili ja k\u00fclili magajatele. \u00dchel k\u00fcljel on klassikalisema kujuga padi, mis sobib h\u00e4sti m\u00f5lema magamisasendi jaoks. Kui aga magad peamiselt k\u00fclili, keera padi \u00fcmber ja avasta \u00f5rnalt kalduv, toetav pind, mis on ideaalselt kohandatud just selliseks magamisviisiks. TEMPUR\u00ae materjalist vormitud padi peidab oma pehme katteriide all miljoneid \u00fclit\u00e4pseid rakke, mis kohanduvad t\u00e4pselt sinu loomulike kehakumerustega, pakkudes leevendust survepunktidele. Saadaval ka vastav padjap\u00fc\u00fcr, kui vana on kulunud.\",\"breadcrumb\":{\"@id\":\"https:\\\/\\\/sleepcity.ee\\\/toode\\\/tempur-padi-symphony\\\/#breadcrumb\"},\"inLanguage\":\"et\",\"potentialAction\":[{\"@type\":\"ReadAction\",\"target\":[\"https:\\\/\\\/sleepcity.ee\\\/toode\\\/tempur-padi-symphony\\\/\"]}]},{\"@type\":\"ImageObject\",\"inLanguage\":\"et\",\"@id\":\"https:\\\/\\\/sleepcity.ee\\\/toode\\\/tempur-padi-symphony\\\/#primaryimage\",\"url\":\"https:\\\/\\\/sleepcity.ee\\\/wp-content\\\/uploads\\\/2019\\\/05\\\/\u0414\u0438\u0437\u0430\u0439\u043d-\u0431\u0435\u0437-\u043d\u0430\u0437\u0432\u0430\u043d\u0438\u044f-4.png\",\"contentUrl\":\"https:\\\/\\\/sleepcity.ee\\\/wp-content\\\/uploads\\\/2019\\\/05\\\/\u0414\u0438\u0437\u0430\u0439\u043d-\u0431\u0435\u0437-\u043d\u0430\u0437\u0432\u0430\u043d\u0438\u044f-4.png\",\"width\":1080,\"height\":1080},{\"@type\":\"BreadcrumbList\",\"@id\":\"https:\\\/\\\/sleepcity.ee\\\/toode\\\/tempur-padi-symphony\\\/#breadcrumb\",\"itemListElement\":[{\"@type\":\"ListItem\",\"position\":1,\"name\":\"Home\",\"item\":\"https:\\\/\\\/sleepcity.ee\\\/\"},{\"@type\":\"ListItem\",\"position\":2,\"name\":\"Pood\",\"item\":\"https:\\\/\\\/sleepcity.ee\\\/pood\\\/\"},{\"@type\":\"ListItem\",\"position\":3,\"name\":\"TEMPUR padi Symphony\"}]},{\"@type\":\"WebSite\",\"@id\":\"https:\\\/\\\/sleepcity.ee\\\/#website\",\"url\":\"https:\\\/\\\/sleepcity.ee\\\/\",\"name\":\"Tempur Shop\",\"description\":\"TEMPUR madratsid, voodid, padjad ja muud unetooted.\",\"publisher\":{\"@id\":\"https:\\\/\\\/sleepcity.ee\\\/#organization\"},\"potentialAction\":[{\"@type\":\"SearchAction\",\"target\":{\"@type\":\"EntryPoint\",\"urlTemplate\":\"https:\\\/\\\/sleepcity.ee\\\/?s={search_term_string}\"},\"query-input\":{\"@type\":\"PropertyValueSpecification\",\"valueRequired\":true,\"valueName\":\"search_term_string\"}}],\"inLanguage\":\"et\"},{\"@type\":\"Organization\",\"@id\":\"https:\\\/\\\/sleepcity.ee\\\/#organization\",\"name\":\"VG Design O\u00dc\",\"url\":\"https:\\\/\\\/sleepcity.ee\\\/\",\"logo\":{\"@type\":\"ImageObject\",\"inLanguage\":\"et\",\"@id\":\"https:\\\/\\\/sleepcity.ee\\\/#\\\/schema\\\/logo\\\/image\\\/\",\"url\":\"https:\\\/\\\/sleepcity.ee\\\/wp-content\\\/uploads\\\/2023\\\/09\\\/sleepcity_logo.png\",\"contentUrl\":\"https:\\\/\\\/sleepcity.ee\\\/wp-content\\\/uploads\\\/2023\\\/09\\\/sleepcity_logo.png\",\"width\":1034,\"height\":318,\"caption\":\"VG Design O\u00dc\"},\"image\":{\"@id\":\"https:\\\/\\\/sleepcity.ee\\\/#\\\/schema\\\/logo\\\/image\\\/\"},\"sameAs\":[\"http:\\\/\\\/www.fb.com\\\/TempurEstonia\",\"http:\\\/\\\/www.instagram.com\\\/tempurestonia\"]}]}<\/script>\n<!-- \/ Yoast SEO plugin. -->","yoast_head_json":{"title":"TEMPUR padi Symphony - SleepCity - Hea Une Valem","description":"TEMPUR Symphony\u2122 padja kahepoolne disain on loodud spetsiaalselt selili ja k\u00fclili magajatele. \u00dchel k\u00fcljel on klassikalisema kujuga padi, mis sobib h\u00e4sti m\u00f5lema magamisasendi jaoks. Kui aga magad peamiselt k\u00fclili, keera padi \u00fcmber ja avasta \u00f5rnalt kalduv, toetav pind, mis on ideaalselt kohandatud just selliseks magamisviisiks.  TEMPUR\u00ae materjalist vormitud padi peidab oma pehme katteriide all miljoneid \u00fclit\u00e4pseid rakke, mis kohanduvad t\u00e4pselt sinu loomulike kehakumerustega, pakkudes leevendust survepunktidele.  Saadaval ka vastav padjap\u00fc\u00fcr, kui vana on kulunud.","robots":{"index":"index","follow":"follow","max-snippet":"max-snippet:-1","max-image-preview":"max-image-preview:large","max-video-preview":"max-video-preview:-1"},"canonical":"https:\/\/sleepcity.ee\/toode\/tempur-padi-symphony\/","og_locale":"et_EE","og_type":"article","og_title":"TEMPUR padi Symphony - SleepCity - Hea Une Valem","og_description":"TEMPUR Symphony\u2122 padja kahepoolne disain on loodud spetsiaalselt selili ja k\u00fclili magajatele. \u00dchel k\u00fcljel on klassikalisema kujuga padi, mis sobib h\u00e4sti m\u00f5lema magamisasendi jaoks. Kui aga magad peamiselt k\u00fclili, keera padi \u00fcmber ja avasta \u00f5rnalt kalduv, toetav pind, mis on ideaalselt kohandatud just selliseks magamisviisiks.  TEMPUR\u00ae materjalist vormitud padi peidab oma pehme katteriide all miljoneid \u00fclit\u00e4pseid rakke, mis kohanduvad t\u00e4pselt sinu loomulike kehakumerustega, pakkudes leevendust survepunktidele.  Saadaval ka vastav padjap\u00fc\u00fcr, kui vana on kulunud.","og_url":"https:\/\/sleepcity.ee\/toode\/tempur-padi-symphony\/","og_site_name":"SleepCity - Hea Une Valem","article_publisher":"http:\/\/www.fb.com\/TempurEstonia","article_modified_time":"2026-02-01T17:41:38+00:00","og_image":[{"width":1080,"height":1080,"url":"https:\/\/www.sleepcity.ee\/wp-content\/uploads\/2019\/05\/\u0414\u0438\u0437\u0430\u0439\u043d-\u0431\u0435\u0437-\u043d\u0430\u0437\u0432\u0430\u043d\u0438\u044f-4.png","type":"image\/png"}],"twitter_card":"summary_large_image","twitter_misc":{"Est. reading time":"1 minut"},"schema":{"@context":"https:\/\/schema.org","@graph":[{"@type":"WebPage","@id":"https:\/\/sleepcity.ee\/toode\/tempur-padi-symphony\/","url":"https:\/\/sleepcity.ee\/toode\/tempur-padi-symphony\/","name":"TEMPUR padi Symphony - SleepCity - Hea Une Valem","isPartOf":{"@id":"https:\/\/sleepcity.ee\/#website"},"primaryImageOfPage":{"@id":"https:\/\/sleepcity.ee\/toode\/tempur-padi-symphony\/#primaryimage"},"image":{"@id":"https:\/\/sleepcity.ee\/toode\/tempur-padi-symphony\/#primaryimage"},"thumbnailUrl":"https:\/\/sleepcity.ee\/wp-content\/uploads\/2019\/05\/\u0414\u0438\u0437\u0430\u0439\u043d-\u0431\u0435\u0437-\u043d\u0430\u0437\u0432\u0430\u043d\u0438\u044f-4.png","datePublished":"2020-12-07T09:08:55+00:00","dateModified":"2026-02-01T17:41:38+00:00","description":"TEMPUR Symphony\u2122 padja kahepoolne disain on loodud spetsiaalselt selili ja k\u00fclili magajatele. \u00dchel k\u00fcljel on klassikalisema kujuga padi, mis sobib h\u00e4sti m\u00f5lema magamisasendi jaoks. Kui aga magad peamiselt k\u00fclili, keera padi \u00fcmber ja avasta \u00f5rnalt kalduv, toetav pind, mis on ideaalselt kohandatud just selliseks magamisviisiks. TEMPUR\u00ae materjalist vormitud padi peidab oma pehme katteriide all miljoneid \u00fclit\u00e4pseid rakke, mis kohanduvad t\u00e4pselt sinu loomulike kehakumerustega, pakkudes leevendust survepunktidele. Saadaval ka vastav padjap\u00fc\u00fcr, kui vana on kulunud.","breadcrumb":{"@id":"https:\/\/sleepcity.ee\/toode\/tempur-padi-symphony\/#breadcrumb"},"inLanguage":"et","potentialAction":[{"@type":"ReadAction","target":["https:\/\/sleepcity.ee\/toode\/tempur-padi-symphony\/"]}]},{"@type":"ImageObject","inLanguage":"et","@id":"https:\/\/sleepcity.ee\/toode\/tempur-padi-symphony\/#primaryimage","url":"https:\/\/sleepcity.ee\/wp-content\/uploads\/2019\/05\/\u0414\u0438\u0437\u0430\u0439\u043d-\u0431\u0435\u0437-\u043d\u0430\u0437\u0432\u0430\u043d\u0438\u044f-4.png","contentUrl":"https:\/\/sleepcity.ee\/wp-content\/uploads\/2019\/05\/\u0414\u0438\u0437\u0430\u0439\u043d-\u0431\u0435\u0437-\u043d\u0430\u0437\u0432\u0430\u043d\u0438\u044f-4.png","width":1080,"height":1080},{"@type":"BreadcrumbList","@id":"https:\/\/sleepcity.ee\/toode\/tempur-padi-symphony\/#breadcrumb","itemListElement":[{"@type":"ListItem","position":1,"name":"Home","item":"https:\/\/sleepcity.ee\/"},{"@type":"ListItem","position":2,"name":"Pood","item":"https:\/\/sleepcity.ee\/pood\/"},{"@type":"ListItem","position":3,"name":"TEMPUR padi Symphony"}]},{"@type":"WebSite","@id":"https:\/\/sleepcity.ee\/#website","url":"https:\/\/sleepcity.ee\/","name":"Tempur Shop","description":"TEMPUR madratsid, voodid, padjad ja muud unetooted.","publisher":{"@id":"https:\/\/sleepcity.ee\/#organization"},"potentialAction":[{"@type":"SearchAction","target":{"@type":"EntryPoint","urlTemplate":"https:\/\/sleepcity.ee\/?s={search_term_string}"},"query-input":{"@type":"PropertyValueSpecification","valueRequired":true,"valueName":"search_term_string"}}],"inLanguage":"et"},{"@type":"Organization","@id":"https:\/\/sleepcity.ee\/#organization","name":"VG Design O\u00dc","url":"https:\/\/sleepcity.ee\/","logo":{"@type":"ImageObject","inLanguage":"et","@id":"https:\/\/sleepcity.ee\/#\/schema\/logo\/image\/","url":"https:\/\/sleepcity.ee\/wp-content\/uploads\/2023\/09\/sleepcity_logo.png","contentUrl":"https:\/\/sleepcity.ee\/wp-content\/uploads\/2023\/09\/sleepcity_logo.png","width":1034,"height":318,"caption":"VG Design O\u00dc"},"image":{"@id":"https:\/\/sleepcity.ee\/#\/schema\/logo\/image\/"},"sameAs":["http:\/\/www.fb.com\/TempurEstonia","http:\/\/www.instagram.com\/tempurestonia"]}]}},"_links":{"self":[{"href":"https:\/\/sleepcity.ee\/wp-json\/wp\/v2\/product\/4438","targetHints":{"allow":["GET"]}}],"collection":[{"href":"https:\/\/sleepcity.ee\/wp-json\/wp\/v2\/product"}],"about":[{"href":"https:\/\/sleepcity.ee\/wp-json\/wp\/v2\/types\/product"}],"replies":[{"embeddable":true,"href":"https:\/\/sleepcity.ee\/wp-json\/wp\/v2\/comments?post=4438"}],"wp:featuredmedia":[{"embeddable":true,"href":"https:\/\/sleepcity.ee\/wp-json\/wp\/v2\/media\/4291"}],"wp:attachment":[{"href":"https:\/\/sleepcity.ee\/wp-json\/wp\/v2\/media?parent=4438"}],"wp:term":[{"taxonomy":"product_brand","embeddable":true,"href":"https:\/\/sleepcity.ee\/wp-json\/wp\/v2\/product_brand?post=4438"},{"taxonomy":"product_cat","embeddable":true,"href":"https:\/\/sleepcity.ee\/wp-json\/wp\/v2\/product_cat?post=4438"},{"taxonomy":"product_tag","embeddable":true,"href":"https:\/\/sleepcity.ee\/wp-json\/wp\/v2\/product_tag?post=4438"}],"curies":[{"name":"wp","href":"https:\/\/api.w.org\/{rel}","templated":true}]}}