{"id":4439,"date":"2020-12-07T09:13:43","date_gmt":"2020-12-07T09:13:43","guid":{"rendered":"https:\/\/sleepcity.ee\/?post_type=product&#038;p=4439"},"modified":"2026-04-09T13:17:10","modified_gmt":"2026-04-09T13:17:10","slug":"tempur-veenipadi","status":"publish","type":"product","link":"https:\/\/sleepcity.ee\/toode\/tempur-veenipadi\/","title":{"rendered":"TEMPUR veenipadi"},"content":{"rendered":"<ul>\n<li>TEMPUR materjal on viskoelastne, temperatuuritundlik avatud elemendiga materjal, millel on ainulaadsed r\u00f5hku v\u00e4hendavad omadused.<\/li>\n<li>Erinevalt tavalisest pol\u00fcuretaanist, millel on ebaregulaarsed rakukujud, mis lihtsalt kaalu all kokku suruvad ja l\u00fchikese aja jooksul degenereeruvad, koosneb TEMPURi r\u00f5hu alandav materjal miljarditest viskoelastsetest kerakujulistest avatud rakkudest.<\/li>\n<li>Rakud reageerivad kehatemperatuurile ja kehakaalule, seej\u00e4rel nihkuvad ja korrastavad oma positsiooni, et vormida patsiendi keha t\u00e4pseteks kontuurideks.<\/li>\n<li>TEMPURi r\u00f5huvabastusmaterjal muutub pehmemaks soojemates piirkondades ja j\u00e4\u00e4b kindlamaks jahedamates piirkondades, kus kehaga v\u00e4hem kokkupuudet<br \/>\ntehakse.<\/li>\n<\/ul>\n<p>Suurus: 50 x 75 x 15cm<\/p>\n<p>V\u00e4rv:Tumehall veluur<\/p>\n","protected":false},"excerpt":{"rendered":"<div class=\"description-description\">\n<div class=\"p-rich_text_section\">TEMPUR veenipadi on jalgade vereringe parandamiseks ja kandadele avalduva surve leevendamiseks.<\/div>\n<div class=\"p-rich_text_section\">Padi soodustab vereringe parandamist ning on eriti hea kehva vereringega ja veenilaienditega inimestele.<\/div>\n<div class=\"p-rich_text_section\">Veenipadi sobib h\u00e4sti ka inimestele, kellel on jalad turses ning \u00f5htuks v\u00e4sinud ja rahutud.<br \/>\nSuurus: 50 x 75 x 15cm<\/div>\n<p>&nbsp;<\/p>\n<p>&nbsp;<\/p>\n<\/div>\n","protected":false},"featured_media":4442,"comment_status":"closed","ping_status":"closed","template":"","meta":{"_monsterinsights_skip_tracking":false,"_monsterinsights_sitenote_active":false,"_monsterinsights_sitenote_note":"","_monsterinsights_sitenote_category":0},"product_brand":[],"product_cat":[421,15],"product_tag":[131,84],"class_list":{"0":"post-4439","1":"product","2":"type-product","3":"status-publish","4":"has-post-thumbnail","6":"product_cat-kodus","7":"product_cat-muu","8":"product_tag-padi","9":"product_tag-tempur","11":"first","12":"instock","13":"taxable","14":"shipping-taxable","15":"purchasable","16":"product-type-simple"},"yoast_head":"<!-- This site is optimized with the Yoast SEO plugin v27.4 - https:\/\/yoast.com\/product\/yoast-seo-wordpress\/ -->\n<title>TEMPUR veenipadi - SleepCity - Hea Une Valem<\/title>\n<meta name=\"description\" content=\"TEMPUR veenipadi on jalgade vereringe parandamiseks ja kandadele avalduva surve leevendamiseks.Padi soodustab vereringe parandamist ning on eriti hea kehva vereringega ja veenilaienditega inimestele.Veenipadi sobib h\u00e4sti ka inimestele, kellel on jalad turses ning \u00f5htuks v\u00e4sinud ja rahutud.Suurus: 50 x 75 x 15cm\" \/>\n<meta name=\"robots\" content=\"index, follow, max-snippet:-1, max-image-preview:large, max-video-preview:-1\" \/>\n<link rel=\"canonical\" href=\"https:\/\/www.sleepcity.ee\/toode\/tempur-veenipadi\/\" \/>\n<meta property=\"og:locale\" content=\"et_EE\" \/>\n<meta property=\"og:type\" content=\"article\" \/>\n<meta property=\"og:title\" content=\"TEMPUR veenipadi - SleepCity - Hea Une Valem\" \/>\n<meta property=\"og:description\" content=\"TEMPUR veenipadi on jalgade vereringe parandamiseks ja kandadele avalduva surve leevendamiseks.Padi soodustab vereringe parandamist ning on eriti hea kehva vereringega ja veenilaienditega inimestele.Veenipadi sobib h\u00e4sti ka inimestele, kellel on jalad turses ning \u00f5htuks v\u00e4sinud ja rahutud.Suurus: 50 x 75 x 15cm\" \/>\n<meta property=\"og:url\" content=\"https:\/\/www.sleepcity.ee\/toode\/tempur-veenipadi\/\" \/>\n<meta property=\"og:site_name\" content=\"SleepCity - Hea Une Valem\" \/>\n<meta property=\"article:publisher\" content=\"http:\/\/www.fb.com\/TempurEstonia\" \/>\n<meta property=\"article:modified_time\" content=\"2026-04-09T13:17:10+00:00\" \/>\n<meta property=\"og:image\" content=\"https:\/\/www.sleepcity.ee\/wp-content\/uploads\/2020\/12\/Veenipadi1.jpg\" \/>\n\t<meta property=\"og:image:width\" content=\"456\" \/>\n\t<meta property=\"og:image:height\" content=\"304\" \/>\n\t<meta property=\"og:image:type\" content=\"image\/jpeg\" \/>\n<meta name=\"twitter:card\" content=\"summary_large_image\" \/>\n<script type=\"application\/ld+json\" class=\"yoast-schema-graph\">{\"@context\":\"https:\\\/\\\/schema.org\",\"@graph\":[{\"@type\":\"WebPage\",\"@id\":\"https:\\\/\\\/www.sleepcity.ee\\\/toode\\\/tempur-veenipadi\\\/\",\"url\":\"https:\\\/\\\/www.sleepcity.ee\\\/toode\\\/tempur-veenipadi\\\/\",\"name\":\"TEMPUR veenipadi - SleepCity - Hea Une Valem\",\"isPartOf\":{\"@id\":\"https:\\\/\\\/sleepcity.ee\\\/#website\"},\"primaryImageOfPage\":{\"@id\":\"https:\\\/\\\/www.sleepcity.ee\\\/toode\\\/tempur-veenipadi\\\/#primaryimage\"},\"image\":{\"@id\":\"https:\\\/\\\/www.sleepcity.ee\\\/toode\\\/tempur-veenipadi\\\/#primaryimage\"},\"thumbnailUrl\":\"https:\\\/\\\/sleepcity.ee\\\/wp-content\\\/uploads\\\/2020\\\/12\\\/Veenipadi1.jpg\",\"datePublished\":\"2020-12-07T09:13:43+00:00\",\"dateModified\":\"2026-04-09T13:17:10+00:00\",\"description\":\"TEMPUR veenipadi on jalgade vereringe parandamiseks ja kandadele avalduva surve leevendamiseks.Padi soodustab vereringe parandamist ning on eriti hea kehva vereringega ja veenilaienditega inimestele.Veenipadi sobib h\u00e4sti ka inimestele, kellel on jalad turses ning \u00f5htuks v\u00e4sinud ja rahutud.Suurus: 50 x 75 x 15cm\",\"breadcrumb\":{\"@id\":\"https:\\\/\\\/www.sleepcity.ee\\\/toode\\\/tempur-veenipadi\\\/#breadcrumb\"},\"inLanguage\":\"et\",\"potentialAction\":[{\"@type\":\"ReadAction\",\"target\":[\"https:\\\/\\\/www.sleepcity.ee\\\/toode\\\/tempur-veenipadi\\\/\"]}]},{\"@type\":\"ImageObject\",\"inLanguage\":\"et\",\"@id\":\"https:\\\/\\\/www.sleepcity.ee\\\/toode\\\/tempur-veenipadi\\\/#primaryimage\",\"url\":\"https:\\\/\\\/sleepcity.ee\\\/wp-content\\\/uploads\\\/2020\\\/12\\\/Veenipadi1.jpg\",\"contentUrl\":\"https:\\\/\\\/sleepcity.ee\\\/wp-content\\\/uploads\\\/2020\\\/12\\\/Veenipadi1.jpg\",\"width\":456,\"height\":304},{\"@type\":\"BreadcrumbList\",\"@id\":\"https:\\\/\\\/www.sleepcity.ee\\\/toode\\\/tempur-veenipadi\\\/#breadcrumb\",\"itemListElement\":[{\"@type\":\"ListItem\",\"position\":1,\"name\":\"Home\",\"item\":\"https:\\\/\\\/sleepcity.ee\\\/\"},{\"@type\":\"ListItem\",\"position\":2,\"name\":\"Pood\",\"item\":\"https:\\\/\\\/sleepcity.ee\\\/pood\\\/\"},{\"@type\":\"ListItem\",\"position\":3,\"name\":\"TEMPUR veenipadi\"}]},{\"@type\":\"WebSite\",\"@id\":\"https:\\\/\\\/sleepcity.ee\\\/#website\",\"url\":\"https:\\\/\\\/sleepcity.ee\\\/\",\"name\":\"Tempur Shop\",\"description\":\"TEMPUR madratsid, voodid, padjad ja muud unetooted.\",\"publisher\":{\"@id\":\"https:\\\/\\\/sleepcity.ee\\\/#organization\"},\"potentialAction\":[{\"@type\":\"SearchAction\",\"target\":{\"@type\":\"EntryPoint\",\"urlTemplate\":\"https:\\\/\\\/sleepcity.ee\\\/?s={search_term_string}\"},\"query-input\":{\"@type\":\"PropertyValueSpecification\",\"valueRequired\":true,\"valueName\":\"search_term_string\"}}],\"inLanguage\":\"et\"},{\"@type\":\"Organization\",\"@id\":\"https:\\\/\\\/sleepcity.ee\\\/#organization\",\"name\":\"VG Design O\u00dc\",\"url\":\"https:\\\/\\\/sleepcity.ee\\\/\",\"logo\":{\"@type\":\"ImageObject\",\"inLanguage\":\"et\",\"@id\":\"https:\\\/\\\/sleepcity.ee\\\/#\\\/schema\\\/logo\\\/image\\\/\",\"url\":\"https:\\\/\\\/sleepcity.ee\\\/wp-content\\\/uploads\\\/2023\\\/09\\\/sleepcity_logo.png\",\"contentUrl\":\"https:\\\/\\\/sleepcity.ee\\\/wp-content\\\/uploads\\\/2023\\\/09\\\/sleepcity_logo.png\",\"width\":1034,\"height\":318,\"caption\":\"VG Design O\u00dc\"},\"image\":{\"@id\":\"https:\\\/\\\/sleepcity.ee\\\/#\\\/schema\\\/logo\\\/image\\\/\"},\"sameAs\":[\"http:\\\/\\\/www.fb.com\\\/TempurEstonia\",\"http:\\\/\\\/www.instagram.com\\\/tempurestonia\"]}]}<\/script>\n<!-- \/ Yoast SEO plugin. -->","yoast_head_json":{"title":"TEMPUR veenipadi - SleepCity - Hea Une Valem","description":"TEMPUR veenipadi on jalgade vereringe parandamiseks ja kandadele avalduva surve leevendamiseks.Padi soodustab vereringe parandamist ning on eriti hea kehva vereringega ja veenilaienditega inimestele.Veenipadi sobib h\u00e4sti ka inimestele, kellel on jalad turses ning \u00f5htuks v\u00e4sinud ja rahutud.Suurus: 50 x 75 x 15cm","robots":{"index":"index","follow":"follow","max-snippet":"max-snippet:-1","max-image-preview":"max-image-preview:large","max-video-preview":"max-video-preview:-1"},"canonical":"https:\/\/www.sleepcity.ee\/toode\/tempur-veenipadi\/","og_locale":"et_EE","og_type":"article","og_title":"TEMPUR veenipadi - SleepCity - Hea Une Valem","og_description":"TEMPUR veenipadi on jalgade vereringe parandamiseks ja kandadele avalduva surve leevendamiseks.Padi soodustab vereringe parandamist ning on eriti hea kehva vereringega ja veenilaienditega inimestele.Veenipadi sobib h\u00e4sti ka inimestele, kellel on jalad turses ning \u00f5htuks v\u00e4sinud ja rahutud.Suurus: 50 x 75 x 15cm","og_url":"https:\/\/www.sleepcity.ee\/toode\/tempur-veenipadi\/","og_site_name":"SleepCity - Hea Une Valem","article_publisher":"http:\/\/www.fb.com\/TempurEstonia","article_modified_time":"2026-04-09T13:17:10+00:00","og_image":[{"width":456,"height":304,"url":"https:\/\/www.sleepcity.ee\/wp-content\/uploads\/2020\/12\/Veenipadi1.jpg","type":"image\/jpeg"}],"twitter_card":"summary_large_image","schema":{"@context":"https:\/\/schema.org","@graph":[{"@type":"WebPage","@id":"https:\/\/www.sleepcity.ee\/toode\/tempur-veenipadi\/","url":"https:\/\/www.sleepcity.ee\/toode\/tempur-veenipadi\/","name":"TEMPUR veenipadi - SleepCity - Hea Une Valem","isPartOf":{"@id":"https:\/\/sleepcity.ee\/#website"},"primaryImageOfPage":{"@id":"https:\/\/www.sleepcity.ee\/toode\/tempur-veenipadi\/#primaryimage"},"image":{"@id":"https:\/\/www.sleepcity.ee\/toode\/tempur-veenipadi\/#primaryimage"},"thumbnailUrl":"https:\/\/sleepcity.ee\/wp-content\/uploads\/2020\/12\/Veenipadi1.jpg","datePublished":"2020-12-07T09:13:43+00:00","dateModified":"2026-04-09T13:17:10+00:00","description":"TEMPUR veenipadi on jalgade vereringe parandamiseks ja kandadele avalduva surve leevendamiseks.Padi soodustab vereringe parandamist ning on eriti hea kehva vereringega ja veenilaienditega inimestele.Veenipadi sobib h\u00e4sti ka inimestele, kellel on jalad turses ning \u00f5htuks v\u00e4sinud ja rahutud.Suurus: 50 x 75 x 15cm","breadcrumb":{"@id":"https:\/\/www.sleepcity.ee\/toode\/tempur-veenipadi\/#breadcrumb"},"inLanguage":"et","potentialAction":[{"@type":"ReadAction","target":["https:\/\/www.sleepcity.ee\/toode\/tempur-veenipadi\/"]}]},{"@type":"ImageObject","inLanguage":"et","@id":"https:\/\/www.sleepcity.ee\/toode\/tempur-veenipadi\/#primaryimage","url":"https:\/\/sleepcity.ee\/wp-content\/uploads\/2020\/12\/Veenipadi1.jpg","contentUrl":"https:\/\/sleepcity.ee\/wp-content\/uploads\/2020\/12\/Veenipadi1.jpg","width":456,"height":304},{"@type":"BreadcrumbList","@id":"https:\/\/www.sleepcity.ee\/toode\/tempur-veenipadi\/#breadcrumb","itemListElement":[{"@type":"ListItem","position":1,"name":"Home","item":"https:\/\/sleepcity.ee\/"},{"@type":"ListItem","position":2,"name":"Pood","item":"https:\/\/sleepcity.ee\/pood\/"},{"@type":"ListItem","position":3,"name":"TEMPUR veenipadi"}]},{"@type":"WebSite","@id":"https:\/\/sleepcity.ee\/#website","url":"https:\/\/sleepcity.ee\/","name":"Tempur Shop","description":"TEMPUR madratsid, voodid, padjad ja muud unetooted.","publisher":{"@id":"https:\/\/sleepcity.ee\/#organization"},"potentialAction":[{"@type":"SearchAction","target":{"@type":"EntryPoint","urlTemplate":"https:\/\/sleepcity.ee\/?s={search_term_string}"},"query-input":{"@type":"PropertyValueSpecification","valueRequired":true,"valueName":"search_term_string"}}],"inLanguage":"et"},{"@type":"Organization","@id":"https:\/\/sleepcity.ee\/#organization","name":"VG Design O\u00dc","url":"https:\/\/sleepcity.ee\/","logo":{"@type":"ImageObject","inLanguage":"et","@id":"https:\/\/sleepcity.ee\/#\/schema\/logo\/image\/","url":"https:\/\/sleepcity.ee\/wp-content\/uploads\/2023\/09\/sleepcity_logo.png","contentUrl":"https:\/\/sleepcity.ee\/wp-content\/uploads\/2023\/09\/sleepcity_logo.png","width":1034,"height":318,"caption":"VG Design O\u00dc"},"image":{"@id":"https:\/\/sleepcity.ee\/#\/schema\/logo\/image\/"},"sameAs":["http:\/\/www.fb.com\/TempurEstonia","http:\/\/www.instagram.com\/tempurestonia"]}]}},"_links":{"self":[{"href":"https:\/\/sleepcity.ee\/wp-json\/wp\/v2\/product\/4439","targetHints":{"allow":["GET"]}}],"collection":[{"href":"https:\/\/sleepcity.ee\/wp-json\/wp\/v2\/product"}],"about":[{"href":"https:\/\/sleepcity.ee\/wp-json\/wp\/v2\/types\/product"}],"replies":[{"embeddable":true,"href":"https:\/\/sleepcity.ee\/wp-json\/wp\/v2\/comments?post=4439"}],"wp:featuredmedia":[{"embeddable":true,"href":"https:\/\/sleepcity.ee\/wp-json\/wp\/v2\/media\/4442"}],"wp:attachment":[{"href":"https:\/\/sleepcity.ee\/wp-json\/wp\/v2\/media?parent=4439"}],"wp:term":[{"taxonomy":"product_brand","embeddable":true,"href":"https:\/\/sleepcity.ee\/wp-json\/wp\/v2\/product_brand?post=4439"},{"taxonomy":"product_cat","embeddable":true,"href":"https:\/\/sleepcity.ee\/wp-json\/wp\/v2\/product_cat?post=4439"},{"taxonomy":"product_tag","embeddable":true,"href":"https:\/\/sleepcity.ee\/wp-json\/wp\/v2\/product_tag?post=4439"}],"curies":[{"name":"wp","href":"https:\/\/api.w.org\/{rel}","templated":true}]}}