{"id":4586,"date":"2021-08-02T13:20:21","date_gmt":"2021-08-02T13:20:21","guid":{"rendered":"https:\/\/sleepcity.ee\/?post_type=product&#038;p=4586"},"modified":"2023-11-02T13:57:47","modified_gmt":"2023-11-02T13:57:47","slug":"tempur-altamura-diivan-voodi","status":"publish","type":"product","link":"https:\/\/sleepcity.ee\/toode\/tempur-altamura-diivan-voodi\/","title":{"rendered":"Tempur Altamura diivan-voodi"},"content":{"rendered":"<div class=\"main\" align=\"center\">\n<h1>L\u00f5puks lihtne lahtik\u00e4iv diivanvoodi, kus saate h\u00e4sti magada.<\/h1>\n<p>Altamura\u00a0<sup>\u2122<\/sup>\u00a0muutub kiiresti diivanist voodiks ja pakub individuaalset tuge\u00a0t\u00e4nu\u00a0TEMPUR\u00a0<sup>\u00ae<\/sup>\u00a0madratsile.<\/p>\n<\/div>\n<div class=\"row\">\n<div class=\"col-lg-6\"><img decoding=\"async\" title=\"\" src=\"https:\/\/media.tempur.com\/i\/tempursealy\/hand_v3\" alt=\"\" \/><\/div>\n<div class=\"col-lg-6\">\n<div class=\"dropdown-paragraph\">\n<h2>Sisaldab TEMPUR\u00a0<sup>\u00ae<\/sup>\u00a0materjali<\/h2>\n<p>Sisaldab ehtsat TEMPUR\u00a0<sup>\u00ae<\/sup>\u00a0materjali, mis kohandub individuaalselt kehakaalu ja kujuga, toetades samal ajal.\u00a0Nii saate saavutada parima v\u00f5imaliku unekvaliteedi ja p\u00f6\u00f6rduvuse.<\/p>\n<\/div>\n<\/div>\n<\/div>\n<p>&nbsp;<\/p>\n","protected":false},"excerpt":{"rendered":"<div class=\"main\" align=\"center\">\n<p>TEMPUR\u00a0<sup>\u00ae<\/sup>\u00a0Altamura\u00a0<sup>\u2122 <\/sup>on uus l\u00e4henemine\u00a0 diivan-vooditele ja on valmistatud koost\u00f6\u00f6s Itaalia disaineri Nicola Sardonega.<\/p>\n<p>T\u00e4iuslik kombinatsioon ikoonilisest Itaalia disainist ja Hi-Tech TEMPUR\u00a0<sup>\u00ae<\/sup>\u00a0materjalist.<\/p>\n<p>V\u00e4ga lihtne lahti teha ja kokku panna, voodi pets on samuti reguleeritav.<\/p>\n<p>Altamura diivan-voodeid on m\u00f5\u00f5tudes: 134cm laius (100-le madratsile), 204cm (140-le madratsile) ja 224cm (160-le madratsile)<\/p>\n<p><b>V\u00e4rvid: <\/b>hall, pruun ja tumesinine.<\/p>\n<\/div>\n<div class=\"row\">\n<div class=\"col-lg-6\">\n<div class=\"dropdown-paragraph\">\n<div class=\"col-lg-6\"><img decoding=\"async\" title=\"\" src=\"https:\/\/media.tempur.com\/i\/tempursealy\/altamura-pdp-couple-sleeping\" alt=\"\" \/><\/div>\n<div class=\"col-lg-6\">\n<div class=\"dropdown-paragraph\">\n<h2>100% stiil<br \/>\n100% mugavus<br \/>\n100% TEMPUR\u00a0<sup>\u00ae<\/sup><\/h2>\n<p>T\u00e4iuslik kombinatsioon ikoonilisest Itaalia disainist ja Hi-Tech TEMPUR\u00a0<sup>\u00ae<\/sup>\u00a0materjalist.<\/p>\n<\/div>\n<\/div>\n<p>&nbsp;<\/p>\n<\/div>\n<\/div>\n<\/div>\n","protected":false},"featured_media":4587,"comment_status":"open","ping_status":"closed","template":"","meta":{"_monsterinsights_skip_tracking":false,"_monsterinsights_sitenote_active":false,"_monsterinsights_sitenote_note":"","_monsterinsights_sitenote_category":0},"product_brand":[],"product_cat":[263,95],"product_tag":[],"class_list":{"0":"post-4586","1":"product","2":"type-product","3":"status-publish","4":"has-post-thumbnail","6":"product_cat-tempur-diivanvoodid","7":"product_cat-voodid","9":"first","10":"onbackorder","11":"sale","12":"taxable","13":"shipping-taxable","14":"purchasable","15":"product-type-variable"},"yoast_head":"<!-- This site is optimized with the Yoast SEO plugin v27.3 - https:\/\/yoast.com\/product\/yoast-seo-wordpress\/ -->\n<title>Tempur Altamura diivan-voodi - SleepCity - Hea Une Valem<\/title>\n<meta name=\"description\" content=\"TEMPUR\u00a0\u00ae\u00a0Altamura\u00a0\u2122 on uus l\u00e4henemine\u00a0 diivan-vooditele ja on valmistatud koost\u00f6\u00f6s Itaalia disaineri Nicola Sardonega.  T\u00e4iuslik kombinatsioon ikoonilisest Itaalia disainist ja Hi-Tech TEMPUR\u00a0\u00ae\u00a0materjalist.  V\u00e4ga lihtne lahti teha ja kokku panna, voodi pets on samuti reguleeritav.  Altamura diivan-voodeid on m\u00f5\u00f5tudes: 134cm laius (100-le madratsile), 204cm (140-le madratsile) ja 224cm (160-le madratsile)  V\u00e4rvid: hall, pruun ja tumesinine.         100% stiil 100% mugavus 100% TEMPUR\u00a0\u00ae T\u00e4iuslik kombinatsioon ikoonilisest Itaalia disainist ja Hi-Tech TEMPUR\u00a0\u00ae\u00a0materjalist.    &nbsp;\" \/>\n<meta name=\"robots\" content=\"index, follow, max-snippet:-1, max-image-preview:large, max-video-preview:-1\" \/>\n<link rel=\"canonical\" href=\"https:\/\/www.sleepcity.ee\/toode\/tempur-altamura-diivan-voodi\/\" \/>\n<meta property=\"og:locale\" content=\"et_EE\" \/>\n<meta property=\"og:type\" content=\"article\" \/>\n<meta property=\"og:title\" content=\"Tempur Altamura diivan-voodi - SleepCity - Hea Une Valem\" \/>\n<meta property=\"og:description\" content=\"TEMPUR\u00a0\u00ae\u00a0Altamura\u00a0\u2122 on uus l\u00e4henemine\u00a0 diivan-vooditele ja on valmistatud koost\u00f6\u00f6s Itaalia disaineri Nicola Sardonega.  T\u00e4iuslik kombinatsioon ikoonilisest Itaalia disainist ja Hi-Tech TEMPUR\u00a0\u00ae\u00a0materjalist.  V\u00e4ga lihtne lahti teha ja kokku panna, voodi pets on samuti reguleeritav.  Altamura diivan-voodeid on m\u00f5\u00f5tudes: 134cm laius (100-le madratsile), 204cm (140-le madratsile) ja 224cm (160-le madratsile)  V\u00e4rvid: hall, pruun ja tumesinine.         100% stiil 100% mugavus 100% TEMPUR\u00a0\u00ae T\u00e4iuslik kombinatsioon ikoonilisest Itaalia disainist ja Hi-Tech TEMPUR\u00a0\u00ae\u00a0materjalist.    &nbsp;\" \/>\n<meta property=\"og:url\" content=\"https:\/\/www.sleepcity.ee\/toode\/tempur-altamura-diivan-voodi\/\" \/>\n<meta property=\"og:site_name\" content=\"SleepCity - Hea Une Valem\" \/>\n<meta property=\"article:publisher\" content=\"http:\/\/www.fb.com\/TempurEstonia\" \/>\n<meta property=\"article:modified_time\" content=\"2023-11-02T13:57:47+00:00\" \/>\n<meta property=\"og:image\" content=\"https:\/\/www.sleepcity.ee\/wp-content\/uploads\/2021\/08\/uhene-altamura.jpg\" \/>\n\t<meta property=\"og:image:width\" content=\"1472\" \/>\n\t<meta property=\"og:image:height\" content=\"1100\" \/>\n\t<meta property=\"og:image:type\" content=\"image\/jpeg\" \/>\n<meta name=\"twitter:card\" content=\"summary_large_image\" \/>\n<script type=\"application\/ld+json\" class=\"yoast-schema-graph\">{\"@context\":\"https:\\\/\\\/schema.org\",\"@graph\":[{\"@type\":\"WebPage\",\"@id\":\"https:\\\/\\\/www.sleepcity.ee\\\/toode\\\/tempur-altamura-diivan-voodi\\\/\",\"url\":\"https:\\\/\\\/www.sleepcity.ee\\\/toode\\\/tempur-altamura-diivan-voodi\\\/\",\"name\":\"Tempur Altamura diivan-voodi - SleepCity - Hea Une Valem\",\"isPartOf\":{\"@id\":\"https:\\\/\\\/sleepcity.ee\\\/#website\"},\"primaryImageOfPage\":{\"@id\":\"https:\\\/\\\/www.sleepcity.ee\\\/toode\\\/tempur-altamura-diivan-voodi\\\/#primaryimage\"},\"image\":{\"@id\":\"https:\\\/\\\/www.sleepcity.ee\\\/toode\\\/tempur-altamura-diivan-voodi\\\/#primaryimage\"},\"thumbnailUrl\":\"https:\\\/\\\/sleepcity.ee\\\/wp-content\\\/uploads\\\/2021\\\/08\\\/uhene-altamura.jpg\",\"datePublished\":\"2021-08-02T13:20:21+00:00\",\"dateModified\":\"2023-11-02T13:57:47+00:00\",\"description\":\"TEMPUR\u00a0\u00ae\u00a0Altamura\u00a0\u2122 on uus l\u00e4henemine\u00a0 diivan-vooditele ja on valmistatud koost\u00f6\u00f6s Itaalia disaineri Nicola Sardonega. T\u00e4iuslik kombinatsioon ikoonilisest Itaalia disainist ja Hi-Tech TEMPUR\u00a0\u00ae\u00a0materjalist. V\u00e4ga lihtne lahti teha ja kokku panna, voodi pets on samuti reguleeritav. Altamura diivan-voodeid on m\u00f5\u00f5tudes: 134cm laius (100-le madratsile), 204cm (140-le madratsile) ja 224cm (160-le madratsile) V\u00e4rvid: hall, pruun ja tumesinine. 100% stiil 100% mugavus 100% TEMPUR\u00a0\u00ae T\u00e4iuslik kombinatsioon ikoonilisest Itaalia disainist ja Hi-Tech TEMPUR\u00a0\u00ae\u00a0materjalist. &nbsp;\",\"breadcrumb\":{\"@id\":\"https:\\\/\\\/www.sleepcity.ee\\\/toode\\\/tempur-altamura-diivan-voodi\\\/#breadcrumb\"},\"inLanguage\":\"et\",\"potentialAction\":[{\"@type\":\"ReadAction\",\"target\":[\"https:\\\/\\\/www.sleepcity.ee\\\/toode\\\/tempur-altamura-diivan-voodi\\\/\"]}]},{\"@type\":\"ImageObject\",\"inLanguage\":\"et\",\"@id\":\"https:\\\/\\\/www.sleepcity.ee\\\/toode\\\/tempur-altamura-diivan-voodi\\\/#primaryimage\",\"url\":\"https:\\\/\\\/sleepcity.ee\\\/wp-content\\\/uploads\\\/2021\\\/08\\\/uhene-altamura.jpg\",\"contentUrl\":\"https:\\\/\\\/sleepcity.ee\\\/wp-content\\\/uploads\\\/2021\\\/08\\\/uhene-altamura.jpg\",\"width\":1472,\"height\":1100},{\"@type\":\"BreadcrumbList\",\"@id\":\"https:\\\/\\\/www.sleepcity.ee\\\/toode\\\/tempur-altamura-diivan-voodi\\\/#breadcrumb\",\"itemListElement\":[{\"@type\":\"ListItem\",\"position\":1,\"name\":\"Home\",\"item\":\"https:\\\/\\\/www.sleepcity.ee\\\/\"},{\"@type\":\"ListItem\",\"position\":2,\"name\":\"Pood\",\"item\":\"https:\\\/\\\/sleepcity.ee\\\/pood\\\/\"},{\"@type\":\"ListItem\",\"position\":3,\"name\":\"Tempur Altamura diivan-voodi\"}]},{\"@type\":\"WebSite\",\"@id\":\"https:\\\/\\\/sleepcity.ee\\\/#website\",\"url\":\"https:\\\/\\\/sleepcity.ee\\\/\",\"name\":\"Tempur Shop\",\"description\":\"TEMPUR madratsid, voodid, padjad ja muud unetooted.\",\"publisher\":{\"@id\":\"https:\\\/\\\/sleepcity.ee\\\/#organization\"},\"potentialAction\":[{\"@type\":\"SearchAction\",\"target\":{\"@type\":\"EntryPoint\",\"urlTemplate\":\"https:\\\/\\\/sleepcity.ee\\\/?s={search_term_string}\"},\"query-input\":{\"@type\":\"PropertyValueSpecification\",\"valueRequired\":true,\"valueName\":\"search_term_string\"}}],\"inLanguage\":\"et\"},{\"@type\":\"Organization\",\"@id\":\"https:\\\/\\\/sleepcity.ee\\\/#organization\",\"name\":\"VG Design O\u00dc\",\"url\":\"https:\\\/\\\/sleepcity.ee\\\/\",\"logo\":{\"@type\":\"ImageObject\",\"inLanguage\":\"et\",\"@id\":\"https:\\\/\\\/sleepcity.ee\\\/#\\\/schema\\\/logo\\\/image\\\/\",\"url\":\"https:\\\/\\\/sleepcity.ee\\\/wp-content\\\/uploads\\\/2023\\\/09\\\/sleepcity_logo.png\",\"contentUrl\":\"https:\\\/\\\/sleepcity.ee\\\/wp-content\\\/uploads\\\/2023\\\/09\\\/sleepcity_logo.png\",\"width\":1034,\"height\":318,\"caption\":\"VG Design O\u00dc\"},\"image\":{\"@id\":\"https:\\\/\\\/sleepcity.ee\\\/#\\\/schema\\\/logo\\\/image\\\/\"},\"sameAs\":[\"http:\\\/\\\/www.fb.com\\\/TempurEstonia\",\"http:\\\/\\\/www.instagram.com\\\/tempurestonia\"]}]}<\/script>\n<!-- \/ Yoast SEO plugin. -->","yoast_head_json":{"title":"Tempur Altamura diivan-voodi - SleepCity - Hea Une Valem","description":"TEMPUR\u00a0\u00ae\u00a0Altamura\u00a0\u2122 on uus l\u00e4henemine\u00a0 diivan-vooditele ja on valmistatud koost\u00f6\u00f6s Itaalia disaineri Nicola Sardonega.  T\u00e4iuslik kombinatsioon ikoonilisest Itaalia disainist ja Hi-Tech TEMPUR\u00a0\u00ae\u00a0materjalist.  V\u00e4ga lihtne lahti teha ja kokku panna, voodi pets on samuti reguleeritav.  Altamura diivan-voodeid on m\u00f5\u00f5tudes: 134cm laius (100-le madratsile), 204cm (140-le madratsile) ja 224cm (160-le madratsile)  V\u00e4rvid: hall, pruun ja tumesinine.         100% stiil 100% mugavus 100% TEMPUR\u00a0\u00ae T\u00e4iuslik kombinatsioon ikoonilisest Itaalia disainist ja Hi-Tech TEMPUR\u00a0\u00ae\u00a0materjalist.    &nbsp;","robots":{"index":"index","follow":"follow","max-snippet":"max-snippet:-1","max-image-preview":"max-image-preview:large","max-video-preview":"max-video-preview:-1"},"canonical":"https:\/\/www.sleepcity.ee\/toode\/tempur-altamura-diivan-voodi\/","og_locale":"et_EE","og_type":"article","og_title":"Tempur Altamura diivan-voodi - SleepCity - Hea Une Valem","og_description":"TEMPUR\u00a0\u00ae\u00a0Altamura\u00a0\u2122 on uus l\u00e4henemine\u00a0 diivan-vooditele ja on valmistatud koost\u00f6\u00f6s Itaalia disaineri Nicola Sardonega.  T\u00e4iuslik kombinatsioon ikoonilisest Itaalia disainist ja Hi-Tech TEMPUR\u00a0\u00ae\u00a0materjalist.  V\u00e4ga lihtne lahti teha ja kokku panna, voodi pets on samuti reguleeritav.  Altamura diivan-voodeid on m\u00f5\u00f5tudes: 134cm laius (100-le madratsile), 204cm (140-le madratsile) ja 224cm (160-le madratsile)  V\u00e4rvid: hall, pruun ja tumesinine.         100% stiil 100% mugavus 100% TEMPUR\u00a0\u00ae T\u00e4iuslik kombinatsioon ikoonilisest Itaalia disainist ja Hi-Tech TEMPUR\u00a0\u00ae\u00a0materjalist.    &nbsp;","og_url":"https:\/\/www.sleepcity.ee\/toode\/tempur-altamura-diivan-voodi\/","og_site_name":"SleepCity - Hea Une Valem","article_publisher":"http:\/\/www.fb.com\/TempurEstonia","article_modified_time":"2023-11-02T13:57:47+00:00","og_image":[{"width":1472,"height":1100,"url":"https:\/\/www.sleepcity.ee\/wp-content\/uploads\/2021\/08\/uhene-altamura.jpg","type":"image\/jpeg"}],"twitter_card":"summary_large_image","schema":{"@context":"https:\/\/schema.org","@graph":[{"@type":"WebPage","@id":"https:\/\/www.sleepcity.ee\/toode\/tempur-altamura-diivan-voodi\/","url":"https:\/\/www.sleepcity.ee\/toode\/tempur-altamura-diivan-voodi\/","name":"Tempur Altamura diivan-voodi - SleepCity - Hea Une Valem","isPartOf":{"@id":"https:\/\/sleepcity.ee\/#website"},"primaryImageOfPage":{"@id":"https:\/\/www.sleepcity.ee\/toode\/tempur-altamura-diivan-voodi\/#primaryimage"},"image":{"@id":"https:\/\/www.sleepcity.ee\/toode\/tempur-altamura-diivan-voodi\/#primaryimage"},"thumbnailUrl":"https:\/\/sleepcity.ee\/wp-content\/uploads\/2021\/08\/uhene-altamura.jpg","datePublished":"2021-08-02T13:20:21+00:00","dateModified":"2023-11-02T13:57:47+00:00","description":"TEMPUR\u00a0\u00ae\u00a0Altamura\u00a0\u2122 on uus l\u00e4henemine\u00a0 diivan-vooditele ja on valmistatud koost\u00f6\u00f6s Itaalia disaineri Nicola Sardonega. T\u00e4iuslik kombinatsioon ikoonilisest Itaalia disainist ja Hi-Tech TEMPUR\u00a0\u00ae\u00a0materjalist. V\u00e4ga lihtne lahti teha ja kokku panna, voodi pets on samuti reguleeritav. Altamura diivan-voodeid on m\u00f5\u00f5tudes: 134cm laius (100-le madratsile), 204cm (140-le madratsile) ja 224cm (160-le madratsile) V\u00e4rvid: hall, pruun ja tumesinine. 100% stiil 100% mugavus 100% TEMPUR\u00a0\u00ae T\u00e4iuslik kombinatsioon ikoonilisest Itaalia disainist ja Hi-Tech TEMPUR\u00a0\u00ae\u00a0materjalist. &nbsp;","breadcrumb":{"@id":"https:\/\/www.sleepcity.ee\/toode\/tempur-altamura-diivan-voodi\/#breadcrumb"},"inLanguage":"et","potentialAction":[{"@type":"ReadAction","target":["https:\/\/www.sleepcity.ee\/toode\/tempur-altamura-diivan-voodi\/"]}]},{"@type":"ImageObject","inLanguage":"et","@id":"https:\/\/www.sleepcity.ee\/toode\/tempur-altamura-diivan-voodi\/#primaryimage","url":"https:\/\/sleepcity.ee\/wp-content\/uploads\/2021\/08\/uhene-altamura.jpg","contentUrl":"https:\/\/sleepcity.ee\/wp-content\/uploads\/2021\/08\/uhene-altamura.jpg","width":1472,"height":1100},{"@type":"BreadcrumbList","@id":"https:\/\/www.sleepcity.ee\/toode\/tempur-altamura-diivan-voodi\/#breadcrumb","itemListElement":[{"@type":"ListItem","position":1,"name":"Home","item":"https:\/\/www.sleepcity.ee\/"},{"@type":"ListItem","position":2,"name":"Pood","item":"https:\/\/sleepcity.ee\/pood\/"},{"@type":"ListItem","position":3,"name":"Tempur Altamura diivan-voodi"}]},{"@type":"WebSite","@id":"https:\/\/sleepcity.ee\/#website","url":"https:\/\/sleepcity.ee\/","name":"Tempur Shop","description":"TEMPUR madratsid, voodid, padjad ja muud unetooted.","publisher":{"@id":"https:\/\/sleepcity.ee\/#organization"},"potentialAction":[{"@type":"SearchAction","target":{"@type":"EntryPoint","urlTemplate":"https:\/\/sleepcity.ee\/?s={search_term_string}"},"query-input":{"@type":"PropertyValueSpecification","valueRequired":true,"valueName":"search_term_string"}}],"inLanguage":"et"},{"@type":"Organization","@id":"https:\/\/sleepcity.ee\/#organization","name":"VG Design O\u00dc","url":"https:\/\/sleepcity.ee\/","logo":{"@type":"ImageObject","inLanguage":"et","@id":"https:\/\/sleepcity.ee\/#\/schema\/logo\/image\/","url":"https:\/\/sleepcity.ee\/wp-content\/uploads\/2023\/09\/sleepcity_logo.png","contentUrl":"https:\/\/sleepcity.ee\/wp-content\/uploads\/2023\/09\/sleepcity_logo.png","width":1034,"height":318,"caption":"VG Design O\u00dc"},"image":{"@id":"https:\/\/sleepcity.ee\/#\/schema\/logo\/image\/"},"sameAs":["http:\/\/www.fb.com\/TempurEstonia","http:\/\/www.instagram.com\/tempurestonia"]}]}},"_links":{"self":[{"href":"https:\/\/sleepcity.ee\/wp-json\/wp\/v2\/product\/4586","targetHints":{"allow":["GET"]}}],"collection":[{"href":"https:\/\/sleepcity.ee\/wp-json\/wp\/v2\/product"}],"about":[{"href":"https:\/\/sleepcity.ee\/wp-json\/wp\/v2\/types\/product"}],"replies":[{"embeddable":true,"href":"https:\/\/sleepcity.ee\/wp-json\/wp\/v2\/comments?post=4586"}],"wp:featuredmedia":[{"embeddable":true,"href":"https:\/\/sleepcity.ee\/wp-json\/wp\/v2\/media\/4587"}],"wp:attachment":[{"href":"https:\/\/sleepcity.ee\/wp-json\/wp\/v2\/media?parent=4586"}],"wp:term":[{"taxonomy":"product_brand","embeddable":true,"href":"https:\/\/sleepcity.ee\/wp-json\/wp\/v2\/product_brand?post=4586"},{"taxonomy":"product_cat","embeddable":true,"href":"https:\/\/sleepcity.ee\/wp-json\/wp\/v2\/product_cat?post=4586"},{"taxonomy":"product_tag","embeddable":true,"href":"https:\/\/sleepcity.ee\/wp-json\/wp\/v2\/product_tag?post=4586"}],"curies":[{"name":"wp","href":"https:\/\/api.w.org\/{rel}","templated":true}]}}