{"id":4736,"date":"2022-01-07T06:37:29","date_gmt":"2022-01-07T06:37:29","guid":{"rendered":"https:\/\/sleepcity.ee\/?post_type=product&#038;p=4736"},"modified":"2026-03-17T18:16:32","modified_gmt":"2026-03-17T18:16:32","slug":"tempur-padi-millenium-smartcool","status":"publish","type":"product","link":"https:\/\/sleepcity.ee\/toode\/tempur-padi-millenium-smartcool\/","title":{"rendered":"TEMPUR padi Millennium SmartCool"},"content":{"rendered":"<h2><strong>TEMPUR materjal on eriline!<\/strong><\/h2>\n<p>TEMPUR\u00ae materjal on erinev k\u00f5ikidest teistest. Hetk, mil pikali heidad, tundub kui\u00a0<em>puhas maagia<\/em>\u00a0\u2013 materjali rakud reageerivad koheselt sinu keha kujule, kaalule ja soojusele, kohandudes t\u00e4pselt iga sinu kehaosaga. T\u00f5estatult survevaba tugi pakub t\u00e4ielikku mugavust ja toetust. See v\u00f5ib aidata v\u00e4hendada pidevat p\u00f6\u00f6ramist ja k\u00fclje vahetamist une ajal. TEMPUR\u00ae materjal neelab ka partneri liikumise, nii et te ei sega teineteise und. Kuidas TEMPUR\u00ae materjal t\u00f6\u00f6tab, on keeruline, aga selle m\u00f5ju on lihtne: see aitab sul saavutada t\u00f5eliselt kosutava une.<\/p>\n<p>&nbsp;<\/p>\n<h2><strong>TEMPUR<sup>\u00ae<\/sup>\u00a0ergonoomiliste patjade katted on pestavad kuni 60\u00b0c.<\/strong><\/h2>\n<p>Sinu padi on oluline sinu tervise ja heaolu jaoks, seet\u00f5ttu on t\u00e4htis hoida seda puhta ja v\u00e4rskena. Meie pestavate padjap\u00fc\u00fcridega saad neid mugavalt eemaldada ja pesta pesumasinas kuni 60 \u00b0C juures.*<\/p>\n<p>&nbsp;<\/p>\n<h2><strong>SmartCool\u2122 tehnoloogia<\/strong><\/h2>\n<p>TEMPUR innovaatiline jahutav kate SmartCool tehnoloogiaga on jaheda tunnetusega ning aitab imada liigset kehasoojust, hoides sind meeldivalt jaheda ja v\u00e4rskena. SmartCool tehnoloogia on vana CoolTouch tehnoloogia uuendus!<\/p>\n","protected":false},"excerpt":{"rendered":"<p>TEMPUR Millenium Smartcool padi on uue SmartCool tehnoloogiaga ning soovitatav kasutajale, kes vajab ravipatja ja korrigeeritud magamisasendit. SmartCool jahutuss\u00fcsteem akumuleerib \u00fcleliigse soojuse endasse, v\u00e4ga mugav on magada ja samal ajal ei aja higistama.<\/p>\n<p>Padi j\u00e4rgib keha kontuuri, samas toetab pead, kaela ja \u00f5lgu, tagab l\u00fclisamba loomuliku asendi ning kindlustab t\u00e4iusliku une. Sellel padjal on kaarjas serv, mis tagab kaelale korraliku toe ja \u00f5ige asendi s\u00f5ltumata sellest, kas magad selili v\u00f5i k\u00fclili.<\/p>\n<p>Esiserv on ka veidi ettepoole kaldu, nii on kael hoitud ja asend \u00fclimalt mugav, tagab \u00f5ige hingamisasendi. <strong>Sobib \u00f5la-, kaelavaludega inimestele ja norskajatele.<\/strong> Saadaval ka vastav padjap\u00fc\u00fcr, kui vana on kulunud.<\/p>\n","protected":false},"featured_media":9093,"comment_status":"open","ping_status":"closed","template":"","meta":{"_monsterinsights_skip_tracking":false,"_monsterinsights_sitenote_active":false,"_monsterinsights_sitenote_note":"","_monsterinsights_sitenote_category":0},"product_brand":[],"product_cat":[94,92],"product_tag":[86],"class_list":{"0":"post-4736","1":"product","2":"type-product","3":"status-publish","4":"has-post-thumbnail","6":"product_cat-ergonoomilised-padjad","7":"product_cat-padjad","8":"product_tag-cooltouch","10":"first","11":"instock","12":"taxable","13":"shipping-taxable","14":"purchasable","15":"product-type-variable"},"yoast_head":"<!-- This site is optimized with the Yoast SEO plugin v27.3 - https:\/\/yoast.com\/product\/yoast-seo-wordpress\/ -->\n<title>TEMPUR padi Millennium SmartCool - OSTA KOHE - SleepCity - Hea Une Valem<\/title>\n<meta name=\"description\" content=\"Tempur Millenium padi XL on toetav ravipadi on soovitatav kasutajale, kes vajab korrigeeritud magamisasendit. See on ravipadi mis j\u00e4rgib keha kontuuri\" \/>\n<meta name=\"robots\" content=\"index, follow, max-snippet:-1, max-image-preview:large, max-video-preview:-1\" \/>\n<link rel=\"canonical\" href=\"https:\/\/sleepcity.ee\/toode\/tempur-padi-millenium-smartcool\/\" \/>\n<meta property=\"og:locale\" content=\"et_EE\" \/>\n<meta property=\"og:type\" content=\"article\" \/>\n<meta property=\"og:title\" content=\"TEMPUR padi Millennium SmartCool - OSTA KOHE - SleepCity - Hea Une Valem\" \/>\n<meta property=\"og:description\" content=\"Tempur Millenium padi XL on toetav ravipadi on soovitatav kasutajale, kes vajab korrigeeritud magamisasendit. See on ravipadi mis j\u00e4rgib keha kontuuri\" \/>\n<meta property=\"og:url\" content=\"https:\/\/sleepcity.ee\/toode\/tempur-padi-millenium-smartcool\/\" \/>\n<meta property=\"og:site_name\" content=\"SleepCity - Hea Une Valem\" \/>\n<meta property=\"article:publisher\" content=\"http:\/\/www.fb.com\/TempurEstonia\" \/>\n<meta property=\"article:modified_time\" content=\"2026-03-17T18:16:32+00:00\" \/>\n<meta property=\"og:image\" content=\"https:\/\/sleepcity.ee\/wp-content\/uploads\/2022\/01\/Tempur_ErgoPlus_202017208.jpg\" \/>\n\t<meta property=\"og:image:width\" content=\"800\" \/>\n\t<meta property=\"og:image:height\" content=\"533\" \/>\n\t<meta property=\"og:image:type\" content=\"image\/jpeg\" \/>\n<meta name=\"twitter:card\" content=\"summary_large_image\" \/>\n<meta name=\"twitter:label1\" content=\"Est. reading time\" \/>\n\t<meta name=\"twitter:data1\" content=\"1 minut\" \/>\n<script type=\"application\/ld+json\" class=\"yoast-schema-graph\">{\"@context\":\"https:\\\/\\\/schema.org\",\"@graph\":[{\"@type\":\"WebPage\",\"@id\":\"https:\\\/\\\/sleepcity.ee\\\/toode\\\/tempur-padi-millenium-smartcool\\\/\",\"url\":\"https:\\\/\\\/sleepcity.ee\\\/toode\\\/tempur-padi-millenium-smartcool\\\/\",\"name\":\"TEMPUR padi Millennium SmartCool - OSTA KOHE - SleepCity - Hea Une Valem\",\"isPartOf\":{\"@id\":\"https:\\\/\\\/sleepcity.ee\\\/#website\"},\"primaryImageOfPage\":{\"@id\":\"https:\\\/\\\/sleepcity.ee\\\/toode\\\/tempur-padi-millenium-smartcool\\\/#primaryimage\"},\"image\":{\"@id\":\"https:\\\/\\\/sleepcity.ee\\\/toode\\\/tempur-padi-millenium-smartcool\\\/#primaryimage\"},\"thumbnailUrl\":\"https:\\\/\\\/www.sleepcity.ee\\\/wp-content\\\/uploads\\\/2022\\\/01\\\/Tempur_ErgoPlus_202017208.jpg\",\"datePublished\":\"2022-01-07T06:37:29+00:00\",\"dateModified\":\"2026-03-17T18:16:32+00:00\",\"description\":\"Tempur Millenium padi XL on toetav ravipadi on soovitatav kasutajale, kes vajab korrigeeritud magamisasendit. See on ravipadi mis j\u00e4rgib keha kontuuri\",\"breadcrumb\":{\"@id\":\"https:\\\/\\\/sleepcity.ee\\\/toode\\\/tempur-padi-millenium-smartcool\\\/#breadcrumb\"},\"inLanguage\":\"et\",\"potentialAction\":[{\"@type\":\"ReadAction\",\"target\":[\"https:\\\/\\\/sleepcity.ee\\\/toode\\\/tempur-padi-millenium-smartcool\\\/\"]}]},{\"@type\":\"ImageObject\",\"inLanguage\":\"et\",\"@id\":\"https:\\\/\\\/sleepcity.ee\\\/toode\\\/tempur-padi-millenium-smartcool\\\/#primaryimage\",\"url\":\"https:\\\/\\\/www.sleepcity.ee\\\/wp-content\\\/uploads\\\/2022\\\/01\\\/Tempur_ErgoPlus_202017208.jpg\",\"contentUrl\":\"https:\\\/\\\/www.sleepcity.ee\\\/wp-content\\\/uploads\\\/2022\\\/01\\\/Tempur_ErgoPlus_202017208.jpg\",\"width\":800,\"height\":533},{\"@type\":\"BreadcrumbList\",\"@id\":\"https:\\\/\\\/sleepcity.ee\\\/toode\\\/tempur-padi-millenium-smartcool\\\/#breadcrumb\",\"itemListElement\":[{\"@type\":\"ListItem\",\"position\":1,\"name\":\"Home\",\"item\":\"https:\\\/\\\/www.sleepcity.ee\\\/\"},{\"@type\":\"ListItem\",\"position\":2,\"name\":\"Pood\",\"item\":\"https:\\\/\\\/sleepcity.ee\\\/pood\\\/\"},{\"@type\":\"ListItem\",\"position\":3,\"name\":\"TEMPUR padi Millennium SmartCool\"}]},{\"@type\":\"WebSite\",\"@id\":\"https:\\\/\\\/sleepcity.ee\\\/#website\",\"url\":\"https:\\\/\\\/sleepcity.ee\\\/\",\"name\":\"Tempur Shop\",\"description\":\"TEMPUR madratsid, voodid, padjad ja muud unetooted.\",\"publisher\":{\"@id\":\"https:\\\/\\\/sleepcity.ee\\\/#organization\"},\"potentialAction\":[{\"@type\":\"SearchAction\",\"target\":{\"@type\":\"EntryPoint\",\"urlTemplate\":\"https:\\\/\\\/sleepcity.ee\\\/?s={search_term_string}\"},\"query-input\":{\"@type\":\"PropertyValueSpecification\",\"valueRequired\":true,\"valueName\":\"search_term_string\"}}],\"inLanguage\":\"et\"},{\"@type\":\"Organization\",\"@id\":\"https:\\\/\\\/sleepcity.ee\\\/#organization\",\"name\":\"VG Design O\u00dc\",\"url\":\"https:\\\/\\\/sleepcity.ee\\\/\",\"logo\":{\"@type\":\"ImageObject\",\"inLanguage\":\"et\",\"@id\":\"https:\\\/\\\/sleepcity.ee\\\/#\\\/schema\\\/logo\\\/image\\\/\",\"url\":\"https:\\\/\\\/www.sleepcity.ee\\\/wp-content\\\/uploads\\\/2023\\\/09\\\/sleepcity_logo.png\",\"contentUrl\":\"https:\\\/\\\/www.sleepcity.ee\\\/wp-content\\\/uploads\\\/2023\\\/09\\\/sleepcity_logo.png\",\"width\":1034,\"height\":318,\"caption\":\"VG Design O\u00dc\"},\"image\":{\"@id\":\"https:\\\/\\\/sleepcity.ee\\\/#\\\/schema\\\/logo\\\/image\\\/\"},\"sameAs\":[\"http:\\\/\\\/www.fb.com\\\/TempurEstonia\",\"http:\\\/\\\/www.instagram.com\\\/tempurestonia\"]}]}<\/script>\n<!-- \/ Yoast SEO plugin. -->","yoast_head_json":{"title":"TEMPUR padi Millennium SmartCool - OSTA KOHE - SleepCity - Hea Une Valem","description":"Tempur Millenium padi XL on toetav ravipadi on soovitatav kasutajale, kes vajab korrigeeritud magamisasendit. See on ravipadi mis j\u00e4rgib keha kontuuri","robots":{"index":"index","follow":"follow","max-snippet":"max-snippet:-1","max-image-preview":"max-image-preview:large","max-video-preview":"max-video-preview:-1"},"canonical":"https:\/\/sleepcity.ee\/toode\/tempur-padi-millenium-smartcool\/","og_locale":"et_EE","og_type":"article","og_title":"TEMPUR padi Millennium SmartCool - OSTA KOHE - SleepCity - Hea Une Valem","og_description":"Tempur Millenium padi XL on toetav ravipadi on soovitatav kasutajale, kes vajab korrigeeritud magamisasendit. See on ravipadi mis j\u00e4rgib keha kontuuri","og_url":"https:\/\/sleepcity.ee\/toode\/tempur-padi-millenium-smartcool\/","og_site_name":"SleepCity - Hea Une Valem","article_publisher":"http:\/\/www.fb.com\/TempurEstonia","article_modified_time":"2026-03-17T18:16:32+00:00","og_image":[{"width":800,"height":533,"url":"https:\/\/sleepcity.ee\/wp-content\/uploads\/2022\/01\/Tempur_ErgoPlus_202017208.jpg","type":"image\/jpeg"}],"twitter_card":"summary_large_image","twitter_misc":{"Est. reading time":"1 minut"},"schema":{"@context":"https:\/\/schema.org","@graph":[{"@type":"WebPage","@id":"https:\/\/sleepcity.ee\/toode\/tempur-padi-millenium-smartcool\/","url":"https:\/\/sleepcity.ee\/toode\/tempur-padi-millenium-smartcool\/","name":"TEMPUR padi Millennium SmartCool - OSTA KOHE - SleepCity - Hea Une Valem","isPartOf":{"@id":"https:\/\/sleepcity.ee\/#website"},"primaryImageOfPage":{"@id":"https:\/\/sleepcity.ee\/toode\/tempur-padi-millenium-smartcool\/#primaryimage"},"image":{"@id":"https:\/\/sleepcity.ee\/toode\/tempur-padi-millenium-smartcool\/#primaryimage"},"thumbnailUrl":"https:\/\/www.sleepcity.ee\/wp-content\/uploads\/2022\/01\/Tempur_ErgoPlus_202017208.jpg","datePublished":"2022-01-07T06:37:29+00:00","dateModified":"2026-03-17T18:16:32+00:00","description":"Tempur Millenium padi XL on toetav ravipadi on soovitatav kasutajale, kes vajab korrigeeritud magamisasendit. See on ravipadi mis j\u00e4rgib keha kontuuri","breadcrumb":{"@id":"https:\/\/sleepcity.ee\/toode\/tempur-padi-millenium-smartcool\/#breadcrumb"},"inLanguage":"et","potentialAction":[{"@type":"ReadAction","target":["https:\/\/sleepcity.ee\/toode\/tempur-padi-millenium-smartcool\/"]}]},{"@type":"ImageObject","inLanguage":"et","@id":"https:\/\/sleepcity.ee\/toode\/tempur-padi-millenium-smartcool\/#primaryimage","url":"https:\/\/www.sleepcity.ee\/wp-content\/uploads\/2022\/01\/Tempur_ErgoPlus_202017208.jpg","contentUrl":"https:\/\/www.sleepcity.ee\/wp-content\/uploads\/2022\/01\/Tempur_ErgoPlus_202017208.jpg","width":800,"height":533},{"@type":"BreadcrumbList","@id":"https:\/\/sleepcity.ee\/toode\/tempur-padi-millenium-smartcool\/#breadcrumb","itemListElement":[{"@type":"ListItem","position":1,"name":"Home","item":"https:\/\/www.sleepcity.ee\/"},{"@type":"ListItem","position":2,"name":"Pood","item":"https:\/\/sleepcity.ee\/pood\/"},{"@type":"ListItem","position":3,"name":"TEMPUR padi Millennium SmartCool"}]},{"@type":"WebSite","@id":"https:\/\/sleepcity.ee\/#website","url":"https:\/\/sleepcity.ee\/","name":"Tempur Shop","description":"TEMPUR madratsid, voodid, padjad ja muud unetooted.","publisher":{"@id":"https:\/\/sleepcity.ee\/#organization"},"potentialAction":[{"@type":"SearchAction","target":{"@type":"EntryPoint","urlTemplate":"https:\/\/sleepcity.ee\/?s={search_term_string}"},"query-input":{"@type":"PropertyValueSpecification","valueRequired":true,"valueName":"search_term_string"}}],"inLanguage":"et"},{"@type":"Organization","@id":"https:\/\/sleepcity.ee\/#organization","name":"VG Design O\u00dc","url":"https:\/\/sleepcity.ee\/","logo":{"@type":"ImageObject","inLanguage":"et","@id":"https:\/\/sleepcity.ee\/#\/schema\/logo\/image\/","url":"https:\/\/www.sleepcity.ee\/wp-content\/uploads\/2023\/09\/sleepcity_logo.png","contentUrl":"https:\/\/www.sleepcity.ee\/wp-content\/uploads\/2023\/09\/sleepcity_logo.png","width":1034,"height":318,"caption":"VG Design O\u00dc"},"image":{"@id":"https:\/\/sleepcity.ee\/#\/schema\/logo\/image\/"},"sameAs":["http:\/\/www.fb.com\/TempurEstonia","http:\/\/www.instagram.com\/tempurestonia"]}]}},"_links":{"self":[{"href":"https:\/\/sleepcity.ee\/wp-json\/wp\/v2\/product\/4736","targetHints":{"allow":["GET"]}}],"collection":[{"href":"https:\/\/sleepcity.ee\/wp-json\/wp\/v2\/product"}],"about":[{"href":"https:\/\/sleepcity.ee\/wp-json\/wp\/v2\/types\/product"}],"replies":[{"embeddable":true,"href":"https:\/\/sleepcity.ee\/wp-json\/wp\/v2\/comments?post=4736"}],"wp:featuredmedia":[{"embeddable":true,"href":"https:\/\/sleepcity.ee\/wp-json\/wp\/v2\/media\/9093"}],"wp:attachment":[{"href":"https:\/\/sleepcity.ee\/wp-json\/wp\/v2\/media?parent=4736"}],"wp:term":[{"taxonomy":"product_brand","embeddable":true,"href":"https:\/\/sleepcity.ee\/wp-json\/wp\/v2\/product_brand?post=4736"},{"taxonomy":"product_cat","embeddable":true,"href":"https:\/\/sleepcity.ee\/wp-json\/wp\/v2\/product_cat?post=4736"},{"taxonomy":"product_tag","embeddable":true,"href":"https:\/\/sleepcity.ee\/wp-json\/wp\/v2\/product_tag?post=4736"}],"curies":[{"name":"wp","href":"https:\/\/api.w.org\/{rel}","templated":true}]}}