{"id":5155,"date":"2023-08-03T21:22:36","date_gmt":"2023-08-03T21:22:36","guid":{"rendered":"https:\/\/sleepcity.ee\/?post_type=product&#038;p=5155"},"modified":"2024-06-14T19:44:54","modified_gmt":"2024-06-14T19:44:54","slug":"sleepcity-siiditekk-soe","status":"publish","type":"product","link":"https:\/\/sleepcity.ee\/toode\/sleepcity-siiditekk-soe\/","title":{"rendered":"SleepCity siiditekk soe"},"content":{"rendered":"<p><strong>Siiditeki t\u00e4idis.<\/strong><\/p>\n<p>Tekit\u00e4idiseks kasutatakse kahte v\u00f5i enamat kihti 100 g\/m2 kraasitud siidist polsterdust. Seda t\u00fc\u00fcpi t\u00e4idis tagab ideaalse tasakaalu \u00f5hul\u00e4bilaskvuse, soojusisolatsiooni ja tekit\u00e4idise \u00fchtluse vahel ning tekki kasutades v\u00e4lditakse t\u00e4itematerjali koondumist teki \u00fchele k\u00fcljele v\u00f5i sektorisse. Tekil on dekoratiivne tikand, mis tugevdab siidist t\u00e4idist.<br \/>\nSleepCity\u00a0 siidist tekit\u00e4idisel on:<br \/>\n\u2013 Suurep\u00e4rane \u00f5hu l\u00e4bilaskvus ja termoregulatsioon;<br \/>\n\u2013 V\u00f5ime imada vedelikke ja nende aure;<br \/>\n\u2013 V\u00f5ime eraldada keskkonda liigset niiskust;<br \/>\n\u2013 Positiivne m\u00f5ju inimese nahale, h\u00fcpoallergeensed ja antibakteriaalsed omadused;<br \/>\n\u2013 Suurep\u00e4rane v\u00f5ime struktuurselt kohaneda inimkeha ja toote disaini kontuuridega;<br \/>\n\u2013 Antioks\u00fcdantsed ja vananemisvastased omadused;<br \/>\n\u2013 Tagatud on tooraine ja tootmisprotsessi loomulikkus ja \u00f6kos\u00e4\u00e4stlikkus;<br \/>\nIdeaalse t\u00e4idise loomiseks kasutatakse 5-7 cm pikkuseid siidikiude, mis on omavahel p\u00f5imunud.\u00a0Need asetatakse sellistesse taskutesse, mille sisse on kinnitatud teatud kogus toorainet.\u00a0Selline paigutus tagab hea \u00f5hu l\u00e4bilaskvuse, t\u00f5husa niiskusjuhtimise ja head termoregulatsiooni omadused.\u00a0Siidikiud on fikseeritud kindlas asendis, need ei t\u00f5mbu kokku ja j\u00e4\u00e4vad alati oma algsele kohale.<\/p>\n<p><strong>Tootmise tehnoloogia-<\/strong><\/p>\n<p>SleepCity siidikollektsioonil on erinev siidikiudude tootmistehnoloogia \u2013 &#8220;100% CRUELTY FREE&#8221;. \u00dcldiselt on siidikiu pidevaks ja pikaks tootmiseks vaja tervet kookonit, millest kiu ketramine algab. Selle protsessi k\u00e4igus siidiussid surevad. SleepCity tekkides kasutatud siidis on kasutatud eriti \u00f5rna tootmismeetodit, mille k\u00e4igus vabanevad siidiussid, kes suudavad kookonist lahkuda ja viia l\u00f5pule oma loomuliku eluts\u00fckli. CRUELTY FREE tootmisprotsess ei tooda \u00fclipikki siidikiude, kuid on keskkonna- ja siidiussis\u00f5bralik ning humaanne alternatiiv tavap\u00e4rastele t\u00f6\u00f6tlemisprotsessidele. Sellist kookonit kasutatakse katkenud siidi tooraine allikana.<\/p>\n<p><img fetchpriority=\"high\" decoding=\"async\" class=\"alignnone size-full wp-image-25933\" src=\"https:\/\/www.mieganams.lv\/wp-content\/uploads\/2022\/08\/download.png\" alt=\"\" width=\"276\" height=\"182\" \/><\/p>\n<p><strong>Kiukindel puuvillane v\u00f5i satiinkangas.<\/strong><br \/>\nHapnikuga pleegitatud kangas t\u00e4hendab v\u00e4hem allergiaid.\u00a0Tekkide jaoks kasutatav kangas ei ole kaetud \u00fchegi pol\u00fcmeerikihiga.\u00a0SleepCity tekis kasutatav kangas on tihe ja peentest niitidest, see ei lase kiududel kanga sees r\u00e4nnata. Sellise kanga kasutamine tagab hea \u00f5huvoolu, niiskuse imendumise ja v\u00e4hendab oluliselt higistamist.\u00a0Kangas on:<br \/>\n\u2013 Allergiavastane;<br \/>\n\u2013 looduslik isolatsioonimaterjal;<br \/>\n\u2013 k\u00f5rge \u00f5hu l\u00e4bilaskvusega;<br \/>\n\u2013 Teostab loomulikku termoregulatsiooni, tagades rahuliku \u00f6\u00f6une;<\/p>\n<p><strong>Siidist teki hooldus.<\/strong><br \/>\nSleepCity siiditekki ei tohi pesta ja pesumasinas kuivatada. Vajadusel on lubatud v\u00e4ga \u00f5rn keemiline professionaalne puhastus.\u00a0Tekki plekkide ja mustuse eest kaitsmiseks kasutage seda tekikatte sees.\u00a0Tekki on soovitatav aeg-ajalt \u00f5ue viia, \u00f5hutada ja l\u00fchikeseks ajaks p\u00e4ikese k\u00e4tte j\u00e4tta, et eemaldada tekkinud loomulik niiskus.\u00a0J\u00e4rgmiseks hooajaks on soovitatav tekki hoida hermeetiliselt suletud pakendis, et kaitsta seda tolmu ja mustuse eest.\u00a0Enne ladustamist peab see olema h\u00e4sti ventileeritud.<br \/>\nLugege hoolikalt hooldusjuhiseid!<\/p>\n","protected":false},"excerpt":{"rendered":"<p>SleepCity siiditekid on 100% k\u00e4sit\u00f6\u00f6 ja nende valmistamisel on kasutatud ainult looduslikku toorainet. Siid on ainulaadne ja eksklusiivne kiud.\u00a0See tagab suurep\u00e4rase soojusisolatsiooni, imab liigset niiskust ja vabastab selle kiiresti keskkonda.\u00a0Siid on kerge, painduv, vastupidav materjal ja suudab oma struktuuri kohandada vastavalt inimkeha kontuuridele.\u00a0Siid on loomulikult h\u00fcpoallergeenne, antibakteriaalne, m\u00f5jub positiivselt nahale ning on suurep\u00e4rase termoregulatsiooni ja suurep\u00e4rase \u00f5hu l\u00e4bilaskvusega.<br \/>\nSleepCity siiditekid on valmistatud k\u00f5rgeimate standardite j\u00e4rgi kasutades 100% Tussah siidist t\u00e4idist. Tekit\u00e4idis on kaetud tippkvaliteediga \u00fclipeenest satiinkangast kattega, mis on valmistatud 100% looduslikest puuvillakiududest.<br \/>\nT\u00f5eline looduse loodud luksus ja pikaajaline investeering Sinu une kvaliteeti!<\/p>\n<p>Sobib magamistoa temperatuurile 18-22 \u2103 (9-13) TOG.<\/p>\n<p>Tekit\u00e4idis: 100% looduslik metsik Tussah siid, ilma kunstlike lisanditeta (450 gr\/m2).<br \/>\nTekikanga valik:\u00a0 100% orgaaniline\u00a0 puuvill\u00a0 v\u00f5i valge batist<\/p>\n","protected":false},"featured_media":5160,"comment_status":"open","ping_status":"closed","template":"","meta":{"_monsterinsights_skip_tracking":false,"_monsterinsights_sitenote_active":false,"_monsterinsights_sitenote_note":"","_monsterinsights_sitenote_category":0},"product_brand":[],"product_cat":[417,439],"product_tag":[],"class_list":{"0":"post-5155","1":"product","2":"type-product","3":"status-publish","4":"has-post-thumbnail","6":"product_cat-sleepcity-siiditekid","7":"product_cat-tekid-2","9":"first","10":"instock","11":"taxable","12":"shipping-taxable","13":"purchasable","14":"product-type-variable"},"yoast_head":"<!-- This site is optimized with the Yoast SEO plugin v27.3 - https:\/\/yoast.com\/product\/yoast-seo-wordpress\/ -->\n<title>SleepCity siiditekk soe - SleepCity - Hea Une Valem<\/title>\n<meta name=\"description\" content=\"SleepCity siiditekid on 100% k\u00e4sit\u00f6\u00f6 ja nende valmistamisel on kasutatud ainult looduslikku toorainet. Siid on ainulaadne ja eksklusiivne kiud.\u00a0See tagab suurep\u00e4rase soojusisolatsiooni, imab liigset niiskust ja vabastab selle kiiresti keskkonda.\u00a0Siid on kerge, painduv, vastupidav materjal ja suudab oma struktuuri kohandada vastavalt inimkeha kontuuridele.\u00a0Siid on loomulikult h\u00fcpoallergeenne, antibakteriaalne, m\u00f5jub positiivselt nahale ning on suurep\u00e4rase termoregulatsiooni ja suurep\u00e4rase \u00f5hu l\u00e4bilaskvusega. SleepCity siiditekid on valmistatud k\u00f5rgeimate standardite j\u00e4rgi kasutades 100% Tussah siidist t\u00e4idist. Tekit\u00e4idis on kaetud tippkvaliteediga \u00fclipeenest satiinkangast kattega, mis on valmistatud 100% looduslikest puuvillakiududest. T\u00f5eline looduse loodud luksus ja pikaajaline investeering Sinu une kvaliteeti!  Sobib magamistoa temperatuurile 18-22 \u2103 (9-13) TOG.  Tekit\u00e4idis: 100% looduslik metsik Tussah siid, ilma kunstlike lisanditeta (450 gr\/m2). Tekikanga valik:\u00a0 100% orgaaniline\u00a0 puuvill\u00a0 v\u00f5i valge batist\" \/>\n<meta name=\"robots\" content=\"index, follow, max-snippet:-1, max-image-preview:large, max-video-preview:-1\" \/>\n<link rel=\"canonical\" href=\"https:\/\/www.sleepcity.ee\/toode\/sleepcity-siiditekk-soe\/\" \/>\n<meta property=\"og:locale\" content=\"et_EE\" \/>\n<meta property=\"og:type\" content=\"article\" \/>\n<meta property=\"og:title\" content=\"SleepCity siiditekk soe - SleepCity - Hea Une Valem\" \/>\n<meta property=\"og:description\" content=\"SleepCity siiditekid on 100% k\u00e4sit\u00f6\u00f6 ja nende valmistamisel on kasutatud ainult looduslikku toorainet. Siid on ainulaadne ja eksklusiivne kiud.\u00a0See tagab suurep\u00e4rase soojusisolatsiooni, imab liigset niiskust ja vabastab selle kiiresti keskkonda.\u00a0Siid on kerge, painduv, vastupidav materjal ja suudab oma struktuuri kohandada vastavalt inimkeha kontuuridele.\u00a0Siid on loomulikult h\u00fcpoallergeenne, antibakteriaalne, m\u00f5jub positiivselt nahale ning on suurep\u00e4rase termoregulatsiooni ja suurep\u00e4rase \u00f5hu l\u00e4bilaskvusega. SleepCity siiditekid on valmistatud k\u00f5rgeimate standardite j\u00e4rgi kasutades 100% Tussah siidist t\u00e4idist. Tekit\u00e4idis on kaetud tippkvaliteediga \u00fclipeenest satiinkangast kattega, mis on valmistatud 100% looduslikest puuvillakiududest. T\u00f5eline looduse loodud luksus ja pikaajaline investeering Sinu une kvaliteeti!  Sobib magamistoa temperatuurile 18-22 \u2103 (9-13) TOG.  Tekit\u00e4idis: 100% looduslik metsik Tussah siid, ilma kunstlike lisanditeta (450 gr\/m2). Tekikanga valik:\u00a0 100% orgaaniline\u00a0 puuvill\u00a0 v\u00f5i valge batist\" \/>\n<meta property=\"og:url\" content=\"https:\/\/www.sleepcity.ee\/toode\/sleepcity-siiditekk-soe\/\" \/>\n<meta property=\"og:site_name\" content=\"SleepCity - Hea Une Valem\" \/>\n<meta property=\"article:publisher\" content=\"http:\/\/www.fb.com\/TempurEstonia\" \/>\n<meta property=\"article:modified_time\" content=\"2024-06-14T19:44:54+00:00\" \/>\n<meta property=\"og:image\" content=\"https:\/\/www.sleepcity.ee\/wp-content\/uploads\/2023\/08\/zida-sega-140x200-ziema-400.webp\" \/>\n\t<meta property=\"og:image:width\" content=\"1200\" \/>\n\t<meta property=\"og:image:height\" content=\"800\" \/>\n\t<meta property=\"og:image:type\" content=\"image\/webp\" \/>\n<meta name=\"twitter:card\" content=\"summary_large_image\" \/>\n<meta name=\"twitter:label1\" content=\"Est. reading time\" \/>\n\t<meta name=\"twitter:data1\" content=\"3 minutit\" \/>\n<script type=\"application\/ld+json\" class=\"yoast-schema-graph\">{\"@context\":\"https:\\\/\\\/schema.org\",\"@graph\":[{\"@type\":\"WebPage\",\"@id\":\"https:\\\/\\\/www.sleepcity.ee\\\/toode\\\/sleepcity-siiditekk-soe\\\/\",\"url\":\"https:\\\/\\\/www.sleepcity.ee\\\/toode\\\/sleepcity-siiditekk-soe\\\/\",\"name\":\"SleepCity siiditekk soe - SleepCity - Hea Une Valem\",\"isPartOf\":{\"@id\":\"https:\\\/\\\/sleepcity.ee\\\/#website\"},\"primaryImageOfPage\":{\"@id\":\"https:\\\/\\\/www.sleepcity.ee\\\/toode\\\/sleepcity-siiditekk-soe\\\/#primaryimage\"},\"image\":{\"@id\":\"https:\\\/\\\/www.sleepcity.ee\\\/toode\\\/sleepcity-siiditekk-soe\\\/#primaryimage\"},\"thumbnailUrl\":\"https:\\\/\\\/sleepcity.ee\\\/wp-content\\\/uploads\\\/2023\\\/08\\\/zida-sega-140x200-ziema-400.webp\",\"datePublished\":\"2023-08-03T21:22:36+00:00\",\"dateModified\":\"2024-06-14T19:44:54+00:00\",\"description\":\"SleepCity siiditekid on 100% k\u00e4sit\u00f6\u00f6 ja nende valmistamisel on kasutatud ainult looduslikku toorainet. Siid on ainulaadne ja eksklusiivne kiud.\u00a0See tagab suurep\u00e4rase soojusisolatsiooni, imab liigset niiskust ja vabastab selle kiiresti keskkonda.\u00a0Siid on kerge, painduv, vastupidav materjal ja suudab oma struktuuri kohandada vastavalt inimkeha kontuuridele.\u00a0Siid on loomulikult h\u00fcpoallergeenne, antibakteriaalne, m\u00f5jub positiivselt nahale ning on suurep\u00e4rase termoregulatsiooni ja suurep\u00e4rase \u00f5hu l\u00e4bilaskvusega. SleepCity siiditekid on valmistatud k\u00f5rgeimate standardite j\u00e4rgi kasutades 100% Tussah siidist t\u00e4idist. Tekit\u00e4idis on kaetud tippkvaliteediga \u00fclipeenest satiinkangast kattega, mis on valmistatud 100% looduslikest puuvillakiududest. T\u00f5eline looduse loodud luksus ja pikaajaline investeering Sinu une kvaliteeti! Sobib magamistoa temperatuurile 18-22 \u2103 (9-13) TOG. Tekit\u00e4idis: 100% looduslik metsik Tussah siid, ilma kunstlike lisanditeta (450 gr\\\/m2). Tekikanga valik:\u00a0 100% orgaaniline\u00a0 puuvill\u00a0 v\u00f5i valge batist\",\"breadcrumb\":{\"@id\":\"https:\\\/\\\/www.sleepcity.ee\\\/toode\\\/sleepcity-siiditekk-soe\\\/#breadcrumb\"},\"inLanguage\":\"et\",\"potentialAction\":[{\"@type\":\"ReadAction\",\"target\":[\"https:\\\/\\\/www.sleepcity.ee\\\/toode\\\/sleepcity-siiditekk-soe\\\/\"]}]},{\"@type\":\"ImageObject\",\"inLanguage\":\"et\",\"@id\":\"https:\\\/\\\/www.sleepcity.ee\\\/toode\\\/sleepcity-siiditekk-soe\\\/#primaryimage\",\"url\":\"https:\\\/\\\/sleepcity.ee\\\/wp-content\\\/uploads\\\/2023\\\/08\\\/zida-sega-140x200-ziema-400.webp\",\"contentUrl\":\"https:\\\/\\\/sleepcity.ee\\\/wp-content\\\/uploads\\\/2023\\\/08\\\/zida-sega-140x200-ziema-400.webp\",\"width\":1200,\"height\":800},{\"@type\":\"BreadcrumbList\",\"@id\":\"https:\\\/\\\/www.sleepcity.ee\\\/toode\\\/sleepcity-siiditekk-soe\\\/#breadcrumb\",\"itemListElement\":[{\"@type\":\"ListItem\",\"position\":1,\"name\":\"Home\",\"item\":\"https:\\\/\\\/www.sleepcity.ee\\\/\"},{\"@type\":\"ListItem\",\"position\":2,\"name\":\"Pood\",\"item\":\"https:\\\/\\\/sleepcity.ee\\\/pood\\\/\"},{\"@type\":\"ListItem\",\"position\":3,\"name\":\"SleepCity siiditekk soe\"}]},{\"@type\":\"WebSite\",\"@id\":\"https:\\\/\\\/sleepcity.ee\\\/#website\",\"url\":\"https:\\\/\\\/sleepcity.ee\\\/\",\"name\":\"Tempur Shop\",\"description\":\"TEMPUR madratsid, voodid, padjad ja muud unetooted.\",\"publisher\":{\"@id\":\"https:\\\/\\\/sleepcity.ee\\\/#organization\"},\"potentialAction\":[{\"@type\":\"SearchAction\",\"target\":{\"@type\":\"EntryPoint\",\"urlTemplate\":\"https:\\\/\\\/sleepcity.ee\\\/?s={search_term_string}\"},\"query-input\":{\"@type\":\"PropertyValueSpecification\",\"valueRequired\":true,\"valueName\":\"search_term_string\"}}],\"inLanguage\":\"et\"},{\"@type\":\"Organization\",\"@id\":\"https:\\\/\\\/sleepcity.ee\\\/#organization\",\"name\":\"VG Design O\u00dc\",\"url\":\"https:\\\/\\\/sleepcity.ee\\\/\",\"logo\":{\"@type\":\"ImageObject\",\"inLanguage\":\"et\",\"@id\":\"https:\\\/\\\/sleepcity.ee\\\/#\\\/schema\\\/logo\\\/image\\\/\",\"url\":\"https:\\\/\\\/sleepcity.ee\\\/wp-content\\\/uploads\\\/2023\\\/09\\\/sleepcity_logo.png\",\"contentUrl\":\"https:\\\/\\\/sleepcity.ee\\\/wp-content\\\/uploads\\\/2023\\\/09\\\/sleepcity_logo.png\",\"width\":1034,\"height\":318,\"caption\":\"VG Design O\u00dc\"},\"image\":{\"@id\":\"https:\\\/\\\/sleepcity.ee\\\/#\\\/schema\\\/logo\\\/image\\\/\"},\"sameAs\":[\"http:\\\/\\\/www.fb.com\\\/TempurEstonia\",\"http:\\\/\\\/www.instagram.com\\\/tempurestonia\"]}]}<\/script>\n<!-- \/ Yoast SEO plugin. -->","yoast_head_json":{"title":"SleepCity siiditekk soe - SleepCity - Hea Une Valem","description":"SleepCity siiditekid on 100% k\u00e4sit\u00f6\u00f6 ja nende valmistamisel on kasutatud ainult looduslikku toorainet. Siid on ainulaadne ja eksklusiivne kiud.\u00a0See tagab suurep\u00e4rase soojusisolatsiooni, imab liigset niiskust ja vabastab selle kiiresti keskkonda.\u00a0Siid on kerge, painduv, vastupidav materjal ja suudab oma struktuuri kohandada vastavalt inimkeha kontuuridele.\u00a0Siid on loomulikult h\u00fcpoallergeenne, antibakteriaalne, m\u00f5jub positiivselt nahale ning on suurep\u00e4rase termoregulatsiooni ja suurep\u00e4rase \u00f5hu l\u00e4bilaskvusega. SleepCity siiditekid on valmistatud k\u00f5rgeimate standardite j\u00e4rgi kasutades 100% Tussah siidist t\u00e4idist. Tekit\u00e4idis on kaetud tippkvaliteediga \u00fclipeenest satiinkangast kattega, mis on valmistatud 100% looduslikest puuvillakiududest. T\u00f5eline looduse loodud luksus ja pikaajaline investeering Sinu une kvaliteeti!  Sobib magamistoa temperatuurile 18-22 \u2103 (9-13) TOG.  Tekit\u00e4idis: 100% looduslik metsik Tussah siid, ilma kunstlike lisanditeta (450 gr\/m2). Tekikanga valik:\u00a0 100% orgaaniline\u00a0 puuvill\u00a0 v\u00f5i valge batist","robots":{"index":"index","follow":"follow","max-snippet":"max-snippet:-1","max-image-preview":"max-image-preview:large","max-video-preview":"max-video-preview:-1"},"canonical":"https:\/\/www.sleepcity.ee\/toode\/sleepcity-siiditekk-soe\/","og_locale":"et_EE","og_type":"article","og_title":"SleepCity siiditekk soe - SleepCity - Hea Une Valem","og_description":"SleepCity siiditekid on 100% k\u00e4sit\u00f6\u00f6 ja nende valmistamisel on kasutatud ainult looduslikku toorainet. Siid on ainulaadne ja eksklusiivne kiud.\u00a0See tagab suurep\u00e4rase soojusisolatsiooni, imab liigset niiskust ja vabastab selle kiiresti keskkonda.\u00a0Siid on kerge, painduv, vastupidav materjal ja suudab oma struktuuri kohandada vastavalt inimkeha kontuuridele.\u00a0Siid on loomulikult h\u00fcpoallergeenne, antibakteriaalne, m\u00f5jub positiivselt nahale ning on suurep\u00e4rase termoregulatsiooni ja suurep\u00e4rase \u00f5hu l\u00e4bilaskvusega. SleepCity siiditekid on valmistatud k\u00f5rgeimate standardite j\u00e4rgi kasutades 100% Tussah siidist t\u00e4idist. Tekit\u00e4idis on kaetud tippkvaliteediga \u00fclipeenest satiinkangast kattega, mis on valmistatud 100% looduslikest puuvillakiududest. T\u00f5eline looduse loodud luksus ja pikaajaline investeering Sinu une kvaliteeti!  Sobib magamistoa temperatuurile 18-22 \u2103 (9-13) TOG.  Tekit\u00e4idis: 100% looduslik metsik Tussah siid, ilma kunstlike lisanditeta (450 gr\/m2). Tekikanga valik:\u00a0 100% orgaaniline\u00a0 puuvill\u00a0 v\u00f5i valge batist","og_url":"https:\/\/www.sleepcity.ee\/toode\/sleepcity-siiditekk-soe\/","og_site_name":"SleepCity - Hea Une Valem","article_publisher":"http:\/\/www.fb.com\/TempurEstonia","article_modified_time":"2024-06-14T19:44:54+00:00","og_image":[{"width":1200,"height":800,"url":"https:\/\/www.sleepcity.ee\/wp-content\/uploads\/2023\/08\/zida-sega-140x200-ziema-400.webp","type":"image\/webp"}],"twitter_card":"summary_large_image","twitter_misc":{"Est. reading time":"3 minutit"},"schema":{"@context":"https:\/\/schema.org","@graph":[{"@type":"WebPage","@id":"https:\/\/www.sleepcity.ee\/toode\/sleepcity-siiditekk-soe\/","url":"https:\/\/www.sleepcity.ee\/toode\/sleepcity-siiditekk-soe\/","name":"SleepCity siiditekk soe - SleepCity - Hea Une Valem","isPartOf":{"@id":"https:\/\/sleepcity.ee\/#website"},"primaryImageOfPage":{"@id":"https:\/\/www.sleepcity.ee\/toode\/sleepcity-siiditekk-soe\/#primaryimage"},"image":{"@id":"https:\/\/www.sleepcity.ee\/toode\/sleepcity-siiditekk-soe\/#primaryimage"},"thumbnailUrl":"https:\/\/sleepcity.ee\/wp-content\/uploads\/2023\/08\/zida-sega-140x200-ziema-400.webp","datePublished":"2023-08-03T21:22:36+00:00","dateModified":"2024-06-14T19:44:54+00:00","description":"SleepCity siiditekid on 100% k\u00e4sit\u00f6\u00f6 ja nende valmistamisel on kasutatud ainult looduslikku toorainet. Siid on ainulaadne ja eksklusiivne kiud.\u00a0See tagab suurep\u00e4rase soojusisolatsiooni, imab liigset niiskust ja vabastab selle kiiresti keskkonda.\u00a0Siid on kerge, painduv, vastupidav materjal ja suudab oma struktuuri kohandada vastavalt inimkeha kontuuridele.\u00a0Siid on loomulikult h\u00fcpoallergeenne, antibakteriaalne, m\u00f5jub positiivselt nahale ning on suurep\u00e4rase termoregulatsiooni ja suurep\u00e4rase \u00f5hu l\u00e4bilaskvusega. SleepCity siiditekid on valmistatud k\u00f5rgeimate standardite j\u00e4rgi kasutades 100% Tussah siidist t\u00e4idist. Tekit\u00e4idis on kaetud tippkvaliteediga \u00fclipeenest satiinkangast kattega, mis on valmistatud 100% looduslikest puuvillakiududest. T\u00f5eline looduse loodud luksus ja pikaajaline investeering Sinu une kvaliteeti! Sobib magamistoa temperatuurile 18-22 \u2103 (9-13) TOG. Tekit\u00e4idis: 100% looduslik metsik Tussah siid, ilma kunstlike lisanditeta (450 gr\/m2). Tekikanga valik:\u00a0 100% orgaaniline\u00a0 puuvill\u00a0 v\u00f5i valge batist","breadcrumb":{"@id":"https:\/\/www.sleepcity.ee\/toode\/sleepcity-siiditekk-soe\/#breadcrumb"},"inLanguage":"et","potentialAction":[{"@type":"ReadAction","target":["https:\/\/www.sleepcity.ee\/toode\/sleepcity-siiditekk-soe\/"]}]},{"@type":"ImageObject","inLanguage":"et","@id":"https:\/\/www.sleepcity.ee\/toode\/sleepcity-siiditekk-soe\/#primaryimage","url":"https:\/\/sleepcity.ee\/wp-content\/uploads\/2023\/08\/zida-sega-140x200-ziema-400.webp","contentUrl":"https:\/\/sleepcity.ee\/wp-content\/uploads\/2023\/08\/zida-sega-140x200-ziema-400.webp","width":1200,"height":800},{"@type":"BreadcrumbList","@id":"https:\/\/www.sleepcity.ee\/toode\/sleepcity-siiditekk-soe\/#breadcrumb","itemListElement":[{"@type":"ListItem","position":1,"name":"Home","item":"https:\/\/www.sleepcity.ee\/"},{"@type":"ListItem","position":2,"name":"Pood","item":"https:\/\/sleepcity.ee\/pood\/"},{"@type":"ListItem","position":3,"name":"SleepCity siiditekk soe"}]},{"@type":"WebSite","@id":"https:\/\/sleepcity.ee\/#website","url":"https:\/\/sleepcity.ee\/","name":"Tempur Shop","description":"TEMPUR madratsid, voodid, padjad ja muud unetooted.","publisher":{"@id":"https:\/\/sleepcity.ee\/#organization"},"potentialAction":[{"@type":"SearchAction","target":{"@type":"EntryPoint","urlTemplate":"https:\/\/sleepcity.ee\/?s={search_term_string}"},"query-input":{"@type":"PropertyValueSpecification","valueRequired":true,"valueName":"search_term_string"}}],"inLanguage":"et"},{"@type":"Organization","@id":"https:\/\/sleepcity.ee\/#organization","name":"VG Design O\u00dc","url":"https:\/\/sleepcity.ee\/","logo":{"@type":"ImageObject","inLanguage":"et","@id":"https:\/\/sleepcity.ee\/#\/schema\/logo\/image\/","url":"https:\/\/sleepcity.ee\/wp-content\/uploads\/2023\/09\/sleepcity_logo.png","contentUrl":"https:\/\/sleepcity.ee\/wp-content\/uploads\/2023\/09\/sleepcity_logo.png","width":1034,"height":318,"caption":"VG Design O\u00dc"},"image":{"@id":"https:\/\/sleepcity.ee\/#\/schema\/logo\/image\/"},"sameAs":["http:\/\/www.fb.com\/TempurEstonia","http:\/\/www.instagram.com\/tempurestonia"]}]}},"_links":{"self":[{"href":"https:\/\/sleepcity.ee\/wp-json\/wp\/v2\/product\/5155","targetHints":{"allow":["GET"]}}],"collection":[{"href":"https:\/\/sleepcity.ee\/wp-json\/wp\/v2\/product"}],"about":[{"href":"https:\/\/sleepcity.ee\/wp-json\/wp\/v2\/types\/product"}],"replies":[{"embeddable":true,"href":"https:\/\/sleepcity.ee\/wp-json\/wp\/v2\/comments?post=5155"}],"wp:featuredmedia":[{"embeddable":true,"href":"https:\/\/sleepcity.ee\/wp-json\/wp\/v2\/media\/5160"}],"wp:attachment":[{"href":"https:\/\/sleepcity.ee\/wp-json\/wp\/v2\/media?parent=5155"}],"wp:term":[{"taxonomy":"product_brand","embeddable":true,"href":"https:\/\/sleepcity.ee\/wp-json\/wp\/v2\/product_brand?post=5155"},{"taxonomy":"product_cat","embeddable":true,"href":"https:\/\/sleepcity.ee\/wp-json\/wp\/v2\/product_cat?post=5155"},{"taxonomy":"product_tag","embeddable":true,"href":"https:\/\/sleepcity.ee\/wp-json\/wp\/v2\/product_tag?post=5155"}],"curies":[{"name":"wp","href":"https:\/\/api.w.org\/{rel}","templated":true}]}}