{"id":5180,"date":"2023-10-03T11:51:28","date_gmt":"2023-10-03T11:51:28","guid":{"rendered":"https:\/\/sleepcity.ee\/?post_type=product&#038;p=5180"},"modified":"2026-01-29T16:02:08","modified_gmt":"2026-01-29T16:02:08","slug":"tempur-arc-voodi","status":"publish","type":"product","link":"https:\/\/sleepcity.ee\/toode\/tempur-arc-voodi\/","title":{"rendered":"Tempur ARC FORM voodi"},"content":{"rendered":"<div class=\"o-product-table__heading\">\n<p>Tempur Arc Bed&#8217;i sari pakub k\u00f5rgekvaliteedilisi voodistandardeid, mida v\u00f5ite oodata ja usaldada maailma juhtivalt voodipesuettev\u00f5ttelt.\u00a0Iga detail on k\u00e4sitsi valmistatud luksuslikest materjalidest ja kangastest, mis on uskumatult vastupidavad ja kergesti hooldatavad.\u00a0Annab teile iga unega kauakestva kvaliteedi.<\/p>\n<p>Funktsioonid:<\/p>\n<ul>\n<li>Moodulkoost ja lai sortiment erinevatele turgudele<\/li>\n<li>Saadaval erinevates v\u00e4rvides\/kangas<\/li>\n<li>Saadaval erineva k\u00f5rgusega jalad ainulaadse \u00fcmara jalaga<\/li>\n<li>Kaasaegne stiil m\u00f5jutustega kogu maailmast<\/li>\n<li>Pakub t\u00e4ielikku unes\u00fcsteemi.<\/li>\n<li>Lihtne lahti v\u00f5tta ja kokku panna, kruvivaba kokkupanemine.<\/li>\n<li>Kvaliteetne k\u00e4sit\u00f6\u00f6<\/li>\n<li>Suurused 160x200cm ja 180x200cm<\/li>\n<li>Peatsi k\u00f5rgus: 101cm<\/li>\n<\/ul>\n<\/div>\n<div class=\"o-product-table__content\">https:\/\/tempursealy.widen.net\/s\/cns6ht7cfm\/bed-fast-assembly-video<\/div>\n","protected":false},"excerpt":{"rendered":"<p>Unistad ideaalsest voodist?<\/p>\n<p class=\"ampio__text\">TEMPUR\u00ae voodid pakuvad suurep\u00e4rast kombinatsiooni stiilist ja praktilisusest.\u00a0Hea une saamine ei t\u00e4henda ainult teie voodi mugavust, vaid ka kogu teie unekeskkonda.<\/p>\n<p class=\"ampio__text\"><span style=\"font-size: 14.4px;\">TEMPUR\u00ae ARC voodid on uudne ja ideaalne t\u00e4iendus igale Tempuri madratsile.<\/span><span style=\"font-size: 14.4px;\">\u00a0\u00dchendades vormi ja funktsiooni, v\u00f5ite olla kindel, et need <\/span><span style=\"font-size: 14.4px;\">loovad teie magamistoas meeldiva esteetika.<\/span><\/p>\n<p class=\"ampio__text\">TEMPUR\u00ae ARC voodit saab ise luua valides vastavad peatsid, voodiraamid, jalad, just see, mis\u00a0 sobib h\u00f5lpsasti teie stiiliga.<\/p>\n<p class=\"ampio__text\">\u00dcksk\u00f5ik, kas soovite, et teie voodi tekitaks wow -mulje v\u00f5i sulanduks hoopiski teie sisekujundusse &#8211; Tempuril on selleks suur valik erinevaid kangaid.<\/p>\n<p>Meie ainulaadne voodialuste ja tugit\u00fc\u00fcpide s\u00fcsteem on hoolikalt v\u00e4lja t\u00f6\u00f6tatud, et optimeerida teie madratsi j\u00f5udlust.\u00a0 Annab teile \u00fclima Tempuri unekogemuse.<\/p>\n<p>Ootame teid enda salongis, et aidata teil leida oma ideaalne voodi!<\/p>\n<p>Hetkel pakume teile kahte p\u00f5nevat TEMPUR ARC FORM voodit, mis on natuke minimalistlikud aga samas luksuslikud.<\/p>\n<p>&nbsp;<\/p>\n<p>&nbsp;<\/p>\n","protected":false},"featured_media":5184,"comment_status":"open","ping_status":"closed","template":"","meta":{"_monsterinsights_skip_tracking":false,"_monsterinsights_sitenote_active":false,"_monsterinsights_sitenote_note":"","_monsterinsights_sitenote_category":0},"product_brand":[],"product_cat":[15],"product_tag":[],"class_list":{"0":"post-5180","1":"product","2":"type-product","3":"status-publish","4":"has-post-thumbnail","6":"product_cat-muu","7":"pa_korgus-10-cm","8":"pa_korgus-12-cm","9":"pa_korgus-16-cm","10":"pa_mudel-form","11":"pa_mudel-luxury","12":"pa_mudel-quilted","13":"pa_mudel-vectra","14":"pa_mudel-vertical","15":"pa_varv-vask","16":"pa_varv-stone","17":"pa_varv-gold","18":"pa_varv-sand","19":"pa_varv-dark-stone","20":"pa_varv-pearl-grey","21":"pa_varv-brown","22":"pa_varv-warm-stone","23":"pa_varv-charcoal-grey","24":"pa_varv-tumehall","25":"pa_varv-dark-green","26":"pa_voodijala-mudel-kroom","27":"pa_voodijala-mudel-matt-hall","28":"pa_voodijala-mudel-must-kuldse-voruga","29":"pa_voodijala-mudel-must-matt","30":"pa_voodijala-mudel-must-tammest-ringiga","31":"pa_voodijala-mudel-tamm","32":"pa_voodijala-mudel-valge-kuldse-voruga","33":"pa_voodiraam-reguleeritav-diskidega-voodiraam","34":"pa_voodiraam-reguleeritav-ribidega-voodiraam","35":"pa_voodiraam-tavaline-diskidega-voodiraam","36":"pa_voodiraam-tavaline-ribi","38":"first","39":"instock","40":"sale","41":"taxable","42":"shipping-taxable","43":"purchasable","44":"product-type-variable"},"yoast_head":"<!-- This site is optimized with the Yoast SEO plugin v27.3 - https:\/\/yoast.com\/product\/yoast-seo-wordpress\/ -->\n<title>Tempur ARC FORM voodi - SleepCity - Hea Une Valem<\/title>\n<meta name=\"description\" content=\"Ideaalne voodi ideaalse une jaoks. Loo ise just endale sobiv voodi, valides TEMPUR voodi jaoks just need detailid, mis sulle on vajalikud.\" \/>\n<meta name=\"robots\" content=\"index, follow, max-snippet:-1, max-image-preview:large, max-video-preview:-1\" \/>\n<link rel=\"canonical\" href=\"https:\/\/www.sleepcity.ee\/toode\/tempur-arc-voodi\/\" \/>\n<meta property=\"og:locale\" content=\"et_EE\" \/>\n<meta property=\"og:type\" content=\"article\" \/>\n<meta property=\"og:title\" content=\"Tempur ARC FORM voodi - SleepCity - Hea Une Valem\" \/>\n<meta property=\"og:description\" content=\"Ideaalne voodi ideaalse une jaoks. Loo ise just endale sobiv voodi, valides TEMPUR voodi jaoks just need detailid, mis sulle on vajalikud.\" \/>\n<meta property=\"og:url\" content=\"https:\/\/www.sleepcity.ee\/toode\/tempur-arc-voodi\/\" \/>\n<meta property=\"og:site_name\" content=\"SleepCity - Hea Une Valem\" \/>\n<meta property=\"article:publisher\" content=\"http:\/\/www.fb.com\/TempurEstonia\" \/>\n<meta property=\"article:modified_time\" content=\"2026-01-29T16:02:08+00:00\" \/>\n<meta property=\"og:image\" content=\"https:\/\/www.sleepcity.ee\/wp-content\/uploads\/2023\/08\/lozko-tempur-arc-slatted-adjustable.webp\" \/>\n\t<meta property=\"og:image:width\" content=\"1000\" \/>\n\t<meta property=\"og:image:height\" content=\"800\" \/>\n\t<meta property=\"og:image:type\" content=\"image\/webp\" \/>\n<meta name=\"twitter:card\" content=\"summary_large_image\" \/>\n<meta name=\"twitter:label1\" content=\"Est. reading time\" \/>\n\t<meta name=\"twitter:data1\" content=\"1 minut\" \/>\n<script type=\"application\/ld+json\" class=\"yoast-schema-graph\">{\"@context\":\"https:\\\/\\\/schema.org\",\"@graph\":[{\"@type\":\"WebPage\",\"@id\":\"https:\\\/\\\/www.sleepcity.ee\\\/toode\\\/tempur-arc-voodi\\\/\",\"url\":\"https:\\\/\\\/www.sleepcity.ee\\\/toode\\\/tempur-arc-voodi\\\/\",\"name\":\"Tempur ARC FORM voodi - SleepCity - Hea Une Valem\",\"isPartOf\":{\"@id\":\"https:\\\/\\\/sleepcity.ee\\\/#website\"},\"primaryImageOfPage\":{\"@id\":\"https:\\\/\\\/www.sleepcity.ee\\\/toode\\\/tempur-arc-voodi\\\/#primaryimage\"},\"image\":{\"@id\":\"https:\\\/\\\/www.sleepcity.ee\\\/toode\\\/tempur-arc-voodi\\\/#primaryimage\"},\"thumbnailUrl\":\"https:\\\/\\\/sleepcity.ee\\\/wp-content\\\/uploads\\\/2023\\\/08\\\/lozko-tempur-arc-slatted-adjustable.webp\",\"datePublished\":\"2023-10-03T11:51:28+00:00\",\"dateModified\":\"2026-01-29T16:02:08+00:00\",\"description\":\"Ideaalne voodi ideaalse une jaoks. Loo ise just endale sobiv voodi, valides TEMPUR voodi jaoks just need detailid, mis sulle on vajalikud.\",\"breadcrumb\":{\"@id\":\"https:\\\/\\\/www.sleepcity.ee\\\/toode\\\/tempur-arc-voodi\\\/#breadcrumb\"},\"inLanguage\":\"et\",\"potentialAction\":[{\"@type\":\"ReadAction\",\"target\":[\"https:\\\/\\\/www.sleepcity.ee\\\/toode\\\/tempur-arc-voodi\\\/\"]}]},{\"@type\":\"ImageObject\",\"inLanguage\":\"et\",\"@id\":\"https:\\\/\\\/www.sleepcity.ee\\\/toode\\\/tempur-arc-voodi\\\/#primaryimage\",\"url\":\"https:\\\/\\\/sleepcity.ee\\\/wp-content\\\/uploads\\\/2023\\\/08\\\/lozko-tempur-arc-slatted-adjustable.webp\",\"contentUrl\":\"https:\\\/\\\/sleepcity.ee\\\/wp-content\\\/uploads\\\/2023\\\/08\\\/lozko-tempur-arc-slatted-adjustable.webp\",\"width\":1000,\"height\":800},{\"@type\":\"BreadcrumbList\",\"@id\":\"https:\\\/\\\/www.sleepcity.ee\\\/toode\\\/tempur-arc-voodi\\\/#breadcrumb\",\"itemListElement\":[{\"@type\":\"ListItem\",\"position\":1,\"name\":\"Home\",\"item\":\"https:\\\/\\\/www.sleepcity.ee\\\/\"},{\"@type\":\"ListItem\",\"position\":2,\"name\":\"Pood\",\"item\":\"https:\\\/\\\/sleepcity.ee\\\/pood\\\/\"},{\"@type\":\"ListItem\",\"position\":3,\"name\":\"Tempur ARC FORM voodi\"}]},{\"@type\":\"WebSite\",\"@id\":\"https:\\\/\\\/sleepcity.ee\\\/#website\",\"url\":\"https:\\\/\\\/sleepcity.ee\\\/\",\"name\":\"Tempur Shop\",\"description\":\"TEMPUR madratsid, voodid, padjad ja muud unetooted.\",\"publisher\":{\"@id\":\"https:\\\/\\\/sleepcity.ee\\\/#organization\"},\"potentialAction\":[{\"@type\":\"SearchAction\",\"target\":{\"@type\":\"EntryPoint\",\"urlTemplate\":\"https:\\\/\\\/sleepcity.ee\\\/?s={search_term_string}\"},\"query-input\":{\"@type\":\"PropertyValueSpecification\",\"valueRequired\":true,\"valueName\":\"search_term_string\"}}],\"inLanguage\":\"et\"},{\"@type\":\"Organization\",\"@id\":\"https:\\\/\\\/sleepcity.ee\\\/#organization\",\"name\":\"VG Design O\u00dc\",\"url\":\"https:\\\/\\\/sleepcity.ee\\\/\",\"logo\":{\"@type\":\"ImageObject\",\"inLanguage\":\"et\",\"@id\":\"https:\\\/\\\/sleepcity.ee\\\/#\\\/schema\\\/logo\\\/image\\\/\",\"url\":\"https:\\\/\\\/sleepcity.ee\\\/wp-content\\\/uploads\\\/2023\\\/09\\\/sleepcity_logo.png\",\"contentUrl\":\"https:\\\/\\\/sleepcity.ee\\\/wp-content\\\/uploads\\\/2023\\\/09\\\/sleepcity_logo.png\",\"width\":1034,\"height\":318,\"caption\":\"VG Design O\u00dc\"},\"image\":{\"@id\":\"https:\\\/\\\/sleepcity.ee\\\/#\\\/schema\\\/logo\\\/image\\\/\"},\"sameAs\":[\"http:\\\/\\\/www.fb.com\\\/TempurEstonia\",\"http:\\\/\\\/www.instagram.com\\\/tempurestonia\"]}]}<\/script>\n<!-- \/ Yoast SEO plugin. -->","yoast_head_json":{"title":"Tempur ARC FORM voodi - SleepCity - Hea Une Valem","description":"Ideaalne voodi ideaalse une jaoks. Loo ise just endale sobiv voodi, valides TEMPUR voodi jaoks just need detailid, mis sulle on vajalikud.","robots":{"index":"index","follow":"follow","max-snippet":"max-snippet:-1","max-image-preview":"max-image-preview:large","max-video-preview":"max-video-preview:-1"},"canonical":"https:\/\/www.sleepcity.ee\/toode\/tempur-arc-voodi\/","og_locale":"et_EE","og_type":"article","og_title":"Tempur ARC FORM voodi - SleepCity - Hea Une Valem","og_description":"Ideaalne voodi ideaalse une jaoks. Loo ise just endale sobiv voodi, valides TEMPUR voodi jaoks just need detailid, mis sulle on vajalikud.","og_url":"https:\/\/www.sleepcity.ee\/toode\/tempur-arc-voodi\/","og_site_name":"SleepCity - Hea Une Valem","article_publisher":"http:\/\/www.fb.com\/TempurEstonia","article_modified_time":"2026-01-29T16:02:08+00:00","og_image":[{"width":1000,"height":800,"url":"https:\/\/www.sleepcity.ee\/wp-content\/uploads\/2023\/08\/lozko-tempur-arc-slatted-adjustable.webp","type":"image\/webp"}],"twitter_card":"summary_large_image","twitter_misc":{"Est. reading time":"1 minut"},"schema":{"@context":"https:\/\/schema.org","@graph":[{"@type":"WebPage","@id":"https:\/\/www.sleepcity.ee\/toode\/tempur-arc-voodi\/","url":"https:\/\/www.sleepcity.ee\/toode\/tempur-arc-voodi\/","name":"Tempur ARC FORM voodi - SleepCity - Hea Une Valem","isPartOf":{"@id":"https:\/\/sleepcity.ee\/#website"},"primaryImageOfPage":{"@id":"https:\/\/www.sleepcity.ee\/toode\/tempur-arc-voodi\/#primaryimage"},"image":{"@id":"https:\/\/www.sleepcity.ee\/toode\/tempur-arc-voodi\/#primaryimage"},"thumbnailUrl":"https:\/\/sleepcity.ee\/wp-content\/uploads\/2023\/08\/lozko-tempur-arc-slatted-adjustable.webp","datePublished":"2023-10-03T11:51:28+00:00","dateModified":"2026-01-29T16:02:08+00:00","description":"Ideaalne voodi ideaalse une jaoks. Loo ise just endale sobiv voodi, valides TEMPUR voodi jaoks just need detailid, mis sulle on vajalikud.","breadcrumb":{"@id":"https:\/\/www.sleepcity.ee\/toode\/tempur-arc-voodi\/#breadcrumb"},"inLanguage":"et","potentialAction":[{"@type":"ReadAction","target":["https:\/\/www.sleepcity.ee\/toode\/tempur-arc-voodi\/"]}]},{"@type":"ImageObject","inLanguage":"et","@id":"https:\/\/www.sleepcity.ee\/toode\/tempur-arc-voodi\/#primaryimage","url":"https:\/\/sleepcity.ee\/wp-content\/uploads\/2023\/08\/lozko-tempur-arc-slatted-adjustable.webp","contentUrl":"https:\/\/sleepcity.ee\/wp-content\/uploads\/2023\/08\/lozko-tempur-arc-slatted-adjustable.webp","width":1000,"height":800},{"@type":"BreadcrumbList","@id":"https:\/\/www.sleepcity.ee\/toode\/tempur-arc-voodi\/#breadcrumb","itemListElement":[{"@type":"ListItem","position":1,"name":"Home","item":"https:\/\/www.sleepcity.ee\/"},{"@type":"ListItem","position":2,"name":"Pood","item":"https:\/\/sleepcity.ee\/pood\/"},{"@type":"ListItem","position":3,"name":"Tempur ARC FORM voodi"}]},{"@type":"WebSite","@id":"https:\/\/sleepcity.ee\/#website","url":"https:\/\/sleepcity.ee\/","name":"Tempur Shop","description":"TEMPUR madratsid, voodid, padjad ja muud unetooted.","publisher":{"@id":"https:\/\/sleepcity.ee\/#organization"},"potentialAction":[{"@type":"SearchAction","target":{"@type":"EntryPoint","urlTemplate":"https:\/\/sleepcity.ee\/?s={search_term_string}"},"query-input":{"@type":"PropertyValueSpecification","valueRequired":true,"valueName":"search_term_string"}}],"inLanguage":"et"},{"@type":"Organization","@id":"https:\/\/sleepcity.ee\/#organization","name":"VG Design O\u00dc","url":"https:\/\/sleepcity.ee\/","logo":{"@type":"ImageObject","inLanguage":"et","@id":"https:\/\/sleepcity.ee\/#\/schema\/logo\/image\/","url":"https:\/\/sleepcity.ee\/wp-content\/uploads\/2023\/09\/sleepcity_logo.png","contentUrl":"https:\/\/sleepcity.ee\/wp-content\/uploads\/2023\/09\/sleepcity_logo.png","width":1034,"height":318,"caption":"VG Design O\u00dc"},"image":{"@id":"https:\/\/sleepcity.ee\/#\/schema\/logo\/image\/"},"sameAs":["http:\/\/www.fb.com\/TempurEstonia","http:\/\/www.instagram.com\/tempurestonia"]}]}},"_links":{"self":[{"href":"https:\/\/sleepcity.ee\/wp-json\/wp\/v2\/product\/5180","targetHints":{"allow":["GET"]}}],"collection":[{"href":"https:\/\/sleepcity.ee\/wp-json\/wp\/v2\/product"}],"about":[{"href":"https:\/\/sleepcity.ee\/wp-json\/wp\/v2\/types\/product"}],"replies":[{"embeddable":true,"href":"https:\/\/sleepcity.ee\/wp-json\/wp\/v2\/comments?post=5180"}],"wp:featuredmedia":[{"embeddable":true,"href":"https:\/\/sleepcity.ee\/wp-json\/wp\/v2\/media\/5184"}],"wp:attachment":[{"href":"https:\/\/sleepcity.ee\/wp-json\/wp\/v2\/media?parent=5180"}],"wp:term":[{"taxonomy":"product_brand","embeddable":true,"href":"https:\/\/sleepcity.ee\/wp-json\/wp\/v2\/product_brand?post=5180"},{"taxonomy":"product_cat","embeddable":true,"href":"https:\/\/sleepcity.ee\/wp-json\/wp\/v2\/product_cat?post=5180"},{"taxonomy":"product_tag","embeddable":true,"href":"https:\/\/sleepcity.ee\/wp-json\/wp\/v2\/product_tag?post=5180"}],"curies":[{"name":"wp","href":"https:\/\/api.w.org\/{rel}","templated":true}]}}