{"id":5523,"date":"2023-09-07T14:21:09","date_gmt":"2023-09-07T14:21:09","guid":{"rendered":"https:\/\/sleepcity.ee\/?post_type=product&#038;p=5523"},"modified":"2025-04-26T08:01:01","modified_gmt":"2025-04-26T08:01:01","slug":"sleepcity-orgaaniline-voodipesu-komplekt","status":"publish","type":"product","link":"https:\/\/sleepcity.ee\/toode\/sleepcity-orgaaniline-voodipesu-komplekt\/","title":{"rendered":"SleepCity orgaaniline voodipesu komplekt"},"content":{"rendered":"<p>Kui on soovi erim\u00f5\u00f5duga voodikomplekte osta, siis saame selle tellida tehasest. M\u00f5eldud on m\u00f5\u00f5dud 140&#215;200, 200&#215;200 ja 240&#215;260 tekkidele.<\/p>\n<p><span style=\"text-decoration: underline;\"><strong>Hooldusjuhised: <\/strong><\/span><\/p>\n<p>Masinpesu 60 \u00b0C juures tavalise ts\u00fckliga<\/p>\n<p>Kuivatus trummelkuivatis<\/p>\n<p>Ei tohi pleegitada<\/p>\n<p>Triikida maksimaalselt 150 \u00b0C juures<\/p>\n<p>V\u00e4ltida keemilist puhastust<\/p>\n<p>Kuivatamine n\u00f6\u00f6ril s\u00e4ilitab kiudude terviklikkuse.<\/p>\n","protected":false},"excerpt":{"rendered":"<p>SleepCity voodipesu ja voodilinad on valmistatud 100% pika kiuga kammitud orgaanilisest puuvillast perkal, need linad kiirgavad elegantsi ja vastupidavust, tagades ennen\u00e4gematu une kvaliteedi.<\/p>\n<p>Hingav kangas s\u00e4ilitab teie kehatemperatuuri ning soodustab igal \u00f6\u00f6l rahulikku ja taastavat und. Linadel on sametine tekstuur ja m\u00e4rkimisv\u00e4\u00e4rne p\u00fcsivus.<\/p>\n<p>See voodipesukomplekt on valmistatud ainult 100% orgaanilisest perkaalpuuvillast, mis on puhas ja pleegitamata kangas.<\/p>\n<p>Orgaanilise puuvilla valimine on tundliku nahaga inimestele parim valik.<\/p>\n<p><span style=\"text-decoration: underline;\"><strong>LOODUSLIKE ELEMENTIDE OMALDAV V\u00c4RSKE UNES\u00d5LM <\/strong><\/span><\/p>\n<p>Eelistame t\u00e4ielikult taastuvaid ja looduslikke ressursse, et koostada teile \u00fclima uneelamuse. Need looduskomponendid soodustavad \u00f5huringlust \u00fcmber keha, luues ideaalse une keskkonna.<\/p>\n<p>Looduslikud materjalid osutuvad nahaga otsese kontakti puhul mugavamaks ja sobivamaks kui petrokeemiat\u00f6\u00f6stusest saadud materjalid.<\/p>\n<p>SleepCity orgaanilise puuvilla vooditarvete valmistamisel kasutatakse ainult looduslikke materjale nagu siid, puuvill v\u00f5i meriinovill.<\/p>\n<p>Selles keskkonnas soodustatakse loomulikku \u00f5huringlust ja niiskuse reguleerimist &#8211; ilma kummi-, pol\u00fcuretaan- v\u00f5i lateksvahuta.<\/p>\n<p><b>Niidiloend<\/b>: 270<\/p>\n<p>Sertifitseeritud orgaaniline puuvill,<\/p>\n<p>Toodetud Saksamaal<\/p>\n<p>\u00d6ko-Tex 100 sertifitseeritud<\/p>\n<p>Pleegitamata puuvillane kangas<\/p>\n<p>Hoolikalt k\u00e4sitsi valmistatud Euroopas<\/p>\n<p><strong>Avasta orgaanilise puuvilla positiivsed omadused:<\/strong><\/p>\n<p>\u2022 Orgaaniline puuvill on k\u00f5ige turvalisem valik tundliku nahaga inimestele, kuna see l\u00e4bib keemiliste ainete ja karmide pesuvahendite t\u00f6\u00f6tlemist.<\/p>\n<p>\u2022 Kanga hingavus eristab orgaanilist puuvilla s\u00fcnteetilistest materjalidest, mis selle omaduse puudumisel soodustavad hoopis higistamist.<\/p>\n<p>\u2022 Imikutele ja lastele kaitseb orgaaniline puuvill nende areneva keha jaoks olulise toksiinidega kokkupuute eest.<\/p>\n<p>\u2022 Erinevalt teistest kiududest ei kogune puuvill staatikat. Seet\u00f5ttu on tolmupeetus v\u00f5i meelitamine minimaalne v\u00f5i praktiliselt olematu.<\/p>\n<p>\u2022 Sertifitseeritud orgaaniline puuvill kasvatatakse pestitsiidideta ja insektitsiidideta p\u00f5ldudel.\u00a0 Puuvillakiudude t\u00f6\u00f6tlemine toimub keskkonnas\u00f5bralikes tingimustes, ilma kahjulike aineteta.<\/p>\n<p>\u2022 Meie orgaanilised puuvillalademed j\u00e4\u00e4vad pleegitamata ja neid ei looda tavap\u00e4raselt kasutavate v\u00e4rvainete abil, mis sageli sisaldavad raskemetalle.<\/p>\n<p>\u2022 V\u00f5rreldes tavalise voodipesuga on orgaanilisest puuvillast voodipesu tavaliselt tugevam ja vastupidavam t\u00e4nu keemilise t\u00f6\u00f6tlemise negatiivsele m\u00f5jule kiudude tugevusele.<\/p>\n","protected":false},"featured_media":5524,"comment_status":"open","ping_status":"closed","template":"","meta":{"_monsterinsights_skip_tracking":false,"_monsterinsights_sitenote_active":false,"_monsterinsights_sitenote_note":"","_monsterinsights_sitenote_category":0},"product_brand":[],"product_cat":[265,90],"product_tag":[252,254,253],"class_list":{"0":"post-5523","1":"product","2":"type-product","3":"status-publish","4":"has-post-thumbnail","6":"product_cat-sleepcity-orgaaniline-voodipesu","7":"product_cat-voodipesu","8":"product_tag-orgaaniline","9":"product_tag-pehme","10":"product_tag-voodipesu","12":"first","13":"instock","14":"sale","15":"taxable","16":"shipping-taxable","17":"purchasable","18":"product-type-variable"},"yoast_head":"<!-- This site is optimized with the Yoast SEO plugin v27.3 - https:\/\/yoast.com\/product\/yoast-seo-wordpress\/ -->\n<title>SleepCity orgaaniline voodipesu komplekt - SleepCity - Hea Une Valem<\/title>\n<meta name=\"description\" content=\"SleepCity voodipesu ja voodilinad on valmistatud 100% pika kiuga kammitud orgaanilisest puuvillast perkaal, need linad kiirgavad elegantsi ja vastupidavust, tagades ennen\u00e4gematu une kvaliteedi.\" \/>\n<meta name=\"robots\" content=\"index, follow, max-snippet:-1, max-image-preview:large, max-video-preview:-1\" \/>\n<link rel=\"canonical\" href=\"https:\/\/sleepcity.ee\/toode\/sleepcity-orgaaniline-voodipesu-komplekt\/\" \/>\n<meta property=\"og:locale\" content=\"et_EE\" \/>\n<meta property=\"og:type\" content=\"article\" \/>\n<meta property=\"og:title\" content=\"SleepCity orgaaniline voodipesu komplekt - SleepCity - Hea Une Valem\" \/>\n<meta property=\"og:description\" content=\"SleepCity voodipesu ja voodilinad on valmistatud 100% pika kiuga kammitud orgaanilisest puuvillast perkaal, need linad kiirgavad elegantsi ja vastupidavust, tagades ennen\u00e4gematu une kvaliteedi.\" \/>\n<meta property=\"og:url\" content=\"https:\/\/sleepcity.ee\/toode\/sleepcity-orgaaniline-voodipesu-komplekt\/\" \/>\n<meta property=\"og:site_name\" content=\"SleepCity - Hea Une Valem\" \/>\n<meta property=\"article:publisher\" content=\"http:\/\/www.fb.com\/TempurEstonia\" \/>\n<meta property=\"article:modified_time\" content=\"2025-04-26T08:01:01+00:00\" \/>\n<meta property=\"og:image\" content=\"https:\/\/sleepcity.ee\/wp-content\/uploads\/2023\/09\/organic-bedding-set.jpeg\" \/>\n\t<meta property=\"og:image:width\" content=\"1600\" \/>\n\t<meta property=\"og:image:height\" content=\"900\" \/>\n\t<meta property=\"og:image:type\" content=\"image\/jpeg\" \/>\n<meta name=\"twitter:card\" content=\"summary_large_image\" \/>\n<meta name=\"twitter:label1\" content=\"Est. reading time\" \/>\n\t<meta name=\"twitter:data1\" content=\"1 minut\" \/>\n<script type=\"application\/ld+json\" class=\"yoast-schema-graph\">{\"@context\":\"https:\\\/\\\/schema.org\",\"@graph\":[{\"@type\":\"WebPage\",\"@id\":\"https:\\\/\\\/sleepcity.ee\\\/toode\\\/sleepcity-orgaaniline-voodipesu-komplekt\\\/\",\"url\":\"https:\\\/\\\/sleepcity.ee\\\/toode\\\/sleepcity-orgaaniline-voodipesu-komplekt\\\/\",\"name\":\"SleepCity orgaaniline voodipesu komplekt - SleepCity - Hea Une Valem\",\"isPartOf\":{\"@id\":\"https:\\\/\\\/sleepcity.ee\\\/#website\"},\"primaryImageOfPage\":{\"@id\":\"https:\\\/\\\/sleepcity.ee\\\/toode\\\/sleepcity-orgaaniline-voodipesu-komplekt\\\/#primaryimage\"},\"image\":{\"@id\":\"https:\\\/\\\/sleepcity.ee\\\/toode\\\/sleepcity-orgaaniline-voodipesu-komplekt\\\/#primaryimage\"},\"thumbnailUrl\":\"https:\\\/\\\/sleepcity.ee\\\/wp-content\\\/uploads\\\/2023\\\/09\\\/organic-bedding-set.jpeg\",\"datePublished\":\"2023-09-07T14:21:09+00:00\",\"dateModified\":\"2025-04-26T08:01:01+00:00\",\"description\":\"SleepCity voodipesu ja voodilinad on valmistatud 100% pika kiuga kammitud orgaanilisest puuvillast perkaal, need linad kiirgavad elegantsi ja vastupidavust, tagades ennen\u00e4gematu une kvaliteedi.\",\"breadcrumb\":{\"@id\":\"https:\\\/\\\/sleepcity.ee\\\/toode\\\/sleepcity-orgaaniline-voodipesu-komplekt\\\/#breadcrumb\"},\"inLanguage\":\"et\",\"potentialAction\":[{\"@type\":\"ReadAction\",\"target\":[\"https:\\\/\\\/sleepcity.ee\\\/toode\\\/sleepcity-orgaaniline-voodipesu-komplekt\\\/\"]}]},{\"@type\":\"ImageObject\",\"inLanguage\":\"et\",\"@id\":\"https:\\\/\\\/sleepcity.ee\\\/toode\\\/sleepcity-orgaaniline-voodipesu-komplekt\\\/#primaryimage\",\"url\":\"https:\\\/\\\/sleepcity.ee\\\/wp-content\\\/uploads\\\/2023\\\/09\\\/organic-bedding-set.jpeg\",\"contentUrl\":\"https:\\\/\\\/sleepcity.ee\\\/wp-content\\\/uploads\\\/2023\\\/09\\\/organic-bedding-set.jpeg\",\"width\":1600,\"height\":900},{\"@type\":\"BreadcrumbList\",\"@id\":\"https:\\\/\\\/sleepcity.ee\\\/toode\\\/sleepcity-orgaaniline-voodipesu-komplekt\\\/#breadcrumb\",\"itemListElement\":[{\"@type\":\"ListItem\",\"position\":1,\"name\":\"Home\",\"item\":\"https:\\\/\\\/www.sleepcity.ee\\\/\"},{\"@type\":\"ListItem\",\"position\":2,\"name\":\"Pood\",\"item\":\"https:\\\/\\\/sleepcity.ee\\\/pood\\\/\"},{\"@type\":\"ListItem\",\"position\":3,\"name\":\"SleepCity orgaaniline voodipesu komplekt\"}]},{\"@type\":\"WebSite\",\"@id\":\"https:\\\/\\\/sleepcity.ee\\\/#website\",\"url\":\"https:\\\/\\\/sleepcity.ee\\\/\",\"name\":\"Tempur Shop\",\"description\":\"TEMPUR madratsid, voodid, padjad ja muud unetooted.\",\"publisher\":{\"@id\":\"https:\\\/\\\/sleepcity.ee\\\/#organization\"},\"potentialAction\":[{\"@type\":\"SearchAction\",\"target\":{\"@type\":\"EntryPoint\",\"urlTemplate\":\"https:\\\/\\\/sleepcity.ee\\\/?s={search_term_string}\"},\"query-input\":{\"@type\":\"PropertyValueSpecification\",\"valueRequired\":true,\"valueName\":\"search_term_string\"}}],\"inLanguage\":\"et\"},{\"@type\":\"Organization\",\"@id\":\"https:\\\/\\\/sleepcity.ee\\\/#organization\",\"name\":\"VG Design O\u00dc\",\"url\":\"https:\\\/\\\/sleepcity.ee\\\/\",\"logo\":{\"@type\":\"ImageObject\",\"inLanguage\":\"et\",\"@id\":\"https:\\\/\\\/sleepcity.ee\\\/#\\\/schema\\\/logo\\\/image\\\/\",\"url\":\"https:\\\/\\\/sleepcity.ee\\\/wp-content\\\/uploads\\\/2023\\\/09\\\/sleepcity_logo.png\",\"contentUrl\":\"https:\\\/\\\/sleepcity.ee\\\/wp-content\\\/uploads\\\/2023\\\/09\\\/sleepcity_logo.png\",\"width\":1034,\"height\":318,\"caption\":\"VG Design O\u00dc\"},\"image\":{\"@id\":\"https:\\\/\\\/sleepcity.ee\\\/#\\\/schema\\\/logo\\\/image\\\/\"},\"sameAs\":[\"http:\\\/\\\/www.fb.com\\\/TempurEstonia\",\"http:\\\/\\\/www.instagram.com\\\/tempurestonia\"]}]}<\/script>\n<!-- \/ Yoast SEO plugin. -->","yoast_head_json":{"title":"SleepCity orgaaniline voodipesu komplekt - SleepCity - Hea Une Valem","description":"SleepCity voodipesu ja voodilinad on valmistatud 100% pika kiuga kammitud orgaanilisest puuvillast perkaal, need linad kiirgavad elegantsi ja vastupidavust, tagades ennen\u00e4gematu une kvaliteedi.","robots":{"index":"index","follow":"follow","max-snippet":"max-snippet:-1","max-image-preview":"max-image-preview:large","max-video-preview":"max-video-preview:-1"},"canonical":"https:\/\/sleepcity.ee\/toode\/sleepcity-orgaaniline-voodipesu-komplekt\/","og_locale":"et_EE","og_type":"article","og_title":"SleepCity orgaaniline voodipesu komplekt - SleepCity - Hea Une Valem","og_description":"SleepCity voodipesu ja voodilinad on valmistatud 100% pika kiuga kammitud orgaanilisest puuvillast perkaal, need linad kiirgavad elegantsi ja vastupidavust, tagades ennen\u00e4gematu une kvaliteedi.","og_url":"https:\/\/sleepcity.ee\/toode\/sleepcity-orgaaniline-voodipesu-komplekt\/","og_site_name":"SleepCity - Hea Une Valem","article_publisher":"http:\/\/www.fb.com\/TempurEstonia","article_modified_time":"2025-04-26T08:01:01+00:00","og_image":[{"width":1600,"height":900,"url":"https:\/\/sleepcity.ee\/wp-content\/uploads\/2023\/09\/organic-bedding-set.jpeg","type":"image\/jpeg"}],"twitter_card":"summary_large_image","twitter_misc":{"Est. reading time":"1 minut"},"schema":{"@context":"https:\/\/schema.org","@graph":[{"@type":"WebPage","@id":"https:\/\/sleepcity.ee\/toode\/sleepcity-orgaaniline-voodipesu-komplekt\/","url":"https:\/\/sleepcity.ee\/toode\/sleepcity-orgaaniline-voodipesu-komplekt\/","name":"SleepCity orgaaniline voodipesu komplekt - SleepCity - Hea Une Valem","isPartOf":{"@id":"https:\/\/sleepcity.ee\/#website"},"primaryImageOfPage":{"@id":"https:\/\/sleepcity.ee\/toode\/sleepcity-orgaaniline-voodipesu-komplekt\/#primaryimage"},"image":{"@id":"https:\/\/sleepcity.ee\/toode\/sleepcity-orgaaniline-voodipesu-komplekt\/#primaryimage"},"thumbnailUrl":"https:\/\/sleepcity.ee\/wp-content\/uploads\/2023\/09\/organic-bedding-set.jpeg","datePublished":"2023-09-07T14:21:09+00:00","dateModified":"2025-04-26T08:01:01+00:00","description":"SleepCity voodipesu ja voodilinad on valmistatud 100% pika kiuga kammitud orgaanilisest puuvillast perkaal, need linad kiirgavad elegantsi ja vastupidavust, tagades ennen\u00e4gematu une kvaliteedi.","breadcrumb":{"@id":"https:\/\/sleepcity.ee\/toode\/sleepcity-orgaaniline-voodipesu-komplekt\/#breadcrumb"},"inLanguage":"et","potentialAction":[{"@type":"ReadAction","target":["https:\/\/sleepcity.ee\/toode\/sleepcity-orgaaniline-voodipesu-komplekt\/"]}]},{"@type":"ImageObject","inLanguage":"et","@id":"https:\/\/sleepcity.ee\/toode\/sleepcity-orgaaniline-voodipesu-komplekt\/#primaryimage","url":"https:\/\/sleepcity.ee\/wp-content\/uploads\/2023\/09\/organic-bedding-set.jpeg","contentUrl":"https:\/\/sleepcity.ee\/wp-content\/uploads\/2023\/09\/organic-bedding-set.jpeg","width":1600,"height":900},{"@type":"BreadcrumbList","@id":"https:\/\/sleepcity.ee\/toode\/sleepcity-orgaaniline-voodipesu-komplekt\/#breadcrumb","itemListElement":[{"@type":"ListItem","position":1,"name":"Home","item":"https:\/\/www.sleepcity.ee\/"},{"@type":"ListItem","position":2,"name":"Pood","item":"https:\/\/sleepcity.ee\/pood\/"},{"@type":"ListItem","position":3,"name":"SleepCity orgaaniline voodipesu komplekt"}]},{"@type":"WebSite","@id":"https:\/\/sleepcity.ee\/#website","url":"https:\/\/sleepcity.ee\/","name":"Tempur Shop","description":"TEMPUR madratsid, voodid, padjad ja muud unetooted.","publisher":{"@id":"https:\/\/sleepcity.ee\/#organization"},"potentialAction":[{"@type":"SearchAction","target":{"@type":"EntryPoint","urlTemplate":"https:\/\/sleepcity.ee\/?s={search_term_string}"},"query-input":{"@type":"PropertyValueSpecification","valueRequired":true,"valueName":"search_term_string"}}],"inLanguage":"et"},{"@type":"Organization","@id":"https:\/\/sleepcity.ee\/#organization","name":"VG Design O\u00dc","url":"https:\/\/sleepcity.ee\/","logo":{"@type":"ImageObject","inLanguage":"et","@id":"https:\/\/sleepcity.ee\/#\/schema\/logo\/image\/","url":"https:\/\/sleepcity.ee\/wp-content\/uploads\/2023\/09\/sleepcity_logo.png","contentUrl":"https:\/\/sleepcity.ee\/wp-content\/uploads\/2023\/09\/sleepcity_logo.png","width":1034,"height":318,"caption":"VG Design O\u00dc"},"image":{"@id":"https:\/\/sleepcity.ee\/#\/schema\/logo\/image\/"},"sameAs":["http:\/\/www.fb.com\/TempurEstonia","http:\/\/www.instagram.com\/tempurestonia"]}]}},"_links":{"self":[{"href":"https:\/\/sleepcity.ee\/wp-json\/wp\/v2\/product\/5523","targetHints":{"allow":["GET"]}}],"collection":[{"href":"https:\/\/sleepcity.ee\/wp-json\/wp\/v2\/product"}],"about":[{"href":"https:\/\/sleepcity.ee\/wp-json\/wp\/v2\/types\/product"}],"replies":[{"embeddable":true,"href":"https:\/\/sleepcity.ee\/wp-json\/wp\/v2\/comments?post=5523"}],"wp:featuredmedia":[{"embeddable":true,"href":"https:\/\/sleepcity.ee\/wp-json\/wp\/v2\/media\/5524"}],"wp:attachment":[{"href":"https:\/\/sleepcity.ee\/wp-json\/wp\/v2\/media?parent=5523"}],"wp:term":[{"taxonomy":"product_brand","embeddable":true,"href":"https:\/\/sleepcity.ee\/wp-json\/wp\/v2\/product_brand?post=5523"},{"taxonomy":"product_cat","embeddable":true,"href":"https:\/\/sleepcity.ee\/wp-json\/wp\/v2\/product_cat?post=5523"},{"taxonomy":"product_tag","embeddable":true,"href":"https:\/\/sleepcity.ee\/wp-json\/wp\/v2\/product_tag?post=5523"}],"curies":[{"name":"wp","href":"https:\/\/api.w.org\/{rel}","templated":true}]}}