{"id":5543,"date":"2023-09-11T15:09:35","date_gmt":"2023-09-11T15:09:35","guid":{"rendered":"https:\/\/sleepcity.ee\/?post_type=product&#038;p=5543"},"modified":"2024-02-01T00:00:32","modified_gmt":"2024-02-01T00:00:32","slug":"sleepcity-madrats-natura","status":"publish","type":"product","link":"https:\/\/sleepcity.ee\/toode\/sleepcity-madrats-natura\/","title":{"rendered":"SleepCity madrats NATURA"},"content":{"rendered":"<p><strong>MADRATSI KATE on valmistatud orgaanilisest puuvillast.<\/strong><\/p>\n<p>Orgaaniline puuvill on maailmas k\u00f5ige populaarsem kangas. See on meeldiv, mugav, h\u00fcpoallergeenne, ei \u00e4rrita nahka ega tekita allergiat.<\/p>\n<p>Puuvill on looduslik toode, see on v\u00e4ga \u00f5huline ja juhib suurep\u00e4raselt niiskust \u00e4ra, s\u00e4ilitades seel\u00e4bi kuiva kliima.\u00a0Samuti on sellel v\u00f5ime kehasoojust hajutada ja higistamist v\u00e4hendada.<\/p>\n<p>Orgaanilist puuvilla kasvatatakse looduslikul viisil, ilma pestitsiide, herbitsiide, keemilisi v\u00e4etisi ja insektitsiide kasutamata.<\/p>\n<p>Kasutades mahepuuvillatooteid aitame kaitsta keskkonda ja arengumaade inimeste tervist. Kate on varustatud k\u00e4epidemetega.<\/p>\n<p><strong>MADRATSI kihid<\/strong>\u2013 4 cm TALALAY LATEKS \u2013 4 cm \u0160veitsi vaht Evo Pore HRC \u2013 15 cm HYROLATEX<\/p>\n<p><strong>Madratsi k\u00f5rgus<\/strong>:\u00a0 26cm<\/p>\n<p>Madratsikatet saab pesta 60 kraadi juures.<\/p>\n","protected":false},"excerpt":{"rendered":"<h1>SleepCity Natura<\/h1>\n<p><strong><span class=\"strong_collection\">EKSKLUSIIVNE\u00a0<\/span>KOLLEKTSIOON<\/strong><\/p>\n<p class=\"product_description\">Parim valik klientidele, kes otsivad oma madratsis looduslikke materjale.<\/p>\n<p class=\"product_description\">LATEX TALALAY ja Swiss Evo Pore HRC vaht koos pakuvad v\u00f5rratut mugavust.<\/p>\n<p class=\"product_description\">Ainulaadne tootmistehnika (materjali vulkaniseerimine ja terav k\u00fclmutamine) annab TALALAY LATEXile v\u00f5rreldamatud omadused.<\/p>\n<p class=\"product_description\">See on \u00e4\u00e4rmiselt elastne ja ainus lateksit\u00fc\u00fcp, millel on avatud raku struktuur, mis t\u00e4hendab, et see on v\u00e4ga \u00f5huline.<\/p>\n<p class=\"product_description\">See sisaldab ka \u00fcle normi looduslikke koostisosi.<\/p>\n<p class=\"product_description\">\u00a0Evo Pore HRC vaht on tuntud oma kohanemisv\u00f5ime, vetruvuse ja \u00f5hulisuse ning eelk\u00f5ige selle poolest, et see s\u00e4ilitab oma erakordsed omadused.<\/p>\n<p class=\"product_description\">Madratsi raskuse kandev\u00f5ime ja ekstra vetruvuse annab HYDROLATEX poroloon, mida kasutatakse madratsi keskel.<\/p>\n<p class=\"product_description\">SleepCity Natura madrats on on j\u00e4igemat sorti ja on ainulaadne, sest see sobib kasutajatele kaaluga\u00a0 kuni 190 kg.<\/p>\n<p class=\"product_description\">See saavutatakse, suurendades j\u00e4rk-j\u00e4rgult madratsi tugevust koormatud alalt s\u00fcdamiku keskkoha suunas. \u00dclemised alad pakuvad maksimaalset mugavust, v\u00f5imaldades kasutajal vajuda s\u00fcgavamale madratsisse ja saada teadlikumaks t\u00f5usvast j\u00e4ikusest. See suurendab j\u00e4rk-j\u00e4rgult toetust, mida madrats selgroole pakub.<\/p>\n<p class=\"product_description\">Kasutatud materjalide erakordne kvaliteet t\u00e4hendab, et NATURA madratsil on 10-aastane garantii.<\/p>\n","protected":false},"featured_media":5544,"comment_status":"open","ping_status":"closed","template":"","meta":{"_monsterinsights_skip_tracking":false,"_monsterinsights_sitenote_active":false,"_monsterinsights_sitenote_note":"","_monsterinsights_sitenote_category":0},"product_brand":[],"product_cat":[87,270],"product_tag":[],"class_list":{"0":"post-5543","1":"product","2":"type-product","3":"status-publish","4":"has-post-thumbnail","6":"product_cat-madratsid","7":"product_cat-sleepcity-orgaanilised-madratsid","9":"first","10":"instock","11":"taxable","12":"shipping-taxable","13":"purchasable","14":"product-type-variable"},"yoast_head":"<!-- This site is optimized with the Yoast SEO plugin v27.3 - https:\/\/yoast.com\/product\/yoast-seo-wordpress\/ -->\n<title>SleepCity madrats NATURA - SleepCity - Hea Une Valem<\/title>\n<meta name=\"description\" content=\"EKSKLUSIIVNE\u00a0KOLLEKTSIOON! Parim valik klientidele, kes otsivad oma madratsis looduslikke materjale.\u00a0LATEX TALALAY ja Swiss Evo Pore HRC vaht koos pakuvad v\u00f5rratut mugavust.\u00a0\" \/>\n<meta name=\"robots\" content=\"index, follow, max-snippet:-1, max-image-preview:large, max-video-preview:-1\" \/>\n<link rel=\"canonical\" href=\"https:\/\/www.sleepcity.ee\/toode\/sleepcity-madrats-natura\/\" \/>\n<meta property=\"og:locale\" content=\"et_EE\" \/>\n<meta property=\"og:type\" content=\"article\" \/>\n<meta property=\"og:title\" content=\"SleepCity madrats NATURA - SleepCity - Hea Une Valem\" \/>\n<meta property=\"og:description\" content=\"EKSKLUSIIVNE\u00a0KOLLEKTSIOON! Parim valik klientidele, kes otsivad oma madratsis looduslikke materjale.\u00a0LATEX TALALAY ja Swiss Evo Pore HRC vaht koos pakuvad v\u00f5rratut mugavust.\u00a0\" \/>\n<meta property=\"og:url\" content=\"https:\/\/www.sleepcity.ee\/toode\/sleepcity-madrats-natura\/\" \/>\n<meta property=\"og:site_name\" content=\"SleepCity - Hea Une Valem\" \/>\n<meta property=\"article:publisher\" content=\"http:\/\/www.fb.com\/TempurEstonia\" \/>\n<meta property=\"article:modified_time\" content=\"2024-02-01T00:00:32+00:00\" \/>\n<meta property=\"og:image\" content=\"https:\/\/sleepcity.ee\/wp-content\/uploads\/2023\/09\/ec_natura-scaled.jpg\" \/>\n\t<meta property=\"og:image:width\" content=\"2560\" \/>\n\t<meta property=\"og:image:height\" content=\"1319\" \/>\n\t<meta property=\"og:image:type\" content=\"image\/jpeg\" \/>\n<meta name=\"twitter:card\" content=\"summary_large_image\" \/>\n<meta name=\"twitter:label1\" content=\"Est. reading time\" \/>\n\t<meta name=\"twitter:data1\" content=\"1 minut\" \/>\n<script type=\"application\/ld+json\" class=\"yoast-schema-graph\">{\"@context\":\"https:\\\/\\\/schema.org\",\"@graph\":[{\"@type\":\"WebPage\",\"@id\":\"https:\\\/\\\/www.sleepcity.ee\\\/toode\\\/sleepcity-madrats-natura\\\/\",\"url\":\"https:\\\/\\\/www.sleepcity.ee\\\/toode\\\/sleepcity-madrats-natura\\\/\",\"name\":\"SleepCity madrats NATURA - SleepCity - Hea Une Valem\",\"isPartOf\":{\"@id\":\"https:\\\/\\\/sleepcity.ee\\\/#website\"},\"primaryImageOfPage\":{\"@id\":\"https:\\\/\\\/www.sleepcity.ee\\\/toode\\\/sleepcity-madrats-natura\\\/#primaryimage\"},\"image\":{\"@id\":\"https:\\\/\\\/www.sleepcity.ee\\\/toode\\\/sleepcity-madrats-natura\\\/#primaryimage\"},\"thumbnailUrl\":\"https:\\\/\\\/sleepcity.ee\\\/wp-content\\\/uploads\\\/2023\\\/09\\\/ec_natura-scaled.jpg\",\"datePublished\":\"2023-09-11T15:09:35+00:00\",\"dateModified\":\"2024-02-01T00:00:32+00:00\",\"description\":\"EKSKLUSIIVNE\u00a0KOLLEKTSIOON! Parim valik klientidele, kes otsivad oma madratsis looduslikke materjale.\u00a0LATEX TALALAY ja Swiss Evo Pore HRC vaht koos pakuvad v\u00f5rratut mugavust.\u00a0\",\"breadcrumb\":{\"@id\":\"https:\\\/\\\/www.sleepcity.ee\\\/toode\\\/sleepcity-madrats-natura\\\/#breadcrumb\"},\"inLanguage\":\"et\",\"potentialAction\":[{\"@type\":\"ReadAction\",\"target\":[\"https:\\\/\\\/www.sleepcity.ee\\\/toode\\\/sleepcity-madrats-natura\\\/\"]}]},{\"@type\":\"ImageObject\",\"inLanguage\":\"et\",\"@id\":\"https:\\\/\\\/www.sleepcity.ee\\\/toode\\\/sleepcity-madrats-natura\\\/#primaryimage\",\"url\":\"https:\\\/\\\/sleepcity.ee\\\/wp-content\\\/uploads\\\/2023\\\/09\\\/ec_natura-scaled.jpg\",\"contentUrl\":\"https:\\\/\\\/sleepcity.ee\\\/wp-content\\\/uploads\\\/2023\\\/09\\\/ec_natura-scaled.jpg\",\"width\":2560,\"height\":1319},{\"@type\":\"BreadcrumbList\",\"@id\":\"https:\\\/\\\/www.sleepcity.ee\\\/toode\\\/sleepcity-madrats-natura\\\/#breadcrumb\",\"itemListElement\":[{\"@type\":\"ListItem\",\"position\":1,\"name\":\"Home\",\"item\":\"https:\\\/\\\/www.sleepcity.ee\\\/\"},{\"@type\":\"ListItem\",\"position\":2,\"name\":\"Pood\",\"item\":\"https:\\\/\\\/sleepcity.ee\\\/pood\\\/\"},{\"@type\":\"ListItem\",\"position\":3,\"name\":\"SleepCity madrats NATURA\"}]},{\"@type\":\"WebSite\",\"@id\":\"https:\\\/\\\/sleepcity.ee\\\/#website\",\"url\":\"https:\\\/\\\/sleepcity.ee\\\/\",\"name\":\"Tempur Shop\",\"description\":\"TEMPUR madratsid, voodid, padjad ja muud unetooted.\",\"publisher\":{\"@id\":\"https:\\\/\\\/sleepcity.ee\\\/#organization\"},\"potentialAction\":[{\"@type\":\"SearchAction\",\"target\":{\"@type\":\"EntryPoint\",\"urlTemplate\":\"https:\\\/\\\/sleepcity.ee\\\/?s={search_term_string}\"},\"query-input\":{\"@type\":\"PropertyValueSpecification\",\"valueRequired\":true,\"valueName\":\"search_term_string\"}}],\"inLanguage\":\"et\"},{\"@type\":\"Organization\",\"@id\":\"https:\\\/\\\/sleepcity.ee\\\/#organization\",\"name\":\"VG Design O\u00dc\",\"url\":\"https:\\\/\\\/sleepcity.ee\\\/\",\"logo\":{\"@type\":\"ImageObject\",\"inLanguage\":\"et\",\"@id\":\"https:\\\/\\\/sleepcity.ee\\\/#\\\/schema\\\/logo\\\/image\\\/\",\"url\":\"https:\\\/\\\/sleepcity.ee\\\/wp-content\\\/uploads\\\/2023\\\/09\\\/sleepcity_logo.png\",\"contentUrl\":\"https:\\\/\\\/sleepcity.ee\\\/wp-content\\\/uploads\\\/2023\\\/09\\\/sleepcity_logo.png\",\"width\":1034,\"height\":318,\"caption\":\"VG Design O\u00dc\"},\"image\":{\"@id\":\"https:\\\/\\\/sleepcity.ee\\\/#\\\/schema\\\/logo\\\/image\\\/\"},\"sameAs\":[\"http:\\\/\\\/www.fb.com\\\/TempurEstonia\",\"http:\\\/\\\/www.instagram.com\\\/tempurestonia\"]}]}<\/script>\n<!-- \/ Yoast SEO plugin. -->","yoast_head_json":{"title":"SleepCity madrats NATURA - SleepCity - Hea Une Valem","description":"EKSKLUSIIVNE\u00a0KOLLEKTSIOON! Parim valik klientidele, kes otsivad oma madratsis looduslikke materjale.\u00a0LATEX TALALAY ja Swiss Evo Pore HRC vaht koos pakuvad v\u00f5rratut mugavust.\u00a0","robots":{"index":"index","follow":"follow","max-snippet":"max-snippet:-1","max-image-preview":"max-image-preview:large","max-video-preview":"max-video-preview:-1"},"canonical":"https:\/\/www.sleepcity.ee\/toode\/sleepcity-madrats-natura\/","og_locale":"et_EE","og_type":"article","og_title":"SleepCity madrats NATURA - SleepCity - Hea Une Valem","og_description":"EKSKLUSIIVNE\u00a0KOLLEKTSIOON! Parim valik klientidele, kes otsivad oma madratsis looduslikke materjale.\u00a0LATEX TALALAY ja Swiss Evo Pore HRC vaht koos pakuvad v\u00f5rratut mugavust.\u00a0","og_url":"https:\/\/www.sleepcity.ee\/toode\/sleepcity-madrats-natura\/","og_site_name":"SleepCity - Hea Une Valem","article_publisher":"http:\/\/www.fb.com\/TempurEstonia","article_modified_time":"2024-02-01T00:00:32+00:00","og_image":[{"width":2560,"height":1319,"url":"https:\/\/sleepcity.ee\/wp-content\/uploads\/2023\/09\/ec_natura-scaled.jpg","type":"image\/jpeg"}],"twitter_card":"summary_large_image","twitter_misc":{"Est. reading time":"1 minut"},"schema":{"@context":"https:\/\/schema.org","@graph":[{"@type":"WebPage","@id":"https:\/\/www.sleepcity.ee\/toode\/sleepcity-madrats-natura\/","url":"https:\/\/www.sleepcity.ee\/toode\/sleepcity-madrats-natura\/","name":"SleepCity madrats NATURA - SleepCity - Hea Une Valem","isPartOf":{"@id":"https:\/\/sleepcity.ee\/#website"},"primaryImageOfPage":{"@id":"https:\/\/www.sleepcity.ee\/toode\/sleepcity-madrats-natura\/#primaryimage"},"image":{"@id":"https:\/\/www.sleepcity.ee\/toode\/sleepcity-madrats-natura\/#primaryimage"},"thumbnailUrl":"https:\/\/sleepcity.ee\/wp-content\/uploads\/2023\/09\/ec_natura-scaled.jpg","datePublished":"2023-09-11T15:09:35+00:00","dateModified":"2024-02-01T00:00:32+00:00","description":"EKSKLUSIIVNE\u00a0KOLLEKTSIOON! Parim valik klientidele, kes otsivad oma madratsis looduslikke materjale.\u00a0LATEX TALALAY ja Swiss Evo Pore HRC vaht koos pakuvad v\u00f5rratut mugavust.\u00a0","breadcrumb":{"@id":"https:\/\/www.sleepcity.ee\/toode\/sleepcity-madrats-natura\/#breadcrumb"},"inLanguage":"et","potentialAction":[{"@type":"ReadAction","target":["https:\/\/www.sleepcity.ee\/toode\/sleepcity-madrats-natura\/"]}]},{"@type":"ImageObject","inLanguage":"et","@id":"https:\/\/www.sleepcity.ee\/toode\/sleepcity-madrats-natura\/#primaryimage","url":"https:\/\/sleepcity.ee\/wp-content\/uploads\/2023\/09\/ec_natura-scaled.jpg","contentUrl":"https:\/\/sleepcity.ee\/wp-content\/uploads\/2023\/09\/ec_natura-scaled.jpg","width":2560,"height":1319},{"@type":"BreadcrumbList","@id":"https:\/\/www.sleepcity.ee\/toode\/sleepcity-madrats-natura\/#breadcrumb","itemListElement":[{"@type":"ListItem","position":1,"name":"Home","item":"https:\/\/www.sleepcity.ee\/"},{"@type":"ListItem","position":2,"name":"Pood","item":"https:\/\/sleepcity.ee\/pood\/"},{"@type":"ListItem","position":3,"name":"SleepCity madrats NATURA"}]},{"@type":"WebSite","@id":"https:\/\/sleepcity.ee\/#website","url":"https:\/\/sleepcity.ee\/","name":"Tempur Shop","description":"TEMPUR madratsid, voodid, padjad ja muud unetooted.","publisher":{"@id":"https:\/\/sleepcity.ee\/#organization"},"potentialAction":[{"@type":"SearchAction","target":{"@type":"EntryPoint","urlTemplate":"https:\/\/sleepcity.ee\/?s={search_term_string}"},"query-input":{"@type":"PropertyValueSpecification","valueRequired":true,"valueName":"search_term_string"}}],"inLanguage":"et"},{"@type":"Organization","@id":"https:\/\/sleepcity.ee\/#organization","name":"VG Design O\u00dc","url":"https:\/\/sleepcity.ee\/","logo":{"@type":"ImageObject","inLanguage":"et","@id":"https:\/\/sleepcity.ee\/#\/schema\/logo\/image\/","url":"https:\/\/sleepcity.ee\/wp-content\/uploads\/2023\/09\/sleepcity_logo.png","contentUrl":"https:\/\/sleepcity.ee\/wp-content\/uploads\/2023\/09\/sleepcity_logo.png","width":1034,"height":318,"caption":"VG Design O\u00dc"},"image":{"@id":"https:\/\/sleepcity.ee\/#\/schema\/logo\/image\/"},"sameAs":["http:\/\/www.fb.com\/TempurEstonia","http:\/\/www.instagram.com\/tempurestonia"]}]}},"_links":{"self":[{"href":"https:\/\/sleepcity.ee\/wp-json\/wp\/v2\/product\/5543","targetHints":{"allow":["GET"]}}],"collection":[{"href":"https:\/\/sleepcity.ee\/wp-json\/wp\/v2\/product"}],"about":[{"href":"https:\/\/sleepcity.ee\/wp-json\/wp\/v2\/types\/product"}],"replies":[{"embeddable":true,"href":"https:\/\/sleepcity.ee\/wp-json\/wp\/v2\/comments?post=5543"}],"wp:featuredmedia":[{"embeddable":true,"href":"https:\/\/sleepcity.ee\/wp-json\/wp\/v2\/media\/5544"}],"wp:attachment":[{"href":"https:\/\/sleepcity.ee\/wp-json\/wp\/v2\/media?parent=5543"}],"wp:term":[{"taxonomy":"product_brand","embeddable":true,"href":"https:\/\/sleepcity.ee\/wp-json\/wp\/v2\/product_brand?post=5543"},{"taxonomy":"product_cat","embeddable":true,"href":"https:\/\/sleepcity.ee\/wp-json\/wp\/v2\/product_cat?post=5543"},{"taxonomy":"product_tag","embeddable":true,"href":"https:\/\/sleepcity.ee\/wp-json\/wp\/v2\/product_tag?post=5543"}],"curies":[{"name":"wp","href":"https:\/\/api.w.org\/{rel}","templated":true}]}}