{"id":5557,"date":"2023-09-14T10:06:37","date_gmt":"2023-09-14T10:06:37","guid":{"rendered":"https:\/\/sleepcity.ee\/?post_type=product&#038;p=5557"},"modified":"2025-05-23T17:58:59","modified_gmt":"2025-05-23T17:58:59","slug":"kattemadrats-tempur-one-5cm-korge","status":"publish","type":"product","link":"https:\/\/sleepcity.ee\/toode\/kattemadrats-tempur-one-5cm-korge\/","title":{"rendered":"Kattemadrats Tempur ONE 5cm k\u00f5rge"},"content":{"rendered":"<ul>\n<li><b>MEDIUM (keskmine) ja FIRM (j\u00e4ik) tunnetusega<br \/>\n<\/b><\/li>\n<li><strong>Sobib j\u00e4rgmistele madratsitele<\/strong> : uued vedrumadratsid, lateksmadratsid, k\u00fclmvahtmadratsid, m\u00e4luvahtmadratsid ja k\u00f5ik muud t\u00fc\u00fcpi madratsid<\/li>\n<li><strong>Pealiskatte garantii<\/strong>\u00a0: 3 aastat<\/li>\n<li><strong>Kattemadratsi garantii:<\/strong> limiteeritud 15 aastat<\/li>\n<\/ul>\n","protected":false},"excerpt":{"rendered":"<p data-start=\"206\" data-end=\"262\"><strong data-start=\"206\" data-end=\"262\">Uus tase mugavuses \u2013 isegi olemasolevale madratsile.<\/strong><\/p>\n<p data-start=\"264\" data-end=\"519\">TEMPUR ONE\u2122 kattemadrats on loodud t\u00e4iesti uue <strong data-start=\"311\" data-end=\"331\">TEMPUR\u00ae Advanced<\/strong> materjaliga, mis kohandub Sinu kehaga erakordse t\u00e4psusega. Tulemuseks on m\u00e4rgatavalt v\u00e4iksem surve kehapunktidele, parem vereringe ja s\u00fcgavam uni \u2013 olgu Su all olev madrats milline tahes.<\/p>\n<p data-start=\"521\" data-end=\"653\">Liigutades \u2013 n\u00e4iteks k\u00fclge keerates \u2013 <strong data-start=\"559\" data-end=\"602\">neelab kattemadrats v\u00f5nked ja liikumise<\/strong>, pakkudes rahulikku und ka siis, kui jagad voodit.<\/p>\n<h4 data-start=\"655\" data-end=\"685\">Mis teeb selle eriliseks?<\/h4>\n<ul data-start=\"686\" data-end=\"999\">\n<li data-start=\"686\" data-end=\"788\">\n<p data-start=\"688\" data-end=\"788\"><strong data-start=\"688\" data-end=\"717\">20% rohkem r\u00f5huleevendust<\/strong> v\u00f5rreldes varasema mudeliga \u2013 m\u00f5\u00f5detavalt parem l\u00f5\u00f5gastus ja toetus.<\/p>\n<\/li>\n<li data-start=\"789\" data-end=\"876\">\n<p data-start=\"791\" data-end=\"876\"><strong data-start=\"791\" data-end=\"819\">5 cm k\u00f5rgune mugavuskiht<\/strong>, mis muudab isegi vana madratsi v\u00e4rskeks ja toetavaks.<\/p>\n<\/li>\n<li data-start=\"877\" data-end=\"999\">\n<p data-start=\"879\" data-end=\"999\"><strong data-start=\"879\" data-end=\"908\">Eemaldatav ja pestav kate<\/strong> \u2013 tundub puudutades jahe, hoiab madratsi alati puhtana ja h\u00fcgieenilisena (pesu kuni 40\u00b0C).<\/p>\n<\/li>\n<\/ul>\n<p><em>Ideaalne lahendus, kui soovid lisada oma voodile luksusliku TEMPUR\u00ae tunnetuse \u2013 ilma kogu madratsit v\u00e4lja vahetamata.<\/em><\/p>\n","protected":false},"featured_media":5600,"comment_status":"open","ping_status":"closed","template":"","meta":{"_monsterinsights_skip_tracking":false,"_monsterinsights_sitenote_active":false,"_monsterinsights_sitenote_note":"","_monsterinsights_sitenote_category":0},"product_brand":[],"product_cat":[87,269],"product_tag":[],"class_list":{"0":"post-5557","1":"product","2":"type-product","3":"status-publish","4":"has-post-thumbnail","6":"product_cat-madratsid","7":"product_cat-tempur-kattemadratsid","8":"pa_mudel-firm","9":"pa_mudel-medium","11":"first","12":"instock","13":"sale","14":"taxable","15":"shipping-taxable","16":"purchasable","17":"product-type-variable"},"yoast_head":"<!-- This site is optimized with the Yoast SEO plugin v27.4 - https:\/\/yoast.com\/product\/yoast-seo-wordpress\/ -->\n<title>Kattemadrats Tempur ONE 5cm k\u00f5rge - SleepCity - Hea Une Valem<\/title>\n<meta name=\"description\" content=\"TEMPUR kattemadrats ONE on 5cm k\u00f5rge ja toodetud uue TEMPUR Advanced materjaliga. Kattemadrats kohandub kergesti teie kehaga, keerates k\u00fclge neelab kattemadrats liigutamisest tekkinud v\u00f5nked.\" \/>\n<meta name=\"robots\" content=\"index, follow, max-snippet:-1, max-image-preview:large, max-video-preview:-1\" \/>\n<link rel=\"canonical\" href=\"https:\/\/www.sleepcity.ee\/toode\/kattemadrats-tempur-one-5cm-korge\/\" \/>\n<meta property=\"og:locale\" content=\"et_EE\" \/>\n<meta property=\"og:type\" content=\"article\" \/>\n<meta property=\"og:title\" content=\"Kattemadrats Tempur ONE 5cm k\u00f5rge - SleepCity - Hea Une Valem\" \/>\n<meta property=\"og:description\" content=\"TEMPUR kattemadrats ONE on 5cm k\u00f5rge ja toodetud uue TEMPUR Advanced materjaliga. Kattemadrats kohandub kergesti teie kehaga, keerates k\u00fclge neelab kattemadrats liigutamisest tekkinud v\u00f5nked.\" \/>\n<meta property=\"og:url\" content=\"https:\/\/www.sleepcity.ee\/toode\/kattemadrats-tempur-one-5cm-korge\/\" \/>\n<meta property=\"og:site_name\" content=\"SleepCity - Hea Une Valem\" \/>\n<meta property=\"article:publisher\" content=\"http:\/\/www.fb.com\/TempurEstonia\" \/>\n<meta property=\"article:modified_time\" content=\"2025-05-23T17:58:59+00:00\" \/>\n<meta property=\"og:image\" content=\"https:\/\/www.sleepcity.ee\/wp-content\/uploads\/2023\/09\/tempur-topper-one-sijauspatja.jpg\" \/>\n\t<meta property=\"og:image:width\" content=\"800\" \/>\n\t<meta property=\"og:image:height\" content=\"533\" \/>\n\t<meta property=\"og:image:type\" content=\"image\/jpeg\" \/>\n<meta name=\"twitter:card\" content=\"summary_large_image\" \/>\n<meta name=\"twitter:label1\" content=\"Est. reading time\" \/>\n\t<meta name=\"twitter:data1\" content=\"1 minut\" \/>\n<script type=\"application\/ld+json\" class=\"yoast-schema-graph\">{\"@context\":\"https:\\\/\\\/schema.org\",\"@graph\":[{\"@type\":\"WebPage\",\"@id\":\"https:\\\/\\\/www.sleepcity.ee\\\/toode\\\/kattemadrats-tempur-one-5cm-korge\\\/\",\"url\":\"https:\\\/\\\/www.sleepcity.ee\\\/toode\\\/kattemadrats-tempur-one-5cm-korge\\\/\",\"name\":\"Kattemadrats Tempur ONE 5cm k\u00f5rge - SleepCity - Hea Une Valem\",\"isPartOf\":{\"@id\":\"https:\\\/\\\/sleepcity.ee\\\/#website\"},\"primaryImageOfPage\":{\"@id\":\"https:\\\/\\\/www.sleepcity.ee\\\/toode\\\/kattemadrats-tempur-one-5cm-korge\\\/#primaryimage\"},\"image\":{\"@id\":\"https:\\\/\\\/www.sleepcity.ee\\\/toode\\\/kattemadrats-tempur-one-5cm-korge\\\/#primaryimage\"},\"thumbnailUrl\":\"https:\\\/\\\/sleepcity.ee\\\/wp-content\\\/uploads\\\/2023\\\/09\\\/tempur-topper-one-sijauspatja.jpg\",\"datePublished\":\"2023-09-14T10:06:37+00:00\",\"dateModified\":\"2025-05-23T17:58:59+00:00\",\"description\":\"TEMPUR kattemadrats ONE on 5cm k\u00f5rge ja toodetud uue TEMPUR Advanced materjaliga. Kattemadrats kohandub kergesti teie kehaga, keerates k\u00fclge neelab kattemadrats liigutamisest tekkinud v\u00f5nked.\",\"breadcrumb\":{\"@id\":\"https:\\\/\\\/www.sleepcity.ee\\\/toode\\\/kattemadrats-tempur-one-5cm-korge\\\/#breadcrumb\"},\"inLanguage\":\"et\",\"potentialAction\":[{\"@type\":\"ReadAction\",\"target\":[\"https:\\\/\\\/www.sleepcity.ee\\\/toode\\\/kattemadrats-tempur-one-5cm-korge\\\/\"]}]},{\"@type\":\"ImageObject\",\"inLanguage\":\"et\",\"@id\":\"https:\\\/\\\/www.sleepcity.ee\\\/toode\\\/kattemadrats-tempur-one-5cm-korge\\\/#primaryimage\",\"url\":\"https:\\\/\\\/sleepcity.ee\\\/wp-content\\\/uploads\\\/2023\\\/09\\\/tempur-topper-one-sijauspatja.jpg\",\"contentUrl\":\"https:\\\/\\\/sleepcity.ee\\\/wp-content\\\/uploads\\\/2023\\\/09\\\/tempur-topper-one-sijauspatja.jpg\",\"width\":800,\"height\":533},{\"@type\":\"BreadcrumbList\",\"@id\":\"https:\\\/\\\/www.sleepcity.ee\\\/toode\\\/kattemadrats-tempur-one-5cm-korge\\\/#breadcrumb\",\"itemListElement\":[{\"@type\":\"ListItem\",\"position\":1,\"name\":\"Home\",\"item\":\"https:\\\/\\\/sleepcity.ee\\\/\"},{\"@type\":\"ListItem\",\"position\":2,\"name\":\"Pood\",\"item\":\"https:\\\/\\\/sleepcity.ee\\\/pood\\\/\"},{\"@type\":\"ListItem\",\"position\":3,\"name\":\"Kattemadrats Tempur ONE 5cm k\u00f5rge\"}]},{\"@type\":\"WebSite\",\"@id\":\"https:\\\/\\\/sleepcity.ee\\\/#website\",\"url\":\"https:\\\/\\\/sleepcity.ee\\\/\",\"name\":\"Tempur Shop\",\"description\":\"TEMPUR madratsid, voodid, padjad ja muud unetooted.\",\"publisher\":{\"@id\":\"https:\\\/\\\/sleepcity.ee\\\/#organization\"},\"potentialAction\":[{\"@type\":\"SearchAction\",\"target\":{\"@type\":\"EntryPoint\",\"urlTemplate\":\"https:\\\/\\\/sleepcity.ee\\\/?s={search_term_string}\"},\"query-input\":{\"@type\":\"PropertyValueSpecification\",\"valueRequired\":true,\"valueName\":\"search_term_string\"}}],\"inLanguage\":\"et\"},{\"@type\":\"Organization\",\"@id\":\"https:\\\/\\\/sleepcity.ee\\\/#organization\",\"name\":\"VG Design O\u00dc\",\"url\":\"https:\\\/\\\/sleepcity.ee\\\/\",\"logo\":{\"@type\":\"ImageObject\",\"inLanguage\":\"et\",\"@id\":\"https:\\\/\\\/sleepcity.ee\\\/#\\\/schema\\\/logo\\\/image\\\/\",\"url\":\"https:\\\/\\\/sleepcity.ee\\\/wp-content\\\/uploads\\\/2023\\\/09\\\/sleepcity_logo.png\",\"contentUrl\":\"https:\\\/\\\/sleepcity.ee\\\/wp-content\\\/uploads\\\/2023\\\/09\\\/sleepcity_logo.png\",\"width\":1034,\"height\":318,\"caption\":\"VG Design O\u00dc\"},\"image\":{\"@id\":\"https:\\\/\\\/sleepcity.ee\\\/#\\\/schema\\\/logo\\\/image\\\/\"},\"sameAs\":[\"http:\\\/\\\/www.fb.com\\\/TempurEstonia\",\"http:\\\/\\\/www.instagram.com\\\/tempurestonia\"]}]}<\/script>\n<!-- \/ Yoast SEO plugin. -->","yoast_head_json":{"title":"Kattemadrats Tempur ONE 5cm k\u00f5rge - SleepCity - Hea Une Valem","description":"TEMPUR kattemadrats ONE on 5cm k\u00f5rge ja toodetud uue TEMPUR Advanced materjaliga. Kattemadrats kohandub kergesti teie kehaga, keerates k\u00fclge neelab kattemadrats liigutamisest tekkinud v\u00f5nked.","robots":{"index":"index","follow":"follow","max-snippet":"max-snippet:-1","max-image-preview":"max-image-preview:large","max-video-preview":"max-video-preview:-1"},"canonical":"https:\/\/www.sleepcity.ee\/toode\/kattemadrats-tempur-one-5cm-korge\/","og_locale":"et_EE","og_type":"article","og_title":"Kattemadrats Tempur ONE 5cm k\u00f5rge - SleepCity - Hea Une Valem","og_description":"TEMPUR kattemadrats ONE on 5cm k\u00f5rge ja toodetud uue TEMPUR Advanced materjaliga. Kattemadrats kohandub kergesti teie kehaga, keerates k\u00fclge neelab kattemadrats liigutamisest tekkinud v\u00f5nked.","og_url":"https:\/\/www.sleepcity.ee\/toode\/kattemadrats-tempur-one-5cm-korge\/","og_site_name":"SleepCity - Hea Une Valem","article_publisher":"http:\/\/www.fb.com\/TempurEstonia","article_modified_time":"2025-05-23T17:58:59+00:00","og_image":[{"width":800,"height":533,"url":"https:\/\/www.sleepcity.ee\/wp-content\/uploads\/2023\/09\/tempur-topper-one-sijauspatja.jpg","type":"image\/jpeg"}],"twitter_card":"summary_large_image","twitter_misc":{"Est. reading time":"1 minut"},"schema":{"@context":"https:\/\/schema.org","@graph":[{"@type":"WebPage","@id":"https:\/\/www.sleepcity.ee\/toode\/kattemadrats-tempur-one-5cm-korge\/","url":"https:\/\/www.sleepcity.ee\/toode\/kattemadrats-tempur-one-5cm-korge\/","name":"Kattemadrats Tempur ONE 5cm k\u00f5rge - SleepCity - Hea Une Valem","isPartOf":{"@id":"https:\/\/sleepcity.ee\/#website"},"primaryImageOfPage":{"@id":"https:\/\/www.sleepcity.ee\/toode\/kattemadrats-tempur-one-5cm-korge\/#primaryimage"},"image":{"@id":"https:\/\/www.sleepcity.ee\/toode\/kattemadrats-tempur-one-5cm-korge\/#primaryimage"},"thumbnailUrl":"https:\/\/sleepcity.ee\/wp-content\/uploads\/2023\/09\/tempur-topper-one-sijauspatja.jpg","datePublished":"2023-09-14T10:06:37+00:00","dateModified":"2025-05-23T17:58:59+00:00","description":"TEMPUR kattemadrats ONE on 5cm k\u00f5rge ja toodetud uue TEMPUR Advanced materjaliga. Kattemadrats kohandub kergesti teie kehaga, keerates k\u00fclge neelab kattemadrats liigutamisest tekkinud v\u00f5nked.","breadcrumb":{"@id":"https:\/\/www.sleepcity.ee\/toode\/kattemadrats-tempur-one-5cm-korge\/#breadcrumb"},"inLanguage":"et","potentialAction":[{"@type":"ReadAction","target":["https:\/\/www.sleepcity.ee\/toode\/kattemadrats-tempur-one-5cm-korge\/"]}]},{"@type":"ImageObject","inLanguage":"et","@id":"https:\/\/www.sleepcity.ee\/toode\/kattemadrats-tempur-one-5cm-korge\/#primaryimage","url":"https:\/\/sleepcity.ee\/wp-content\/uploads\/2023\/09\/tempur-topper-one-sijauspatja.jpg","contentUrl":"https:\/\/sleepcity.ee\/wp-content\/uploads\/2023\/09\/tempur-topper-one-sijauspatja.jpg","width":800,"height":533},{"@type":"BreadcrumbList","@id":"https:\/\/www.sleepcity.ee\/toode\/kattemadrats-tempur-one-5cm-korge\/#breadcrumb","itemListElement":[{"@type":"ListItem","position":1,"name":"Home","item":"https:\/\/sleepcity.ee\/"},{"@type":"ListItem","position":2,"name":"Pood","item":"https:\/\/sleepcity.ee\/pood\/"},{"@type":"ListItem","position":3,"name":"Kattemadrats Tempur ONE 5cm k\u00f5rge"}]},{"@type":"WebSite","@id":"https:\/\/sleepcity.ee\/#website","url":"https:\/\/sleepcity.ee\/","name":"Tempur Shop","description":"TEMPUR madratsid, voodid, padjad ja muud unetooted.","publisher":{"@id":"https:\/\/sleepcity.ee\/#organization"},"potentialAction":[{"@type":"SearchAction","target":{"@type":"EntryPoint","urlTemplate":"https:\/\/sleepcity.ee\/?s={search_term_string}"},"query-input":{"@type":"PropertyValueSpecification","valueRequired":true,"valueName":"search_term_string"}}],"inLanguage":"et"},{"@type":"Organization","@id":"https:\/\/sleepcity.ee\/#organization","name":"VG Design O\u00dc","url":"https:\/\/sleepcity.ee\/","logo":{"@type":"ImageObject","inLanguage":"et","@id":"https:\/\/sleepcity.ee\/#\/schema\/logo\/image\/","url":"https:\/\/sleepcity.ee\/wp-content\/uploads\/2023\/09\/sleepcity_logo.png","contentUrl":"https:\/\/sleepcity.ee\/wp-content\/uploads\/2023\/09\/sleepcity_logo.png","width":1034,"height":318,"caption":"VG Design O\u00dc"},"image":{"@id":"https:\/\/sleepcity.ee\/#\/schema\/logo\/image\/"},"sameAs":["http:\/\/www.fb.com\/TempurEstonia","http:\/\/www.instagram.com\/tempurestonia"]}]}},"_links":{"self":[{"href":"https:\/\/sleepcity.ee\/wp-json\/wp\/v2\/product\/5557","targetHints":{"allow":["GET"]}}],"collection":[{"href":"https:\/\/sleepcity.ee\/wp-json\/wp\/v2\/product"}],"about":[{"href":"https:\/\/sleepcity.ee\/wp-json\/wp\/v2\/types\/product"}],"replies":[{"embeddable":true,"href":"https:\/\/sleepcity.ee\/wp-json\/wp\/v2\/comments?post=5557"}],"wp:featuredmedia":[{"embeddable":true,"href":"https:\/\/sleepcity.ee\/wp-json\/wp\/v2\/media\/5600"}],"wp:attachment":[{"href":"https:\/\/sleepcity.ee\/wp-json\/wp\/v2\/media?parent=5557"}],"wp:term":[{"taxonomy":"product_brand","embeddable":true,"href":"https:\/\/sleepcity.ee\/wp-json\/wp\/v2\/product_brand?post=5557"},{"taxonomy":"product_cat","embeddable":true,"href":"https:\/\/sleepcity.ee\/wp-json\/wp\/v2\/product_cat?post=5557"},{"taxonomy":"product_tag","embeddable":true,"href":"https:\/\/sleepcity.ee\/wp-json\/wp\/v2\/product_tag?post=5557"}],"curies":[{"name":"wp","href":"https:\/\/api.w.org\/{rel}","templated":true}]}}