{"id":5650,"date":"2023-09-21T10:51:11","date_gmt":"2023-09-21T10:51:11","guid":{"rendered":"https:\/\/sleepcity.ee\/?post_type=product&#038;p=5650"},"modified":"2023-11-02T16:35:18","modified_gmt":"2023-11-02T16:35:18","slug":"sleepcity-meriinovillane-tekk-medium","status":"publish","type":"product","link":"https:\/\/sleepcity.ee\/toode\/sleepcity-meriinovillane-tekk-medium\/","title":{"rendered":"SleepCity meriinovillane tekk, medium"},"content":{"rendered":"<p>Valmistatud 100% meriinovillast, 300 g\/m2 ja kattekangast &#8211; 100% orgaanilisest puuvillast v\u00f5i puuvillasest satiinist, on see SleepCity meriinovillane tekk pikaajaline investeering parema une kvaliteedi nimel. SleepCity toodetes kasutatav meriinovill on 100% puhas looduslik \u00f6koloogiline vill. Seda saadakse looduslikes tingimustes kasvatatud lammastelt, ilma aretusprotsessis antibiootikume, hormoone v\u00f5i kemikaale kasutamata.<\/p>\n<p><strong>Villa t\u00f6\u00f6tlemine.<\/strong><br \/>\nPuhastus- ja pesuprotsessis on tavap\u00e4rased pesuvahendid asendatud \u00f6koloogilistega, et vill oleks puhas tolmust ja liigsest rasvast.\u00a0Tulemuseks on puhas vill, millel puudub talle iseloomulik terav l\u00f5hn.\u00a0Villa ei puhastata, leotades seda v\u00e4\u00e4velhappes, et eemaldada taimne aine.\u00a0\u00dcldiselt t\u00f6\u00f6deldakse villa v\u00e4\u00e4velhappevannides, et eemaldada lanoliini \u2013 aine, mis vastutab villa ravitoime eest.\u00a0Villa puhastamise protsessis, kasutades villa kammimiseks spetsiaalset mehaanilist tehnoloogiat, eemaldatakse villa sisse j\u00e4\u00e4nud taimsed ained.<br \/>\nSleepCity toodetes kasutatavad villakiud sisaldavad lanoliini. Kui tunnete lanoliinile nii iseloomulikku l\u00f5hna ehk &#8220;villal\u00f5hna&#8221;, on soovitatav tekki 24-48 tundi enne esmakordset kasutamist tuulutada v\u00f5i paar tundi p\u00e4ikesevalguse k\u00e4es hoida.\u00a0Lanoliini l\u00f5hn viitab villatoodete ravitoimele.<br \/>\nSleepCity tekkide tolmulestavastane keemiline t\u00f6\u00f6tlus on asendatud t\u00f6\u00f6tlemisprotsessiga &#8220;Terpeshield&#8221; &#8211; puhaste eeterlike \u00f5lide loodusliku seguga, mis tagab kaitse ja ravitoime. Eeterlike \u00f5lide komponendid Geraniol ja Linalool on looduslikud terpeenid, mis ekstraheeritakse taimedest aurudestilleerimise teel.\u00a0Terpeshieldi villa t\u00f6\u00f6tlemisel ei kasutata tooteid, mis sisaldavad ftalaate, insektitsiide, keemilisi pestitsiide ega permetriine, mis p\u00f5hjustavad endokriinseid h\u00e4ireid.<\/p>\n<p><strong>&#8220;Terpeshield&#8221; raviprotsessi terapeutiline toime:<\/strong><br \/>\n&#8211; v\u00e4hendab stressi, suurendab t\u00e4helepanu ja valvsust p\u00e4eva jooksul;<br \/>\n\u2013 v\u00e4hendab lihasvalu, migreeni ja p\u00f5letikulisi protsesse;<br \/>\n\u2013 v\u00e4hendab unetust, \u00e4revust ja s\u00fcdamepekslemist.<\/p>\n<p><strong>Mitmekihiline struktuur.<\/strong><br \/>\nTeki valmistamiseks kasutatakse villast materjali, mis keeratakse kokku ja \u00fchendatakse mitmes kihis.\u00a0See tagab villa \u00fchtlase leviku ja villa \u00fchtlase jaotumise kogu teki ulatuses. <span style=\"font-size: 12px;\">Sooja meriinovilla teki <\/span>sees on kasutatud kahte kihti \u00fcle 200 g\/m2 meriinovilla .\u00a0See on ideaalne tasakaal hingavuse ja soojusisolatsiooni vahel.\u00a0See struktuur sobib suurep\u00e4raselt talve\u00f5htuteks.<\/p>\n<p><strong>Kiukindel orgaaniline puuvillane satiinkangas.<\/strong><br \/>\nHapnikuga pleegitatud kangas t\u00e4hendab v\u00e4hem allergiaid.\u00a0Kangas ei ole kaetud pol\u00fcmeerikihiga, et takistada traditsioonilistes patjades kasutatavate kiudude v\u00f5i sulgede migratsiooni.\u00a0Sanodori tekkides kasutatav orgaaniline puuvillane satiinkangas ei lase villakiududel kanga sees r\u00e4nnata, kuna kangas on tihe ja v\u00e4ga peentest niitidest.\u00a0Lisaks hoitakse \u00e4ra ka mehaanilised protsessid.\u00a0Kasutatud kangas tagab \u00f5hu ja niiskuse voolu, v\u00e4hendades oluliselt higistamist.<\/p>\n<p><strong>Villase teki hooldus.<\/strong><br \/>\nVillane tekk imab h\u00e4sti niiskust, higi ja ka \u00fcmbritsevaid l\u00f5hnu, mist\u00f5ttu on soovitatav seda perioodiliselt tuulutada varjulistes ja tuulistes kohtades.\u00a0Tekki plekkide ja mustuse eest kaitsmiseks kasutage seda tekikatte sees.\u00a0\u00c4rge peske tekki k\u00e4sitsi ega masinas, trummelkuivatus- ega trummelkuivatage.<br \/>\nJ\u00e4rgmiseks talvehooajaks on soovitatav tekki hoida hermeetiliselt suletud pakendis, et kaitsta seda tolmu ja mustuse eest.<\/p>\n<p>Enne ladustamist peab see olema h\u00e4sti ventileeritud.<br \/>\nLugege hoolikalt hooldusjuhiseid!<\/p>\n","protected":false},"excerpt":{"rendered":"<p><strong>Rohkem kui lihtsalt ilus meriinovillast SleepCity tekk! <\/strong><\/p>\n<p>Kasutatud ainult looduslikku toorainet, looduslikku t\u00f6\u00f6tlust ja kvaliteetset k\u00e4sit\u00f6\u00f6d. Meriinovill tagab keha niiskuse kontrolli, sellel on k\u00f5rge \u00f5hu l\u00e4bilaskvus ja v\u00f5ime s\u00e4ilitada soojust, kohanedes keha ja \u00fcmbritseva \u00f5hu temperatuuriga. SleepCity meriinovillased tekid on l\u00e4binud spetsiaalse antimikroobse loodusliku t\u00f6\u00f6tluse tolmulestade vastu. Teki jaoks kasutatav kangas on tihe orgaaniline puuvillane kangas ja see ei ole kaetud \u00fchegi kemikaaliga.<\/p>\n<p><strong>Puhta meriinovillase teki kasutamise eelised:<\/strong><br \/>\n\u2013 H\u00fcpoallergeenne tolmulestade vastu;<br \/>\n\u2013 Looduslik isolatsioonimaterjal, suurep\u00e4rane niiskuskontroll, k\u00f5rge \u00f5hu l\u00e4bilaskvus;<br \/>\n\u2013 Teostab loomulikku termoregulatsiooni, tagades rahuliku ja kvaliteetse \u00f6\u00f6une.<\/p>\n<p>Soe meriinovillane tekk sobib magamistoa temperatuuridele 18-22\u2103 (7-10TOG).<\/p>\n<p>Teki t\u00e4idis: 100% meriinovill (300 g\/m2).<br \/>\nTekikangas: orgaaniline puuvillane satiin v\u00f5i valge batist.<\/p>\n","protected":false},"featured_media":5622,"comment_status":"open","ping_status":"closed","template":"","meta":{"_monsterinsights_skip_tracking":false,"_monsterinsights_sitenote_active":false,"_monsterinsights_sitenote_note":"","_monsterinsights_sitenote_category":0},"product_brand":[],"product_cat":[418,439],"product_tag":[],"class_list":{"0":"post-5650","1":"product","2":"type-product","3":"status-publish","4":"has-post-thumbnail","6":"product_cat-sleepcity-meriinovillast-tekid","7":"product_cat-tekid-2","9":"first","10":"instock","11":"taxable","12":"shipping-taxable","13":"purchasable","14":"product-type-variable"},"yoast_head":"<!-- This site is optimized with the Yoast SEO plugin v27.3 - https:\/\/yoast.com\/product\/yoast-seo-wordpress\/ -->\n<title>SleepCity meriinovillane tekk, medium - SleepCity - Hea Une Valem<\/title>\n<meta name=\"description\" content=\"Rohkem kui lihtsalt ilus meriinovillast SleepCity tekk!Kasutatud ainult looduslikku toorainet, looduslikku t\u00f6\u00f6tlust ja kvaliteetset k\u00e4sit\u00f6\u00f6d. Meriinovill tagab keha niiskuse kontrolli, sellel on k\u00f5rge \u00f5hu l\u00e4bilaskvus ja v\u00f5ime s\u00e4ilitada soojust, kohanedes keha ja \u00fcmbritseva \u00f5hu temperatuuriga.\" \/>\n<meta name=\"robots\" content=\"index, follow, max-snippet:-1, max-image-preview:large, max-video-preview:-1\" \/>\n<link rel=\"canonical\" href=\"https:\/\/www.sleepcity.ee\/toode\/sleepcity-meriinovillane-tekk-medium\/\" \/>\n<meta property=\"og:locale\" content=\"et_EE\" \/>\n<meta property=\"og:type\" content=\"article\" \/>\n<meta property=\"og:title\" content=\"SleepCity meriinovillane tekk, medium - SleepCity - Hea Une Valem\" \/>\n<meta property=\"og:description\" content=\"Rohkem kui lihtsalt ilus meriinovillast SleepCity tekk!Kasutatud ainult looduslikku toorainet, looduslikku t\u00f6\u00f6tlust ja kvaliteetset k\u00e4sit\u00f6\u00f6d. Meriinovill tagab keha niiskuse kontrolli, sellel on k\u00f5rge \u00f5hu l\u00e4bilaskvus ja v\u00f5ime s\u00e4ilitada soojust, kohanedes keha ja \u00fcmbritseva \u00f5hu temperatuuriga.\" \/>\n<meta property=\"og:url\" content=\"https:\/\/www.sleepcity.ee\/toode\/sleepcity-meriinovillane-tekk-medium\/\" \/>\n<meta property=\"og:site_name\" content=\"SleepCity - Hea Une Valem\" \/>\n<meta property=\"article:publisher\" content=\"http:\/\/www.fb.com\/TempurEstonia\" \/>\n<meta property=\"article:modified_time\" content=\"2023-11-02T16:35:18+00:00\" \/>\n<meta property=\"og:image\" content=\"https:\/\/www.sleepcity.ee\/wp-content\/uploads\/2023\/09\/summer-flaxilk-duvet.jpg\" \/>\n\t<meta property=\"og:image:width\" content=\"800\" \/>\n\t<meta property=\"og:image:height\" content=\"450\" \/>\n\t<meta property=\"og:image:type\" content=\"image\/jpeg\" \/>\n<meta name=\"twitter:card\" content=\"summary_large_image\" \/>\n<meta name=\"twitter:label1\" content=\"Est. reading time\" \/>\n\t<meta name=\"twitter:data1\" content=\"3 minutit\" \/>\n<script type=\"application\/ld+json\" class=\"yoast-schema-graph\">{\"@context\":\"https:\\\/\\\/schema.org\",\"@graph\":[{\"@type\":\"WebPage\",\"@id\":\"https:\\\/\\\/www.sleepcity.ee\\\/toode\\\/sleepcity-meriinovillane-tekk-medium\\\/\",\"url\":\"https:\\\/\\\/www.sleepcity.ee\\\/toode\\\/sleepcity-meriinovillane-tekk-medium\\\/\",\"name\":\"SleepCity meriinovillane tekk, medium - SleepCity - Hea Une Valem\",\"isPartOf\":{\"@id\":\"https:\\\/\\\/sleepcity.ee\\\/#website\"},\"primaryImageOfPage\":{\"@id\":\"https:\\\/\\\/www.sleepcity.ee\\\/toode\\\/sleepcity-meriinovillane-tekk-medium\\\/#primaryimage\"},\"image\":{\"@id\":\"https:\\\/\\\/www.sleepcity.ee\\\/toode\\\/sleepcity-meriinovillane-tekk-medium\\\/#primaryimage\"},\"thumbnailUrl\":\"https:\\\/\\\/sleepcity.ee\\\/wp-content\\\/uploads\\\/2023\\\/09\\\/summer-flaxilk-duvet.jpg\",\"datePublished\":\"2023-09-21T10:51:11+00:00\",\"dateModified\":\"2023-11-02T16:35:18+00:00\",\"description\":\"Rohkem kui lihtsalt ilus meriinovillast SleepCity tekk!Kasutatud ainult looduslikku toorainet, looduslikku t\u00f6\u00f6tlust ja kvaliteetset k\u00e4sit\u00f6\u00f6d. Meriinovill tagab keha niiskuse kontrolli, sellel on k\u00f5rge \u00f5hu l\u00e4bilaskvus ja v\u00f5ime s\u00e4ilitada soojust, kohanedes keha ja \u00fcmbritseva \u00f5hu temperatuuriga.\",\"breadcrumb\":{\"@id\":\"https:\\\/\\\/www.sleepcity.ee\\\/toode\\\/sleepcity-meriinovillane-tekk-medium\\\/#breadcrumb\"},\"inLanguage\":\"et\",\"potentialAction\":[{\"@type\":\"ReadAction\",\"target\":[\"https:\\\/\\\/www.sleepcity.ee\\\/toode\\\/sleepcity-meriinovillane-tekk-medium\\\/\"]}]},{\"@type\":\"ImageObject\",\"inLanguage\":\"et\",\"@id\":\"https:\\\/\\\/www.sleepcity.ee\\\/toode\\\/sleepcity-meriinovillane-tekk-medium\\\/#primaryimage\",\"url\":\"https:\\\/\\\/sleepcity.ee\\\/wp-content\\\/uploads\\\/2023\\\/09\\\/summer-flaxilk-duvet.jpg\",\"contentUrl\":\"https:\\\/\\\/sleepcity.ee\\\/wp-content\\\/uploads\\\/2023\\\/09\\\/summer-flaxilk-duvet.jpg\",\"width\":800,\"height\":450},{\"@type\":\"BreadcrumbList\",\"@id\":\"https:\\\/\\\/www.sleepcity.ee\\\/toode\\\/sleepcity-meriinovillane-tekk-medium\\\/#breadcrumb\",\"itemListElement\":[{\"@type\":\"ListItem\",\"position\":1,\"name\":\"Home\",\"item\":\"https:\\\/\\\/www.sleepcity.ee\\\/\"},{\"@type\":\"ListItem\",\"position\":2,\"name\":\"Pood\",\"item\":\"https:\\\/\\\/sleepcity.ee\\\/pood\\\/\"},{\"@type\":\"ListItem\",\"position\":3,\"name\":\"SleepCity meriinovillane tekk, medium\"}]},{\"@type\":\"WebSite\",\"@id\":\"https:\\\/\\\/sleepcity.ee\\\/#website\",\"url\":\"https:\\\/\\\/sleepcity.ee\\\/\",\"name\":\"Tempur Shop\",\"description\":\"TEMPUR madratsid, voodid, padjad ja muud unetooted.\",\"publisher\":{\"@id\":\"https:\\\/\\\/sleepcity.ee\\\/#organization\"},\"potentialAction\":[{\"@type\":\"SearchAction\",\"target\":{\"@type\":\"EntryPoint\",\"urlTemplate\":\"https:\\\/\\\/sleepcity.ee\\\/?s={search_term_string}\"},\"query-input\":{\"@type\":\"PropertyValueSpecification\",\"valueRequired\":true,\"valueName\":\"search_term_string\"}}],\"inLanguage\":\"et\"},{\"@type\":\"Organization\",\"@id\":\"https:\\\/\\\/sleepcity.ee\\\/#organization\",\"name\":\"VG Design O\u00dc\",\"url\":\"https:\\\/\\\/sleepcity.ee\\\/\",\"logo\":{\"@type\":\"ImageObject\",\"inLanguage\":\"et\",\"@id\":\"https:\\\/\\\/sleepcity.ee\\\/#\\\/schema\\\/logo\\\/image\\\/\",\"url\":\"https:\\\/\\\/sleepcity.ee\\\/wp-content\\\/uploads\\\/2023\\\/09\\\/sleepcity_logo.png\",\"contentUrl\":\"https:\\\/\\\/sleepcity.ee\\\/wp-content\\\/uploads\\\/2023\\\/09\\\/sleepcity_logo.png\",\"width\":1034,\"height\":318,\"caption\":\"VG Design O\u00dc\"},\"image\":{\"@id\":\"https:\\\/\\\/sleepcity.ee\\\/#\\\/schema\\\/logo\\\/image\\\/\"},\"sameAs\":[\"http:\\\/\\\/www.fb.com\\\/TempurEstonia\",\"http:\\\/\\\/www.instagram.com\\\/tempurestonia\"]}]}<\/script>\n<!-- \/ Yoast SEO plugin. -->","yoast_head_json":{"title":"SleepCity meriinovillane tekk, medium - SleepCity - Hea Une Valem","description":"Rohkem kui lihtsalt ilus meriinovillast SleepCity tekk!Kasutatud ainult looduslikku toorainet, looduslikku t\u00f6\u00f6tlust ja kvaliteetset k\u00e4sit\u00f6\u00f6d. Meriinovill tagab keha niiskuse kontrolli, sellel on k\u00f5rge \u00f5hu l\u00e4bilaskvus ja v\u00f5ime s\u00e4ilitada soojust, kohanedes keha ja \u00fcmbritseva \u00f5hu temperatuuriga.","robots":{"index":"index","follow":"follow","max-snippet":"max-snippet:-1","max-image-preview":"max-image-preview:large","max-video-preview":"max-video-preview:-1"},"canonical":"https:\/\/www.sleepcity.ee\/toode\/sleepcity-meriinovillane-tekk-medium\/","og_locale":"et_EE","og_type":"article","og_title":"SleepCity meriinovillane tekk, medium - SleepCity - Hea Une Valem","og_description":"Rohkem kui lihtsalt ilus meriinovillast SleepCity tekk!Kasutatud ainult looduslikku toorainet, looduslikku t\u00f6\u00f6tlust ja kvaliteetset k\u00e4sit\u00f6\u00f6d. Meriinovill tagab keha niiskuse kontrolli, sellel on k\u00f5rge \u00f5hu l\u00e4bilaskvus ja v\u00f5ime s\u00e4ilitada soojust, kohanedes keha ja \u00fcmbritseva \u00f5hu temperatuuriga.","og_url":"https:\/\/www.sleepcity.ee\/toode\/sleepcity-meriinovillane-tekk-medium\/","og_site_name":"SleepCity - Hea Une Valem","article_publisher":"http:\/\/www.fb.com\/TempurEstonia","article_modified_time":"2023-11-02T16:35:18+00:00","og_image":[{"width":800,"height":450,"url":"https:\/\/www.sleepcity.ee\/wp-content\/uploads\/2023\/09\/summer-flaxilk-duvet.jpg","type":"image\/jpeg"}],"twitter_card":"summary_large_image","twitter_misc":{"Est. reading time":"3 minutit"},"schema":{"@context":"https:\/\/schema.org","@graph":[{"@type":"WebPage","@id":"https:\/\/www.sleepcity.ee\/toode\/sleepcity-meriinovillane-tekk-medium\/","url":"https:\/\/www.sleepcity.ee\/toode\/sleepcity-meriinovillane-tekk-medium\/","name":"SleepCity meriinovillane tekk, medium - SleepCity - Hea Une Valem","isPartOf":{"@id":"https:\/\/sleepcity.ee\/#website"},"primaryImageOfPage":{"@id":"https:\/\/www.sleepcity.ee\/toode\/sleepcity-meriinovillane-tekk-medium\/#primaryimage"},"image":{"@id":"https:\/\/www.sleepcity.ee\/toode\/sleepcity-meriinovillane-tekk-medium\/#primaryimage"},"thumbnailUrl":"https:\/\/sleepcity.ee\/wp-content\/uploads\/2023\/09\/summer-flaxilk-duvet.jpg","datePublished":"2023-09-21T10:51:11+00:00","dateModified":"2023-11-02T16:35:18+00:00","description":"Rohkem kui lihtsalt ilus meriinovillast SleepCity tekk!Kasutatud ainult looduslikku toorainet, looduslikku t\u00f6\u00f6tlust ja kvaliteetset k\u00e4sit\u00f6\u00f6d. Meriinovill tagab keha niiskuse kontrolli, sellel on k\u00f5rge \u00f5hu l\u00e4bilaskvus ja v\u00f5ime s\u00e4ilitada soojust, kohanedes keha ja \u00fcmbritseva \u00f5hu temperatuuriga.","breadcrumb":{"@id":"https:\/\/www.sleepcity.ee\/toode\/sleepcity-meriinovillane-tekk-medium\/#breadcrumb"},"inLanguage":"et","potentialAction":[{"@type":"ReadAction","target":["https:\/\/www.sleepcity.ee\/toode\/sleepcity-meriinovillane-tekk-medium\/"]}]},{"@type":"ImageObject","inLanguage":"et","@id":"https:\/\/www.sleepcity.ee\/toode\/sleepcity-meriinovillane-tekk-medium\/#primaryimage","url":"https:\/\/sleepcity.ee\/wp-content\/uploads\/2023\/09\/summer-flaxilk-duvet.jpg","contentUrl":"https:\/\/sleepcity.ee\/wp-content\/uploads\/2023\/09\/summer-flaxilk-duvet.jpg","width":800,"height":450},{"@type":"BreadcrumbList","@id":"https:\/\/www.sleepcity.ee\/toode\/sleepcity-meriinovillane-tekk-medium\/#breadcrumb","itemListElement":[{"@type":"ListItem","position":1,"name":"Home","item":"https:\/\/www.sleepcity.ee\/"},{"@type":"ListItem","position":2,"name":"Pood","item":"https:\/\/sleepcity.ee\/pood\/"},{"@type":"ListItem","position":3,"name":"SleepCity meriinovillane tekk, medium"}]},{"@type":"WebSite","@id":"https:\/\/sleepcity.ee\/#website","url":"https:\/\/sleepcity.ee\/","name":"Tempur Shop","description":"TEMPUR madratsid, voodid, padjad ja muud unetooted.","publisher":{"@id":"https:\/\/sleepcity.ee\/#organization"},"potentialAction":[{"@type":"SearchAction","target":{"@type":"EntryPoint","urlTemplate":"https:\/\/sleepcity.ee\/?s={search_term_string}"},"query-input":{"@type":"PropertyValueSpecification","valueRequired":true,"valueName":"search_term_string"}}],"inLanguage":"et"},{"@type":"Organization","@id":"https:\/\/sleepcity.ee\/#organization","name":"VG Design O\u00dc","url":"https:\/\/sleepcity.ee\/","logo":{"@type":"ImageObject","inLanguage":"et","@id":"https:\/\/sleepcity.ee\/#\/schema\/logo\/image\/","url":"https:\/\/sleepcity.ee\/wp-content\/uploads\/2023\/09\/sleepcity_logo.png","contentUrl":"https:\/\/sleepcity.ee\/wp-content\/uploads\/2023\/09\/sleepcity_logo.png","width":1034,"height":318,"caption":"VG Design O\u00dc"},"image":{"@id":"https:\/\/sleepcity.ee\/#\/schema\/logo\/image\/"},"sameAs":["http:\/\/www.fb.com\/TempurEstonia","http:\/\/www.instagram.com\/tempurestonia"]}]}},"_links":{"self":[{"href":"https:\/\/sleepcity.ee\/wp-json\/wp\/v2\/product\/5650","targetHints":{"allow":["GET"]}}],"collection":[{"href":"https:\/\/sleepcity.ee\/wp-json\/wp\/v2\/product"}],"about":[{"href":"https:\/\/sleepcity.ee\/wp-json\/wp\/v2\/types\/product"}],"replies":[{"embeddable":true,"href":"https:\/\/sleepcity.ee\/wp-json\/wp\/v2\/comments?post=5650"}],"wp:featuredmedia":[{"embeddable":true,"href":"https:\/\/sleepcity.ee\/wp-json\/wp\/v2\/media\/5622"}],"wp:attachment":[{"href":"https:\/\/sleepcity.ee\/wp-json\/wp\/v2\/media?parent=5650"}],"wp:term":[{"taxonomy":"product_brand","embeddable":true,"href":"https:\/\/sleepcity.ee\/wp-json\/wp\/v2\/product_brand?post=5650"},{"taxonomy":"product_cat","embeddable":true,"href":"https:\/\/sleepcity.ee\/wp-json\/wp\/v2\/product_cat?post=5650"},{"taxonomy":"product_tag","embeddable":true,"href":"https:\/\/sleepcity.ee\/wp-json\/wp\/v2\/product_tag?post=5650"}],"curies":[{"name":"wp","href":"https:\/\/api.w.org\/{rel}","templated":true}]}}