{"id":7333,"date":"2024-01-27T09:28:47","date_gmt":"2024-01-27T09:28:47","guid":{"rendered":"https:\/\/sleepcity.ee\/?post_type=product&#038;p=7333"},"modified":"2025-05-23T16:23:49","modified_gmt":"2025-05-23T16:23:49","slug":"smart-kids-comfort-padi","status":"publish","type":"product","link":"https:\/\/sleepcity.ee\/toode\/smart-kids-comfort-padi\/","title":{"rendered":"Smart\u00ae KIDS Comfort padi"},"content":{"rendered":"<p><em>Viskoelastne m\u00e4luvaht\u00a0<\/em><br \/>\nKvaliteetne vahts\u00fcdamik (BasFi CosyPur\u00ae) pakub ideaalseid tugiomadusi ja kohandub optimaalselt individuaalse kontaktr\u00f5huga. V\u00f5imaldab magada h\u00e4sti erinevates magamisasendites.<\/p>\n<p><em>Ideaalne lastele ja allergikutele<\/em><br \/>\nAntiallergiline, k\u00f5rge vastupidavusega lestadele ja mikroobidele, et tagada puhas ja h\u00fcgieeniline unekogemus.<\/p>\n<p><em>T\u00f5hus soojusjuhtimine<\/em><br \/>\nKvaliteetne vahts\u00fcdamik ja integreeritud \u00f5hukanalid tagavad optimaalse \u00f5huringluse ja t\u00f5husa temperatuuri juhtimise.<\/p>\n<p><em>\u00d5rn ja h\u00fcgieeniline pind<\/em><br \/>\nPehme padjap\u00fc\u00fcriga, et sellel lamades oleks \u00f5rn tunne. Eemaldatav ja pestav 40 kraadi juures.<\/p>\n<p><em>Suurus, m\u00f5\u00f5tmed ja kaal<\/em><br \/>\nPadi: 50\u00a0<span class=\"a-list-item\"><span class=\"a-size-base\">x 32 x 6 cm\u00a0<\/span><\/span><br \/>\nPakend: 33,5 x 13,5 x 13,5 cm<br \/>\nKaal: 0,9 kg<\/p>\n<p><em>Tarnekomplekt <\/em><\/p>\n<p>Padi koos pestava katte ja transpordikattega<\/p>\n<p><strong>Hooldamine:<\/strong><\/p>\n<p><strong>Padja sisu:<\/strong><br \/>\nmaterjal:\u00a0viskoelastne m\u00e4luvaht (CosyPur\u00ae firmalt BASF)<\/p>\n<p><strong>Hooldusjuhised:\u00a0<\/strong>P\u00e4rast esmakordset avamist laske sellel 24 tundi \u00f5hkuda ja lahti voltida. Vahtmaterjalist s\u00fcdamik ei ole pestav. Vajadusel puhastage niiske lapiga ja laske seej\u00e4rel piisavalt kuivada.<\/p>\n<p><strong>Kattematerjal: <\/strong>65% pol\u00fcester, 35% viskoos<br \/>\n<strong>Hooldusjuhised:<\/strong> Puhastamiseks, eemaldamiseks, keerake tagurpidi ja peske kuni 40 kraadiga.<\/p>\n<p>Sertifitseeritud vastavalt OEKO-TEX STANDARD 100.<\/p>\n","protected":false},"excerpt":{"rendered":"<p><strong>\u00d5ige padi tervislikuks arenguks!<\/strong><\/p>\n<p>\u00d5ige padi on kosutava une ja tervisliku arengu oluliseks aluseks, eriti laste puhul. Smart\u00ae KIDS PILLOW-padjad on oma kuju, suuruse ja materjalide omadustega <strong>spetsiaalselt kohandatud laste vajadustele<\/strong> ning pakuvad optimaalseid tugitingimusi rahulikuks \u00f6\u00f6ks.<\/p>\n<p>Tervislik magamisasend <strong>aitab v\u00e4ltida l\u00fclisamba nihkeid v\u00f5i valusid kaela- ja seljapiirkonnas<\/strong> juba lapsep\u00f5lves. Loomuliku ja mugava magamisasendi toetamiseks peaks padja k\u00f5rgus, tugevus ja suurus vastama lapse f\u00fc\u00fcsilistele vajadustele.<\/p>\n<p>Erineva kujuga padjak\u00fclgede ja ideaalsete tugiomadustega <strong>Smart\u00ae KIDS Comfort padi<\/strong> tagab mugava lamamisasendi ja toetab pingevaba und.<\/p>\n<p>T\u00e4nu kvaliteetsele m\u00e4luvahule (BASF-i CosyPur\u00ae) pakub padi \u00f6\u00f6sel optimaalset tuge ja v\u00f5imaldab tervislikku kehahoiakut muutuvates magamisasendites magamiseks. T\u00e4nu integreeritud \u00f5hukanalitele on v\u00e4lditud kuumuse ja niiskuse kogunemine ning v\u00f5imalik on m\u00f5nus magamiskeskkond. Kvaliteetne vaht annab padjale ka k\u00f5rge vastupidavuse lestade ja mikroobide vastu, mist\u00f5ttu on see ideaalne <strong>allergikutele<\/strong> ja <strong>tundlikele lastele.<\/strong><\/p>\n<p>Praktiline reisikott muudab padja ideaalseks kaaslaseks j\u00e4rgmistel seiklustel ja v\u00f5imaldab meie v\u00e4ikestel kosutava ja lapses\u00f5braliku une ka reisil olles.<\/p>\n<p><strong>Padi sobib lastele vanuses 4-10 aastat.<\/strong><\/p>\n<p>P\u00e4rast esmakordset avamist laske sellel 24 tundi \u00f5hkuda ja lahti voltida.<\/p>\n","protected":false},"featured_media":7303,"comment_status":"open","ping_status":"closed","template":"","meta":{"_monsterinsights_skip_tracking":false,"_monsterinsights_sitenote_active":false,"_monsterinsights_sitenote_note":"","_monsterinsights_sitenote_category":0},"product_brand":[],"product_cat":[511,92,271],"product_tag":[],"class_list":{"0":"post-7333","1":"product","2":"type-product","3":"status-publish","4":"has-post-thumbnail","6":"product_cat-laste-padjad","7":"product_cat-padjad","8":"product_cat-sleepcity-padjad","10":"first","11":"instock","12":"taxable","13":"shipping-taxable","14":"purchasable","15":"product-type-simple"},"yoast_head":"<!-- This site is optimized with the Yoast SEO plugin v27.3 - https:\/\/yoast.com\/product\/yoast-seo-wordpress\/ -->\n<title>Smart\u00ae KIDS Comfort padi - SleepCity - Hea Une Valem<\/title>\n<meta name=\"description\" content=\"\u00d5ige padi tervislikuks arenguks!  \u00d5ige padi on kosutava une ja tervisliku arengu oluliseks aluseks, eriti laste puhul. Smart\u00ae KIDS PILLOW-padjad on oma kuju, suuruse ja materjalide omadustega spetsiaalselt kohandatud laste vajadustele ning pakuvad optimaalseid tugitingimusi rahulikuks \u00f6\u00f6ks.  Tervislik magamisasend aitab v\u00e4ltida l\u00fclisamba nihkeid v\u00f5i valusid kaela- ja seljapiirkonnas juba lapsep\u00f5lves. Loomuliku ja mugava magamisasendi toetamiseks peaks padja k\u00f5rgus, tugevus ja suurus vastama lapse f\u00fc\u00fcsilistele vajadustele.  Erineva kujuga padjak\u00fclgede ja ideaalsete tugiomadustega Smart\u00ae KIDS Comfort padi tagab mugava lamamisasendi ja toetab pingevaba und.  T\u00e4nu kvaliteetsele m\u00e4luvahule (BASF-i CosyPur\u00ae) pakub padi \u00f6\u00f6sel optimaalset tuge ja v\u00f5imaldab tervislikku kehahoiakut muutuvates magamisasendites magamiseks. T\u00e4nu integreeritud \u00f5hukanalitele on v\u00e4lditud kuumuse ja niiskuse kogunemine ning v\u00f5imalik on m\u00f5nus magamiskeskkond. Kvaliteetne vaht annab padjale ka k\u00f5rge vastupidavuse lestade ja mikroobide vastu, mist\u00f5ttu on see ideaalne allergikutele ja tundlikele lastele.  Praktiline reisikott muudab padja ideaalseks kaaslaseks j\u00e4rgmistel seiklustel ja v\u00f5imaldab meie v\u00e4ikestel kosutava ja lapses\u00f5braliku une ka reisil olles.  Padi sobib lastele vanuses 4-10 aastat.  P\u00e4rast esmakordset avamist laske sellel 24 tundi \u00f5hkuda ja lahti voltida.\" \/>\n<meta name=\"robots\" content=\"index, follow, max-snippet:-1, max-image-preview:large, max-video-preview:-1\" \/>\n<link rel=\"canonical\" href=\"https:\/\/sleepcity.ee\/toode\/smart-kids-comfort-padi\/\" \/>\n<meta property=\"og:locale\" content=\"et_EE\" \/>\n<meta property=\"og:type\" content=\"article\" \/>\n<meta property=\"og:title\" content=\"Smart\u00ae KIDS Comfort padi - SleepCity - Hea Une Valem\" \/>\n<meta property=\"og:description\" content=\"\u00d5ige padi tervislikuks arenguks!  \u00d5ige padi on kosutava une ja tervisliku arengu oluliseks aluseks, eriti laste puhul. Smart\u00ae KIDS PILLOW-padjad on oma kuju, suuruse ja materjalide omadustega spetsiaalselt kohandatud laste vajadustele ning pakuvad optimaalseid tugitingimusi rahulikuks \u00f6\u00f6ks.  Tervislik magamisasend aitab v\u00e4ltida l\u00fclisamba nihkeid v\u00f5i valusid kaela- ja seljapiirkonnas juba lapsep\u00f5lves. Loomuliku ja mugava magamisasendi toetamiseks peaks padja k\u00f5rgus, tugevus ja suurus vastama lapse f\u00fc\u00fcsilistele vajadustele.  Erineva kujuga padjak\u00fclgede ja ideaalsete tugiomadustega Smart\u00ae KIDS Comfort padi tagab mugava lamamisasendi ja toetab pingevaba und.  T\u00e4nu kvaliteetsele m\u00e4luvahule (BASF-i CosyPur\u00ae) pakub padi \u00f6\u00f6sel optimaalset tuge ja v\u00f5imaldab tervislikku kehahoiakut muutuvates magamisasendites magamiseks. T\u00e4nu integreeritud \u00f5hukanalitele on v\u00e4lditud kuumuse ja niiskuse kogunemine ning v\u00f5imalik on m\u00f5nus magamiskeskkond. Kvaliteetne vaht annab padjale ka k\u00f5rge vastupidavuse lestade ja mikroobide vastu, mist\u00f5ttu on see ideaalne allergikutele ja tundlikele lastele.  Praktiline reisikott muudab padja ideaalseks kaaslaseks j\u00e4rgmistel seiklustel ja v\u00f5imaldab meie v\u00e4ikestel kosutava ja lapses\u00f5braliku une ka reisil olles.  Padi sobib lastele vanuses 4-10 aastat.  P\u00e4rast esmakordset avamist laske sellel 24 tundi \u00f5hkuda ja lahti voltida.\" \/>\n<meta property=\"og:url\" content=\"https:\/\/sleepcity.ee\/toode\/smart-kids-comfort-padi\/\" \/>\n<meta property=\"og:site_name\" content=\"SleepCity - Hea Une Valem\" \/>\n<meta property=\"article:publisher\" content=\"http:\/\/www.fb.com\/TempurEstonia\" \/>\n<meta property=\"article:modified_time\" content=\"2025-05-23T16:23:49+00:00\" \/>\n<meta property=\"og:image\" content=\"https:\/\/sleepcity.ee\/wp-content\/uploads\/2024\/01\/smart-kids-comfort-pillow-anwendung-kissen-bett-kind-schlaf-junge_1500x1500-600x600-1.jpg\" \/>\n\t<meta property=\"og:image:width\" content=\"600\" \/>\n\t<meta property=\"og:image:height\" content=\"600\" \/>\n\t<meta property=\"og:image:type\" content=\"image\/jpeg\" \/>\n<meta name=\"twitter:card\" content=\"summary_large_image\" \/>\n<meta name=\"twitter:label1\" content=\"Est. reading time\" \/>\n\t<meta name=\"twitter:data1\" content=\"1 minut\" \/>\n<script type=\"application\/ld+json\" class=\"yoast-schema-graph\">{\"@context\":\"https:\\\/\\\/schema.org\",\"@graph\":[{\"@type\":\"WebPage\",\"@id\":\"https:\\\/\\\/sleepcity.ee\\\/toode\\\/smart-kids-comfort-padi\\\/\",\"url\":\"https:\\\/\\\/sleepcity.ee\\\/toode\\\/smart-kids-comfort-padi\\\/\",\"name\":\"Smart\u00ae KIDS Comfort padi - SleepCity - Hea Une Valem\",\"isPartOf\":{\"@id\":\"https:\\\/\\\/sleepcity.ee\\\/#website\"},\"primaryImageOfPage\":{\"@id\":\"https:\\\/\\\/sleepcity.ee\\\/toode\\\/smart-kids-comfort-padi\\\/#primaryimage\"},\"image\":{\"@id\":\"https:\\\/\\\/sleepcity.ee\\\/toode\\\/smart-kids-comfort-padi\\\/#primaryimage\"},\"thumbnailUrl\":\"https:\\\/\\\/sleepcity.ee\\\/wp-content\\\/uploads\\\/2024\\\/01\\\/smart-kids-comfort-pillow-anwendung-kissen-bett-kind-schlaf-junge_1500x1500-600x600-1.jpg\",\"datePublished\":\"2024-01-27T09:28:47+00:00\",\"dateModified\":\"2025-05-23T16:23:49+00:00\",\"description\":\"\u00d5ige padi tervislikuks arenguks! \u00d5ige padi on kosutava une ja tervisliku arengu oluliseks aluseks, eriti laste puhul. Smart\u00ae KIDS PILLOW-padjad on oma kuju, suuruse ja materjalide omadustega spetsiaalselt kohandatud laste vajadustele ning pakuvad optimaalseid tugitingimusi rahulikuks \u00f6\u00f6ks. Tervislik magamisasend aitab v\u00e4ltida l\u00fclisamba nihkeid v\u00f5i valusid kaela- ja seljapiirkonnas juba lapsep\u00f5lves. Loomuliku ja mugava magamisasendi toetamiseks peaks padja k\u00f5rgus, tugevus ja suurus vastama lapse f\u00fc\u00fcsilistele vajadustele. Erineva kujuga padjak\u00fclgede ja ideaalsete tugiomadustega Smart\u00ae KIDS Comfort padi tagab mugava lamamisasendi ja toetab pingevaba und. T\u00e4nu kvaliteetsele m\u00e4luvahule (BASF-i CosyPur\u00ae) pakub padi \u00f6\u00f6sel optimaalset tuge ja v\u00f5imaldab tervislikku kehahoiakut muutuvates magamisasendites magamiseks. T\u00e4nu integreeritud \u00f5hukanalitele on v\u00e4lditud kuumuse ja niiskuse kogunemine ning v\u00f5imalik on m\u00f5nus magamiskeskkond. Kvaliteetne vaht annab padjale ka k\u00f5rge vastupidavuse lestade ja mikroobide vastu, mist\u00f5ttu on see ideaalne allergikutele ja tundlikele lastele. Praktiline reisikott muudab padja ideaalseks kaaslaseks j\u00e4rgmistel seiklustel ja v\u00f5imaldab meie v\u00e4ikestel kosutava ja lapses\u00f5braliku une ka reisil olles. Padi sobib lastele vanuses 4-10 aastat. P\u00e4rast esmakordset avamist laske sellel 24 tundi \u00f5hkuda ja lahti voltida.\",\"breadcrumb\":{\"@id\":\"https:\\\/\\\/sleepcity.ee\\\/toode\\\/smart-kids-comfort-padi\\\/#breadcrumb\"},\"inLanguage\":\"et\",\"potentialAction\":[{\"@type\":\"ReadAction\",\"target\":[\"https:\\\/\\\/sleepcity.ee\\\/toode\\\/smart-kids-comfort-padi\\\/\"]}]},{\"@type\":\"ImageObject\",\"inLanguage\":\"et\",\"@id\":\"https:\\\/\\\/sleepcity.ee\\\/toode\\\/smart-kids-comfort-padi\\\/#primaryimage\",\"url\":\"https:\\\/\\\/sleepcity.ee\\\/wp-content\\\/uploads\\\/2024\\\/01\\\/smart-kids-comfort-pillow-anwendung-kissen-bett-kind-schlaf-junge_1500x1500-600x600-1.jpg\",\"contentUrl\":\"https:\\\/\\\/sleepcity.ee\\\/wp-content\\\/uploads\\\/2024\\\/01\\\/smart-kids-comfort-pillow-anwendung-kissen-bett-kind-schlaf-junge_1500x1500-600x600-1.jpg\",\"width\":600,\"height\":600},{\"@type\":\"BreadcrumbList\",\"@id\":\"https:\\\/\\\/sleepcity.ee\\\/toode\\\/smart-kids-comfort-padi\\\/#breadcrumb\",\"itemListElement\":[{\"@type\":\"ListItem\",\"position\":1,\"name\":\"Home\",\"item\":\"https:\\\/\\\/www.sleepcity.ee\\\/\"},{\"@type\":\"ListItem\",\"position\":2,\"name\":\"Pood\",\"item\":\"https:\\\/\\\/sleepcity.ee\\\/pood\\\/\"},{\"@type\":\"ListItem\",\"position\":3,\"name\":\"Smart\u00ae KIDS Comfort padi\"}]},{\"@type\":\"WebSite\",\"@id\":\"https:\\\/\\\/sleepcity.ee\\\/#website\",\"url\":\"https:\\\/\\\/sleepcity.ee\\\/\",\"name\":\"Tempur Shop\",\"description\":\"TEMPUR madratsid, voodid, padjad ja muud unetooted.\",\"publisher\":{\"@id\":\"https:\\\/\\\/sleepcity.ee\\\/#organization\"},\"potentialAction\":[{\"@type\":\"SearchAction\",\"target\":{\"@type\":\"EntryPoint\",\"urlTemplate\":\"https:\\\/\\\/sleepcity.ee\\\/?s={search_term_string}\"},\"query-input\":{\"@type\":\"PropertyValueSpecification\",\"valueRequired\":true,\"valueName\":\"search_term_string\"}}],\"inLanguage\":\"et\"},{\"@type\":\"Organization\",\"@id\":\"https:\\\/\\\/sleepcity.ee\\\/#organization\",\"name\":\"VG Design O\u00dc\",\"url\":\"https:\\\/\\\/sleepcity.ee\\\/\",\"logo\":{\"@type\":\"ImageObject\",\"inLanguage\":\"et\",\"@id\":\"https:\\\/\\\/sleepcity.ee\\\/#\\\/schema\\\/logo\\\/image\\\/\",\"url\":\"https:\\\/\\\/sleepcity.ee\\\/wp-content\\\/uploads\\\/2023\\\/09\\\/sleepcity_logo.png\",\"contentUrl\":\"https:\\\/\\\/sleepcity.ee\\\/wp-content\\\/uploads\\\/2023\\\/09\\\/sleepcity_logo.png\",\"width\":1034,\"height\":318,\"caption\":\"VG Design O\u00dc\"},\"image\":{\"@id\":\"https:\\\/\\\/sleepcity.ee\\\/#\\\/schema\\\/logo\\\/image\\\/\"},\"sameAs\":[\"http:\\\/\\\/www.fb.com\\\/TempurEstonia\",\"http:\\\/\\\/www.instagram.com\\\/tempurestonia\"]}]}<\/script>\n<!-- \/ Yoast SEO plugin. -->","yoast_head_json":{"title":"Smart\u00ae KIDS Comfort padi - SleepCity - Hea Une Valem","description":"\u00d5ige padi tervislikuks arenguks!  \u00d5ige padi on kosutava une ja tervisliku arengu oluliseks aluseks, eriti laste puhul. Smart\u00ae KIDS PILLOW-padjad on oma kuju, suuruse ja materjalide omadustega spetsiaalselt kohandatud laste vajadustele ning pakuvad optimaalseid tugitingimusi rahulikuks \u00f6\u00f6ks.  Tervislik magamisasend aitab v\u00e4ltida l\u00fclisamba nihkeid v\u00f5i valusid kaela- ja seljapiirkonnas juba lapsep\u00f5lves. Loomuliku ja mugava magamisasendi toetamiseks peaks padja k\u00f5rgus, tugevus ja suurus vastama lapse f\u00fc\u00fcsilistele vajadustele.  Erineva kujuga padjak\u00fclgede ja ideaalsete tugiomadustega Smart\u00ae KIDS Comfort padi tagab mugava lamamisasendi ja toetab pingevaba und.  T\u00e4nu kvaliteetsele m\u00e4luvahule (BASF-i CosyPur\u00ae) pakub padi \u00f6\u00f6sel optimaalset tuge ja v\u00f5imaldab tervislikku kehahoiakut muutuvates magamisasendites magamiseks. T\u00e4nu integreeritud \u00f5hukanalitele on v\u00e4lditud kuumuse ja niiskuse kogunemine ning v\u00f5imalik on m\u00f5nus magamiskeskkond. Kvaliteetne vaht annab padjale ka k\u00f5rge vastupidavuse lestade ja mikroobide vastu, mist\u00f5ttu on see ideaalne allergikutele ja tundlikele lastele.  Praktiline reisikott muudab padja ideaalseks kaaslaseks j\u00e4rgmistel seiklustel ja v\u00f5imaldab meie v\u00e4ikestel kosutava ja lapses\u00f5braliku une ka reisil olles.  Padi sobib lastele vanuses 4-10 aastat.  P\u00e4rast esmakordset avamist laske sellel 24 tundi \u00f5hkuda ja lahti voltida.","robots":{"index":"index","follow":"follow","max-snippet":"max-snippet:-1","max-image-preview":"max-image-preview:large","max-video-preview":"max-video-preview:-1"},"canonical":"https:\/\/sleepcity.ee\/toode\/smart-kids-comfort-padi\/","og_locale":"et_EE","og_type":"article","og_title":"Smart\u00ae KIDS Comfort padi - SleepCity - Hea Une Valem","og_description":"\u00d5ige padi tervislikuks arenguks!  \u00d5ige padi on kosutava une ja tervisliku arengu oluliseks aluseks, eriti laste puhul. Smart\u00ae KIDS PILLOW-padjad on oma kuju, suuruse ja materjalide omadustega spetsiaalselt kohandatud laste vajadustele ning pakuvad optimaalseid tugitingimusi rahulikuks \u00f6\u00f6ks.  Tervislik magamisasend aitab v\u00e4ltida l\u00fclisamba nihkeid v\u00f5i valusid kaela- ja seljapiirkonnas juba lapsep\u00f5lves. Loomuliku ja mugava magamisasendi toetamiseks peaks padja k\u00f5rgus, tugevus ja suurus vastama lapse f\u00fc\u00fcsilistele vajadustele.  Erineva kujuga padjak\u00fclgede ja ideaalsete tugiomadustega Smart\u00ae KIDS Comfort padi tagab mugava lamamisasendi ja toetab pingevaba und.  T\u00e4nu kvaliteetsele m\u00e4luvahule (BASF-i CosyPur\u00ae) pakub padi \u00f6\u00f6sel optimaalset tuge ja v\u00f5imaldab tervislikku kehahoiakut muutuvates magamisasendites magamiseks. T\u00e4nu integreeritud \u00f5hukanalitele on v\u00e4lditud kuumuse ja niiskuse kogunemine ning v\u00f5imalik on m\u00f5nus magamiskeskkond. Kvaliteetne vaht annab padjale ka k\u00f5rge vastupidavuse lestade ja mikroobide vastu, mist\u00f5ttu on see ideaalne allergikutele ja tundlikele lastele.  Praktiline reisikott muudab padja ideaalseks kaaslaseks j\u00e4rgmistel seiklustel ja v\u00f5imaldab meie v\u00e4ikestel kosutava ja lapses\u00f5braliku une ka reisil olles.  Padi sobib lastele vanuses 4-10 aastat.  P\u00e4rast esmakordset avamist laske sellel 24 tundi \u00f5hkuda ja lahti voltida.","og_url":"https:\/\/sleepcity.ee\/toode\/smart-kids-comfort-padi\/","og_site_name":"SleepCity - Hea Une Valem","article_publisher":"http:\/\/www.fb.com\/TempurEstonia","article_modified_time":"2025-05-23T16:23:49+00:00","og_image":[{"width":600,"height":600,"url":"https:\/\/sleepcity.ee\/wp-content\/uploads\/2024\/01\/smart-kids-comfort-pillow-anwendung-kissen-bett-kind-schlaf-junge_1500x1500-600x600-1.jpg","type":"image\/jpeg"}],"twitter_card":"summary_large_image","twitter_misc":{"Est. reading time":"1 minut"},"schema":{"@context":"https:\/\/schema.org","@graph":[{"@type":"WebPage","@id":"https:\/\/sleepcity.ee\/toode\/smart-kids-comfort-padi\/","url":"https:\/\/sleepcity.ee\/toode\/smart-kids-comfort-padi\/","name":"Smart\u00ae KIDS Comfort padi - SleepCity - Hea Une Valem","isPartOf":{"@id":"https:\/\/sleepcity.ee\/#website"},"primaryImageOfPage":{"@id":"https:\/\/sleepcity.ee\/toode\/smart-kids-comfort-padi\/#primaryimage"},"image":{"@id":"https:\/\/sleepcity.ee\/toode\/smart-kids-comfort-padi\/#primaryimage"},"thumbnailUrl":"https:\/\/sleepcity.ee\/wp-content\/uploads\/2024\/01\/smart-kids-comfort-pillow-anwendung-kissen-bett-kind-schlaf-junge_1500x1500-600x600-1.jpg","datePublished":"2024-01-27T09:28:47+00:00","dateModified":"2025-05-23T16:23:49+00:00","description":"\u00d5ige padi tervislikuks arenguks! \u00d5ige padi on kosutava une ja tervisliku arengu oluliseks aluseks, eriti laste puhul. Smart\u00ae KIDS PILLOW-padjad on oma kuju, suuruse ja materjalide omadustega spetsiaalselt kohandatud laste vajadustele ning pakuvad optimaalseid tugitingimusi rahulikuks \u00f6\u00f6ks. Tervislik magamisasend aitab v\u00e4ltida l\u00fclisamba nihkeid v\u00f5i valusid kaela- ja seljapiirkonnas juba lapsep\u00f5lves. Loomuliku ja mugava magamisasendi toetamiseks peaks padja k\u00f5rgus, tugevus ja suurus vastama lapse f\u00fc\u00fcsilistele vajadustele. Erineva kujuga padjak\u00fclgede ja ideaalsete tugiomadustega Smart\u00ae KIDS Comfort padi tagab mugava lamamisasendi ja toetab pingevaba und. T\u00e4nu kvaliteetsele m\u00e4luvahule (BASF-i CosyPur\u00ae) pakub padi \u00f6\u00f6sel optimaalset tuge ja v\u00f5imaldab tervislikku kehahoiakut muutuvates magamisasendites magamiseks. T\u00e4nu integreeritud \u00f5hukanalitele on v\u00e4lditud kuumuse ja niiskuse kogunemine ning v\u00f5imalik on m\u00f5nus magamiskeskkond. Kvaliteetne vaht annab padjale ka k\u00f5rge vastupidavuse lestade ja mikroobide vastu, mist\u00f5ttu on see ideaalne allergikutele ja tundlikele lastele. Praktiline reisikott muudab padja ideaalseks kaaslaseks j\u00e4rgmistel seiklustel ja v\u00f5imaldab meie v\u00e4ikestel kosutava ja lapses\u00f5braliku une ka reisil olles. Padi sobib lastele vanuses 4-10 aastat. P\u00e4rast esmakordset avamist laske sellel 24 tundi \u00f5hkuda ja lahti voltida.","breadcrumb":{"@id":"https:\/\/sleepcity.ee\/toode\/smart-kids-comfort-padi\/#breadcrumb"},"inLanguage":"et","potentialAction":[{"@type":"ReadAction","target":["https:\/\/sleepcity.ee\/toode\/smart-kids-comfort-padi\/"]}]},{"@type":"ImageObject","inLanguage":"et","@id":"https:\/\/sleepcity.ee\/toode\/smart-kids-comfort-padi\/#primaryimage","url":"https:\/\/sleepcity.ee\/wp-content\/uploads\/2024\/01\/smart-kids-comfort-pillow-anwendung-kissen-bett-kind-schlaf-junge_1500x1500-600x600-1.jpg","contentUrl":"https:\/\/sleepcity.ee\/wp-content\/uploads\/2024\/01\/smart-kids-comfort-pillow-anwendung-kissen-bett-kind-schlaf-junge_1500x1500-600x600-1.jpg","width":600,"height":600},{"@type":"BreadcrumbList","@id":"https:\/\/sleepcity.ee\/toode\/smart-kids-comfort-padi\/#breadcrumb","itemListElement":[{"@type":"ListItem","position":1,"name":"Home","item":"https:\/\/www.sleepcity.ee\/"},{"@type":"ListItem","position":2,"name":"Pood","item":"https:\/\/sleepcity.ee\/pood\/"},{"@type":"ListItem","position":3,"name":"Smart\u00ae KIDS Comfort padi"}]},{"@type":"WebSite","@id":"https:\/\/sleepcity.ee\/#website","url":"https:\/\/sleepcity.ee\/","name":"Tempur Shop","description":"TEMPUR madratsid, voodid, padjad ja muud unetooted.","publisher":{"@id":"https:\/\/sleepcity.ee\/#organization"},"potentialAction":[{"@type":"SearchAction","target":{"@type":"EntryPoint","urlTemplate":"https:\/\/sleepcity.ee\/?s={search_term_string}"},"query-input":{"@type":"PropertyValueSpecification","valueRequired":true,"valueName":"search_term_string"}}],"inLanguage":"et"},{"@type":"Organization","@id":"https:\/\/sleepcity.ee\/#organization","name":"VG Design O\u00dc","url":"https:\/\/sleepcity.ee\/","logo":{"@type":"ImageObject","inLanguage":"et","@id":"https:\/\/sleepcity.ee\/#\/schema\/logo\/image\/","url":"https:\/\/sleepcity.ee\/wp-content\/uploads\/2023\/09\/sleepcity_logo.png","contentUrl":"https:\/\/sleepcity.ee\/wp-content\/uploads\/2023\/09\/sleepcity_logo.png","width":1034,"height":318,"caption":"VG Design O\u00dc"},"image":{"@id":"https:\/\/sleepcity.ee\/#\/schema\/logo\/image\/"},"sameAs":["http:\/\/www.fb.com\/TempurEstonia","http:\/\/www.instagram.com\/tempurestonia"]}]}},"_links":{"self":[{"href":"https:\/\/sleepcity.ee\/wp-json\/wp\/v2\/product\/7333","targetHints":{"allow":["GET"]}}],"collection":[{"href":"https:\/\/sleepcity.ee\/wp-json\/wp\/v2\/product"}],"about":[{"href":"https:\/\/sleepcity.ee\/wp-json\/wp\/v2\/types\/product"}],"replies":[{"embeddable":true,"href":"https:\/\/sleepcity.ee\/wp-json\/wp\/v2\/comments?post=7333"}],"wp:featuredmedia":[{"embeddable":true,"href":"https:\/\/sleepcity.ee\/wp-json\/wp\/v2\/media\/7303"}],"wp:attachment":[{"href":"https:\/\/sleepcity.ee\/wp-json\/wp\/v2\/media?parent=7333"}],"wp:term":[{"taxonomy":"product_brand","embeddable":true,"href":"https:\/\/sleepcity.ee\/wp-json\/wp\/v2\/product_brand?post=7333"},{"taxonomy":"product_cat","embeddable":true,"href":"https:\/\/sleepcity.ee\/wp-json\/wp\/v2\/product_cat?post=7333"},{"taxonomy":"product_tag","embeddable":true,"href":"https:\/\/sleepcity.ee\/wp-json\/wp\/v2\/product_tag?post=7333"}],"curies":[{"name":"wp","href":"https:\/\/api.w.org\/{rel}","templated":true}]}}