{"id":7429,"date":"2024-01-27T10:27:08","date_gmt":"2024-01-27T10:27:08","guid":{"rendered":"https:\/\/sleepcity.ee\/?post_type=product&#038;p=7429"},"modified":"2024-01-27T10:27:08","modified_gmt":"2024-01-27T10:27:08","slug":"smartsleep-relax-sleep-loogastuskapslid","status":"publish","type":"product","link":"https:\/\/sleepcity.ee\/toode\/smartsleep-relax-sleep-loogastuskapslid\/","title":{"rendered":"Smartsleep\u00ae RELAX &#038; SLEEP l\u00f5\u00f5gastuskapslid"},"content":{"rendered":"<p><strong>Soovitatav kasutamine<\/strong>:<\/p>\n<p>2-3 kapslit enne magamaminekut koos klaasi veega. \u00c4rge \u00fcletage soovitatud annust.<\/p>\n<p>Toidulisandit ei tohiks kasutada toidu asendajana. Oluline on mitmekesine ja tasakaalustatud toitumine ning tervislik eluviis.<\/p>\n<p>Hoida lastele k\u00e4ttesaamatus kohas, temperatuuril kuni 21\u030aC, kuivas ja pimedas kohas, otsese p\u00e4ikesevalguse eest kaitstult.<\/p>\n<p><strong>Toitev\u00e4\u00e4rtus:\u00a0<\/strong>humalaekstrakt 16,7 mg, rohelise tee ekstrakt \u2013 millest L-teaniin 83,3 mg 16,7 mg, gl\u00fctsiin 250 mg, L-tr\u00fcptofaan 200 mg, lavendli\u00f5ite pulber 83,3 mg, B6-vitamiin 0,20 mg 14% NRV*, B12-vitamiin 0,70 \u00b5g 28% NRV*, magneesium 50,0 mg 13% NRV*<\/p>\n<p>*NRV v\u00f5rdluskogus, %.<\/p>\n<p><strong>Koostisained<\/strong>: gl\u00fctsiin, L-tr\u00fcptofaan, magneesiumoksiid, rohelise tee ekstrakt, lavendli\u00f5ite pulber, humalaekstrakt, p\u00fcridoksiinvesinikkloriid (B6-vitamiin), met\u00fc\u00fclkobalamiin (B12-vitamiin). Kapsli kest: h\u00fcdroks\u00fcprop\u00fc\u00fclmet\u00fc\u00fcltselluloos.<\/p>\n<p><strong>Netokogus<\/strong>: 25 g (30 kapslit, iga\u00fcks 0,83 g).<\/p>\n","protected":false},"excerpt":{"rendered":"<p><strong>L\u00f5\u00f5gastuge loomulikult ja magage rahulikult!<\/strong><\/p>\n<p>L\u00f5\u00f5gastuskapslid RELAX &amp; SLEEP kasutavad kvaliteetseid looduslikke koostisosi, et edendada sisemist rahu, v\u00e4hendada stressi ja aidata teil l\u00f5\u00f5gastunult uinuda. Humala, rohelise tee, lavendli\u00f5ie, L-tr\u00fcptofaani, gl\u00fctsiini, magneesiumi, B6- ja B12-vitamiiniga loomulikuks l\u00f5\u00f5gastumiseks enne magamaminekut.<\/p>\n<p><strong>SMARTSLEEP<\/strong>\u00ae\u00a0<strong>RELAX &amp; SLEEP \u2013 toidulisand rohelise tee, humala- ja lavendliekstraktidega, aminohapete, magneesiumi, B6- ja B12-vitamiinidega.\u00a0<\/strong><\/p>\n<p>Magneesium, B6- ja B12-vitamiinid aitavad v\u00e4hendada v\u00e4simus- ja kurnatustunnet. B12-vitamiin aitab s\u00e4ilitada normaalset ps\u00fchholoogilist funktsiooni, n\u00e4rvis\u00fcsteemi talitlust, energiavahetust, punaste vereliblede moodustumist ja immuuns\u00fcsteemi talitlust. Seda kasutatakse toitumise t\u00e4iendamiseks uneh\u00e4irete korral.<\/p>\n<p>Sobib veganitele, gluteenivaba, suhkruvaba, laktoosivaba.<\/p>\n<p>Ei tekita s\u00f5ltuvustunnet.<\/p>\n<p>T\u00e4iskasvanutele.<\/p>\n<p>Pakendis on\u00a0 30 kapslit.<\/p>\n","protected":false},"featured_media":7430,"comment_status":"open","ping_status":"closed","template":"","meta":{"_monsterinsights_skip_tracking":false,"_monsterinsights_sitenote_active":false,"_monsterinsights_sitenote_note":"","_monsterinsights_sitenote_category":0},"product_brand":[],"product_cat":[272,509],"product_tag":[525,527,528,526],"class_list":{"0":"post-7429","1":"product","2":"type-product","3":"status-publish","4":"has-post-thumbnail","6":"product_cat-meeleolu","7":"product_cat-toidulisandid","8":"product_tag-loogastus","9":"product_tag-magamine","10":"product_tag-toidulisand","11":"product_tag-uni","13":"first","14":"instock","15":"taxable","16":"shipping-taxable","17":"purchasable","18":"product-type-simple"},"yoast_head":"<!-- This site is optimized with the Yoast SEO plugin v27.3 - https:\/\/yoast.com\/product\/yoast-seo-wordpress\/ -->\n<title>Smartsleep\u00ae RELAX &amp; SLEEP l\u00f5\u00f5gastuskapslid - SleepCity - Hea Une Valem<\/title>\n<meta name=\"description\" content=\"L\u00f5\u00f5gastuge loomulikult ja magage rahulikult!  L\u00f5\u00f5gastuskapslid RELAX &amp; SLEEP kasutavad kvaliteetseid looduslikke koostisosi, et edendada sisemist rahu, v\u00e4hendada stressi ja aidata teil l\u00f5\u00f5gastunult uinuda. Humala, rohelise tee, lavendli\u00f5ie, L-tr\u00fcptofaani, gl\u00fctsiini, magneesiumi, B6- ja B12-vitamiiniga loomulikuks l\u00f5\u00f5gastumiseks enne magamaminekut.  SMARTSLEEP\u00ae\u00a0RELAX &amp; SLEEP \u2013 toidulisand rohelise tee, humala- ja lavendliekstraktidega, aminohapete, magneesiumi, B6- ja B12-vitamiinidega.\u00a0  Magneesium, B6- ja B12-vitamiinid aitavad v\u00e4hendada v\u00e4simus- ja kurnatustunnet. B12-vitamiin aitab s\u00e4ilitada normaalset ps\u00fchholoogilist funktsiooni, n\u00e4rvis\u00fcsteemi talitlust, energiavahetust, punaste vereliblede moodustumist ja immuuns\u00fcsteemi talitlust. Seda kasutatakse toitumise t\u00e4iendamiseks uneh\u00e4irete korral.  Sobib veganitele, gluteenivaba, suhkruvaba, laktoosivaba.  Ei tekita s\u00f5ltuvustunnet.  T\u00e4iskasvanutele.  Pakendis on\u00a0 30 kapslit.\" \/>\n<meta name=\"robots\" content=\"index, follow, max-snippet:-1, max-image-preview:large, max-video-preview:-1\" \/>\n<link rel=\"canonical\" href=\"https:\/\/sleepcity.ee\/toode\/smartsleep-relax-sleep-loogastuskapslid\/\" \/>\n<meta property=\"og:locale\" content=\"et_EE\" \/>\n<meta property=\"og:type\" content=\"article\" \/>\n<meta property=\"og:title\" content=\"Smartsleep\u00ae RELAX &amp; SLEEP l\u00f5\u00f5gastuskapslid - SleepCity - Hea Une Valem\" \/>\n<meta property=\"og:description\" content=\"L\u00f5\u00f5gastuge loomulikult ja magage rahulikult!  L\u00f5\u00f5gastuskapslid RELAX &amp; SLEEP kasutavad kvaliteetseid looduslikke koostisosi, et edendada sisemist rahu, v\u00e4hendada stressi ja aidata teil l\u00f5\u00f5gastunult uinuda. Humala, rohelise tee, lavendli\u00f5ie, L-tr\u00fcptofaani, gl\u00fctsiini, magneesiumi, B6- ja B12-vitamiiniga loomulikuks l\u00f5\u00f5gastumiseks enne magamaminekut.  SMARTSLEEP\u00ae\u00a0RELAX &amp; SLEEP \u2013 toidulisand rohelise tee, humala- ja lavendliekstraktidega, aminohapete, magneesiumi, B6- ja B12-vitamiinidega.\u00a0  Magneesium, B6- ja B12-vitamiinid aitavad v\u00e4hendada v\u00e4simus- ja kurnatustunnet. B12-vitamiin aitab s\u00e4ilitada normaalset ps\u00fchholoogilist funktsiooni, n\u00e4rvis\u00fcsteemi talitlust, energiavahetust, punaste vereliblede moodustumist ja immuuns\u00fcsteemi talitlust. Seda kasutatakse toitumise t\u00e4iendamiseks uneh\u00e4irete korral.  Sobib veganitele, gluteenivaba, suhkruvaba, laktoosivaba.  Ei tekita s\u00f5ltuvustunnet.  T\u00e4iskasvanutele.  Pakendis on\u00a0 30 kapslit.\" \/>\n<meta property=\"og:url\" content=\"https:\/\/sleepcity.ee\/toode\/smartsleep-relax-sleep-loogastuskapslid\/\" \/>\n<meta property=\"og:site_name\" content=\"SleepCity - Hea Une Valem\" \/>\n<meta property=\"article:publisher\" content=\"http:\/\/www.fb.com\/TempurEstonia\" \/>\n<meta property=\"og:image\" content=\"https:\/\/sleepcity.ee\/wp-content\/uploads\/2024\/01\/220513_RELAX_web_shop_05_400x.webp\" \/>\n\t<meta property=\"og:image:width\" content=\"400\" \/>\n\t<meta property=\"og:image:height\" content=\"400\" \/>\n\t<meta property=\"og:image:type\" content=\"image\/webp\" \/>\n<meta name=\"twitter:card\" content=\"summary_large_image\" \/>\n<meta name=\"twitter:label1\" content=\"Est. reading time\" \/>\n\t<meta name=\"twitter:data1\" content=\"1 minut\" \/>\n<script type=\"application\/ld+json\" class=\"yoast-schema-graph\">{\"@context\":\"https:\\\/\\\/schema.org\",\"@graph\":[{\"@type\":\"WebPage\",\"@id\":\"https:\\\/\\\/sleepcity.ee\\\/toode\\\/smartsleep-relax-sleep-loogastuskapslid\\\/\",\"url\":\"https:\\\/\\\/sleepcity.ee\\\/toode\\\/smartsleep-relax-sleep-loogastuskapslid\\\/\",\"name\":\"Smartsleep\u00ae RELAX & SLEEP l\u00f5\u00f5gastuskapslid - SleepCity - Hea Une Valem\",\"isPartOf\":{\"@id\":\"https:\\\/\\\/sleepcity.ee\\\/#website\"},\"primaryImageOfPage\":{\"@id\":\"https:\\\/\\\/sleepcity.ee\\\/toode\\\/smartsleep-relax-sleep-loogastuskapslid\\\/#primaryimage\"},\"image\":{\"@id\":\"https:\\\/\\\/sleepcity.ee\\\/toode\\\/smartsleep-relax-sleep-loogastuskapslid\\\/#primaryimage\"},\"thumbnailUrl\":\"https:\\\/\\\/www.sleepcity.ee\\\/wp-content\\\/uploads\\\/2024\\\/01\\\/220513_RELAX_web_shop_05_400x.webp\",\"datePublished\":\"2024-01-27T10:27:08+00:00\",\"description\":\"L\u00f5\u00f5gastuge loomulikult ja magage rahulikult! L\u00f5\u00f5gastuskapslid RELAX &amp; SLEEP kasutavad kvaliteetseid looduslikke koostisosi, et edendada sisemist rahu, v\u00e4hendada stressi ja aidata teil l\u00f5\u00f5gastunult uinuda. Humala, rohelise tee, lavendli\u00f5ie, L-tr\u00fcptofaani, gl\u00fctsiini, magneesiumi, B6- ja B12-vitamiiniga loomulikuks l\u00f5\u00f5gastumiseks enne magamaminekut. SMARTSLEEP\u00ae\u00a0RELAX &amp; SLEEP \u2013 toidulisand rohelise tee, humala- ja lavendliekstraktidega, aminohapete, magneesiumi, B6- ja B12-vitamiinidega.\u00a0 Magneesium, B6- ja B12-vitamiinid aitavad v\u00e4hendada v\u00e4simus- ja kurnatustunnet. B12-vitamiin aitab s\u00e4ilitada normaalset ps\u00fchholoogilist funktsiooni, n\u00e4rvis\u00fcsteemi talitlust, energiavahetust, punaste vereliblede moodustumist ja immuuns\u00fcsteemi talitlust. Seda kasutatakse toitumise t\u00e4iendamiseks uneh\u00e4irete korral. Sobib veganitele, gluteenivaba, suhkruvaba, laktoosivaba. Ei tekita s\u00f5ltuvustunnet. T\u00e4iskasvanutele. Pakendis on\u00a0 30 kapslit.\",\"breadcrumb\":{\"@id\":\"https:\\\/\\\/sleepcity.ee\\\/toode\\\/smartsleep-relax-sleep-loogastuskapslid\\\/#breadcrumb\"},\"inLanguage\":\"et\",\"potentialAction\":[{\"@type\":\"ReadAction\",\"target\":[\"https:\\\/\\\/sleepcity.ee\\\/toode\\\/smartsleep-relax-sleep-loogastuskapslid\\\/\"]}]},{\"@type\":\"ImageObject\",\"inLanguage\":\"et\",\"@id\":\"https:\\\/\\\/sleepcity.ee\\\/toode\\\/smartsleep-relax-sleep-loogastuskapslid\\\/#primaryimage\",\"url\":\"https:\\\/\\\/www.sleepcity.ee\\\/wp-content\\\/uploads\\\/2024\\\/01\\\/220513_RELAX_web_shop_05_400x.webp\",\"contentUrl\":\"https:\\\/\\\/www.sleepcity.ee\\\/wp-content\\\/uploads\\\/2024\\\/01\\\/220513_RELAX_web_shop_05_400x.webp\",\"width\":400,\"height\":400},{\"@type\":\"BreadcrumbList\",\"@id\":\"https:\\\/\\\/sleepcity.ee\\\/toode\\\/smartsleep-relax-sleep-loogastuskapslid\\\/#breadcrumb\",\"itemListElement\":[{\"@type\":\"ListItem\",\"position\":1,\"name\":\"Home\",\"item\":\"https:\\\/\\\/www.sleepcity.ee\\\/\"},{\"@type\":\"ListItem\",\"position\":2,\"name\":\"Pood\",\"item\":\"https:\\\/\\\/sleepcity.ee\\\/pood\\\/\"},{\"@type\":\"ListItem\",\"position\":3,\"name\":\"Smartsleep\u00ae RELAX &#038; SLEEP l\u00f5\u00f5gastuskapslid\"}]},{\"@type\":\"WebSite\",\"@id\":\"https:\\\/\\\/sleepcity.ee\\\/#website\",\"url\":\"https:\\\/\\\/sleepcity.ee\\\/\",\"name\":\"Tempur Shop\",\"description\":\"TEMPUR madratsid, voodid, padjad ja muud unetooted.\",\"publisher\":{\"@id\":\"https:\\\/\\\/sleepcity.ee\\\/#organization\"},\"potentialAction\":[{\"@type\":\"SearchAction\",\"target\":{\"@type\":\"EntryPoint\",\"urlTemplate\":\"https:\\\/\\\/sleepcity.ee\\\/?s={search_term_string}\"},\"query-input\":{\"@type\":\"PropertyValueSpecification\",\"valueRequired\":true,\"valueName\":\"search_term_string\"}}],\"inLanguage\":\"et\"},{\"@type\":\"Organization\",\"@id\":\"https:\\\/\\\/sleepcity.ee\\\/#organization\",\"name\":\"VG Design O\u00dc\",\"url\":\"https:\\\/\\\/sleepcity.ee\\\/\",\"logo\":{\"@type\":\"ImageObject\",\"inLanguage\":\"et\",\"@id\":\"https:\\\/\\\/sleepcity.ee\\\/#\\\/schema\\\/logo\\\/image\\\/\",\"url\":\"https:\\\/\\\/www.sleepcity.ee\\\/wp-content\\\/uploads\\\/2023\\\/09\\\/sleepcity_logo.png\",\"contentUrl\":\"https:\\\/\\\/www.sleepcity.ee\\\/wp-content\\\/uploads\\\/2023\\\/09\\\/sleepcity_logo.png\",\"width\":1034,\"height\":318,\"caption\":\"VG Design O\u00dc\"},\"image\":{\"@id\":\"https:\\\/\\\/sleepcity.ee\\\/#\\\/schema\\\/logo\\\/image\\\/\"},\"sameAs\":[\"http:\\\/\\\/www.fb.com\\\/TempurEstonia\",\"http:\\\/\\\/www.instagram.com\\\/tempurestonia\"]}]}<\/script>\n<!-- \/ Yoast SEO plugin. -->","yoast_head_json":{"title":"Smartsleep\u00ae RELAX & SLEEP l\u00f5\u00f5gastuskapslid - SleepCity - Hea Une Valem","description":"L\u00f5\u00f5gastuge loomulikult ja magage rahulikult!  L\u00f5\u00f5gastuskapslid RELAX &amp; SLEEP kasutavad kvaliteetseid looduslikke koostisosi, et edendada sisemist rahu, v\u00e4hendada stressi ja aidata teil l\u00f5\u00f5gastunult uinuda. Humala, rohelise tee, lavendli\u00f5ie, L-tr\u00fcptofaani, gl\u00fctsiini, magneesiumi, B6- ja B12-vitamiiniga loomulikuks l\u00f5\u00f5gastumiseks enne magamaminekut.  SMARTSLEEP\u00ae\u00a0RELAX &amp; SLEEP \u2013 toidulisand rohelise tee, humala- ja lavendliekstraktidega, aminohapete, magneesiumi, B6- ja B12-vitamiinidega.\u00a0  Magneesium, B6- ja B12-vitamiinid aitavad v\u00e4hendada v\u00e4simus- ja kurnatustunnet. B12-vitamiin aitab s\u00e4ilitada normaalset ps\u00fchholoogilist funktsiooni, n\u00e4rvis\u00fcsteemi talitlust, energiavahetust, punaste vereliblede moodustumist ja immuuns\u00fcsteemi talitlust. Seda kasutatakse toitumise t\u00e4iendamiseks uneh\u00e4irete korral.  Sobib veganitele, gluteenivaba, suhkruvaba, laktoosivaba.  Ei tekita s\u00f5ltuvustunnet.  T\u00e4iskasvanutele.  Pakendis on\u00a0 30 kapslit.","robots":{"index":"index","follow":"follow","max-snippet":"max-snippet:-1","max-image-preview":"max-image-preview:large","max-video-preview":"max-video-preview:-1"},"canonical":"https:\/\/sleepcity.ee\/toode\/smartsleep-relax-sleep-loogastuskapslid\/","og_locale":"et_EE","og_type":"article","og_title":"Smartsleep\u00ae RELAX & SLEEP l\u00f5\u00f5gastuskapslid - SleepCity - Hea Une Valem","og_description":"L\u00f5\u00f5gastuge loomulikult ja magage rahulikult!  L\u00f5\u00f5gastuskapslid RELAX &amp; SLEEP kasutavad kvaliteetseid looduslikke koostisosi, et edendada sisemist rahu, v\u00e4hendada stressi ja aidata teil l\u00f5\u00f5gastunult uinuda. Humala, rohelise tee, lavendli\u00f5ie, L-tr\u00fcptofaani, gl\u00fctsiini, magneesiumi, B6- ja B12-vitamiiniga loomulikuks l\u00f5\u00f5gastumiseks enne magamaminekut.  SMARTSLEEP\u00ae\u00a0RELAX &amp; SLEEP \u2013 toidulisand rohelise tee, humala- ja lavendliekstraktidega, aminohapete, magneesiumi, B6- ja B12-vitamiinidega.\u00a0  Magneesium, B6- ja B12-vitamiinid aitavad v\u00e4hendada v\u00e4simus- ja kurnatustunnet. B12-vitamiin aitab s\u00e4ilitada normaalset ps\u00fchholoogilist funktsiooni, n\u00e4rvis\u00fcsteemi talitlust, energiavahetust, punaste vereliblede moodustumist ja immuuns\u00fcsteemi talitlust. Seda kasutatakse toitumise t\u00e4iendamiseks uneh\u00e4irete korral.  Sobib veganitele, gluteenivaba, suhkruvaba, laktoosivaba.  Ei tekita s\u00f5ltuvustunnet.  T\u00e4iskasvanutele.  Pakendis on\u00a0 30 kapslit.","og_url":"https:\/\/sleepcity.ee\/toode\/smartsleep-relax-sleep-loogastuskapslid\/","og_site_name":"SleepCity - Hea Une Valem","article_publisher":"http:\/\/www.fb.com\/TempurEstonia","og_image":[{"width":400,"height":400,"url":"https:\/\/sleepcity.ee\/wp-content\/uploads\/2024\/01\/220513_RELAX_web_shop_05_400x.webp","type":"image\/webp"}],"twitter_card":"summary_large_image","twitter_misc":{"Est. reading time":"1 minut"},"schema":{"@context":"https:\/\/schema.org","@graph":[{"@type":"WebPage","@id":"https:\/\/sleepcity.ee\/toode\/smartsleep-relax-sleep-loogastuskapslid\/","url":"https:\/\/sleepcity.ee\/toode\/smartsleep-relax-sleep-loogastuskapslid\/","name":"Smartsleep\u00ae RELAX & SLEEP l\u00f5\u00f5gastuskapslid - SleepCity - Hea Une Valem","isPartOf":{"@id":"https:\/\/sleepcity.ee\/#website"},"primaryImageOfPage":{"@id":"https:\/\/sleepcity.ee\/toode\/smartsleep-relax-sleep-loogastuskapslid\/#primaryimage"},"image":{"@id":"https:\/\/sleepcity.ee\/toode\/smartsleep-relax-sleep-loogastuskapslid\/#primaryimage"},"thumbnailUrl":"https:\/\/www.sleepcity.ee\/wp-content\/uploads\/2024\/01\/220513_RELAX_web_shop_05_400x.webp","datePublished":"2024-01-27T10:27:08+00:00","description":"L\u00f5\u00f5gastuge loomulikult ja magage rahulikult! L\u00f5\u00f5gastuskapslid RELAX &amp; SLEEP kasutavad kvaliteetseid looduslikke koostisosi, et edendada sisemist rahu, v\u00e4hendada stressi ja aidata teil l\u00f5\u00f5gastunult uinuda. Humala, rohelise tee, lavendli\u00f5ie, L-tr\u00fcptofaani, gl\u00fctsiini, magneesiumi, B6- ja B12-vitamiiniga loomulikuks l\u00f5\u00f5gastumiseks enne magamaminekut. SMARTSLEEP\u00ae\u00a0RELAX &amp; SLEEP \u2013 toidulisand rohelise tee, humala- ja lavendliekstraktidega, aminohapete, magneesiumi, B6- ja B12-vitamiinidega.\u00a0 Magneesium, B6- ja B12-vitamiinid aitavad v\u00e4hendada v\u00e4simus- ja kurnatustunnet. B12-vitamiin aitab s\u00e4ilitada normaalset ps\u00fchholoogilist funktsiooni, n\u00e4rvis\u00fcsteemi talitlust, energiavahetust, punaste vereliblede moodustumist ja immuuns\u00fcsteemi talitlust. Seda kasutatakse toitumise t\u00e4iendamiseks uneh\u00e4irete korral. Sobib veganitele, gluteenivaba, suhkruvaba, laktoosivaba. Ei tekita s\u00f5ltuvustunnet. T\u00e4iskasvanutele. Pakendis on\u00a0 30 kapslit.","breadcrumb":{"@id":"https:\/\/sleepcity.ee\/toode\/smartsleep-relax-sleep-loogastuskapslid\/#breadcrumb"},"inLanguage":"et","potentialAction":[{"@type":"ReadAction","target":["https:\/\/sleepcity.ee\/toode\/smartsleep-relax-sleep-loogastuskapslid\/"]}]},{"@type":"ImageObject","inLanguage":"et","@id":"https:\/\/sleepcity.ee\/toode\/smartsleep-relax-sleep-loogastuskapslid\/#primaryimage","url":"https:\/\/www.sleepcity.ee\/wp-content\/uploads\/2024\/01\/220513_RELAX_web_shop_05_400x.webp","contentUrl":"https:\/\/www.sleepcity.ee\/wp-content\/uploads\/2024\/01\/220513_RELAX_web_shop_05_400x.webp","width":400,"height":400},{"@type":"BreadcrumbList","@id":"https:\/\/sleepcity.ee\/toode\/smartsleep-relax-sleep-loogastuskapslid\/#breadcrumb","itemListElement":[{"@type":"ListItem","position":1,"name":"Home","item":"https:\/\/www.sleepcity.ee\/"},{"@type":"ListItem","position":2,"name":"Pood","item":"https:\/\/sleepcity.ee\/pood\/"},{"@type":"ListItem","position":3,"name":"Smartsleep\u00ae RELAX &#038; SLEEP l\u00f5\u00f5gastuskapslid"}]},{"@type":"WebSite","@id":"https:\/\/sleepcity.ee\/#website","url":"https:\/\/sleepcity.ee\/","name":"Tempur Shop","description":"TEMPUR madratsid, voodid, padjad ja muud unetooted.","publisher":{"@id":"https:\/\/sleepcity.ee\/#organization"},"potentialAction":[{"@type":"SearchAction","target":{"@type":"EntryPoint","urlTemplate":"https:\/\/sleepcity.ee\/?s={search_term_string}"},"query-input":{"@type":"PropertyValueSpecification","valueRequired":true,"valueName":"search_term_string"}}],"inLanguage":"et"},{"@type":"Organization","@id":"https:\/\/sleepcity.ee\/#organization","name":"VG Design O\u00dc","url":"https:\/\/sleepcity.ee\/","logo":{"@type":"ImageObject","inLanguage":"et","@id":"https:\/\/sleepcity.ee\/#\/schema\/logo\/image\/","url":"https:\/\/www.sleepcity.ee\/wp-content\/uploads\/2023\/09\/sleepcity_logo.png","contentUrl":"https:\/\/www.sleepcity.ee\/wp-content\/uploads\/2023\/09\/sleepcity_logo.png","width":1034,"height":318,"caption":"VG Design O\u00dc"},"image":{"@id":"https:\/\/sleepcity.ee\/#\/schema\/logo\/image\/"},"sameAs":["http:\/\/www.fb.com\/TempurEstonia","http:\/\/www.instagram.com\/tempurestonia"]}]}},"_links":{"self":[{"href":"https:\/\/sleepcity.ee\/wp-json\/wp\/v2\/product\/7429","targetHints":{"allow":["GET"]}}],"collection":[{"href":"https:\/\/sleepcity.ee\/wp-json\/wp\/v2\/product"}],"about":[{"href":"https:\/\/sleepcity.ee\/wp-json\/wp\/v2\/types\/product"}],"replies":[{"embeddable":true,"href":"https:\/\/sleepcity.ee\/wp-json\/wp\/v2\/comments?post=7429"}],"wp:featuredmedia":[{"embeddable":true,"href":"https:\/\/sleepcity.ee\/wp-json\/wp\/v2\/media\/7430"}],"wp:attachment":[{"href":"https:\/\/sleepcity.ee\/wp-json\/wp\/v2\/media?parent=7429"}],"wp:term":[{"taxonomy":"product_brand","embeddable":true,"href":"https:\/\/sleepcity.ee\/wp-json\/wp\/v2\/product_brand?post=7429"},{"taxonomy":"product_cat","embeddable":true,"href":"https:\/\/sleepcity.ee\/wp-json\/wp\/v2\/product_cat?post=7429"},{"taxonomy":"product_tag","embeddable":true,"href":"https:\/\/sleepcity.ee\/wp-json\/wp\/v2\/product_tag?post=7429"}],"curies":[{"name":"wp","href":"https:\/\/api.w.org\/{rel}","templated":true}]}}