{"id":7590,"date":"2024-02-01T16:38:28","date_gmt":"2024-02-01T16:38:28","guid":{"rendered":"https:\/\/sleepcity.ee\/?post_type=product&#038;p=7590"},"modified":"2025-05-23T17:18:53","modified_gmt":"2025-05-23T17:18:53","slug":"ergomotion-ergo-expanding-voodi7590","status":"publish","type":"product","link":"https:\/\/sleepcity.ee\/toode\/ergomotion-ergo-expanding-voodi7590\/","title":{"rendered":"Ergomotion Ergo Expanding voodi"},"content":{"rendered":"<p><strong>Asukohad \u00fche nupuvajutusega<\/strong><\/p>\n<ul>\n<li>Null G<\/li>\n<li>Horisontaalne asend<\/li>\n<li>L\u00f5\u00f5gastav asend<\/li>\n<li>TV asend<\/li>\n<\/ul>\n<p><strong>Ergo Laiendatavad reguleeritavad voodifunktsioonid<\/strong><\/p>\n<ul>\n<li>3 massaa\u017ei taset<\/li>\n<li>Pea ja jalgade asendi reguleerimine<\/li>\n<li>Juhtmevaba juhtimine<\/li>\n<\/ul>\n<p><strong><br \/>\nKaugjuhtimispult<\/strong><\/p>\n<p><strong><img decoding=\"async\" src=\"https:\/\/www.bedandsleep.lt\/uploads\/pultelis_2.png\" alt=\"\" width=\"133\" height=\"330\" \/>\u00a0<\/strong><\/p>\n<div>\n<p><strong><i><span lang=\"LT\">\u00dcksikasjalikud omadused:<\/span><\/i><\/strong><i><\/i><\/p>\n<\/div>\n<div>\n<p><strong><span lang=\"LT\">Pea ja jalgade asendi reguleerimine<\/span><\/strong><span lang=\"LT\">\u00a0.\u00a0Pea v\u00f5i jalgade t\u00f5stmine koos v\u00f5i eraldi annab kasutajale v\u00f5imaluse katsetada l\u00f5putute asenditega, kuni on leitud ideaalne magamisasend.<\/span><\/p>\n<\/div>\n<div>\n<p><strong><span lang=\"LT\">Horisontaalne programmeeritud asend<\/span><\/strong><span lang=\"LT\">\u00a0.\u00a0Vaid \u00fche nupuvajutusega juhtpaneelil naaseb voodi tasasele asendile.<\/span><\/p>\n<\/div>\n<div>\n<p><strong><span lang=\"LT\">Seinakaitse<\/span><\/strong><span lang=\"LT\">\u00a0.\u00a0Patenteeritud tehnoloogia v\u00f5imaldab kasutajatel olla k\u00f5rgendatud asendis \u00f6\u00f6kapist mugavas kauguses.<\/span><\/p>\n<\/div>\n<div>\n<p><strong><span lang=\"LT\">2 \u00fcmberprogrammeeritavat asendit<\/span><\/strong><span lang=\"LT\">\u00a0.\u00a0Kaks meeldej\u00e4etud asendit, mida saab \u00fcmber programmeerida.<\/span><\/p>\n<\/div>\n<div>\n<p><strong><span lang=\"LT\">Kliirensi nullasend<\/span><\/strong><span lang=\"LT\">\u00a0.\u00a0Voodi sisemised mehaanilised komponendid on ainulaadse disainiga nii, et voodi p\u00f5hi ei \u00fcleta kunagi piire ega t\u00f5useks \u00fcle raami.<\/span><\/p>\n<\/div>\n<div>\n<p><strong><span lang=\"LT\">Null G programmeeritud asend<\/span><\/strong><span lang=\"LT\">\u00a0.\u00a0Vaid \u00fche nupuvajutusega kontrolleril t\u00f5stetakse jalad veidi s\u00fcdame tasemest k\u00f5rgemale, et parandada vereringet ja v\u00e4hendada survet alaseljale.<\/span><\/p>\n<\/div>\n<div>\n<p><strong><span lang=\"LT\">Vibromassaa\u017e<\/span><\/strong><span lang=\"LT\">\u00a0.\u00a0Massaa\u017ei saab teha nii peas kui ka jalgades.<\/span><\/p>\n<\/div>\n<div>\n<p><strong><span lang=\"LT\">Energias\u00e4\u00e4stus\u00fcsteem ootere\u017eiimis<\/span><\/strong><span lang=\"LT\">\u00a0.\u00a0Ootere\u017eiimis olev energias\u00e4\u00e4stus\u00fcsteem Ergomotion on kohandatud ka &#8220;rohelistele&#8221; kasutajatele.\u00a0Kui voodit ei kasutata, tarbib see v\u00e4hem kui 1W elektrit, seega pole vaja karta suure voolutarbimise p\u00e4rast.<\/span><\/p>\n<\/div>\n<div>\n<p><strong><span lang=\"LT\">Elektrikatkestuse kaitse<\/span><\/strong><span lang=\"LT\">\u00a0.\u00a0Elektrikatkestuse korral saab voodi langetada tasasele asendile, vajutades voodi all asuva lahutuskarbi nuppu.<\/span><\/p>\n<\/div>\n<div>\n<p><strong><span lang=\"LT\">Silent Drive mootorid<\/span><\/strong><span lang=\"LT\">\u00a0.\u00a0Pea- ja jalaosasid reguleerivad mootorid on konstrueeritud nii, et need ei sega t\u00f6\u00f6tamise ajal rahulikku und ja tekitavad v\u00e4ga v\u00e4he heli.<\/span><\/p>\n<\/div>\n<div>\n<p><strong><span lang=\"LT\">Gravitatsiooni abil laskumine<\/span><\/strong><span lang=\"LT\">\u00a0.\u00a0Peal ja jalgadel olevad mootorid on loodud t\u00f6\u00f6tama ainult raskusj\u00f5u m\u00f5jul, mitte kunagi alla t\u00f5mbama, v\u00e4hendades seega survepunkte.<\/span><\/p>\n<\/div>\n","protected":false},"excerpt":{"rendered":"<div class=\"inner-product-title\"><span style=\"font-family: -apple-system, BlinkMacSystemFont, 'Segoe UI', Roboto, 'Helvetica Neue', Arial, 'Noto Sans', sans-serif, 'Apple Color Emoji', 'Segoe UI Emoji', 'Segoe UI Symbol', 'Noto Color Emoji';\">&#8220;Ergo Expanding&#8221; &#8211; Klassikaks saanud Ergomotion voodil on k\u00f5ik k\u00f5ige vajalikumad funktsioonid, mida funktsionaalsest m\u00f6\u00f6bliesemest soovid.<\/span><\/div>\n<div class=\"inner-product-text\">\n<p>Voodi muudab magamistoa s\u00f5na otseses m\u00f5ttes peretoaks, mida saate \u00fche nupuvajutusega vastavalt oma vajadustele muuta.\u00a0Seet\u00f5ttu on see ideaalne koht lugemiseks, teleri vaatamiseks, t\u00f6\u00f6tamiseks, m\u00e4ngude m\u00e4ngimiseks ja tahvelarvutis v\u00f5i telefonis sirvimiseks.<\/p>\n<p>Voodisisese <strong>vibromassaa\u017ei funktsiooni<\/strong> abil saab valida intensiivsuse taseme ja seadistada vibromassaa\u017ei aega.\u00a0Samuti on voodil seatud asendid, t\u00e4nu millele saab \u00fche nupuvajutusega voodiasendeid muuta.<\/p>\n<p>Tellida saab voodit peatsiga v\u00f5i ilma.<\/p>\n<p><strong>Kangas:<\/strong> tumehall ja helehall<\/p>\n<\/div>\n","protected":false},"featured_media":7591,"comment_status":"open","ping_status":"closed","template":"","meta":{"_monsterinsights_skip_tracking":false,"_monsterinsights_sitenote_active":false,"_monsterinsights_sitenote_note":"","_monsterinsights_sitenote_category":0},"product_brand":[],"product_cat":[96,95],"product_tag":[],"class_list":{"0":"post-7590","1":"product","2":"type-product","3":"status-publish","4":"has-post-thumbnail","6":"product_cat-motoriseeritud-voodid","7":"product_cat-voodid","9":"first","10":"instock","11":"taxable","12":"shipping-taxable","13":"purchasable","14":"product-type-variable"},"yoast_head":"<!-- This site is optimized with the Yoast SEO plugin v27.4 - https:\/\/yoast.com\/product\/yoast-seo-wordpress\/ -->\n<title>Ergomotion Ergo Expanding voodi - SleepCity - Hea Une Valem<\/title>\n<meta name=\"description\" content=\"&quot;Ergo Expanding&quot; - Klassikaks saanud Ergomotion voodil on k\u00f5ik k\u00f5ige vajalikumad funktsioonid, mida funktsionaalsest m\u00f6\u00f6bliesemest soovid.   Voodi muudab magamistoa s\u00f5na otseses m\u00f5ttes peretoaks, mida saate \u00fche nupuvajutusega vastavalt oma vajadustele muuta.\u00a0Seet\u00f5ttu on see ideaalne koht lugemiseks, teleri vaatamiseks, t\u00f6\u00f6tamiseks, m\u00e4ngude m\u00e4ngimiseks ja tahvelarvutis v\u00f5i telefonis sirvimiseks.  Voodisisese vibromassaa\u017ei funktsiooni abil saab valida intensiivsuse taseme ja seadistada vibromassaa\u017ei aega.\u00a0Samuti on voodil seatud asendid, t\u00e4nu millele saab \u00fche nupuvajutusega voodiasendeid muuta.  Tellida saab voodit peatsiga v\u00f5i ilma.  Kangas: tumehall ja helehall\" \/>\n<meta name=\"robots\" content=\"index, follow, max-snippet:-1, max-image-preview:large, max-video-preview:-1\" \/>\n<link rel=\"canonical\" href=\"https:\/\/www.sleepcity.ee\/toode\/ergomotion-ergo-expanding-voodi7590\/\" \/>\n<meta property=\"og:locale\" content=\"et_EE\" \/>\n<meta property=\"og:type\" content=\"article\" \/>\n<meta property=\"og:title\" content=\"Ergomotion Ergo Expanding voodi - SleepCity - Hea Une Valem\" \/>\n<meta property=\"og:description\" content=\"&quot;Ergo Expanding&quot; - Klassikaks saanud Ergomotion voodil on k\u00f5ik k\u00f5ige vajalikumad funktsioonid, mida funktsionaalsest m\u00f6\u00f6bliesemest soovid.   Voodi muudab magamistoa s\u00f5na otseses m\u00f5ttes peretoaks, mida saate \u00fche nupuvajutusega vastavalt oma vajadustele muuta.\u00a0Seet\u00f5ttu on see ideaalne koht lugemiseks, teleri vaatamiseks, t\u00f6\u00f6tamiseks, m\u00e4ngude m\u00e4ngimiseks ja tahvelarvutis v\u00f5i telefonis sirvimiseks.  Voodisisese vibromassaa\u017ei funktsiooni abil saab valida intensiivsuse taseme ja seadistada vibromassaa\u017ei aega.\u00a0Samuti on voodil seatud asendid, t\u00e4nu millele saab \u00fche nupuvajutusega voodiasendeid muuta.  Tellida saab voodit peatsiga v\u00f5i ilma.  Kangas: tumehall ja helehall\" \/>\n<meta property=\"og:url\" content=\"https:\/\/www.sleepcity.ee\/toode\/ergomotion-ergo-expanding-voodi7590\/\" \/>\n<meta property=\"og:site_name\" content=\"SleepCity - Hea Une Valem\" \/>\n<meta property=\"article:publisher\" content=\"http:\/\/www.fb.com\/TempurEstonia\" \/>\n<meta property=\"article:modified_time\" content=\"2025-05-23T17:18:53+00:00\" \/>\n<meta property=\"og:image\" content=\"https:\/\/sleepcity.ee\/wp-content\/uploads\/2024\/02\/expanding_1_1661323432-3ad632e978259e377c46b88a175e927c.jpg\" \/>\n\t<meta property=\"og:image:width\" content=\"656\" \/>\n\t<meta property=\"og:image:height\" content=\"546\" \/>\n\t<meta property=\"og:image:type\" content=\"image\/jpeg\" \/>\n<meta name=\"twitter:card\" content=\"summary_large_image\" \/>\n<meta name=\"twitter:label1\" content=\"Est. reading time\" \/>\n\t<meta name=\"twitter:data1\" content=\"1 minut\" \/>\n<script type=\"application\/ld+json\" class=\"yoast-schema-graph\">{\"@context\":\"https:\\\/\\\/schema.org\",\"@graph\":[{\"@type\":\"WebPage\",\"@id\":\"https:\\\/\\\/www.sleepcity.ee\\\/toode\\\/ergomotion-ergo-expanding-voodi7590\\\/\",\"url\":\"https:\\\/\\\/www.sleepcity.ee\\\/toode\\\/ergomotion-ergo-expanding-voodi7590\\\/\",\"name\":\"Ergomotion Ergo Expanding voodi - SleepCity - Hea Une Valem\",\"isPartOf\":{\"@id\":\"https:\\\/\\\/sleepcity.ee\\\/#website\"},\"primaryImageOfPage\":{\"@id\":\"https:\\\/\\\/www.sleepcity.ee\\\/toode\\\/ergomotion-ergo-expanding-voodi7590\\\/#primaryimage\"},\"image\":{\"@id\":\"https:\\\/\\\/www.sleepcity.ee\\\/toode\\\/ergomotion-ergo-expanding-voodi7590\\\/#primaryimage\"},\"thumbnailUrl\":\"https:\\\/\\\/sleepcity.ee\\\/wp-content\\\/uploads\\\/2024\\\/02\\\/expanding_1_1661323432-3ad632e978259e377c46b88a175e927c.jpg\",\"datePublished\":\"2024-02-01T16:38:28+00:00\",\"dateModified\":\"2025-05-23T17:18:53+00:00\",\"description\":\"\\\"Ergo Expanding\\\" - Klassikaks saanud Ergomotion voodil on k\u00f5ik k\u00f5ige vajalikumad funktsioonid, mida funktsionaalsest m\u00f6\u00f6bliesemest soovid. Voodi muudab magamistoa s\u00f5na otseses m\u00f5ttes peretoaks, mida saate \u00fche nupuvajutusega vastavalt oma vajadustele muuta.\u00a0Seet\u00f5ttu on see ideaalne koht lugemiseks, teleri vaatamiseks, t\u00f6\u00f6tamiseks, m\u00e4ngude m\u00e4ngimiseks ja tahvelarvutis v\u00f5i telefonis sirvimiseks. Voodisisese vibromassaa\u017ei funktsiooni abil saab valida intensiivsuse taseme ja seadistada vibromassaa\u017ei aega.\u00a0Samuti on voodil seatud asendid, t\u00e4nu millele saab \u00fche nupuvajutusega voodiasendeid muuta. Tellida saab voodit peatsiga v\u00f5i ilma. Kangas: tumehall ja helehall\",\"breadcrumb\":{\"@id\":\"https:\\\/\\\/www.sleepcity.ee\\\/toode\\\/ergomotion-ergo-expanding-voodi7590\\\/#breadcrumb\"},\"inLanguage\":\"et\",\"potentialAction\":[{\"@type\":\"ReadAction\",\"target\":[\"https:\\\/\\\/www.sleepcity.ee\\\/toode\\\/ergomotion-ergo-expanding-voodi7590\\\/\"]}]},{\"@type\":\"ImageObject\",\"inLanguage\":\"et\",\"@id\":\"https:\\\/\\\/www.sleepcity.ee\\\/toode\\\/ergomotion-ergo-expanding-voodi7590\\\/#primaryimage\",\"url\":\"https:\\\/\\\/sleepcity.ee\\\/wp-content\\\/uploads\\\/2024\\\/02\\\/expanding_1_1661323432-3ad632e978259e377c46b88a175e927c.jpg\",\"contentUrl\":\"https:\\\/\\\/sleepcity.ee\\\/wp-content\\\/uploads\\\/2024\\\/02\\\/expanding_1_1661323432-3ad632e978259e377c46b88a175e927c.jpg\",\"width\":656,\"height\":546},{\"@type\":\"BreadcrumbList\",\"@id\":\"https:\\\/\\\/www.sleepcity.ee\\\/toode\\\/ergomotion-ergo-expanding-voodi7590\\\/#breadcrumb\",\"itemListElement\":[{\"@type\":\"ListItem\",\"position\":1,\"name\":\"Home\",\"item\":\"https:\\\/\\\/sleepcity.ee\\\/\"},{\"@type\":\"ListItem\",\"position\":2,\"name\":\"Pood\",\"item\":\"https:\\\/\\\/sleepcity.ee\\\/pood\\\/\"},{\"@type\":\"ListItem\",\"position\":3,\"name\":\"Ergomotion Ergo Expanding voodi\"}]},{\"@type\":\"WebSite\",\"@id\":\"https:\\\/\\\/sleepcity.ee\\\/#website\",\"url\":\"https:\\\/\\\/sleepcity.ee\\\/\",\"name\":\"Tempur Shop\",\"description\":\"TEMPUR madratsid, voodid, padjad ja muud unetooted.\",\"publisher\":{\"@id\":\"https:\\\/\\\/sleepcity.ee\\\/#organization\"},\"potentialAction\":[{\"@type\":\"SearchAction\",\"target\":{\"@type\":\"EntryPoint\",\"urlTemplate\":\"https:\\\/\\\/sleepcity.ee\\\/?s={search_term_string}\"},\"query-input\":{\"@type\":\"PropertyValueSpecification\",\"valueRequired\":true,\"valueName\":\"search_term_string\"}}],\"inLanguage\":\"et\"},{\"@type\":\"Organization\",\"@id\":\"https:\\\/\\\/sleepcity.ee\\\/#organization\",\"name\":\"VG Design O\u00dc\",\"url\":\"https:\\\/\\\/sleepcity.ee\\\/\",\"logo\":{\"@type\":\"ImageObject\",\"inLanguage\":\"et\",\"@id\":\"https:\\\/\\\/sleepcity.ee\\\/#\\\/schema\\\/logo\\\/image\\\/\",\"url\":\"https:\\\/\\\/sleepcity.ee\\\/wp-content\\\/uploads\\\/2023\\\/09\\\/sleepcity_logo.png\",\"contentUrl\":\"https:\\\/\\\/sleepcity.ee\\\/wp-content\\\/uploads\\\/2023\\\/09\\\/sleepcity_logo.png\",\"width\":1034,\"height\":318,\"caption\":\"VG Design O\u00dc\"},\"image\":{\"@id\":\"https:\\\/\\\/sleepcity.ee\\\/#\\\/schema\\\/logo\\\/image\\\/\"},\"sameAs\":[\"http:\\\/\\\/www.fb.com\\\/TempurEstonia\",\"http:\\\/\\\/www.instagram.com\\\/tempurestonia\"]}]}<\/script>\n<!-- \/ Yoast SEO plugin. -->","yoast_head_json":{"title":"Ergomotion Ergo Expanding voodi - SleepCity - Hea Une Valem","description":"\"Ergo Expanding\" - Klassikaks saanud Ergomotion voodil on k\u00f5ik k\u00f5ige vajalikumad funktsioonid, mida funktsionaalsest m\u00f6\u00f6bliesemest soovid.   Voodi muudab magamistoa s\u00f5na otseses m\u00f5ttes peretoaks, mida saate \u00fche nupuvajutusega vastavalt oma vajadustele muuta.\u00a0Seet\u00f5ttu on see ideaalne koht lugemiseks, teleri vaatamiseks, t\u00f6\u00f6tamiseks, m\u00e4ngude m\u00e4ngimiseks ja tahvelarvutis v\u00f5i telefonis sirvimiseks.  Voodisisese vibromassaa\u017ei funktsiooni abil saab valida intensiivsuse taseme ja seadistada vibromassaa\u017ei aega.\u00a0Samuti on voodil seatud asendid, t\u00e4nu millele saab \u00fche nupuvajutusega voodiasendeid muuta.  Tellida saab voodit peatsiga v\u00f5i ilma.  Kangas: tumehall ja helehall","robots":{"index":"index","follow":"follow","max-snippet":"max-snippet:-1","max-image-preview":"max-image-preview:large","max-video-preview":"max-video-preview:-1"},"canonical":"https:\/\/www.sleepcity.ee\/toode\/ergomotion-ergo-expanding-voodi7590\/","og_locale":"et_EE","og_type":"article","og_title":"Ergomotion Ergo Expanding voodi - SleepCity - Hea Une Valem","og_description":"\"Ergo Expanding\" - Klassikaks saanud Ergomotion voodil on k\u00f5ik k\u00f5ige vajalikumad funktsioonid, mida funktsionaalsest m\u00f6\u00f6bliesemest soovid.   Voodi muudab magamistoa s\u00f5na otseses m\u00f5ttes peretoaks, mida saate \u00fche nupuvajutusega vastavalt oma vajadustele muuta.\u00a0Seet\u00f5ttu on see ideaalne koht lugemiseks, teleri vaatamiseks, t\u00f6\u00f6tamiseks, m\u00e4ngude m\u00e4ngimiseks ja tahvelarvutis v\u00f5i telefonis sirvimiseks.  Voodisisese vibromassaa\u017ei funktsiooni abil saab valida intensiivsuse taseme ja seadistada vibromassaa\u017ei aega.\u00a0Samuti on voodil seatud asendid, t\u00e4nu millele saab \u00fche nupuvajutusega voodiasendeid muuta.  Tellida saab voodit peatsiga v\u00f5i ilma.  Kangas: tumehall ja helehall","og_url":"https:\/\/www.sleepcity.ee\/toode\/ergomotion-ergo-expanding-voodi7590\/","og_site_name":"SleepCity - Hea Une Valem","article_publisher":"http:\/\/www.fb.com\/TempurEstonia","article_modified_time":"2025-05-23T17:18:53+00:00","og_image":[{"width":656,"height":546,"url":"https:\/\/sleepcity.ee\/wp-content\/uploads\/2024\/02\/expanding_1_1661323432-3ad632e978259e377c46b88a175e927c.jpg","type":"image\/jpeg"}],"twitter_card":"summary_large_image","twitter_misc":{"Est. reading time":"1 minut"},"schema":{"@context":"https:\/\/schema.org","@graph":[{"@type":"WebPage","@id":"https:\/\/www.sleepcity.ee\/toode\/ergomotion-ergo-expanding-voodi7590\/","url":"https:\/\/www.sleepcity.ee\/toode\/ergomotion-ergo-expanding-voodi7590\/","name":"Ergomotion Ergo Expanding voodi - SleepCity - Hea Une Valem","isPartOf":{"@id":"https:\/\/sleepcity.ee\/#website"},"primaryImageOfPage":{"@id":"https:\/\/www.sleepcity.ee\/toode\/ergomotion-ergo-expanding-voodi7590\/#primaryimage"},"image":{"@id":"https:\/\/www.sleepcity.ee\/toode\/ergomotion-ergo-expanding-voodi7590\/#primaryimage"},"thumbnailUrl":"https:\/\/sleepcity.ee\/wp-content\/uploads\/2024\/02\/expanding_1_1661323432-3ad632e978259e377c46b88a175e927c.jpg","datePublished":"2024-02-01T16:38:28+00:00","dateModified":"2025-05-23T17:18:53+00:00","description":"\"Ergo Expanding\" - Klassikaks saanud Ergomotion voodil on k\u00f5ik k\u00f5ige vajalikumad funktsioonid, mida funktsionaalsest m\u00f6\u00f6bliesemest soovid. Voodi muudab magamistoa s\u00f5na otseses m\u00f5ttes peretoaks, mida saate \u00fche nupuvajutusega vastavalt oma vajadustele muuta.\u00a0Seet\u00f5ttu on see ideaalne koht lugemiseks, teleri vaatamiseks, t\u00f6\u00f6tamiseks, m\u00e4ngude m\u00e4ngimiseks ja tahvelarvutis v\u00f5i telefonis sirvimiseks. Voodisisese vibromassaa\u017ei funktsiooni abil saab valida intensiivsuse taseme ja seadistada vibromassaa\u017ei aega.\u00a0Samuti on voodil seatud asendid, t\u00e4nu millele saab \u00fche nupuvajutusega voodiasendeid muuta. Tellida saab voodit peatsiga v\u00f5i ilma. Kangas: tumehall ja helehall","breadcrumb":{"@id":"https:\/\/www.sleepcity.ee\/toode\/ergomotion-ergo-expanding-voodi7590\/#breadcrumb"},"inLanguage":"et","potentialAction":[{"@type":"ReadAction","target":["https:\/\/www.sleepcity.ee\/toode\/ergomotion-ergo-expanding-voodi7590\/"]}]},{"@type":"ImageObject","inLanguage":"et","@id":"https:\/\/www.sleepcity.ee\/toode\/ergomotion-ergo-expanding-voodi7590\/#primaryimage","url":"https:\/\/sleepcity.ee\/wp-content\/uploads\/2024\/02\/expanding_1_1661323432-3ad632e978259e377c46b88a175e927c.jpg","contentUrl":"https:\/\/sleepcity.ee\/wp-content\/uploads\/2024\/02\/expanding_1_1661323432-3ad632e978259e377c46b88a175e927c.jpg","width":656,"height":546},{"@type":"BreadcrumbList","@id":"https:\/\/www.sleepcity.ee\/toode\/ergomotion-ergo-expanding-voodi7590\/#breadcrumb","itemListElement":[{"@type":"ListItem","position":1,"name":"Home","item":"https:\/\/sleepcity.ee\/"},{"@type":"ListItem","position":2,"name":"Pood","item":"https:\/\/sleepcity.ee\/pood\/"},{"@type":"ListItem","position":3,"name":"Ergomotion Ergo Expanding voodi"}]},{"@type":"WebSite","@id":"https:\/\/sleepcity.ee\/#website","url":"https:\/\/sleepcity.ee\/","name":"Tempur Shop","description":"TEMPUR madratsid, voodid, padjad ja muud unetooted.","publisher":{"@id":"https:\/\/sleepcity.ee\/#organization"},"potentialAction":[{"@type":"SearchAction","target":{"@type":"EntryPoint","urlTemplate":"https:\/\/sleepcity.ee\/?s={search_term_string}"},"query-input":{"@type":"PropertyValueSpecification","valueRequired":true,"valueName":"search_term_string"}}],"inLanguage":"et"},{"@type":"Organization","@id":"https:\/\/sleepcity.ee\/#organization","name":"VG Design O\u00dc","url":"https:\/\/sleepcity.ee\/","logo":{"@type":"ImageObject","inLanguage":"et","@id":"https:\/\/sleepcity.ee\/#\/schema\/logo\/image\/","url":"https:\/\/sleepcity.ee\/wp-content\/uploads\/2023\/09\/sleepcity_logo.png","contentUrl":"https:\/\/sleepcity.ee\/wp-content\/uploads\/2023\/09\/sleepcity_logo.png","width":1034,"height":318,"caption":"VG Design O\u00dc"},"image":{"@id":"https:\/\/sleepcity.ee\/#\/schema\/logo\/image\/"},"sameAs":["http:\/\/www.fb.com\/TempurEstonia","http:\/\/www.instagram.com\/tempurestonia"]}]}},"_links":{"self":[{"href":"https:\/\/sleepcity.ee\/wp-json\/wp\/v2\/product\/7590","targetHints":{"allow":["GET"]}}],"collection":[{"href":"https:\/\/sleepcity.ee\/wp-json\/wp\/v2\/product"}],"about":[{"href":"https:\/\/sleepcity.ee\/wp-json\/wp\/v2\/types\/product"}],"replies":[{"embeddable":true,"href":"https:\/\/sleepcity.ee\/wp-json\/wp\/v2\/comments?post=7590"}],"wp:featuredmedia":[{"embeddable":true,"href":"https:\/\/sleepcity.ee\/wp-json\/wp\/v2\/media\/7591"}],"wp:attachment":[{"href":"https:\/\/sleepcity.ee\/wp-json\/wp\/v2\/media?parent=7590"}],"wp:term":[{"taxonomy":"product_brand","embeddable":true,"href":"https:\/\/sleepcity.ee\/wp-json\/wp\/v2\/product_brand?post=7590"},{"taxonomy":"product_cat","embeddable":true,"href":"https:\/\/sleepcity.ee\/wp-json\/wp\/v2\/product_cat?post=7590"},{"taxonomy":"product_tag","embeddable":true,"href":"https:\/\/sleepcity.ee\/wp-json\/wp\/v2\/product_tag?post=7590"}],"curies":[{"name":"wp","href":"https:\/\/api.w.org\/{rel}","templated":true}]}}