{"id":7611,"date":"2024-02-01T16:52:54","date_gmt":"2024-02-01T16:52:54","guid":{"rendered":"https:\/\/sleepcity.ee\/?post_type=product&#038;p=7611"},"modified":"2025-05-23T17:02:47","modified_gmt":"2025-05-23T17:02:47","slug":"tempur-arc-voodi-2","status":"publish","type":"product","link":"https:\/\/sleepcity.ee\/toode\/tempur-arc-voodi-2\/","title":{"rendered":"Tempur ARC voodi"},"content":{"rendered":"<p><span class=\"S1PPyQ\" data-verified=\"redactor\" data-redactor-tag=\"span\" data-redactor-class=\"S1PPyQ\"><strong data-redactor-tag=\"strong\">DISAINI ISE ENDALE TEMPUR ARC\u2122 VOODI:<\/strong><\/span><\/p>\n<p><span class=\"S1PPyQ\" data-verified=\"redactor\" data-redactor-tag=\"span\" data-redactor-class=\"S1PPyQ\">1. Valige voodipeatsi kujundus:\u00a0<em data-redactor-tag=\"em\">\u00a0FORM, SENSORY, VERTICAL, VECTRA, LUXE.<\/em><\/span><\/p>\n<p><span class=\"S1PPyQ\" data-verified=\"redactor\" data-redactor-tag=\"span\" data-redactor-class=\"S1PPyQ\">2. Valige voodi suurus (m\u00f5\u00f5dud):\u00a0<em data-redactor-tag=\"em\">90x200cm;\u00a0<\/em><em data-redactor-tag=\"em\">100x200cm; 140x200cm;<\/em><em data-redactor-tag=\"em\">160x200cm;\u00a0<\/em><em data-redactor-tag=\"em\">180x200cm; 200x200cm;<\/em>\u00a0<\/span><\/p>\n<p>3. Vali voodi pealiskangas.<\/p>\n<p>4. Valige voodijalgade disain.<\/p>\n<p>5. Voodi tellimusega seoses v\u00f5tke \u00fchendust tel 53614569 v\u00f5i e-mailil: info@sleepcity.ee<\/p>\n","protected":false},"excerpt":{"rendered":"<div class=\"inner-product-title\"><span style=\"font-size: 100%;\"><strong>Tempur ARC voodi<\/strong><\/span><\/div>\n<div class=\"inner-product-text\">\n<p><span class=\"S1PPyQ\" data-verified=\"redactor\" data-redactor-tag=\"span\" data-redactor-class=\"S1PPyQ\">Modulaarse disainiga magamistoa voodid TEMPUR ARC\u2122\u00a0\u00a0aitavad teil luua oma magamistuppa ainulaadse m\u00f6\u00f6blieseme.\u00a0<\/span><\/p>\n<p><span class=\"S1PPyQ\" data-verified=\"redactor\" data-redactor-tag=\"span\" data-redactor-class=\"S1PPyQ\">Looge oma voodikujundus. Valige:\u00a0<\/span><\/p>\n<ul>\n<li>voodiliistud (reguleeritavad v\u00f5i tavalised),<\/li>\n<li>voodipeatsi disain,<\/li>\n<li>voodijalad,<\/li>\n<li>kangas,<\/li>\n<li>v\u00e4rv.<\/li>\n<\/ul>\n<p>Seda k\u00f5ike on lihtne kokku panna ja muuta, kui vajadused v\u00f5i stiil aja jooksul muutuvad.<\/p>\n<p><strong data-redactor-tag=\"strong\">TEMPUR ARC\u2122<\/strong>\u00a0p\u00f5hineb\u00a0<strong data-redactor-tag=\"strong\">TEMPUR\u00ae<\/strong>\u00a0ainulaadsel disainil koos tunnustatud disainiagentuuriga Studio Stockholm\u00a0<strong data-redactor-tag=\"strong\">\u00a0<\/strong> voodisari, mis sobib erinevatele maitsetele, trendidele ja stiilidele \u2013 klassikalisest ajatust t\u00e4nap\u00e4evani.<\/p>\n<p><span style=\"color: #447729;\"><strong>Tarneaeg:<\/strong> Tempur Arc voodi on eritellimusel toode, tarneaeg on kuni 12 n\u00e4dalat.\u00a0<\/span><\/p>\n<\/div>\n","protected":false},"featured_media":7612,"comment_status":"open","ping_status":"closed","template":"","meta":{"_monsterinsights_skip_tracking":false,"_monsterinsights_sitenote_active":false,"_monsterinsights_sitenote_note":"","_monsterinsights_sitenote_category":0},"product_brand":[],"product_cat":[88,95],"product_tag":[],"class_list":{"0":"post-7611","1":"product","2":"type-product","3":"status-publish","4":"has-post-thumbnail","6":"product_cat-voodiraamid","7":"product_cat-voodid","8":"pa_mudel-form","9":"pa_mudel-luxury","10":"pa_mudel-quilted","11":"pa_mudel-vectra","12":"pa_mudel-vertical","14":"first","15":"instock","16":"taxable","17":"shipping-taxable","18":"purchasable","19":"product-type-variable"},"yoast_head":"<!-- This site is optimized with the Yoast SEO plugin v27.4 - https:\/\/yoast.com\/product\/yoast-seo-wordpress\/ -->\n<title>Tempur ARC voodi - SleepCity - Hea Une Valem<\/title>\n<meta name=\"description\" content=\"Tempur ARC voodi   Modulaarse disainiga magamistoa voodid TEMPUR ARC\u2122\u00a0\u00a0aitavad teil luua oma magamistuppa ainulaadse m\u00f6\u00f6blieseme.\u00a0  Looge oma voodikujundus. Valige:\u00a0   voodiliistud (reguleeritavad v\u00f5i tavalised),  voodipeatsi disain,  voodijalad,  kangas,  v\u00e4rv.  Seda k\u00f5ike on lihtne kokku panna ja muuta, kui vajadused v\u00f5i stiil aja jooksul muutuvad.  TEMPUR ARC\u2122\u00a0p\u00f5hineb\u00a0TEMPUR\u00ae\u00a0ainulaadsel disainil koos tunnustatud disainiagentuuriga Studio Stockholm\u00a0\u00a0 voodisari, mis sobib erinevatele maitsetele, trendidele ja stiilidele \u2013 klassikalisest ajatust t\u00e4nap\u00e4evani.  Tarneaeg: Tempur Arc voodi on eritellimusel toode, tarneaeg on kuni 12 n\u00e4dalat.\u00a0\" \/>\n<meta name=\"robots\" content=\"index, follow, max-snippet:-1, max-image-preview:large, max-video-preview:-1\" \/>\n<link rel=\"canonical\" href=\"https:\/\/sleepcity.ee\/toode\/tempur-arc-voodi-2\/\" \/>\n<meta property=\"og:locale\" content=\"et_EE\" \/>\n<meta property=\"og:type\" content=\"article\" \/>\n<meta property=\"og:title\" content=\"Tempur ARC voodi - SleepCity - Hea Une Valem\" \/>\n<meta property=\"og:description\" content=\"Tempur ARC voodi   Modulaarse disainiga magamistoa voodid TEMPUR ARC\u2122\u00a0\u00a0aitavad teil luua oma magamistuppa ainulaadse m\u00f6\u00f6blieseme.\u00a0  Looge oma voodikujundus. Valige:\u00a0   voodiliistud (reguleeritavad v\u00f5i tavalised),  voodipeatsi disain,  voodijalad,  kangas,  v\u00e4rv.  Seda k\u00f5ike on lihtne kokku panna ja muuta, kui vajadused v\u00f5i stiil aja jooksul muutuvad.  TEMPUR ARC\u2122\u00a0p\u00f5hineb\u00a0TEMPUR\u00ae\u00a0ainulaadsel disainil koos tunnustatud disainiagentuuriga Studio Stockholm\u00a0\u00a0 voodisari, mis sobib erinevatele maitsetele, trendidele ja stiilidele \u2013 klassikalisest ajatust t\u00e4nap\u00e4evani.  Tarneaeg: Tempur Arc voodi on eritellimusel toode, tarneaeg on kuni 12 n\u00e4dalat.\u00a0\" \/>\n<meta property=\"og:url\" content=\"https:\/\/sleepcity.ee\/toode\/tempur-arc-voodi-2\/\" \/>\n<meta property=\"og:site_name\" content=\"SleepCity - Hea Une Valem\" \/>\n<meta property=\"article:publisher\" content=\"http:\/\/www.fb.com\/TempurEstonia\" \/>\n<meta property=\"article:modified_time\" content=\"2025-05-23T17:02:47+00:00\" \/>\n<meta property=\"og:image\" content=\"https:\/\/sleepcity.ee\/wp-content\/uploads\/2024\/02\/TM-4.jpg\" \/>\n\t<meta property=\"og:image:width\" content=\"736\" \/>\n\t<meta property=\"og:image:height\" content=\"471\" \/>\n\t<meta property=\"og:image:type\" content=\"image\/jpeg\" \/>\n<meta name=\"twitter:card\" content=\"summary_large_image\" \/>\n<script type=\"application\/ld+json\" class=\"yoast-schema-graph\">{\"@context\":\"https:\\\/\\\/schema.org\",\"@graph\":[{\"@type\":\"WebPage\",\"@id\":\"https:\\\/\\\/sleepcity.ee\\\/toode\\\/tempur-arc-voodi-2\\\/\",\"url\":\"https:\\\/\\\/sleepcity.ee\\\/toode\\\/tempur-arc-voodi-2\\\/\",\"name\":\"Tempur ARC voodi - SleepCity - Hea Une Valem\",\"isPartOf\":{\"@id\":\"https:\\\/\\\/sleepcity.ee\\\/#website\"},\"primaryImageOfPage\":{\"@id\":\"https:\\\/\\\/sleepcity.ee\\\/toode\\\/tempur-arc-voodi-2\\\/#primaryimage\"},\"image\":{\"@id\":\"https:\\\/\\\/sleepcity.ee\\\/toode\\\/tempur-arc-voodi-2\\\/#primaryimage\"},\"thumbnailUrl\":\"https:\\\/\\\/www.sleepcity.ee\\\/wp-content\\\/uploads\\\/2024\\\/02\\\/TM-4.jpg\",\"datePublished\":\"2024-02-01T16:52:54+00:00\",\"dateModified\":\"2025-05-23T17:02:47+00:00\",\"description\":\"Tempur ARC voodi Modulaarse disainiga magamistoa voodid TEMPUR ARC\u2122\u00a0\u00a0aitavad teil luua oma magamistuppa ainulaadse m\u00f6\u00f6blieseme.\u00a0 Looge oma voodikujundus. Valige:\u00a0 voodiliistud (reguleeritavad v\u00f5i tavalised), voodipeatsi disain, voodijalad, kangas, v\u00e4rv. Seda k\u00f5ike on lihtne kokku panna ja muuta, kui vajadused v\u00f5i stiil aja jooksul muutuvad. TEMPUR ARC\u2122\u00a0p\u00f5hineb\u00a0TEMPUR\u00ae\u00a0ainulaadsel disainil koos tunnustatud disainiagentuuriga Studio Stockholm\u00a0\u00a0 voodisari, mis sobib erinevatele maitsetele, trendidele ja stiilidele \u2013 klassikalisest ajatust t\u00e4nap\u00e4evani. Tarneaeg: Tempur Arc voodi on eritellimusel toode, tarneaeg on kuni 12 n\u00e4dalat.\u00a0\",\"breadcrumb\":{\"@id\":\"https:\\\/\\\/sleepcity.ee\\\/toode\\\/tempur-arc-voodi-2\\\/#breadcrumb\"},\"inLanguage\":\"et\",\"potentialAction\":[{\"@type\":\"ReadAction\",\"target\":[\"https:\\\/\\\/sleepcity.ee\\\/toode\\\/tempur-arc-voodi-2\\\/\"]}]},{\"@type\":\"ImageObject\",\"inLanguage\":\"et\",\"@id\":\"https:\\\/\\\/sleepcity.ee\\\/toode\\\/tempur-arc-voodi-2\\\/#primaryimage\",\"url\":\"https:\\\/\\\/www.sleepcity.ee\\\/wp-content\\\/uploads\\\/2024\\\/02\\\/TM-4.jpg\",\"contentUrl\":\"https:\\\/\\\/www.sleepcity.ee\\\/wp-content\\\/uploads\\\/2024\\\/02\\\/TM-4.jpg\",\"width\":736,\"height\":471},{\"@type\":\"BreadcrumbList\",\"@id\":\"https:\\\/\\\/sleepcity.ee\\\/toode\\\/tempur-arc-voodi-2\\\/#breadcrumb\",\"itemListElement\":[{\"@type\":\"ListItem\",\"position\":1,\"name\":\"Home\",\"item\":\"https:\\\/\\\/sleepcity.ee\\\/\"},{\"@type\":\"ListItem\",\"position\":2,\"name\":\"Pood\",\"item\":\"https:\\\/\\\/sleepcity.ee\\\/pood\\\/\"},{\"@type\":\"ListItem\",\"position\":3,\"name\":\"Tempur ARC voodi\"}]},{\"@type\":\"WebSite\",\"@id\":\"https:\\\/\\\/sleepcity.ee\\\/#website\",\"url\":\"https:\\\/\\\/sleepcity.ee\\\/\",\"name\":\"Tempur Shop\",\"description\":\"TEMPUR madratsid, voodid, padjad ja muud unetooted.\",\"publisher\":{\"@id\":\"https:\\\/\\\/sleepcity.ee\\\/#organization\"},\"potentialAction\":[{\"@type\":\"SearchAction\",\"target\":{\"@type\":\"EntryPoint\",\"urlTemplate\":\"https:\\\/\\\/sleepcity.ee\\\/?s={search_term_string}\"},\"query-input\":{\"@type\":\"PropertyValueSpecification\",\"valueRequired\":true,\"valueName\":\"search_term_string\"}}],\"inLanguage\":\"et\"},{\"@type\":\"Organization\",\"@id\":\"https:\\\/\\\/sleepcity.ee\\\/#organization\",\"name\":\"VG Design O\u00dc\",\"url\":\"https:\\\/\\\/sleepcity.ee\\\/\",\"logo\":{\"@type\":\"ImageObject\",\"inLanguage\":\"et\",\"@id\":\"https:\\\/\\\/sleepcity.ee\\\/#\\\/schema\\\/logo\\\/image\\\/\",\"url\":\"https:\\\/\\\/www.sleepcity.ee\\\/wp-content\\\/uploads\\\/2023\\\/09\\\/sleepcity_logo.png\",\"contentUrl\":\"https:\\\/\\\/www.sleepcity.ee\\\/wp-content\\\/uploads\\\/2023\\\/09\\\/sleepcity_logo.png\",\"width\":1034,\"height\":318,\"caption\":\"VG Design O\u00dc\"},\"image\":{\"@id\":\"https:\\\/\\\/sleepcity.ee\\\/#\\\/schema\\\/logo\\\/image\\\/\"},\"sameAs\":[\"http:\\\/\\\/www.fb.com\\\/TempurEstonia\",\"http:\\\/\\\/www.instagram.com\\\/tempurestonia\"]}]}<\/script>\n<!-- \/ Yoast SEO plugin. -->","yoast_head_json":{"title":"Tempur ARC voodi - SleepCity - Hea Une Valem","description":"Tempur ARC voodi   Modulaarse disainiga magamistoa voodid TEMPUR ARC\u2122\u00a0\u00a0aitavad teil luua oma magamistuppa ainulaadse m\u00f6\u00f6blieseme.\u00a0  Looge oma voodikujundus. Valige:\u00a0   voodiliistud (reguleeritavad v\u00f5i tavalised),  voodipeatsi disain,  voodijalad,  kangas,  v\u00e4rv.  Seda k\u00f5ike on lihtne kokku panna ja muuta, kui vajadused v\u00f5i stiil aja jooksul muutuvad.  TEMPUR ARC\u2122\u00a0p\u00f5hineb\u00a0TEMPUR\u00ae\u00a0ainulaadsel disainil koos tunnustatud disainiagentuuriga Studio Stockholm\u00a0\u00a0 voodisari, mis sobib erinevatele maitsetele, trendidele ja stiilidele \u2013 klassikalisest ajatust t\u00e4nap\u00e4evani.  Tarneaeg: Tempur Arc voodi on eritellimusel toode, tarneaeg on kuni 12 n\u00e4dalat.\u00a0","robots":{"index":"index","follow":"follow","max-snippet":"max-snippet:-1","max-image-preview":"max-image-preview:large","max-video-preview":"max-video-preview:-1"},"canonical":"https:\/\/sleepcity.ee\/toode\/tempur-arc-voodi-2\/","og_locale":"et_EE","og_type":"article","og_title":"Tempur ARC voodi - SleepCity - Hea Une Valem","og_description":"Tempur ARC voodi   Modulaarse disainiga magamistoa voodid TEMPUR ARC\u2122\u00a0\u00a0aitavad teil luua oma magamistuppa ainulaadse m\u00f6\u00f6blieseme.\u00a0  Looge oma voodikujundus. Valige:\u00a0   voodiliistud (reguleeritavad v\u00f5i tavalised),  voodipeatsi disain,  voodijalad,  kangas,  v\u00e4rv.  Seda k\u00f5ike on lihtne kokku panna ja muuta, kui vajadused v\u00f5i stiil aja jooksul muutuvad.  TEMPUR ARC\u2122\u00a0p\u00f5hineb\u00a0TEMPUR\u00ae\u00a0ainulaadsel disainil koos tunnustatud disainiagentuuriga Studio Stockholm\u00a0\u00a0 voodisari, mis sobib erinevatele maitsetele, trendidele ja stiilidele \u2013 klassikalisest ajatust t\u00e4nap\u00e4evani.  Tarneaeg: Tempur Arc voodi on eritellimusel toode, tarneaeg on kuni 12 n\u00e4dalat.\u00a0","og_url":"https:\/\/sleepcity.ee\/toode\/tempur-arc-voodi-2\/","og_site_name":"SleepCity - Hea Une Valem","article_publisher":"http:\/\/www.fb.com\/TempurEstonia","article_modified_time":"2025-05-23T17:02:47+00:00","og_image":[{"width":736,"height":471,"url":"https:\/\/sleepcity.ee\/wp-content\/uploads\/2024\/02\/TM-4.jpg","type":"image\/jpeg"}],"twitter_card":"summary_large_image","schema":{"@context":"https:\/\/schema.org","@graph":[{"@type":"WebPage","@id":"https:\/\/sleepcity.ee\/toode\/tempur-arc-voodi-2\/","url":"https:\/\/sleepcity.ee\/toode\/tempur-arc-voodi-2\/","name":"Tempur ARC voodi - SleepCity - Hea Une Valem","isPartOf":{"@id":"https:\/\/sleepcity.ee\/#website"},"primaryImageOfPage":{"@id":"https:\/\/sleepcity.ee\/toode\/tempur-arc-voodi-2\/#primaryimage"},"image":{"@id":"https:\/\/sleepcity.ee\/toode\/tempur-arc-voodi-2\/#primaryimage"},"thumbnailUrl":"https:\/\/www.sleepcity.ee\/wp-content\/uploads\/2024\/02\/TM-4.jpg","datePublished":"2024-02-01T16:52:54+00:00","dateModified":"2025-05-23T17:02:47+00:00","description":"Tempur ARC voodi Modulaarse disainiga magamistoa voodid TEMPUR ARC\u2122\u00a0\u00a0aitavad teil luua oma magamistuppa ainulaadse m\u00f6\u00f6blieseme.\u00a0 Looge oma voodikujundus. Valige:\u00a0 voodiliistud (reguleeritavad v\u00f5i tavalised), voodipeatsi disain, voodijalad, kangas, v\u00e4rv. Seda k\u00f5ike on lihtne kokku panna ja muuta, kui vajadused v\u00f5i stiil aja jooksul muutuvad. TEMPUR ARC\u2122\u00a0p\u00f5hineb\u00a0TEMPUR\u00ae\u00a0ainulaadsel disainil koos tunnustatud disainiagentuuriga Studio Stockholm\u00a0\u00a0 voodisari, mis sobib erinevatele maitsetele, trendidele ja stiilidele \u2013 klassikalisest ajatust t\u00e4nap\u00e4evani. Tarneaeg: Tempur Arc voodi on eritellimusel toode, tarneaeg on kuni 12 n\u00e4dalat.\u00a0","breadcrumb":{"@id":"https:\/\/sleepcity.ee\/toode\/tempur-arc-voodi-2\/#breadcrumb"},"inLanguage":"et","potentialAction":[{"@type":"ReadAction","target":["https:\/\/sleepcity.ee\/toode\/tempur-arc-voodi-2\/"]}]},{"@type":"ImageObject","inLanguage":"et","@id":"https:\/\/sleepcity.ee\/toode\/tempur-arc-voodi-2\/#primaryimage","url":"https:\/\/www.sleepcity.ee\/wp-content\/uploads\/2024\/02\/TM-4.jpg","contentUrl":"https:\/\/www.sleepcity.ee\/wp-content\/uploads\/2024\/02\/TM-4.jpg","width":736,"height":471},{"@type":"BreadcrumbList","@id":"https:\/\/sleepcity.ee\/toode\/tempur-arc-voodi-2\/#breadcrumb","itemListElement":[{"@type":"ListItem","position":1,"name":"Home","item":"https:\/\/sleepcity.ee\/"},{"@type":"ListItem","position":2,"name":"Pood","item":"https:\/\/sleepcity.ee\/pood\/"},{"@type":"ListItem","position":3,"name":"Tempur ARC voodi"}]},{"@type":"WebSite","@id":"https:\/\/sleepcity.ee\/#website","url":"https:\/\/sleepcity.ee\/","name":"Tempur Shop","description":"TEMPUR madratsid, voodid, padjad ja muud unetooted.","publisher":{"@id":"https:\/\/sleepcity.ee\/#organization"},"potentialAction":[{"@type":"SearchAction","target":{"@type":"EntryPoint","urlTemplate":"https:\/\/sleepcity.ee\/?s={search_term_string}"},"query-input":{"@type":"PropertyValueSpecification","valueRequired":true,"valueName":"search_term_string"}}],"inLanguage":"et"},{"@type":"Organization","@id":"https:\/\/sleepcity.ee\/#organization","name":"VG Design O\u00dc","url":"https:\/\/sleepcity.ee\/","logo":{"@type":"ImageObject","inLanguage":"et","@id":"https:\/\/sleepcity.ee\/#\/schema\/logo\/image\/","url":"https:\/\/www.sleepcity.ee\/wp-content\/uploads\/2023\/09\/sleepcity_logo.png","contentUrl":"https:\/\/www.sleepcity.ee\/wp-content\/uploads\/2023\/09\/sleepcity_logo.png","width":1034,"height":318,"caption":"VG Design O\u00dc"},"image":{"@id":"https:\/\/sleepcity.ee\/#\/schema\/logo\/image\/"},"sameAs":["http:\/\/www.fb.com\/TempurEstonia","http:\/\/www.instagram.com\/tempurestonia"]}]}},"_links":{"self":[{"href":"https:\/\/sleepcity.ee\/wp-json\/wp\/v2\/product\/7611","targetHints":{"allow":["GET"]}}],"collection":[{"href":"https:\/\/sleepcity.ee\/wp-json\/wp\/v2\/product"}],"about":[{"href":"https:\/\/sleepcity.ee\/wp-json\/wp\/v2\/types\/product"}],"replies":[{"embeddable":true,"href":"https:\/\/sleepcity.ee\/wp-json\/wp\/v2\/comments?post=7611"}],"wp:featuredmedia":[{"embeddable":true,"href":"https:\/\/sleepcity.ee\/wp-json\/wp\/v2\/media\/7612"}],"wp:attachment":[{"href":"https:\/\/sleepcity.ee\/wp-json\/wp\/v2\/media?parent=7611"}],"wp:term":[{"taxonomy":"product_brand","embeddable":true,"href":"https:\/\/sleepcity.ee\/wp-json\/wp\/v2\/product_brand?post=7611"},{"taxonomy":"product_cat","embeddable":true,"href":"https:\/\/sleepcity.ee\/wp-json\/wp\/v2\/product_cat?post=7611"},{"taxonomy":"product_tag","embeddable":true,"href":"https:\/\/sleepcity.ee\/wp-json\/wp\/v2\/product_tag?post=7611"}],"curies":[{"name":"wp","href":"https:\/\/api.w.org\/{rel}","templated":true}]}}