{"id":7744,"date":"2024-02-15T13:25:48","date_gmt":"2024-02-15T13:25:48","guid":{"rendered":"https:\/\/sleepcity.ee\/?post_type=product&#038;p=7744"},"modified":"2024-02-15T13:25:48","modified_gmt":"2024-02-15T13:25:48","slug":"smartsleep-padjasprei","status":"publish","type":"product","link":"https:\/\/sleepcity.ee\/toode\/smartsleep-padjasprei\/","title":{"rendered":"SmartSleep\u00ae padjasprei"},"content":{"rendered":"<p><strong>Toote kirjeldus:<\/strong><\/p>\n<p><strong><em>Loomulik tugi l\u00f5\u00f5gastumiseks ja uneks<\/em>\u00a0<\/strong><br \/>\nSmartsleep\u00ae padjaspreid on uuenduslikud l\u00f5hnaspreid padjale, tekile v\u00f5i muule magamistekstiilile pihustamiseks. Selles sisalduvad olulised ja looduslikud aromaatsed ained tagavad m\u00f5nusa une\u00f5hkkonna ning aitavad sul optimaalselt uneks valmistuda ning toetavad l\u00f5\u00f5gastumist ja loomulikul viisil uinumist.<\/p>\n<p><strong><em>Kvaliteetsed l\u00f5hnad valmistatud Prantsusmaal\u00a0<\/em><\/strong><br \/>\nPadjaspreide ainulaadsed l\u00f5hnakompositsioonid on toodetud ja v\u00e4lja t\u00f6\u00f6tatud tihedas koost\u00f6\u00f6s kogenud ekspertidega Grasse&#8217;is (Prantsusmaa).<\/p>\n<p><strong><em>Valitud l\u00f5hnad kosutavaks uneks<\/em><\/strong><br \/>\nIga padjasprei on spetsiaalselt une jaoks kohandatud looduslike l\u00f5hnade kombinatsioon, mis meelitavad \u00f5htuti meeli ja v\u00f5ivad aidata kaasa rahulikule unele.<\/p>\n<p><em><strong>Koostis:<\/strong><br \/>\n<\/em>50 ml;\u00a0Alkohol, vesi, parf\u00fc\u00fcm.<\/p>\n<p><strong><em>Soovitus:<\/em><\/strong><br \/>\nEnne magamaminekut pihustage vastavalt soovile paar pihustust Teie lemmik padjaspreid padjale ja nautige meeldivat l\u00f5hna kuni hommikuse \u00e4rkamiseni.<\/p>\n","protected":false},"excerpt":{"rendered":"<p><strong>Smartsleep\u00ae PILLOW SPRAY-d<\/strong> on kvaliteetsed l\u00f5hnakompositsioonid,<\/p>\n<p>mida saab pihustada padjale enne magamaminekut.<\/p>\n<p>Meeldivad l\u00f5hnad aitavad uneks optimaalselt valmistuda ning toetavad l\u00f5\u00f5gastumist ja loomulikul viisil uinumist.<\/p>\n<p>Saadaval kolmes ainulaadses l\u00f5hnakompositsioonis DREAM, GLOW &amp; HARMONY.<\/p>\n","protected":false},"featured_media":7758,"comment_status":"open","ping_status":"closed","template":"","meta":{"_monsterinsights_skip_tracking":false,"_monsterinsights_sitenote_active":false,"_monsterinsights_sitenote_note":"","_monsterinsights_sitenote_category":0},"product_brand":[],"product_cat":[273,272,15,92,274,509],"product_tag":[],"class_list":{"0":"post-7744","1":"product","2":"type-product","3":"status-publish","4":"has-post-thumbnail","6":"product_cat-iseendale","7":"product_cat-meeleolu","8":"product_cat-muu","9":"product_cat-padjad","10":"product_cat-ruumi-lohnastajad","11":"product_cat-toidulisandid","13":"first","14":"instock","15":"taxable","16":"shipping-taxable","17":"purchasable","18":"product-type-variable"},"yoast_head":"<!-- This site is optimized with the Yoast SEO plugin v27.3 - https:\/\/yoast.com\/product\/yoast-seo-wordpress\/ -->\n<title>SmartSleep\u00ae padjasprei - SleepCity - Hea Une Valem<\/title>\n<meta name=\"description\" content=\"Smartsleep\u00ae PILLOW SPRAY-d on kvaliteetsed l\u00f5hnakompositsioonid,  mida saab pihustada padjale enne magamaminekut.  Meeldivad l\u00f5hnad aitavad uneks optimaalselt valmistuda ning toetavad l\u00f5\u00f5gastumist ja loomulikul viisil uinumist.  Saadaval kolmes ainulaadses l\u00f5hnakompositsioonis DREAM, GLOW &amp; HARMONY.\" \/>\n<meta name=\"robots\" content=\"index, follow, max-snippet:-1, max-image-preview:large, max-video-preview:-1\" \/>\n<link rel=\"canonical\" href=\"https:\/\/www.sleepcity.ee\/toode\/smartsleep-padjasprei\/\" \/>\n<meta property=\"og:locale\" content=\"et_EE\" \/>\n<meta property=\"og:type\" content=\"article\" \/>\n<meta property=\"og:title\" content=\"SmartSleep\u00ae padjasprei - SleepCity - Hea Une Valem\" \/>\n<meta property=\"og:description\" content=\"Smartsleep\u00ae PILLOW SPRAY-d on kvaliteetsed l\u00f5hnakompositsioonid,  mida saab pihustada padjale enne magamaminekut.  Meeldivad l\u00f5hnad aitavad uneks optimaalselt valmistuda ning toetavad l\u00f5\u00f5gastumist ja loomulikul viisil uinumist.  Saadaval kolmes ainulaadses l\u00f5hnakompositsioonis DREAM, GLOW &amp; HARMONY.\" \/>\n<meta property=\"og:url\" content=\"https:\/\/www.sleepcity.ee\/toode\/smartsleep-padjasprei\/\" \/>\n<meta property=\"og:site_name\" content=\"SleepCity - Hea Une Valem\" \/>\n<meta property=\"article:publisher\" content=\"http:\/\/www.fb.com\/TempurEstonia\" \/>\n<meta property=\"og:image\" content=\"https:\/\/www.sleepcity.ee\/wp-content\/uploads\/2024\/02\/smartsleep-pillow-spray-glow-produkt-packung-schlafzimmer_1500x1500.webp\" \/>\n\t<meta property=\"og:image:width\" content=\"1500\" \/>\n\t<meta property=\"og:image:height\" content=\"1500\" \/>\n\t<meta property=\"og:image:type\" content=\"image\/webp\" \/>\n<meta name=\"twitter:card\" content=\"summary_large_image\" \/>\n<meta name=\"twitter:label1\" content=\"Est. reading time\" \/>\n\t<meta name=\"twitter:data1\" content=\"1 minut\" \/>\n<script type=\"application\/ld+json\" class=\"yoast-schema-graph\">{\"@context\":\"https:\\\/\\\/schema.org\",\"@graph\":[{\"@type\":\"WebPage\",\"@id\":\"https:\\\/\\\/www.sleepcity.ee\\\/toode\\\/smartsleep-padjasprei\\\/\",\"url\":\"https:\\\/\\\/www.sleepcity.ee\\\/toode\\\/smartsleep-padjasprei\\\/\",\"name\":\"SmartSleep\u00ae padjasprei - SleepCity - Hea Une Valem\",\"isPartOf\":{\"@id\":\"https:\\\/\\\/sleepcity.ee\\\/#website\"},\"primaryImageOfPage\":{\"@id\":\"https:\\\/\\\/www.sleepcity.ee\\\/toode\\\/smartsleep-padjasprei\\\/#primaryimage\"},\"image\":{\"@id\":\"https:\\\/\\\/www.sleepcity.ee\\\/toode\\\/smartsleep-padjasprei\\\/#primaryimage\"},\"thumbnailUrl\":\"https:\\\/\\\/sleepcity.ee\\\/wp-content\\\/uploads\\\/2024\\\/02\\\/smartsleep-pillow-spray-glow-produkt-packung-schlafzimmer_1500x1500.webp\",\"datePublished\":\"2024-02-15T13:25:48+00:00\",\"description\":\"Smartsleep\u00ae PILLOW SPRAY-d on kvaliteetsed l\u00f5hnakompositsioonid, mida saab pihustada padjale enne magamaminekut. Meeldivad l\u00f5hnad aitavad uneks optimaalselt valmistuda ning toetavad l\u00f5\u00f5gastumist ja loomulikul viisil uinumist. Saadaval kolmes ainulaadses l\u00f5hnakompositsioonis DREAM, GLOW &amp; HARMONY.\",\"breadcrumb\":{\"@id\":\"https:\\\/\\\/www.sleepcity.ee\\\/toode\\\/smartsleep-padjasprei\\\/#breadcrumb\"},\"inLanguage\":\"et\",\"potentialAction\":[{\"@type\":\"ReadAction\",\"target\":[\"https:\\\/\\\/www.sleepcity.ee\\\/toode\\\/smartsleep-padjasprei\\\/\"]}]},{\"@type\":\"ImageObject\",\"inLanguage\":\"et\",\"@id\":\"https:\\\/\\\/www.sleepcity.ee\\\/toode\\\/smartsleep-padjasprei\\\/#primaryimage\",\"url\":\"https:\\\/\\\/sleepcity.ee\\\/wp-content\\\/uploads\\\/2024\\\/02\\\/smartsleep-pillow-spray-glow-produkt-packung-schlafzimmer_1500x1500.webp\",\"contentUrl\":\"https:\\\/\\\/sleepcity.ee\\\/wp-content\\\/uploads\\\/2024\\\/02\\\/smartsleep-pillow-spray-glow-produkt-packung-schlafzimmer_1500x1500.webp\",\"width\":1500,\"height\":1500},{\"@type\":\"BreadcrumbList\",\"@id\":\"https:\\\/\\\/www.sleepcity.ee\\\/toode\\\/smartsleep-padjasprei\\\/#breadcrumb\",\"itemListElement\":[{\"@type\":\"ListItem\",\"position\":1,\"name\":\"Home\",\"item\":\"https:\\\/\\\/www.sleepcity.ee\\\/\"},{\"@type\":\"ListItem\",\"position\":2,\"name\":\"Pood\",\"item\":\"https:\\\/\\\/sleepcity.ee\\\/pood\\\/\"},{\"@type\":\"ListItem\",\"position\":3,\"name\":\"SmartSleep\u00ae padjasprei\"}]},{\"@type\":\"WebSite\",\"@id\":\"https:\\\/\\\/sleepcity.ee\\\/#website\",\"url\":\"https:\\\/\\\/sleepcity.ee\\\/\",\"name\":\"Tempur Shop\",\"description\":\"TEMPUR madratsid, voodid, padjad ja muud unetooted.\",\"publisher\":{\"@id\":\"https:\\\/\\\/sleepcity.ee\\\/#organization\"},\"potentialAction\":[{\"@type\":\"SearchAction\",\"target\":{\"@type\":\"EntryPoint\",\"urlTemplate\":\"https:\\\/\\\/sleepcity.ee\\\/?s={search_term_string}\"},\"query-input\":{\"@type\":\"PropertyValueSpecification\",\"valueRequired\":true,\"valueName\":\"search_term_string\"}}],\"inLanguage\":\"et\"},{\"@type\":\"Organization\",\"@id\":\"https:\\\/\\\/sleepcity.ee\\\/#organization\",\"name\":\"VG Design O\u00dc\",\"url\":\"https:\\\/\\\/sleepcity.ee\\\/\",\"logo\":{\"@type\":\"ImageObject\",\"inLanguage\":\"et\",\"@id\":\"https:\\\/\\\/sleepcity.ee\\\/#\\\/schema\\\/logo\\\/image\\\/\",\"url\":\"https:\\\/\\\/sleepcity.ee\\\/wp-content\\\/uploads\\\/2023\\\/09\\\/sleepcity_logo.png\",\"contentUrl\":\"https:\\\/\\\/sleepcity.ee\\\/wp-content\\\/uploads\\\/2023\\\/09\\\/sleepcity_logo.png\",\"width\":1034,\"height\":318,\"caption\":\"VG Design O\u00dc\"},\"image\":{\"@id\":\"https:\\\/\\\/sleepcity.ee\\\/#\\\/schema\\\/logo\\\/image\\\/\"},\"sameAs\":[\"http:\\\/\\\/www.fb.com\\\/TempurEstonia\",\"http:\\\/\\\/www.instagram.com\\\/tempurestonia\"]}]}<\/script>\n<!-- \/ Yoast SEO plugin. -->","yoast_head_json":{"title":"SmartSleep\u00ae padjasprei - SleepCity - Hea Une Valem","description":"Smartsleep\u00ae PILLOW SPRAY-d on kvaliteetsed l\u00f5hnakompositsioonid,  mida saab pihustada padjale enne magamaminekut.  Meeldivad l\u00f5hnad aitavad uneks optimaalselt valmistuda ning toetavad l\u00f5\u00f5gastumist ja loomulikul viisil uinumist.  Saadaval kolmes ainulaadses l\u00f5hnakompositsioonis DREAM, GLOW &amp; HARMONY.","robots":{"index":"index","follow":"follow","max-snippet":"max-snippet:-1","max-image-preview":"max-image-preview:large","max-video-preview":"max-video-preview:-1"},"canonical":"https:\/\/www.sleepcity.ee\/toode\/smartsleep-padjasprei\/","og_locale":"et_EE","og_type":"article","og_title":"SmartSleep\u00ae padjasprei - SleepCity - Hea Une Valem","og_description":"Smartsleep\u00ae PILLOW SPRAY-d on kvaliteetsed l\u00f5hnakompositsioonid,  mida saab pihustada padjale enne magamaminekut.  Meeldivad l\u00f5hnad aitavad uneks optimaalselt valmistuda ning toetavad l\u00f5\u00f5gastumist ja loomulikul viisil uinumist.  Saadaval kolmes ainulaadses l\u00f5hnakompositsioonis DREAM, GLOW &amp; HARMONY.","og_url":"https:\/\/www.sleepcity.ee\/toode\/smartsleep-padjasprei\/","og_site_name":"SleepCity - Hea Une Valem","article_publisher":"http:\/\/www.fb.com\/TempurEstonia","og_image":[{"width":1500,"height":1500,"url":"https:\/\/www.sleepcity.ee\/wp-content\/uploads\/2024\/02\/smartsleep-pillow-spray-glow-produkt-packung-schlafzimmer_1500x1500.webp","type":"image\/webp"}],"twitter_card":"summary_large_image","twitter_misc":{"Est. reading time":"1 minut"},"schema":{"@context":"https:\/\/schema.org","@graph":[{"@type":"WebPage","@id":"https:\/\/www.sleepcity.ee\/toode\/smartsleep-padjasprei\/","url":"https:\/\/www.sleepcity.ee\/toode\/smartsleep-padjasprei\/","name":"SmartSleep\u00ae padjasprei - SleepCity - Hea Une Valem","isPartOf":{"@id":"https:\/\/sleepcity.ee\/#website"},"primaryImageOfPage":{"@id":"https:\/\/www.sleepcity.ee\/toode\/smartsleep-padjasprei\/#primaryimage"},"image":{"@id":"https:\/\/www.sleepcity.ee\/toode\/smartsleep-padjasprei\/#primaryimage"},"thumbnailUrl":"https:\/\/sleepcity.ee\/wp-content\/uploads\/2024\/02\/smartsleep-pillow-spray-glow-produkt-packung-schlafzimmer_1500x1500.webp","datePublished":"2024-02-15T13:25:48+00:00","description":"Smartsleep\u00ae PILLOW SPRAY-d on kvaliteetsed l\u00f5hnakompositsioonid, mida saab pihustada padjale enne magamaminekut. Meeldivad l\u00f5hnad aitavad uneks optimaalselt valmistuda ning toetavad l\u00f5\u00f5gastumist ja loomulikul viisil uinumist. Saadaval kolmes ainulaadses l\u00f5hnakompositsioonis DREAM, GLOW &amp; HARMONY.","breadcrumb":{"@id":"https:\/\/www.sleepcity.ee\/toode\/smartsleep-padjasprei\/#breadcrumb"},"inLanguage":"et","potentialAction":[{"@type":"ReadAction","target":["https:\/\/www.sleepcity.ee\/toode\/smartsleep-padjasprei\/"]}]},{"@type":"ImageObject","inLanguage":"et","@id":"https:\/\/www.sleepcity.ee\/toode\/smartsleep-padjasprei\/#primaryimage","url":"https:\/\/sleepcity.ee\/wp-content\/uploads\/2024\/02\/smartsleep-pillow-spray-glow-produkt-packung-schlafzimmer_1500x1500.webp","contentUrl":"https:\/\/sleepcity.ee\/wp-content\/uploads\/2024\/02\/smartsleep-pillow-spray-glow-produkt-packung-schlafzimmer_1500x1500.webp","width":1500,"height":1500},{"@type":"BreadcrumbList","@id":"https:\/\/www.sleepcity.ee\/toode\/smartsleep-padjasprei\/#breadcrumb","itemListElement":[{"@type":"ListItem","position":1,"name":"Home","item":"https:\/\/www.sleepcity.ee\/"},{"@type":"ListItem","position":2,"name":"Pood","item":"https:\/\/sleepcity.ee\/pood\/"},{"@type":"ListItem","position":3,"name":"SmartSleep\u00ae padjasprei"}]},{"@type":"WebSite","@id":"https:\/\/sleepcity.ee\/#website","url":"https:\/\/sleepcity.ee\/","name":"Tempur Shop","description":"TEMPUR madratsid, voodid, padjad ja muud unetooted.","publisher":{"@id":"https:\/\/sleepcity.ee\/#organization"},"potentialAction":[{"@type":"SearchAction","target":{"@type":"EntryPoint","urlTemplate":"https:\/\/sleepcity.ee\/?s={search_term_string}"},"query-input":{"@type":"PropertyValueSpecification","valueRequired":true,"valueName":"search_term_string"}}],"inLanguage":"et"},{"@type":"Organization","@id":"https:\/\/sleepcity.ee\/#organization","name":"VG Design O\u00dc","url":"https:\/\/sleepcity.ee\/","logo":{"@type":"ImageObject","inLanguage":"et","@id":"https:\/\/sleepcity.ee\/#\/schema\/logo\/image\/","url":"https:\/\/sleepcity.ee\/wp-content\/uploads\/2023\/09\/sleepcity_logo.png","contentUrl":"https:\/\/sleepcity.ee\/wp-content\/uploads\/2023\/09\/sleepcity_logo.png","width":1034,"height":318,"caption":"VG Design O\u00dc"},"image":{"@id":"https:\/\/sleepcity.ee\/#\/schema\/logo\/image\/"},"sameAs":["http:\/\/www.fb.com\/TempurEstonia","http:\/\/www.instagram.com\/tempurestonia"]}]}},"_links":{"self":[{"href":"https:\/\/sleepcity.ee\/wp-json\/wp\/v2\/product\/7744","targetHints":{"allow":["GET"]}}],"collection":[{"href":"https:\/\/sleepcity.ee\/wp-json\/wp\/v2\/product"}],"about":[{"href":"https:\/\/sleepcity.ee\/wp-json\/wp\/v2\/types\/product"}],"replies":[{"embeddable":true,"href":"https:\/\/sleepcity.ee\/wp-json\/wp\/v2\/comments?post=7744"}],"wp:featuredmedia":[{"embeddable":true,"href":"https:\/\/sleepcity.ee\/wp-json\/wp\/v2\/media\/7758"}],"wp:attachment":[{"href":"https:\/\/sleepcity.ee\/wp-json\/wp\/v2\/media?parent=7744"}],"wp:term":[{"taxonomy":"product_brand","embeddable":true,"href":"https:\/\/sleepcity.ee\/wp-json\/wp\/v2\/product_brand?post=7744"},{"taxonomy":"product_cat","embeddable":true,"href":"https:\/\/sleepcity.ee\/wp-json\/wp\/v2\/product_cat?post=7744"},{"taxonomy":"product_tag","embeddable":true,"href":"https:\/\/sleepcity.ee\/wp-json\/wp\/v2\/product_tag?post=7744"}],"curies":[{"name":"wp","href":"https:\/\/api.w.org\/{rel}","templated":true}]}}