{"id":8035,"date":"2024-11-02T08:29:11","date_gmt":"2024-11-02T08:29:11","guid":{"rendered":"https:\/\/sleepcity.ee\/?post_type=product&#038;p=8035"},"modified":"2024-11-02T08:29:11","modified_gmt":"2024-11-02T08:29:11","slug":"smart-jahutav-tekk","status":"publish","type":"product","link":"https:\/\/sleepcity.ee\/toode\/smart-jahutav-tekk\/","title":{"rendered":"Smart Jahutav tekk"},"content":{"rendered":"<h3 class=\"SectionHeader__SubHeading Heading u-h6\"><span>Uuenduslik jahutustekk hea une tagamiseks<\/span><\/h3>\n<div class=\"SectionHeader__Description Rte  FeatureText__Content_Custom_Description\">\n<p>Soovitatav \u00fcmbritseva \u00f5hu temperatuur kosutavaks uneks on 16\u201318 kraadi Celsiuse j\u00e4rgi. Smart\u00a0\u00ae\u00a0<strong>JAHUTUSTEKK koosneb <\/strong><strong>intelligentsetest<\/strong>\u00a0jahutuskiududest ja sellel on uudse TONES OF COOL\u00ae tehnoloogiaga pinnakate. See t\u00e4hendab, et magamise ajal eemaldatakse kehast t\u00f5husalt soojus ja niiskus, luues meeldiva jahutava efekti ja tervisliku magamiskeskkonna.<\/p>\n<p>K\u00f5rgeim kvaliteet on meie prioriteet. Kasutame ainult juhtivate tootjate kvaliteetseid materjale ja tugineme uutele, uuenduslikele materjalitehnoloogiatele. K\u00f5ik padjad ja tekid on v\u00e4lja t\u00f6\u00f6tatud rangelt kontrollitud kvaliteeditingimustes ja toodetud vastavalt k\u00f5rgeimatele kvaliteedistandarditele.<\/p>\n<div class=\"Collapsible__Inner\">\n<div class=\"Collapsible__Content\">\n<div class=\"Rte\">\n<p><em><span>T\u00f5hus soojusjuhtimine terveks aastaks<\/span><br \/>\n<\/em><span>Uuenduslik t\u00e4itematerjal ja hingav peen pinnamaterjal juhivad soojust kehast kiiresti ja j\u00e4tkusuutlikult eemale, t\u00f5rjuvad t\u00f5husalt soojuse ja niiskuse kogunemist ning tagavad seel\u00e4bi m\u00f5nusa magamiskeskkonna ilma higistamise ja k\u00fclmetamiseta. Ideaalne k\u00f5igile, kes higistavad kergesti \u00f6\u00f6sel, olenemata v\u00e4listemperatuurist v\u00f5i tavaliste tekkide all ning sobib ideaalselt erineva temperatuuritundlikkusega paaridele.<\/span><\/p>\n<p><em><span>Kvaliteetne materjal ja tipptehnoloogia\u00a0<\/span><\/em><br \/>\n<span>Kerge tekk koosneb k\u00f5rgtehnoloogilisest jahutavast kiust ja kvaliteetsest puuvillast (OEKO-TEX Standard 100), millel on uuenduslik patenteeritud TONES OF COOL\u00ae kate, mis aitab teki pind toimib kliimakontrolli kangana ja loob meeldiva jahutava efekti.<\/span><\/p>\n<p><em><span>Kahjulike ainete vaba ja ideaalne allergikutele<\/span><\/em><br \/>\n<span>Tekk on pestav (kuni 60 kraadi Celsiuse j\u00e4rgi), kahjulike ainete vaba ja h\u00fcpoallergeenne, millel on k\u00f5rge vastupidavus lestadele ja mikroobidele. Ideaalne allergikutele ja igak\u00fclgseks h\u00fcgieeniliseks magamiskogemuseks.<\/span><\/p>\n<p><em><span>\u00dclikerge ja hingav<\/span><\/em><br \/>\n<span>T\u00e4nu spetsiaalsele teppimisele ja eriti kergele kaalule kohandub tekk ideaalselt kehakujuga ilma seda maha koormamata ning sobib kergeks tekiks aastaringselt, eriti inimestele, kes kipuvad \u00f6\u00f6sel higistama.<\/span><\/p>\n<p><em><span>Suurus, m\u00f5\u00f5tmed ja kaal<\/span><\/em><br \/>\n<span>tekk:<\/span><span>135x200cm\u00a0<strong>|\u00a0<\/strong>\u00a01,7 kg\u00a0Pakend: 40 x 19,5 x 19,5 cm\u00a0<strong>|\u00a0<\/strong>\u00a01,8 kg<\/span><\/p>\n<p><em><span>Tarnekomplekt Tekk<\/span><br \/>\n<\/em><span>1x tekk<\/span><\/p>\n<\/div>\n<\/div>\n<\/div>\n<\/div>\n","protected":false},"excerpt":{"rendered":"<p><span>Smart\u00ae Jahutav tekk on uuenduslik jahutusefektiga tekk aastaringseks kasutamiseks. Kvaliteetsed jahutuskiud ja patenteeritud TONES OF COOL\u00ae tehnoloogiaga kate tagavad efektiivse temperatuuri juhtimise \u00f6\u00f6sel ning tagavad m\u00f5nusa magamiskeskkonna rahulikuks kosutavaks uneks.<\/span><\/p>\n<p><span>\u2714 Hajutab t\u00f5husalt kehast soojust ja takistab higistamist, kuumuse ja niiskuse kogunemist \u00f6\u00f6sel<\/span><\/p>\n<p><span>\u2714 Sobib suurep\u00e4raselt suvetekiks<\/span><\/p>\n<p><span>\u2714 Hingav, allergias\u00f5bralik ja pestav kuni 60 \u00b0C juures<\/span><\/p>\n<p>&nbsp;<\/p>\n<p>&nbsp;<\/p>\n","protected":false},"featured_media":8036,"comment_status":"open","ping_status":"closed","template":"","meta":{"_monsterinsights_skip_tracking":false,"_monsterinsights_sitenote_active":false,"_monsterinsights_sitenote_note":"","_monsterinsights_sitenote_category":0},"product_brand":[],"product_cat":[567,439],"product_tag":[],"class_list":{"0":"post-8035","1":"product","2":"type-product","3":"status-publish","4":"has-post-thumbnail","6":"product_cat-jahutav-tekk","7":"product_cat-tekid-2","9":"first","10":"instock","11":"taxable","12":"shipping-taxable","13":"purchasable","14":"product-type-simple"},"yoast_head":"<!-- This site is optimized with the Yoast SEO plugin v27.3 - https:\/\/yoast.com\/product\/yoast-seo-wordpress\/ -->\n<title>Smart Jahutav tekk - SleepCity - Hea Une Valem<\/title>\n<meta name=\"description\" content=\"Smart\u00ae Jahutav tekk on uuenduslik jahutusefektiga tekk aastaringseks kasutamiseks. Kvaliteetsed jahutuskiud ja patenteeritud TONES OF COOL\u00ae tehnoloogiaga kate tagavad efektiivse temperatuuri juhtimise \u00f6\u00f6sel ning tagavad m\u00f5nusa magamiskeskkonna rahulikuks kosutavaks uneks.  \u2714 Hajutab t\u00f5husalt kehast soojust ja takistab higistamist, kuumuse ja niiskuse kogunemist \u00f6\u00f6sel  \u2714 Sobib suurep\u00e4raselt suvetekiks  \u2714 Hingav, allergias\u00f5bralik ja pestav kuni 60 \u00b0C juures  &nbsp;  &nbsp;\" \/>\n<meta name=\"robots\" content=\"index, follow, max-snippet:-1, max-image-preview:large, max-video-preview:-1\" \/>\n<link rel=\"canonical\" href=\"https:\/\/sleepcity.ee\/toode\/smart-jahutav-tekk\/\" \/>\n<meta property=\"og:locale\" content=\"et_EE\" \/>\n<meta property=\"og:type\" content=\"article\" \/>\n<meta property=\"og:title\" content=\"Smart Jahutav tekk - SleepCity - Hea Une Valem\" \/>\n<meta property=\"og:description\" content=\"Smart\u00ae Jahutav tekk on uuenduslik jahutusefektiga tekk aastaringseks kasutamiseks. Kvaliteetsed jahutuskiud ja patenteeritud TONES OF COOL\u00ae tehnoloogiaga kate tagavad efektiivse temperatuuri juhtimise \u00f6\u00f6sel ning tagavad m\u00f5nusa magamiskeskkonna rahulikuks kosutavaks uneks.  \u2714 Hajutab t\u00f5husalt kehast soojust ja takistab higistamist, kuumuse ja niiskuse kogunemist \u00f6\u00f6sel  \u2714 Sobib suurep\u00e4raselt suvetekiks  \u2714 Hingav, allergias\u00f5bralik ja pestav kuni 60 \u00b0C juures  &nbsp;  &nbsp;\" \/>\n<meta property=\"og:url\" content=\"https:\/\/sleepcity.ee\/toode\/smart-jahutav-tekk\/\" \/>\n<meta property=\"og:site_name\" content=\"SleepCity - Hea Une Valem\" \/>\n<meta property=\"article:publisher\" content=\"http:\/\/www.fb.com\/TempurEstonia\" \/>\n<meta property=\"og:image\" content=\"https:\/\/sleepcity.ee\/wp-content\/uploads\/2024\/11\/220630_COOLINGBlanket_Shop_Bilder_03_women_700x.webp\" \/>\n\t<meta property=\"og:image:width\" content=\"700\" \/>\n\t<meta property=\"og:image:height\" content=\"700\" \/>\n\t<meta property=\"og:image:type\" content=\"image\/webp\" \/>\n<meta name=\"twitter:card\" content=\"summary_large_image\" \/>\n<meta name=\"twitter:label1\" content=\"Est. reading time\" \/>\n\t<meta name=\"twitter:data1\" content=\"1 minut\" \/>\n<script type=\"application\/ld+json\" class=\"yoast-schema-graph\">{\"@context\":\"https:\\\/\\\/schema.org\",\"@graph\":[{\"@type\":\"WebPage\",\"@id\":\"https:\\\/\\\/sleepcity.ee\\\/toode\\\/smart-jahutav-tekk\\\/\",\"url\":\"https:\\\/\\\/sleepcity.ee\\\/toode\\\/smart-jahutav-tekk\\\/\",\"name\":\"Smart Jahutav tekk - SleepCity - Hea Une Valem\",\"isPartOf\":{\"@id\":\"https:\\\/\\\/sleepcity.ee\\\/#website\"},\"primaryImageOfPage\":{\"@id\":\"https:\\\/\\\/sleepcity.ee\\\/toode\\\/smart-jahutav-tekk\\\/#primaryimage\"},\"image\":{\"@id\":\"https:\\\/\\\/sleepcity.ee\\\/toode\\\/smart-jahutav-tekk\\\/#primaryimage\"},\"thumbnailUrl\":\"https:\\\/\\\/www.sleepcity.ee\\\/wp-content\\\/uploads\\\/2024\\\/11\\\/220630_COOLINGBlanket_Shop_Bilder_03_women_700x.webp\",\"datePublished\":\"2024-11-02T08:29:11+00:00\",\"description\":\"Smart\u00ae Jahutav tekk on uuenduslik jahutusefektiga tekk aastaringseks kasutamiseks. Kvaliteetsed jahutuskiud ja patenteeritud TONES OF COOL\u00ae tehnoloogiaga kate tagavad efektiivse temperatuuri juhtimise \u00f6\u00f6sel ning tagavad m\u00f5nusa magamiskeskkonna rahulikuks kosutavaks uneks. \u2714 Hajutab t\u00f5husalt kehast soojust ja takistab higistamist, kuumuse ja niiskuse kogunemist \u00f6\u00f6sel \u2714 Sobib suurep\u00e4raselt suvetekiks \u2714 Hingav, allergias\u00f5bralik ja pestav kuni 60 \u00b0C juures &nbsp; &nbsp;\",\"breadcrumb\":{\"@id\":\"https:\\\/\\\/sleepcity.ee\\\/toode\\\/smart-jahutav-tekk\\\/#breadcrumb\"},\"inLanguage\":\"et\",\"potentialAction\":[{\"@type\":\"ReadAction\",\"target\":[\"https:\\\/\\\/sleepcity.ee\\\/toode\\\/smart-jahutav-tekk\\\/\"]}]},{\"@type\":\"ImageObject\",\"inLanguage\":\"et\",\"@id\":\"https:\\\/\\\/sleepcity.ee\\\/toode\\\/smart-jahutav-tekk\\\/#primaryimage\",\"url\":\"https:\\\/\\\/www.sleepcity.ee\\\/wp-content\\\/uploads\\\/2024\\\/11\\\/220630_COOLINGBlanket_Shop_Bilder_03_women_700x.webp\",\"contentUrl\":\"https:\\\/\\\/www.sleepcity.ee\\\/wp-content\\\/uploads\\\/2024\\\/11\\\/220630_COOLINGBlanket_Shop_Bilder_03_women_700x.webp\",\"width\":700,\"height\":700},{\"@type\":\"BreadcrumbList\",\"@id\":\"https:\\\/\\\/sleepcity.ee\\\/toode\\\/smart-jahutav-tekk\\\/#breadcrumb\",\"itemListElement\":[{\"@type\":\"ListItem\",\"position\":1,\"name\":\"Home\",\"item\":\"https:\\\/\\\/www.sleepcity.ee\\\/\"},{\"@type\":\"ListItem\",\"position\":2,\"name\":\"Pood\",\"item\":\"https:\\\/\\\/sleepcity.ee\\\/pood\\\/\"},{\"@type\":\"ListItem\",\"position\":3,\"name\":\"Smart Jahutav tekk\"}]},{\"@type\":\"WebSite\",\"@id\":\"https:\\\/\\\/sleepcity.ee\\\/#website\",\"url\":\"https:\\\/\\\/sleepcity.ee\\\/\",\"name\":\"Tempur Shop\",\"description\":\"TEMPUR madratsid, voodid, padjad ja muud unetooted.\",\"publisher\":{\"@id\":\"https:\\\/\\\/sleepcity.ee\\\/#organization\"},\"potentialAction\":[{\"@type\":\"SearchAction\",\"target\":{\"@type\":\"EntryPoint\",\"urlTemplate\":\"https:\\\/\\\/sleepcity.ee\\\/?s={search_term_string}\"},\"query-input\":{\"@type\":\"PropertyValueSpecification\",\"valueRequired\":true,\"valueName\":\"search_term_string\"}}],\"inLanguage\":\"et\"},{\"@type\":\"Organization\",\"@id\":\"https:\\\/\\\/sleepcity.ee\\\/#organization\",\"name\":\"VG Design O\u00dc\",\"url\":\"https:\\\/\\\/sleepcity.ee\\\/\",\"logo\":{\"@type\":\"ImageObject\",\"inLanguage\":\"et\",\"@id\":\"https:\\\/\\\/sleepcity.ee\\\/#\\\/schema\\\/logo\\\/image\\\/\",\"url\":\"https:\\\/\\\/www.sleepcity.ee\\\/wp-content\\\/uploads\\\/2023\\\/09\\\/sleepcity_logo.png\",\"contentUrl\":\"https:\\\/\\\/www.sleepcity.ee\\\/wp-content\\\/uploads\\\/2023\\\/09\\\/sleepcity_logo.png\",\"width\":1034,\"height\":318,\"caption\":\"VG Design O\u00dc\"},\"image\":{\"@id\":\"https:\\\/\\\/sleepcity.ee\\\/#\\\/schema\\\/logo\\\/image\\\/\"},\"sameAs\":[\"http:\\\/\\\/www.fb.com\\\/TempurEstonia\",\"http:\\\/\\\/www.instagram.com\\\/tempurestonia\"]}]}<\/script>\n<!-- \/ Yoast SEO plugin. -->","yoast_head_json":{"title":"Smart Jahutav tekk - SleepCity - Hea Une Valem","description":"Smart\u00ae Jahutav tekk on uuenduslik jahutusefektiga tekk aastaringseks kasutamiseks. Kvaliteetsed jahutuskiud ja patenteeritud TONES OF COOL\u00ae tehnoloogiaga kate tagavad efektiivse temperatuuri juhtimise \u00f6\u00f6sel ning tagavad m\u00f5nusa magamiskeskkonna rahulikuks kosutavaks uneks.  \u2714 Hajutab t\u00f5husalt kehast soojust ja takistab higistamist, kuumuse ja niiskuse kogunemist \u00f6\u00f6sel  \u2714 Sobib suurep\u00e4raselt suvetekiks  \u2714 Hingav, allergias\u00f5bralik ja pestav kuni 60 \u00b0C juures  &nbsp;  &nbsp;","robots":{"index":"index","follow":"follow","max-snippet":"max-snippet:-1","max-image-preview":"max-image-preview:large","max-video-preview":"max-video-preview:-1"},"canonical":"https:\/\/sleepcity.ee\/toode\/smart-jahutav-tekk\/","og_locale":"et_EE","og_type":"article","og_title":"Smart Jahutav tekk - SleepCity - Hea Une Valem","og_description":"Smart\u00ae Jahutav tekk on uuenduslik jahutusefektiga tekk aastaringseks kasutamiseks. Kvaliteetsed jahutuskiud ja patenteeritud TONES OF COOL\u00ae tehnoloogiaga kate tagavad efektiivse temperatuuri juhtimise \u00f6\u00f6sel ning tagavad m\u00f5nusa magamiskeskkonna rahulikuks kosutavaks uneks.  \u2714 Hajutab t\u00f5husalt kehast soojust ja takistab higistamist, kuumuse ja niiskuse kogunemist \u00f6\u00f6sel  \u2714 Sobib suurep\u00e4raselt suvetekiks  \u2714 Hingav, allergias\u00f5bralik ja pestav kuni 60 \u00b0C juures  &nbsp;  &nbsp;","og_url":"https:\/\/sleepcity.ee\/toode\/smart-jahutav-tekk\/","og_site_name":"SleepCity - Hea Une Valem","article_publisher":"http:\/\/www.fb.com\/TempurEstonia","og_image":[{"width":700,"height":700,"url":"https:\/\/sleepcity.ee\/wp-content\/uploads\/2024\/11\/220630_COOLINGBlanket_Shop_Bilder_03_women_700x.webp","type":"image\/webp"}],"twitter_card":"summary_large_image","twitter_misc":{"Est. reading time":"1 minut"},"schema":{"@context":"https:\/\/schema.org","@graph":[{"@type":"WebPage","@id":"https:\/\/sleepcity.ee\/toode\/smart-jahutav-tekk\/","url":"https:\/\/sleepcity.ee\/toode\/smart-jahutav-tekk\/","name":"Smart Jahutav tekk - SleepCity - Hea Une Valem","isPartOf":{"@id":"https:\/\/sleepcity.ee\/#website"},"primaryImageOfPage":{"@id":"https:\/\/sleepcity.ee\/toode\/smart-jahutav-tekk\/#primaryimage"},"image":{"@id":"https:\/\/sleepcity.ee\/toode\/smart-jahutav-tekk\/#primaryimage"},"thumbnailUrl":"https:\/\/www.sleepcity.ee\/wp-content\/uploads\/2024\/11\/220630_COOLINGBlanket_Shop_Bilder_03_women_700x.webp","datePublished":"2024-11-02T08:29:11+00:00","description":"Smart\u00ae Jahutav tekk on uuenduslik jahutusefektiga tekk aastaringseks kasutamiseks. Kvaliteetsed jahutuskiud ja patenteeritud TONES OF COOL\u00ae tehnoloogiaga kate tagavad efektiivse temperatuuri juhtimise \u00f6\u00f6sel ning tagavad m\u00f5nusa magamiskeskkonna rahulikuks kosutavaks uneks. \u2714 Hajutab t\u00f5husalt kehast soojust ja takistab higistamist, kuumuse ja niiskuse kogunemist \u00f6\u00f6sel \u2714 Sobib suurep\u00e4raselt suvetekiks \u2714 Hingav, allergias\u00f5bralik ja pestav kuni 60 \u00b0C juures &nbsp; &nbsp;","breadcrumb":{"@id":"https:\/\/sleepcity.ee\/toode\/smart-jahutav-tekk\/#breadcrumb"},"inLanguage":"et","potentialAction":[{"@type":"ReadAction","target":["https:\/\/sleepcity.ee\/toode\/smart-jahutav-tekk\/"]}]},{"@type":"ImageObject","inLanguage":"et","@id":"https:\/\/sleepcity.ee\/toode\/smart-jahutav-tekk\/#primaryimage","url":"https:\/\/www.sleepcity.ee\/wp-content\/uploads\/2024\/11\/220630_COOLINGBlanket_Shop_Bilder_03_women_700x.webp","contentUrl":"https:\/\/www.sleepcity.ee\/wp-content\/uploads\/2024\/11\/220630_COOLINGBlanket_Shop_Bilder_03_women_700x.webp","width":700,"height":700},{"@type":"BreadcrumbList","@id":"https:\/\/sleepcity.ee\/toode\/smart-jahutav-tekk\/#breadcrumb","itemListElement":[{"@type":"ListItem","position":1,"name":"Home","item":"https:\/\/www.sleepcity.ee\/"},{"@type":"ListItem","position":2,"name":"Pood","item":"https:\/\/sleepcity.ee\/pood\/"},{"@type":"ListItem","position":3,"name":"Smart Jahutav tekk"}]},{"@type":"WebSite","@id":"https:\/\/sleepcity.ee\/#website","url":"https:\/\/sleepcity.ee\/","name":"Tempur Shop","description":"TEMPUR madratsid, voodid, padjad ja muud unetooted.","publisher":{"@id":"https:\/\/sleepcity.ee\/#organization"},"potentialAction":[{"@type":"SearchAction","target":{"@type":"EntryPoint","urlTemplate":"https:\/\/sleepcity.ee\/?s={search_term_string}"},"query-input":{"@type":"PropertyValueSpecification","valueRequired":true,"valueName":"search_term_string"}}],"inLanguage":"et"},{"@type":"Organization","@id":"https:\/\/sleepcity.ee\/#organization","name":"VG Design O\u00dc","url":"https:\/\/sleepcity.ee\/","logo":{"@type":"ImageObject","inLanguage":"et","@id":"https:\/\/sleepcity.ee\/#\/schema\/logo\/image\/","url":"https:\/\/www.sleepcity.ee\/wp-content\/uploads\/2023\/09\/sleepcity_logo.png","contentUrl":"https:\/\/www.sleepcity.ee\/wp-content\/uploads\/2023\/09\/sleepcity_logo.png","width":1034,"height":318,"caption":"VG Design O\u00dc"},"image":{"@id":"https:\/\/sleepcity.ee\/#\/schema\/logo\/image\/"},"sameAs":["http:\/\/www.fb.com\/TempurEstonia","http:\/\/www.instagram.com\/tempurestonia"]}]}},"_links":{"self":[{"href":"https:\/\/sleepcity.ee\/wp-json\/wp\/v2\/product\/8035","targetHints":{"allow":["GET"]}}],"collection":[{"href":"https:\/\/sleepcity.ee\/wp-json\/wp\/v2\/product"}],"about":[{"href":"https:\/\/sleepcity.ee\/wp-json\/wp\/v2\/types\/product"}],"replies":[{"embeddable":true,"href":"https:\/\/sleepcity.ee\/wp-json\/wp\/v2\/comments?post=8035"}],"wp:featuredmedia":[{"embeddable":true,"href":"https:\/\/sleepcity.ee\/wp-json\/wp\/v2\/media\/8036"}],"wp:attachment":[{"href":"https:\/\/sleepcity.ee\/wp-json\/wp\/v2\/media?parent=8035"}],"wp:term":[{"taxonomy":"product_brand","embeddable":true,"href":"https:\/\/sleepcity.ee\/wp-json\/wp\/v2\/product_brand?post=8035"},{"taxonomy":"product_cat","embeddable":true,"href":"https:\/\/sleepcity.ee\/wp-json\/wp\/v2\/product_cat?post=8035"},{"taxonomy":"product_tag","embeddable":true,"href":"https:\/\/sleepcity.ee\/wp-json\/wp\/v2\/product_tag?post=8035"}],"curies":[{"name":"wp","href":"https:\/\/api.w.org\/{rel}","templated":true}]}}