{"id":9596,"date":"2025-11-19T10:55:37","date_gmt":"2025-11-19T10:55:37","guid":{"rendered":"https:\/\/sleepcity.ee\/?post_type=product&#038;p=9596"},"modified":"2025-11-19T10:55:37","modified_gmt":"2025-11-19T10:55:37","slug":"suletekk-fejo-150x210cm-quilts-of-denmark","status":"publish","type":"product","link":"https:\/\/sleepcity.ee\/toode\/suletekk-fejo-150x210cm-quilts-of-denmark\/","title":{"rendered":"Suletekk FEJO 150x210cm Quilts of Denmark"},"content":{"rendered":"<h3><span dir=\"auto\">Sertifikaadid<\/span><\/h3>\n<p>&nbsp;<\/p>\n<p><span dir=\"auto\">FEJ\u00d8 suletekk firmalt Quilts Of Denmark on m\u00e4rgistatud j\u00e4rgmiste sertifikaatidega:<\/span><\/p>\n<h5><span dir=\"auto\">SulePass (DownPass)\u00a0<\/span><\/h5>\n<p><span dir=\"auto\">Sulepassi sertifikaat garanteerib, et udusuled on hangitud eetiliselt. See t\u00e4hendab, et udusulgi ja sulgi ei ole korjatud elusloomadelt ega sundtoidetud loomadelt. Lisaks on teil garantii, et Sulepassi (Downpass) sertifikaadiga tooted on toodetud t\u00e4ieliku j\u00e4lgitavuse ja kasvatajate poolse j\u00e4relevalve all.<\/span><\/p>\n<h5><span dir=\"auto\">\u00a0Downafresh Greenline ( Sulgede v\u00e4rskus ja puhtus sertifikaat)<\/span><\/h5>\n<p><span dir=\"auto\">Selle sertifikaadiga pestakse ja kuumt\u00f6\u00f6deldakse udusulgi vastavalt Downafreshi standarditele, mis t\u00e4hendab, et teile on garanteeritud kvaliteetne tekk, mis on vaba tolmulestadest ja muudest allergeenidest. Sertifikaat tagab ka, et toote tootmine vastab k\u00f5igile kehtivatele eetika- ja loomade heaolu k\u00e4sitlevatele \u00f5igusaktidele ning et toode koosneb looduslikest koostisosadest, mis on saadud 100% s\u00e4\u00e4stvast tootmisprotsessist vastavalt \u00f6koloogilistele kriteeriumidele.<\/span><\/p>\n<h5><span dir=\"auto\">Sobib allergikutele (Nomite sertifikaat)<\/span><\/h5>\n<p><span dir=\"auto\">Nomite sertifikaat on Euroopa udusulgede ja sulgede \u00fchingu EDFA klassifikatsioon, mis t\u00e4hendab, et toode sobib kodutolmulestallergikutele. Sertifikaadi saamiseks tuleb toodet testida ja see peab vastama standardile PAS 1008. Lisaks peab kate olema nii tihedalt kootud, et kodutolmulest ei oleks seda kerge l\u00e4bi tungida.<\/span><\/p>\n<h5><span dir=\"auto\">\u00d6ko-Tex sertifikaat<\/span><\/h5>\n<p><span dir=\"auto\">\u00d8ko-tex sertifikaadiga on garanteeritud, et toode on toodetud s\u00e4\u00e4stvalt ning ei sisalda mingeid kahjulikke kemikaale ega aineid.<\/span><\/p>\n","protected":false},"excerpt":{"rendered":"<p><span dir=\"auto\">Luksuslik FEJ\u00d8 aastaringseks kasutamiseks m\u00f5eldud tekk firmalt Quilts Of Denmark. Saadaval on kaks mudelit: Light ja Medium, mille sisu on vastavalt 400g ja 600g.<\/span><\/p>\n<p><span dir=\"auto\">T\u00e4idis koosneb 90% ulatuses maitsvast muskusudusulgedest ja kate 100% puuvillast, mis on valmistatud parimast satiinkudumisest. Teki isu\u00e4ratavat kvaliteeti r\u00f5hutab kuldne \u00e4\u00e4r.<\/span><\/p>\n<p><span dir=\"auto\">Muskusudusuled on kvaliteetsed ja nende kandev\u00f5ime on 725, mis muudab teki uskumatult kergeks, pehmeks ja hingavaks. Muskusudusuled ei tee m\u00fcra, seega on muskusudusulgedega garanteeritud luksuslik uni rahus ja vaikuses.<\/span><\/p>\n<p><span dir=\"auto\">Quilts of Denmark tekke ostes v\u00f5ite olla kindel k\u00f5igi toodete k\u00f5rges kvaliteedis. Quilts of Denmark eesm\u00e4rk on luua voodipesusari, mis pakub \u00fclimat luksuslikku und. See saavutatakse kvaliteetsete materjalide kasutamisega nii seest kui v\u00e4ljast k\u00f5igis tekkides, patjades ja voodipesukomplektides.<\/span><\/p>\n<p><span dir=\"auto\">Quilts of Denmark kasutatavate toorainete t\u00f6\u00f6tlemisel austatakse p\u00f5hiv\u00e4\u00e4rtusi, sealhulgas looduskeskkonda ja loomade heaolu. Kui eetika on \u00fchendatud ainulaadse Skandinaavia disainiga, on teile garanteeritud \u00fclimalt kvaliteetne kogemus k\u00f5igi Quilts of Denmark toodetega.<\/span><\/p>\n","protected":false},"featured_media":9636,"comment_status":"open","ping_status":"closed","template":"","meta":{"_monsterinsights_skip_tracking":false,"_monsterinsights_sitenote_active":false,"_monsterinsights_sitenote_note":"","_monsterinsights_sitenote_category":0},"product_brand":[],"product_cat":[439,416],"product_tag":[],"class_list":{"0":"post-9596","1":"product","2":"type-product","3":"status-publish","4":"has-post-thumbnail","6":"product_cat-tekid-2","7":"product_cat-tempur-suletekid","8":"pa_mudel-light-kerge","9":"pa_mudel-medium-keskmine","11":"first","12":"instock","13":"taxable","14":"shipping-taxable","15":"purchasable","16":"product-type-variable"},"yoast_head":"<!-- This site is optimized with the Yoast SEO plugin v27.4 - https:\/\/yoast.com\/product\/yoast-seo-wordpress\/ -->\n<title>Suletekk FEJO 150x210cm Quilts of Denmark - SleepCity - Hea Une Valem<\/title>\n<meta name=\"description\" content=\"Luksuslik FEJ\u00d8 aastaringseks kasutamiseks m\u00f5eldud tekk firmalt Quilts Of Denmark. Saadaval on kaks mudelit: Light ja Medium, mille sisu on vastavalt 400g ja 600g.  T\u00e4idis koosneb 90% ulatuses maitsvast muskusudusulgedest ja kate 100% puuvillast, mis on valmistatud parimast satiinkudumisest. Teki isu\u00e4ratavat kvaliteeti r\u00f5hutab kuldne \u00e4\u00e4r.  Muskusudusuled on kvaliteetsed ja nende kandev\u00f5ime on 725, mis muudab teki uskumatult kergeks, pehmeks ja hingavaks. Muskusudusuled ei tee m\u00fcra, seega on muskusudusulgedega garanteeritud luksuslik uni rahus ja vaikuses.  Quilts of Denmark tekke ostes v\u00f5ite olla kindel k\u00f5igi toodete k\u00f5rges kvaliteedis. Quilts of Denmark eesm\u00e4rk on luua voodipesusari, mis pakub \u00fclimat luksuslikku und. See saavutatakse kvaliteetsete materjalide kasutamisega nii seest kui v\u00e4ljast k\u00f5igis tekkides, patjades ja voodipesukomplektides.  Quilts of Denmark kasutatavate toorainete t\u00f6\u00f6tlemisel austatakse p\u00f5hiv\u00e4\u00e4rtusi, sealhulgas looduskeskkonda ja loomade heaolu. Kui eetika on \u00fchendatud ainulaadse Skandinaavia disainiga, on teile garanteeritud \u00fclimalt kvaliteetne kogemus k\u00f5igi Quilts of Denmark toodetega.\" \/>\n<meta name=\"robots\" content=\"index, follow, max-snippet:-1, max-image-preview:large, max-video-preview:-1\" \/>\n<link rel=\"canonical\" href=\"https:\/\/www.sleepcity.ee\/toode\/suletekk-fejo-150x210cm-quilts-of-denmark\/\" \/>\n<meta property=\"og:locale\" content=\"et_EE\" \/>\n<meta property=\"og:type\" content=\"article\" \/>\n<meta property=\"og:title\" content=\"Suletekk FEJO 150x210cm Quilts of Denmark - SleepCity - Hea Une Valem\" \/>\n<meta property=\"og:description\" content=\"Luksuslik FEJ\u00d8 aastaringseks kasutamiseks m\u00f5eldud tekk firmalt Quilts Of Denmark. Saadaval on kaks mudelit: Light ja Medium, mille sisu on vastavalt 400g ja 600g.  T\u00e4idis koosneb 90% ulatuses maitsvast muskusudusulgedest ja kate 100% puuvillast, mis on valmistatud parimast satiinkudumisest. Teki isu\u00e4ratavat kvaliteeti r\u00f5hutab kuldne \u00e4\u00e4r.  Muskusudusuled on kvaliteetsed ja nende kandev\u00f5ime on 725, mis muudab teki uskumatult kergeks, pehmeks ja hingavaks. Muskusudusuled ei tee m\u00fcra, seega on muskusudusulgedega garanteeritud luksuslik uni rahus ja vaikuses.  Quilts of Denmark tekke ostes v\u00f5ite olla kindel k\u00f5igi toodete k\u00f5rges kvaliteedis. Quilts of Denmark eesm\u00e4rk on luua voodipesusari, mis pakub \u00fclimat luksuslikku und. See saavutatakse kvaliteetsete materjalide kasutamisega nii seest kui v\u00e4ljast k\u00f5igis tekkides, patjades ja voodipesukomplektides.  Quilts of Denmark kasutatavate toorainete t\u00f6\u00f6tlemisel austatakse p\u00f5hiv\u00e4\u00e4rtusi, sealhulgas looduskeskkonda ja loomade heaolu. Kui eetika on \u00fchendatud ainulaadse Skandinaavia disainiga, on teile garanteeritud \u00fclimalt kvaliteetne kogemus k\u00f5igi Quilts of Denmark toodetega.\" \/>\n<meta property=\"og:url\" content=\"https:\/\/www.sleepcity.ee\/toode\/suletekk-fejo-150x210cm-quilts-of-denmark\/\" \/>\n<meta property=\"og:site_name\" content=\"SleepCity - Hea Une Valem\" \/>\n<meta property=\"article:publisher\" content=\"http:\/\/www.fb.com\/TempurEstonia\" \/>\n<meta property=\"og:image\" content=\"https:\/\/www.sleepcity.ee\/wp-content\/uploads\/2025\/10\/Fejoe-helaarsdyne-fra-quilts-2.jpg.webp\" \/>\n\t<meta property=\"og:image:width\" content=\"900\" \/>\n\t<meta property=\"og:image:height\" content=\"900\" \/>\n\t<meta property=\"og:image:type\" content=\"image\/webp\" \/>\n<meta name=\"twitter:card\" content=\"summary_large_image\" \/>\n<meta name=\"twitter:label1\" content=\"Est. reading time\" \/>\n\t<meta name=\"twitter:data1\" content=\"1 minut\" \/>\n<script type=\"application\/ld+json\" class=\"yoast-schema-graph\">{\"@context\":\"https:\\\/\\\/schema.org\",\"@graph\":[{\"@type\":\"WebPage\",\"@id\":\"https:\\\/\\\/www.sleepcity.ee\\\/toode\\\/suletekk-fejo-150x210cm-quilts-of-denmark\\\/\",\"url\":\"https:\\\/\\\/www.sleepcity.ee\\\/toode\\\/suletekk-fejo-150x210cm-quilts-of-denmark\\\/\",\"name\":\"Suletekk FEJO 150x210cm Quilts of Denmark - SleepCity - Hea Une Valem\",\"isPartOf\":{\"@id\":\"https:\\\/\\\/sleepcity.ee\\\/#website\"},\"primaryImageOfPage\":{\"@id\":\"https:\\\/\\\/www.sleepcity.ee\\\/toode\\\/suletekk-fejo-150x210cm-quilts-of-denmark\\\/#primaryimage\"},\"image\":{\"@id\":\"https:\\\/\\\/www.sleepcity.ee\\\/toode\\\/suletekk-fejo-150x210cm-quilts-of-denmark\\\/#primaryimage\"},\"thumbnailUrl\":\"https:\\\/\\\/sleepcity.ee\\\/wp-content\\\/uploads\\\/2025\\\/10\\\/Fejoe-helaarsdyne-fra-quilts-2.jpg.webp\",\"datePublished\":\"2025-11-19T10:55:37+00:00\",\"description\":\"Luksuslik FEJ\u00d8 aastaringseks kasutamiseks m\u00f5eldud tekk firmalt Quilts Of Denmark. Saadaval on kaks mudelit: Light ja Medium, mille sisu on vastavalt 400g ja 600g. T\u00e4idis koosneb 90% ulatuses maitsvast muskusudusulgedest ja kate 100% puuvillast, mis on valmistatud parimast satiinkudumisest. Teki isu\u00e4ratavat kvaliteeti r\u00f5hutab kuldne \u00e4\u00e4r. Muskusudusuled on kvaliteetsed ja nende kandev\u00f5ime on 725, mis muudab teki uskumatult kergeks, pehmeks ja hingavaks. Muskusudusuled ei tee m\u00fcra, seega on muskusudusulgedega garanteeritud luksuslik uni rahus ja vaikuses. Quilts of Denmark tekke ostes v\u00f5ite olla kindel k\u00f5igi toodete k\u00f5rges kvaliteedis. Quilts of Denmark eesm\u00e4rk on luua voodipesusari, mis pakub \u00fclimat luksuslikku und. See saavutatakse kvaliteetsete materjalide kasutamisega nii seest kui v\u00e4ljast k\u00f5igis tekkides, patjades ja voodipesukomplektides. Quilts of Denmark kasutatavate toorainete t\u00f6\u00f6tlemisel austatakse p\u00f5hiv\u00e4\u00e4rtusi, sealhulgas looduskeskkonda ja loomade heaolu. Kui eetika on \u00fchendatud ainulaadse Skandinaavia disainiga, on teile garanteeritud \u00fclimalt kvaliteetne kogemus k\u00f5igi Quilts of Denmark toodetega.\",\"breadcrumb\":{\"@id\":\"https:\\\/\\\/www.sleepcity.ee\\\/toode\\\/suletekk-fejo-150x210cm-quilts-of-denmark\\\/#breadcrumb\"},\"inLanguage\":\"et\",\"potentialAction\":[{\"@type\":\"ReadAction\",\"target\":[\"https:\\\/\\\/www.sleepcity.ee\\\/toode\\\/suletekk-fejo-150x210cm-quilts-of-denmark\\\/\"]}]},{\"@type\":\"ImageObject\",\"inLanguage\":\"et\",\"@id\":\"https:\\\/\\\/www.sleepcity.ee\\\/toode\\\/suletekk-fejo-150x210cm-quilts-of-denmark\\\/#primaryimage\",\"url\":\"https:\\\/\\\/sleepcity.ee\\\/wp-content\\\/uploads\\\/2025\\\/10\\\/Fejoe-helaarsdyne-fra-quilts-2.jpg.webp\",\"contentUrl\":\"https:\\\/\\\/sleepcity.ee\\\/wp-content\\\/uploads\\\/2025\\\/10\\\/Fejoe-helaarsdyne-fra-quilts-2.jpg.webp\",\"width\":900,\"height\":900},{\"@type\":\"BreadcrumbList\",\"@id\":\"https:\\\/\\\/www.sleepcity.ee\\\/toode\\\/suletekk-fejo-150x210cm-quilts-of-denmark\\\/#breadcrumb\",\"itemListElement\":[{\"@type\":\"ListItem\",\"position\":1,\"name\":\"Home\",\"item\":\"https:\\\/\\\/sleepcity.ee\\\/\"},{\"@type\":\"ListItem\",\"position\":2,\"name\":\"Pood\",\"item\":\"https:\\\/\\\/sleepcity.ee\\\/pood\\\/\"},{\"@type\":\"ListItem\",\"position\":3,\"name\":\"Suletekk FEJO 150x210cm Quilts of Denmark\"}]},{\"@type\":\"WebSite\",\"@id\":\"https:\\\/\\\/sleepcity.ee\\\/#website\",\"url\":\"https:\\\/\\\/sleepcity.ee\\\/\",\"name\":\"Tempur Shop\",\"description\":\"TEMPUR madratsid, voodid, padjad ja muud unetooted.\",\"publisher\":{\"@id\":\"https:\\\/\\\/sleepcity.ee\\\/#organization\"},\"potentialAction\":[{\"@type\":\"SearchAction\",\"target\":{\"@type\":\"EntryPoint\",\"urlTemplate\":\"https:\\\/\\\/sleepcity.ee\\\/?s={search_term_string}\"},\"query-input\":{\"@type\":\"PropertyValueSpecification\",\"valueRequired\":true,\"valueName\":\"search_term_string\"}}],\"inLanguage\":\"et\"},{\"@type\":\"Organization\",\"@id\":\"https:\\\/\\\/sleepcity.ee\\\/#organization\",\"name\":\"VG Design O\u00dc\",\"url\":\"https:\\\/\\\/sleepcity.ee\\\/\",\"logo\":{\"@type\":\"ImageObject\",\"inLanguage\":\"et\",\"@id\":\"https:\\\/\\\/sleepcity.ee\\\/#\\\/schema\\\/logo\\\/image\\\/\",\"url\":\"https:\\\/\\\/sleepcity.ee\\\/wp-content\\\/uploads\\\/2023\\\/09\\\/sleepcity_logo.png\",\"contentUrl\":\"https:\\\/\\\/sleepcity.ee\\\/wp-content\\\/uploads\\\/2023\\\/09\\\/sleepcity_logo.png\",\"width\":1034,\"height\":318,\"caption\":\"VG Design O\u00dc\"},\"image\":{\"@id\":\"https:\\\/\\\/sleepcity.ee\\\/#\\\/schema\\\/logo\\\/image\\\/\"},\"sameAs\":[\"http:\\\/\\\/www.fb.com\\\/TempurEstonia\",\"http:\\\/\\\/www.instagram.com\\\/tempurestonia\"]}]}<\/script>\n<!-- \/ Yoast SEO plugin. -->","yoast_head_json":{"title":"Suletekk FEJO 150x210cm Quilts of Denmark - SleepCity - Hea Une Valem","description":"Luksuslik FEJ\u00d8 aastaringseks kasutamiseks m\u00f5eldud tekk firmalt Quilts Of Denmark. Saadaval on kaks mudelit: Light ja Medium, mille sisu on vastavalt 400g ja 600g.  T\u00e4idis koosneb 90% ulatuses maitsvast muskusudusulgedest ja kate 100% puuvillast, mis on valmistatud parimast satiinkudumisest. Teki isu\u00e4ratavat kvaliteeti r\u00f5hutab kuldne \u00e4\u00e4r.  Muskusudusuled on kvaliteetsed ja nende kandev\u00f5ime on 725, mis muudab teki uskumatult kergeks, pehmeks ja hingavaks. Muskusudusuled ei tee m\u00fcra, seega on muskusudusulgedega garanteeritud luksuslik uni rahus ja vaikuses.  Quilts of Denmark tekke ostes v\u00f5ite olla kindel k\u00f5igi toodete k\u00f5rges kvaliteedis. Quilts of Denmark eesm\u00e4rk on luua voodipesusari, mis pakub \u00fclimat luksuslikku und. See saavutatakse kvaliteetsete materjalide kasutamisega nii seest kui v\u00e4ljast k\u00f5igis tekkides, patjades ja voodipesukomplektides.  Quilts of Denmark kasutatavate toorainete t\u00f6\u00f6tlemisel austatakse p\u00f5hiv\u00e4\u00e4rtusi, sealhulgas looduskeskkonda ja loomade heaolu. Kui eetika on \u00fchendatud ainulaadse Skandinaavia disainiga, on teile garanteeritud \u00fclimalt kvaliteetne kogemus k\u00f5igi Quilts of Denmark toodetega.","robots":{"index":"index","follow":"follow","max-snippet":"max-snippet:-1","max-image-preview":"max-image-preview:large","max-video-preview":"max-video-preview:-1"},"canonical":"https:\/\/www.sleepcity.ee\/toode\/suletekk-fejo-150x210cm-quilts-of-denmark\/","og_locale":"et_EE","og_type":"article","og_title":"Suletekk FEJO 150x210cm Quilts of Denmark - SleepCity - Hea Une Valem","og_description":"Luksuslik FEJ\u00d8 aastaringseks kasutamiseks m\u00f5eldud tekk firmalt Quilts Of Denmark. Saadaval on kaks mudelit: Light ja Medium, mille sisu on vastavalt 400g ja 600g.  T\u00e4idis koosneb 90% ulatuses maitsvast muskusudusulgedest ja kate 100% puuvillast, mis on valmistatud parimast satiinkudumisest. Teki isu\u00e4ratavat kvaliteeti r\u00f5hutab kuldne \u00e4\u00e4r.  Muskusudusuled on kvaliteetsed ja nende kandev\u00f5ime on 725, mis muudab teki uskumatult kergeks, pehmeks ja hingavaks. Muskusudusuled ei tee m\u00fcra, seega on muskusudusulgedega garanteeritud luksuslik uni rahus ja vaikuses.  Quilts of Denmark tekke ostes v\u00f5ite olla kindel k\u00f5igi toodete k\u00f5rges kvaliteedis. Quilts of Denmark eesm\u00e4rk on luua voodipesusari, mis pakub \u00fclimat luksuslikku und. See saavutatakse kvaliteetsete materjalide kasutamisega nii seest kui v\u00e4ljast k\u00f5igis tekkides, patjades ja voodipesukomplektides.  Quilts of Denmark kasutatavate toorainete t\u00f6\u00f6tlemisel austatakse p\u00f5hiv\u00e4\u00e4rtusi, sealhulgas looduskeskkonda ja loomade heaolu. Kui eetika on \u00fchendatud ainulaadse Skandinaavia disainiga, on teile garanteeritud \u00fclimalt kvaliteetne kogemus k\u00f5igi Quilts of Denmark toodetega.","og_url":"https:\/\/www.sleepcity.ee\/toode\/suletekk-fejo-150x210cm-quilts-of-denmark\/","og_site_name":"SleepCity - Hea Une Valem","article_publisher":"http:\/\/www.fb.com\/TempurEstonia","og_image":[{"width":900,"height":900,"url":"https:\/\/www.sleepcity.ee\/wp-content\/uploads\/2025\/10\/Fejoe-helaarsdyne-fra-quilts-2.jpg.webp","type":"image\/webp"}],"twitter_card":"summary_large_image","twitter_misc":{"Est. reading time":"1 minut"},"schema":{"@context":"https:\/\/schema.org","@graph":[{"@type":"WebPage","@id":"https:\/\/www.sleepcity.ee\/toode\/suletekk-fejo-150x210cm-quilts-of-denmark\/","url":"https:\/\/www.sleepcity.ee\/toode\/suletekk-fejo-150x210cm-quilts-of-denmark\/","name":"Suletekk FEJO 150x210cm Quilts of Denmark - SleepCity - Hea Une Valem","isPartOf":{"@id":"https:\/\/sleepcity.ee\/#website"},"primaryImageOfPage":{"@id":"https:\/\/www.sleepcity.ee\/toode\/suletekk-fejo-150x210cm-quilts-of-denmark\/#primaryimage"},"image":{"@id":"https:\/\/www.sleepcity.ee\/toode\/suletekk-fejo-150x210cm-quilts-of-denmark\/#primaryimage"},"thumbnailUrl":"https:\/\/sleepcity.ee\/wp-content\/uploads\/2025\/10\/Fejoe-helaarsdyne-fra-quilts-2.jpg.webp","datePublished":"2025-11-19T10:55:37+00:00","description":"Luksuslik FEJ\u00d8 aastaringseks kasutamiseks m\u00f5eldud tekk firmalt Quilts Of Denmark. Saadaval on kaks mudelit: Light ja Medium, mille sisu on vastavalt 400g ja 600g. T\u00e4idis koosneb 90% ulatuses maitsvast muskusudusulgedest ja kate 100% puuvillast, mis on valmistatud parimast satiinkudumisest. Teki isu\u00e4ratavat kvaliteeti r\u00f5hutab kuldne \u00e4\u00e4r. Muskusudusuled on kvaliteetsed ja nende kandev\u00f5ime on 725, mis muudab teki uskumatult kergeks, pehmeks ja hingavaks. Muskusudusuled ei tee m\u00fcra, seega on muskusudusulgedega garanteeritud luksuslik uni rahus ja vaikuses. Quilts of Denmark tekke ostes v\u00f5ite olla kindel k\u00f5igi toodete k\u00f5rges kvaliteedis. Quilts of Denmark eesm\u00e4rk on luua voodipesusari, mis pakub \u00fclimat luksuslikku und. See saavutatakse kvaliteetsete materjalide kasutamisega nii seest kui v\u00e4ljast k\u00f5igis tekkides, patjades ja voodipesukomplektides. Quilts of Denmark kasutatavate toorainete t\u00f6\u00f6tlemisel austatakse p\u00f5hiv\u00e4\u00e4rtusi, sealhulgas looduskeskkonda ja loomade heaolu. Kui eetika on \u00fchendatud ainulaadse Skandinaavia disainiga, on teile garanteeritud \u00fclimalt kvaliteetne kogemus k\u00f5igi Quilts of Denmark toodetega.","breadcrumb":{"@id":"https:\/\/www.sleepcity.ee\/toode\/suletekk-fejo-150x210cm-quilts-of-denmark\/#breadcrumb"},"inLanguage":"et","potentialAction":[{"@type":"ReadAction","target":["https:\/\/www.sleepcity.ee\/toode\/suletekk-fejo-150x210cm-quilts-of-denmark\/"]}]},{"@type":"ImageObject","inLanguage":"et","@id":"https:\/\/www.sleepcity.ee\/toode\/suletekk-fejo-150x210cm-quilts-of-denmark\/#primaryimage","url":"https:\/\/sleepcity.ee\/wp-content\/uploads\/2025\/10\/Fejoe-helaarsdyne-fra-quilts-2.jpg.webp","contentUrl":"https:\/\/sleepcity.ee\/wp-content\/uploads\/2025\/10\/Fejoe-helaarsdyne-fra-quilts-2.jpg.webp","width":900,"height":900},{"@type":"BreadcrumbList","@id":"https:\/\/www.sleepcity.ee\/toode\/suletekk-fejo-150x210cm-quilts-of-denmark\/#breadcrumb","itemListElement":[{"@type":"ListItem","position":1,"name":"Home","item":"https:\/\/sleepcity.ee\/"},{"@type":"ListItem","position":2,"name":"Pood","item":"https:\/\/sleepcity.ee\/pood\/"},{"@type":"ListItem","position":3,"name":"Suletekk FEJO 150x210cm Quilts of Denmark"}]},{"@type":"WebSite","@id":"https:\/\/sleepcity.ee\/#website","url":"https:\/\/sleepcity.ee\/","name":"Tempur Shop","description":"TEMPUR madratsid, voodid, padjad ja muud unetooted.","publisher":{"@id":"https:\/\/sleepcity.ee\/#organization"},"potentialAction":[{"@type":"SearchAction","target":{"@type":"EntryPoint","urlTemplate":"https:\/\/sleepcity.ee\/?s={search_term_string}"},"query-input":{"@type":"PropertyValueSpecification","valueRequired":true,"valueName":"search_term_string"}}],"inLanguage":"et"},{"@type":"Organization","@id":"https:\/\/sleepcity.ee\/#organization","name":"VG Design O\u00dc","url":"https:\/\/sleepcity.ee\/","logo":{"@type":"ImageObject","inLanguage":"et","@id":"https:\/\/sleepcity.ee\/#\/schema\/logo\/image\/","url":"https:\/\/sleepcity.ee\/wp-content\/uploads\/2023\/09\/sleepcity_logo.png","contentUrl":"https:\/\/sleepcity.ee\/wp-content\/uploads\/2023\/09\/sleepcity_logo.png","width":1034,"height":318,"caption":"VG Design O\u00dc"},"image":{"@id":"https:\/\/sleepcity.ee\/#\/schema\/logo\/image\/"},"sameAs":["http:\/\/www.fb.com\/TempurEstonia","http:\/\/www.instagram.com\/tempurestonia"]}]}},"_links":{"self":[{"href":"https:\/\/sleepcity.ee\/wp-json\/wp\/v2\/product\/9596","targetHints":{"allow":["GET"]}}],"collection":[{"href":"https:\/\/sleepcity.ee\/wp-json\/wp\/v2\/product"}],"about":[{"href":"https:\/\/sleepcity.ee\/wp-json\/wp\/v2\/types\/product"}],"replies":[{"embeddable":true,"href":"https:\/\/sleepcity.ee\/wp-json\/wp\/v2\/comments?post=9596"}],"wp:featuredmedia":[{"embeddable":true,"href":"https:\/\/sleepcity.ee\/wp-json\/wp\/v2\/media\/9636"}],"wp:attachment":[{"href":"https:\/\/sleepcity.ee\/wp-json\/wp\/v2\/media?parent=9596"}],"wp:term":[{"taxonomy":"product_brand","embeddable":true,"href":"https:\/\/sleepcity.ee\/wp-json\/wp\/v2\/product_brand?post=9596"},{"taxonomy":"product_cat","embeddable":true,"href":"https:\/\/sleepcity.ee\/wp-json\/wp\/v2\/product_cat?post=9596"},{"taxonomy":"product_tag","embeddable":true,"href":"https:\/\/sleepcity.ee\/wp-json\/wp\/v2\/product_tag?post=9596"}],"curies":[{"name":"wp","href":"https:\/\/api.w.org\/{rel}","templated":true}]}}