{"id":9789,"date":"2025-12-15T09:15:35","date_gmt":"2025-12-15T09:15:35","guid":{"rendered":"https:\/\/sleepcity.ee\/?post_type=product&#038;p=9789"},"modified":"2025-12-15T09:15:35","modified_gmt":"2025-12-15T09:15:35","slug":"max-benjamin-lohnakaart-pink-pepper","status":"publish","type":"product","link":"https:\/\/sleepcity.ee\/toode\/max-benjamin-lohnakaart-pink-pepper\/","title":{"rendered":"Max Benjamin l\u00f5hnakaart Pink Pepper"},"content":{"rendered":"<p>Roosa pipra, neroli ja pirni tipunoodid viivad jasmiini ja kohvi s\u00fcdameni, mille p\u00f5hjanootideks on rikkalikud vanilje, pat\u0161uli ja seedripuu noodid.<br \/>\nV\u00e4ikesed l\u00f5hnakaardid sobivad ideaalselt v\u00e4ikestesse ruumidesse, nagu riidekapid, sahtlid, k\u00e4ekotid v\u00f5i isegi kohvrisse, et saaksite oma lemmikl\u00f5hna kaasas kanda.<\/p>\n<p>M\u00f5\u00f5dud: 8cm x 0,5cm x 11,3cm<\/p>\n<p>Max Benjamin tooted on k\u00e4sitsi valmistatud Iirimaal looduslikest taimevahadest.<\/p>\n","protected":false},"excerpt":{"rendered":"<p>Roosa pipar on enamat kui lihtsalt l\u00f5hn; see on eksootilise maailma avastusretk.<\/p>\n<p>Vali roosa pipar ja t\u00f5sta oma igap\u00e4evaelu Madagaskari turgude ahvatleva aroomiga uuele tasemele.<\/p>\n<p>Elu on parem, kui see on l\u00f5hnastatud roosa pipra eksootilise v\u00f5luga.<\/p>\n<p>Avasta meie roosa pipra kollektsioon ja asu meelelisele teekonnale, mis \u00fclendab sinu vaimu ja \u00fcmbritsevat keskkonda.<\/p>\n","protected":false},"featured_media":9663,"comment_status":"open","ping_status":"closed","template":"","meta":{"_monsterinsights_skip_tracking":false,"_monsterinsights_sitenote_active":false,"_monsterinsights_sitenote_note":"","_monsterinsights_sitenote_category":0},"product_brand":[],"product_cat":[273,687,272,15,274],"product_tag":[],"class_list":{"0":"post-9789","1":"product","2":"type-product","3":"status-publish","4":"has-post-thumbnail","6":"product_cat-iseendale","7":"product_cat-kingitused","8":"product_cat-meeleolu","9":"product_cat-muu","10":"product_cat-ruumi-lohnastajad","12":"first","13":"instock","14":"taxable","15":"shipping-taxable","16":"purchasable","17":"product-type-simple"},"yoast_head":"<!-- This site is optimized with the Yoast SEO plugin v27.3 - https:\/\/yoast.com\/product\/yoast-seo-wordpress\/ -->\n<title>Max Benjamin l\u00f5hnakaart Pink Pepper - SleepCity - Hea Une Valem<\/title>\n<meta name=\"description\" content=\"Roosa pipar on enamat kui lihtsalt l\u00f5hn; see on eksootilise maailma avastusretk.  Vali roosa pipar ja t\u00f5sta oma igap\u00e4evaelu Madagaskari turgude ahvatleva aroomiga uuele tasemele.  Elu on parem, kui see on l\u00f5hnastatud roosa pipra eksootilise v\u00f5luga.  Avasta meie roosa pipra kollektsioon ja asu meelelisele teekonnale, mis \u00fclendab sinu vaimu ja \u00fcmbritsevat keskkonda.\" \/>\n<meta name=\"robots\" content=\"index, follow, max-snippet:-1, max-image-preview:large, max-video-preview:-1\" \/>\n<link rel=\"canonical\" href=\"https:\/\/sleepcity.ee\/toode\/max-benjamin-lohnakaart-pink-pepper\/\" \/>\n<meta property=\"og:locale\" content=\"et_EE\" \/>\n<meta property=\"og:type\" content=\"article\" \/>\n<meta property=\"og:title\" content=\"Max Benjamin l\u00f5hnakaart Pink Pepper - SleepCity - Hea Une Valem\" \/>\n<meta property=\"og:description\" content=\"Roosa pipar on enamat kui lihtsalt l\u00f5hn; see on eksootilise maailma avastusretk.  Vali roosa pipar ja t\u00f5sta oma igap\u00e4evaelu Madagaskari turgude ahvatleva aroomiga uuele tasemele.  Elu on parem, kui see on l\u00f5hnastatud roosa pipra eksootilise v\u00f5luga.  Avasta meie roosa pipra kollektsioon ja asu meelelisele teekonnale, mis \u00fclendab sinu vaimu ja \u00fcmbritsevat keskkonda.\" \/>\n<meta property=\"og:url\" content=\"https:\/\/sleepcity.ee\/toode\/max-benjamin-lohnakaart-pink-pepper\/\" \/>\n<meta property=\"og:site_name\" content=\"SleepCity - Hea Une Valem\" \/>\n<meta property=\"article:publisher\" content=\"http:\/\/www.fb.com\/TempurEstonia\" \/>\n<meta property=\"og:image\" content=\"https:\/\/sleepcity.ee\/wp-content\/uploads\/2025\/11\/ScentedCard_PinkPepper.png\" \/>\n\t<meta property=\"og:image:width\" content=\"1200\" \/>\n\t<meta property=\"og:image:height\" content=\"1200\" \/>\n\t<meta property=\"og:image:type\" content=\"image\/png\" \/>\n<meta name=\"twitter:card\" content=\"summary_large_image\" \/>\n<script type=\"application\/ld+json\" class=\"yoast-schema-graph\">{\"@context\":\"https:\\\/\\\/schema.org\",\"@graph\":[{\"@type\":\"WebPage\",\"@id\":\"https:\\\/\\\/sleepcity.ee\\\/toode\\\/max-benjamin-lohnakaart-pink-pepper\\\/\",\"url\":\"https:\\\/\\\/sleepcity.ee\\\/toode\\\/max-benjamin-lohnakaart-pink-pepper\\\/\",\"name\":\"Max Benjamin l\u00f5hnakaart Pink Pepper - SleepCity - Hea Une Valem\",\"isPartOf\":{\"@id\":\"https:\\\/\\\/sleepcity.ee\\\/#website\"},\"primaryImageOfPage\":{\"@id\":\"https:\\\/\\\/sleepcity.ee\\\/toode\\\/max-benjamin-lohnakaart-pink-pepper\\\/#primaryimage\"},\"image\":{\"@id\":\"https:\\\/\\\/sleepcity.ee\\\/toode\\\/max-benjamin-lohnakaart-pink-pepper\\\/#primaryimage\"},\"thumbnailUrl\":\"https:\\\/\\\/sleepcity.ee\\\/wp-content\\\/uploads\\\/2025\\\/11\\\/ScentedCard_PinkPepper.png\",\"datePublished\":\"2025-12-15T09:15:35+00:00\",\"description\":\"Roosa pipar on enamat kui lihtsalt l\u00f5hn; see on eksootilise maailma avastusretk. Vali roosa pipar ja t\u00f5sta oma igap\u00e4evaelu Madagaskari turgude ahvatleva aroomiga uuele tasemele. Elu on parem, kui see on l\u00f5hnastatud roosa pipra eksootilise v\u00f5luga. Avasta meie roosa pipra kollektsioon ja asu meelelisele teekonnale, mis \u00fclendab sinu vaimu ja \u00fcmbritsevat keskkonda.\",\"breadcrumb\":{\"@id\":\"https:\\\/\\\/sleepcity.ee\\\/toode\\\/max-benjamin-lohnakaart-pink-pepper\\\/#breadcrumb\"},\"inLanguage\":\"et\",\"potentialAction\":[{\"@type\":\"ReadAction\",\"target\":[\"https:\\\/\\\/sleepcity.ee\\\/toode\\\/max-benjamin-lohnakaart-pink-pepper\\\/\"]}]},{\"@type\":\"ImageObject\",\"inLanguage\":\"et\",\"@id\":\"https:\\\/\\\/sleepcity.ee\\\/toode\\\/max-benjamin-lohnakaart-pink-pepper\\\/#primaryimage\",\"url\":\"https:\\\/\\\/sleepcity.ee\\\/wp-content\\\/uploads\\\/2025\\\/11\\\/ScentedCard_PinkPepper.png\",\"contentUrl\":\"https:\\\/\\\/sleepcity.ee\\\/wp-content\\\/uploads\\\/2025\\\/11\\\/ScentedCard_PinkPepper.png\",\"width\":1200,\"height\":1200},{\"@type\":\"BreadcrumbList\",\"@id\":\"https:\\\/\\\/sleepcity.ee\\\/toode\\\/max-benjamin-lohnakaart-pink-pepper\\\/#breadcrumb\",\"itemListElement\":[{\"@type\":\"ListItem\",\"position\":1,\"name\":\"Home\",\"item\":\"https:\\\/\\\/www.sleepcity.ee\\\/\"},{\"@type\":\"ListItem\",\"position\":2,\"name\":\"Pood\",\"item\":\"https:\\\/\\\/sleepcity.ee\\\/pood\\\/\"},{\"@type\":\"ListItem\",\"position\":3,\"name\":\"Max Benjamin l\u00f5hnakaart Pink Pepper\"}]},{\"@type\":\"WebSite\",\"@id\":\"https:\\\/\\\/sleepcity.ee\\\/#website\",\"url\":\"https:\\\/\\\/sleepcity.ee\\\/\",\"name\":\"Tempur Shop\",\"description\":\"TEMPUR madratsid, voodid, padjad ja muud unetooted.\",\"publisher\":{\"@id\":\"https:\\\/\\\/sleepcity.ee\\\/#organization\"},\"potentialAction\":[{\"@type\":\"SearchAction\",\"target\":{\"@type\":\"EntryPoint\",\"urlTemplate\":\"https:\\\/\\\/sleepcity.ee\\\/?s={search_term_string}\"},\"query-input\":{\"@type\":\"PropertyValueSpecification\",\"valueRequired\":true,\"valueName\":\"search_term_string\"}}],\"inLanguage\":\"et\"},{\"@type\":\"Organization\",\"@id\":\"https:\\\/\\\/sleepcity.ee\\\/#organization\",\"name\":\"VG Design O\u00dc\",\"url\":\"https:\\\/\\\/sleepcity.ee\\\/\",\"logo\":{\"@type\":\"ImageObject\",\"inLanguage\":\"et\",\"@id\":\"https:\\\/\\\/sleepcity.ee\\\/#\\\/schema\\\/logo\\\/image\\\/\",\"url\":\"https:\\\/\\\/sleepcity.ee\\\/wp-content\\\/uploads\\\/2023\\\/09\\\/sleepcity_logo.png\",\"contentUrl\":\"https:\\\/\\\/sleepcity.ee\\\/wp-content\\\/uploads\\\/2023\\\/09\\\/sleepcity_logo.png\",\"width\":1034,\"height\":318,\"caption\":\"VG Design O\u00dc\"},\"image\":{\"@id\":\"https:\\\/\\\/sleepcity.ee\\\/#\\\/schema\\\/logo\\\/image\\\/\"},\"sameAs\":[\"http:\\\/\\\/www.fb.com\\\/TempurEstonia\",\"http:\\\/\\\/www.instagram.com\\\/tempurestonia\"]}]}<\/script>\n<!-- \/ Yoast SEO plugin. -->","yoast_head_json":{"title":"Max Benjamin l\u00f5hnakaart Pink Pepper - SleepCity - Hea Une Valem","description":"Roosa pipar on enamat kui lihtsalt l\u00f5hn; see on eksootilise maailma avastusretk.  Vali roosa pipar ja t\u00f5sta oma igap\u00e4evaelu Madagaskari turgude ahvatleva aroomiga uuele tasemele.  Elu on parem, kui see on l\u00f5hnastatud roosa pipra eksootilise v\u00f5luga.  Avasta meie roosa pipra kollektsioon ja asu meelelisele teekonnale, mis \u00fclendab sinu vaimu ja \u00fcmbritsevat keskkonda.","robots":{"index":"index","follow":"follow","max-snippet":"max-snippet:-1","max-image-preview":"max-image-preview:large","max-video-preview":"max-video-preview:-1"},"canonical":"https:\/\/sleepcity.ee\/toode\/max-benjamin-lohnakaart-pink-pepper\/","og_locale":"et_EE","og_type":"article","og_title":"Max Benjamin l\u00f5hnakaart Pink Pepper - SleepCity - Hea Une Valem","og_description":"Roosa pipar on enamat kui lihtsalt l\u00f5hn; see on eksootilise maailma avastusretk.  Vali roosa pipar ja t\u00f5sta oma igap\u00e4evaelu Madagaskari turgude ahvatleva aroomiga uuele tasemele.  Elu on parem, kui see on l\u00f5hnastatud roosa pipra eksootilise v\u00f5luga.  Avasta meie roosa pipra kollektsioon ja asu meelelisele teekonnale, mis \u00fclendab sinu vaimu ja \u00fcmbritsevat keskkonda.","og_url":"https:\/\/sleepcity.ee\/toode\/max-benjamin-lohnakaart-pink-pepper\/","og_site_name":"SleepCity - Hea Une Valem","article_publisher":"http:\/\/www.fb.com\/TempurEstonia","og_image":[{"width":1200,"height":1200,"url":"https:\/\/sleepcity.ee\/wp-content\/uploads\/2025\/11\/ScentedCard_PinkPepper.png","type":"image\/png"}],"twitter_card":"summary_large_image","schema":{"@context":"https:\/\/schema.org","@graph":[{"@type":"WebPage","@id":"https:\/\/sleepcity.ee\/toode\/max-benjamin-lohnakaart-pink-pepper\/","url":"https:\/\/sleepcity.ee\/toode\/max-benjamin-lohnakaart-pink-pepper\/","name":"Max Benjamin l\u00f5hnakaart Pink Pepper - SleepCity - Hea Une Valem","isPartOf":{"@id":"https:\/\/sleepcity.ee\/#website"},"primaryImageOfPage":{"@id":"https:\/\/sleepcity.ee\/toode\/max-benjamin-lohnakaart-pink-pepper\/#primaryimage"},"image":{"@id":"https:\/\/sleepcity.ee\/toode\/max-benjamin-lohnakaart-pink-pepper\/#primaryimage"},"thumbnailUrl":"https:\/\/sleepcity.ee\/wp-content\/uploads\/2025\/11\/ScentedCard_PinkPepper.png","datePublished":"2025-12-15T09:15:35+00:00","description":"Roosa pipar on enamat kui lihtsalt l\u00f5hn; see on eksootilise maailma avastusretk. Vali roosa pipar ja t\u00f5sta oma igap\u00e4evaelu Madagaskari turgude ahvatleva aroomiga uuele tasemele. Elu on parem, kui see on l\u00f5hnastatud roosa pipra eksootilise v\u00f5luga. Avasta meie roosa pipra kollektsioon ja asu meelelisele teekonnale, mis \u00fclendab sinu vaimu ja \u00fcmbritsevat keskkonda.","breadcrumb":{"@id":"https:\/\/sleepcity.ee\/toode\/max-benjamin-lohnakaart-pink-pepper\/#breadcrumb"},"inLanguage":"et","potentialAction":[{"@type":"ReadAction","target":["https:\/\/sleepcity.ee\/toode\/max-benjamin-lohnakaart-pink-pepper\/"]}]},{"@type":"ImageObject","inLanguage":"et","@id":"https:\/\/sleepcity.ee\/toode\/max-benjamin-lohnakaart-pink-pepper\/#primaryimage","url":"https:\/\/sleepcity.ee\/wp-content\/uploads\/2025\/11\/ScentedCard_PinkPepper.png","contentUrl":"https:\/\/sleepcity.ee\/wp-content\/uploads\/2025\/11\/ScentedCard_PinkPepper.png","width":1200,"height":1200},{"@type":"BreadcrumbList","@id":"https:\/\/sleepcity.ee\/toode\/max-benjamin-lohnakaart-pink-pepper\/#breadcrumb","itemListElement":[{"@type":"ListItem","position":1,"name":"Home","item":"https:\/\/www.sleepcity.ee\/"},{"@type":"ListItem","position":2,"name":"Pood","item":"https:\/\/sleepcity.ee\/pood\/"},{"@type":"ListItem","position":3,"name":"Max Benjamin l\u00f5hnakaart Pink Pepper"}]},{"@type":"WebSite","@id":"https:\/\/sleepcity.ee\/#website","url":"https:\/\/sleepcity.ee\/","name":"Tempur Shop","description":"TEMPUR madratsid, voodid, padjad ja muud unetooted.","publisher":{"@id":"https:\/\/sleepcity.ee\/#organization"},"potentialAction":[{"@type":"SearchAction","target":{"@type":"EntryPoint","urlTemplate":"https:\/\/sleepcity.ee\/?s={search_term_string}"},"query-input":{"@type":"PropertyValueSpecification","valueRequired":true,"valueName":"search_term_string"}}],"inLanguage":"et"},{"@type":"Organization","@id":"https:\/\/sleepcity.ee\/#organization","name":"VG Design O\u00dc","url":"https:\/\/sleepcity.ee\/","logo":{"@type":"ImageObject","inLanguage":"et","@id":"https:\/\/sleepcity.ee\/#\/schema\/logo\/image\/","url":"https:\/\/sleepcity.ee\/wp-content\/uploads\/2023\/09\/sleepcity_logo.png","contentUrl":"https:\/\/sleepcity.ee\/wp-content\/uploads\/2023\/09\/sleepcity_logo.png","width":1034,"height":318,"caption":"VG Design O\u00dc"},"image":{"@id":"https:\/\/sleepcity.ee\/#\/schema\/logo\/image\/"},"sameAs":["http:\/\/www.fb.com\/TempurEstonia","http:\/\/www.instagram.com\/tempurestonia"]}]}},"_links":{"self":[{"href":"https:\/\/sleepcity.ee\/wp-json\/wp\/v2\/product\/9789","targetHints":{"allow":["GET"]}}],"collection":[{"href":"https:\/\/sleepcity.ee\/wp-json\/wp\/v2\/product"}],"about":[{"href":"https:\/\/sleepcity.ee\/wp-json\/wp\/v2\/types\/product"}],"replies":[{"embeddable":true,"href":"https:\/\/sleepcity.ee\/wp-json\/wp\/v2\/comments?post=9789"}],"wp:featuredmedia":[{"embeddable":true,"href":"https:\/\/sleepcity.ee\/wp-json\/wp\/v2\/media\/9663"}],"wp:attachment":[{"href":"https:\/\/sleepcity.ee\/wp-json\/wp\/v2\/media?parent=9789"}],"wp:term":[{"taxonomy":"product_brand","embeddable":true,"href":"https:\/\/sleepcity.ee\/wp-json\/wp\/v2\/product_brand?post=9789"},{"taxonomy":"product_cat","embeddable":true,"href":"https:\/\/sleepcity.ee\/wp-json\/wp\/v2\/product_cat?post=9789"},{"taxonomy":"product_tag","embeddable":true,"href":"https:\/\/sleepcity.ee\/wp-json\/wp\/v2\/product_tag?post=9789"}],"curies":[{"name":"wp","href":"https:\/\/api.w.org\/{rel}","templated":true}]}}