{"id":9797,"date":"2025-12-15T09:39:26","date_gmt":"2025-12-15T09:39:26","guid":{"rendered":"https:\/\/sleepcity.ee\/?post_type=product&#038;p=9797"},"modified":"2025-12-15T09:41:22","modified_gmt":"2025-12-15T09:41:22","slug":"max-benjamin-kinkekomplekt-french-linen-water","status":"publish","type":"product","link":"https:\/\/sleepcity.ee\/toode\/max-benjamin-kinkekomplekt-french-linen-water\/","title":{"rendered":"Max Benjamin kinkekomplekt French Linen Water"},"content":{"rendered":"<p><strong>Koostis:<\/strong><\/p>\n<ul>\n<li>vegantoode<\/li>\n<li>sisaldab minimaalselt 95% looduslikku p\u00e4ritolu koostisosi<\/li>\n<li>ei sisalda SLSi<\/li>\n<\/ul>\n<p><strong>Kasutamine:<\/strong><br \/>\nKasutage kosmeetikakomplekti iga toodet vastavalt selle etiketil olevale juhendile.<\/p>\n","protected":false},"excerpt":{"rendered":"<p>Pehme lilleline l\u00f5hn, mis meenutab Provence&#8217;i verandal l\u00f5\u00f5gastudes m\u00f5nusaid \u00f5htuid kerge ja jahutatud ros\u00e9&#8217;i r\u00fc\u00fcbates. Aroom sisaldab lavendli, magusa apelsini, petitgrain&#8217;i \u00f5lisid ja v\u00e4rskeid tsitruselisi noote.<\/p>\n<p>K\u00f5ik kauni naha jaoks \u00fches pakendis. Kosmeetikakomplekt MAX Benjamin French Linen Water teeb r\u00f5\u00f5mu teile endale v\u00f5i teie l\u00e4hedastele.<\/p>\n<p><strong>Komplekti kuuluvad:<\/strong><\/p>\n<ul>\n<li>Vedelseep k\u00e4tele ja kehale 300 ml<\/li>\n<li>K\u00e4te- ja kehapiim 300 ml<\/li>\n<\/ul>\n<p><strong>Omadused:<\/strong><\/p>\n<ul>\n<li>niisutab s\u00fcgavalt nahka<\/li>\n<li>muudab naha puudutamisel sametiselt pehmeks<\/li>\n<li>peseb t\u00f5husalt k\u00e4enahka<\/li>\n<li>l\u00f5hnab meeldivalt<\/li>\n<li>naha t\u00e4iesti pehmeks ja elastseks muutmiseks<\/li>\n<\/ul>\n","protected":false},"featured_media":9798,"comment_status":"open","ping_status":"closed","template":"","meta":{"_monsterinsights_skip_tracking":false,"_monsterinsights_sitenote_active":false,"_monsterinsights_sitenote_note":"","_monsterinsights_sitenote_category":0},"product_brand":[],"product_cat":[273,688,687,272,15],"product_tag":[],"class_list":{"0":"post-9797","1":"product","2":"type-product","3":"status-publish","4":"has-post-thumbnail","6":"product_cat-iseendale","7":"product_cat-kehale","8":"product_cat-kingitused","9":"product_cat-meeleolu","10":"product_cat-muu","12":"first","13":"instock","14":"taxable","15":"shipping-taxable","16":"purchasable","17":"product-type-simple"},"yoast_head":"<!-- This site is optimized with the Yoast SEO plugin v27.3 - https:\/\/yoast.com\/product\/yoast-seo-wordpress\/ -->\n<title>Max Benjamin kinkekomplekt French Linen Water - SleepCity - Hea Une Valem<\/title>\n<meta name=\"description\" content=\"Pehme lilleline l\u00f5hn, mis meenutab Provence&#039;i verandal l\u00f5\u00f5gastudes m\u00f5nusaid \u00f5htuid kerge ja jahutatud ros\u00e9&#039;i r\u00fc\u00fcbates. Aroom sisaldab lavendli, magusa apelsini, petitgrain&#039;i \u00f5lisid ja v\u00e4rskeid tsitruselisi noote.  K\u00f5ik kauni naha jaoks \u00fches pakendis. Kosmeetikakomplekt MAX Benjamin French Linen Water teeb r\u00f5\u00f5mu teile endale v\u00f5i teie l\u00e4hedastele.  Komplekti kuuluvad:   Vedelseep k\u00e4tele ja kehale 300 ml  K\u00e4te- ja kehapiim 300 ml  Omadused:   niisutab s\u00fcgavalt nahka  muudab naha puudutamisel sametiselt pehmeks  peseb t\u00f5husalt k\u00e4enahka  l\u00f5hnab meeldivalt  naha t\u00e4iesti pehmeks ja elastseks muutmiseks\" \/>\n<meta name=\"robots\" content=\"index, follow, max-snippet:-1, max-image-preview:large, max-video-preview:-1\" \/>\n<link rel=\"canonical\" href=\"https:\/\/www.sleepcity.ee\/toode\/max-benjamin-kinkekomplekt-french-linen-water\/\" \/>\n<meta property=\"og:locale\" content=\"et_EE\" \/>\n<meta property=\"og:type\" content=\"article\" \/>\n<meta property=\"og:title\" content=\"Max Benjamin kinkekomplekt French Linen Water - SleepCity - Hea Une Valem\" \/>\n<meta property=\"og:description\" content=\"Pehme lilleline l\u00f5hn, mis meenutab Provence&#039;i verandal l\u00f5\u00f5gastudes m\u00f5nusaid \u00f5htuid kerge ja jahutatud ros\u00e9&#039;i r\u00fc\u00fcbates. Aroom sisaldab lavendli, magusa apelsini, petitgrain&#039;i \u00f5lisid ja v\u00e4rskeid tsitruselisi noote.  K\u00f5ik kauni naha jaoks \u00fches pakendis. Kosmeetikakomplekt MAX Benjamin French Linen Water teeb r\u00f5\u00f5mu teile endale v\u00f5i teie l\u00e4hedastele.  Komplekti kuuluvad:   Vedelseep k\u00e4tele ja kehale 300 ml  K\u00e4te- ja kehapiim 300 ml  Omadused:   niisutab s\u00fcgavalt nahka  muudab naha puudutamisel sametiselt pehmeks  peseb t\u00f5husalt k\u00e4enahka  l\u00f5hnab meeldivalt  naha t\u00e4iesti pehmeks ja elastseks muutmiseks\" \/>\n<meta property=\"og:url\" content=\"https:\/\/www.sleepcity.ee\/toode\/max-benjamin-kinkekomplekt-french-linen-water\/\" \/>\n<meta property=\"og:site_name\" content=\"SleepCity - Hea Une Valem\" \/>\n<meta property=\"article:publisher\" content=\"http:\/\/www.fb.com\/TempurEstonia\" \/>\n<meta property=\"article:modified_time\" content=\"2025-12-15T09:41:22+00:00\" \/>\n<meta property=\"og:image\" content=\"https:\/\/www.sleepcity.ee\/wp-content\/uploads\/2025\/12\/french-linen-water___240220.webp\" \/>\n\t<meta property=\"og:image:width\" content=\"800\" \/>\n\t<meta property=\"og:image:height\" content=\"583\" \/>\n\t<meta property=\"og:image:type\" content=\"image\/webp\" \/>\n<meta name=\"twitter:card\" content=\"summary_large_image\" \/>\n<script type=\"application\/ld+json\" class=\"yoast-schema-graph\">{\"@context\":\"https:\\\/\\\/schema.org\",\"@graph\":[{\"@type\":\"WebPage\",\"@id\":\"https:\\\/\\\/www.sleepcity.ee\\\/toode\\\/max-benjamin-kinkekomplekt-french-linen-water\\\/\",\"url\":\"https:\\\/\\\/www.sleepcity.ee\\\/toode\\\/max-benjamin-kinkekomplekt-french-linen-water\\\/\",\"name\":\"Max Benjamin kinkekomplekt French Linen Water - SleepCity - Hea Une Valem\",\"isPartOf\":{\"@id\":\"https:\\\/\\\/sleepcity.ee\\\/#website\"},\"primaryImageOfPage\":{\"@id\":\"https:\\\/\\\/www.sleepcity.ee\\\/toode\\\/max-benjamin-kinkekomplekt-french-linen-water\\\/#primaryimage\"},\"image\":{\"@id\":\"https:\\\/\\\/www.sleepcity.ee\\\/toode\\\/max-benjamin-kinkekomplekt-french-linen-water\\\/#primaryimage\"},\"thumbnailUrl\":\"https:\\\/\\\/sleepcity.ee\\\/wp-content\\\/uploads\\\/2025\\\/12\\\/french-linen-water___240220.webp\",\"datePublished\":\"2025-12-15T09:39:26+00:00\",\"dateModified\":\"2025-12-15T09:41:22+00:00\",\"description\":\"Pehme lilleline l\u00f5hn, mis meenutab Provence'i verandal l\u00f5\u00f5gastudes m\u00f5nusaid \u00f5htuid kerge ja jahutatud ros\u00e9'i r\u00fc\u00fcbates. Aroom sisaldab lavendli, magusa apelsini, petitgrain'i \u00f5lisid ja v\u00e4rskeid tsitruselisi noote. K\u00f5ik kauni naha jaoks \u00fches pakendis. Kosmeetikakomplekt MAX Benjamin French Linen Water teeb r\u00f5\u00f5mu teile endale v\u00f5i teie l\u00e4hedastele. Komplekti kuuluvad: Vedelseep k\u00e4tele ja kehale 300 ml K\u00e4te- ja kehapiim 300 ml Omadused: niisutab s\u00fcgavalt nahka muudab naha puudutamisel sametiselt pehmeks peseb t\u00f5husalt k\u00e4enahka l\u00f5hnab meeldivalt naha t\u00e4iesti pehmeks ja elastseks muutmiseks\",\"breadcrumb\":{\"@id\":\"https:\\\/\\\/www.sleepcity.ee\\\/toode\\\/max-benjamin-kinkekomplekt-french-linen-water\\\/#breadcrumb\"},\"inLanguage\":\"et\",\"potentialAction\":[{\"@type\":\"ReadAction\",\"target\":[\"https:\\\/\\\/www.sleepcity.ee\\\/toode\\\/max-benjamin-kinkekomplekt-french-linen-water\\\/\"]}]},{\"@type\":\"ImageObject\",\"inLanguage\":\"et\",\"@id\":\"https:\\\/\\\/www.sleepcity.ee\\\/toode\\\/max-benjamin-kinkekomplekt-french-linen-water\\\/#primaryimage\",\"url\":\"https:\\\/\\\/sleepcity.ee\\\/wp-content\\\/uploads\\\/2025\\\/12\\\/french-linen-water___240220.webp\",\"contentUrl\":\"https:\\\/\\\/sleepcity.ee\\\/wp-content\\\/uploads\\\/2025\\\/12\\\/french-linen-water___240220.webp\",\"width\":800,\"height\":583},{\"@type\":\"BreadcrumbList\",\"@id\":\"https:\\\/\\\/www.sleepcity.ee\\\/toode\\\/max-benjamin-kinkekomplekt-french-linen-water\\\/#breadcrumb\",\"itemListElement\":[{\"@type\":\"ListItem\",\"position\":1,\"name\":\"Home\",\"item\":\"https:\\\/\\\/www.sleepcity.ee\\\/\"},{\"@type\":\"ListItem\",\"position\":2,\"name\":\"Pood\",\"item\":\"https:\\\/\\\/sleepcity.ee\\\/pood\\\/\"},{\"@type\":\"ListItem\",\"position\":3,\"name\":\"Max Benjamin kinkekomplekt French Linen Water\"}]},{\"@type\":\"WebSite\",\"@id\":\"https:\\\/\\\/sleepcity.ee\\\/#website\",\"url\":\"https:\\\/\\\/sleepcity.ee\\\/\",\"name\":\"Tempur Shop\",\"description\":\"TEMPUR madratsid, voodid, padjad ja muud unetooted.\",\"publisher\":{\"@id\":\"https:\\\/\\\/sleepcity.ee\\\/#organization\"},\"potentialAction\":[{\"@type\":\"SearchAction\",\"target\":{\"@type\":\"EntryPoint\",\"urlTemplate\":\"https:\\\/\\\/sleepcity.ee\\\/?s={search_term_string}\"},\"query-input\":{\"@type\":\"PropertyValueSpecification\",\"valueRequired\":true,\"valueName\":\"search_term_string\"}}],\"inLanguage\":\"et\"},{\"@type\":\"Organization\",\"@id\":\"https:\\\/\\\/sleepcity.ee\\\/#organization\",\"name\":\"VG Design O\u00dc\",\"url\":\"https:\\\/\\\/sleepcity.ee\\\/\",\"logo\":{\"@type\":\"ImageObject\",\"inLanguage\":\"et\",\"@id\":\"https:\\\/\\\/sleepcity.ee\\\/#\\\/schema\\\/logo\\\/image\\\/\",\"url\":\"https:\\\/\\\/sleepcity.ee\\\/wp-content\\\/uploads\\\/2023\\\/09\\\/sleepcity_logo.png\",\"contentUrl\":\"https:\\\/\\\/sleepcity.ee\\\/wp-content\\\/uploads\\\/2023\\\/09\\\/sleepcity_logo.png\",\"width\":1034,\"height\":318,\"caption\":\"VG Design O\u00dc\"},\"image\":{\"@id\":\"https:\\\/\\\/sleepcity.ee\\\/#\\\/schema\\\/logo\\\/image\\\/\"},\"sameAs\":[\"http:\\\/\\\/www.fb.com\\\/TempurEstonia\",\"http:\\\/\\\/www.instagram.com\\\/tempurestonia\"]}]}<\/script>\n<!-- \/ Yoast SEO plugin. -->","yoast_head_json":{"title":"Max Benjamin kinkekomplekt French Linen Water - SleepCity - Hea Une Valem","description":"Pehme lilleline l\u00f5hn, mis meenutab Provence'i verandal l\u00f5\u00f5gastudes m\u00f5nusaid \u00f5htuid kerge ja jahutatud ros\u00e9'i r\u00fc\u00fcbates. Aroom sisaldab lavendli, magusa apelsini, petitgrain'i \u00f5lisid ja v\u00e4rskeid tsitruselisi noote.  K\u00f5ik kauni naha jaoks \u00fches pakendis. Kosmeetikakomplekt MAX Benjamin French Linen Water teeb r\u00f5\u00f5mu teile endale v\u00f5i teie l\u00e4hedastele.  Komplekti kuuluvad:   Vedelseep k\u00e4tele ja kehale 300 ml  K\u00e4te- ja kehapiim 300 ml  Omadused:   niisutab s\u00fcgavalt nahka  muudab naha puudutamisel sametiselt pehmeks  peseb t\u00f5husalt k\u00e4enahka  l\u00f5hnab meeldivalt  naha t\u00e4iesti pehmeks ja elastseks muutmiseks","robots":{"index":"index","follow":"follow","max-snippet":"max-snippet:-1","max-image-preview":"max-image-preview:large","max-video-preview":"max-video-preview:-1"},"canonical":"https:\/\/www.sleepcity.ee\/toode\/max-benjamin-kinkekomplekt-french-linen-water\/","og_locale":"et_EE","og_type":"article","og_title":"Max Benjamin kinkekomplekt French Linen Water - SleepCity - Hea Une Valem","og_description":"Pehme lilleline l\u00f5hn, mis meenutab Provence'i verandal l\u00f5\u00f5gastudes m\u00f5nusaid \u00f5htuid kerge ja jahutatud ros\u00e9'i r\u00fc\u00fcbates. Aroom sisaldab lavendli, magusa apelsini, petitgrain'i \u00f5lisid ja v\u00e4rskeid tsitruselisi noote.  K\u00f5ik kauni naha jaoks \u00fches pakendis. Kosmeetikakomplekt MAX Benjamin French Linen Water teeb r\u00f5\u00f5mu teile endale v\u00f5i teie l\u00e4hedastele.  Komplekti kuuluvad:   Vedelseep k\u00e4tele ja kehale 300 ml  K\u00e4te- ja kehapiim 300 ml  Omadused:   niisutab s\u00fcgavalt nahka  muudab naha puudutamisel sametiselt pehmeks  peseb t\u00f5husalt k\u00e4enahka  l\u00f5hnab meeldivalt  naha t\u00e4iesti pehmeks ja elastseks muutmiseks","og_url":"https:\/\/www.sleepcity.ee\/toode\/max-benjamin-kinkekomplekt-french-linen-water\/","og_site_name":"SleepCity - Hea Une Valem","article_publisher":"http:\/\/www.fb.com\/TempurEstonia","article_modified_time":"2025-12-15T09:41:22+00:00","og_image":[{"width":800,"height":583,"url":"https:\/\/www.sleepcity.ee\/wp-content\/uploads\/2025\/12\/french-linen-water___240220.webp","type":"image\/webp"}],"twitter_card":"summary_large_image","schema":{"@context":"https:\/\/schema.org","@graph":[{"@type":"WebPage","@id":"https:\/\/www.sleepcity.ee\/toode\/max-benjamin-kinkekomplekt-french-linen-water\/","url":"https:\/\/www.sleepcity.ee\/toode\/max-benjamin-kinkekomplekt-french-linen-water\/","name":"Max Benjamin kinkekomplekt French Linen Water - SleepCity - Hea Une Valem","isPartOf":{"@id":"https:\/\/sleepcity.ee\/#website"},"primaryImageOfPage":{"@id":"https:\/\/www.sleepcity.ee\/toode\/max-benjamin-kinkekomplekt-french-linen-water\/#primaryimage"},"image":{"@id":"https:\/\/www.sleepcity.ee\/toode\/max-benjamin-kinkekomplekt-french-linen-water\/#primaryimage"},"thumbnailUrl":"https:\/\/sleepcity.ee\/wp-content\/uploads\/2025\/12\/french-linen-water___240220.webp","datePublished":"2025-12-15T09:39:26+00:00","dateModified":"2025-12-15T09:41:22+00:00","description":"Pehme lilleline l\u00f5hn, mis meenutab Provence'i verandal l\u00f5\u00f5gastudes m\u00f5nusaid \u00f5htuid kerge ja jahutatud ros\u00e9'i r\u00fc\u00fcbates. Aroom sisaldab lavendli, magusa apelsini, petitgrain'i \u00f5lisid ja v\u00e4rskeid tsitruselisi noote. K\u00f5ik kauni naha jaoks \u00fches pakendis. Kosmeetikakomplekt MAX Benjamin French Linen Water teeb r\u00f5\u00f5mu teile endale v\u00f5i teie l\u00e4hedastele. Komplekti kuuluvad: Vedelseep k\u00e4tele ja kehale 300 ml K\u00e4te- ja kehapiim 300 ml Omadused: niisutab s\u00fcgavalt nahka muudab naha puudutamisel sametiselt pehmeks peseb t\u00f5husalt k\u00e4enahka l\u00f5hnab meeldivalt naha t\u00e4iesti pehmeks ja elastseks muutmiseks","breadcrumb":{"@id":"https:\/\/www.sleepcity.ee\/toode\/max-benjamin-kinkekomplekt-french-linen-water\/#breadcrumb"},"inLanguage":"et","potentialAction":[{"@type":"ReadAction","target":["https:\/\/www.sleepcity.ee\/toode\/max-benjamin-kinkekomplekt-french-linen-water\/"]}]},{"@type":"ImageObject","inLanguage":"et","@id":"https:\/\/www.sleepcity.ee\/toode\/max-benjamin-kinkekomplekt-french-linen-water\/#primaryimage","url":"https:\/\/sleepcity.ee\/wp-content\/uploads\/2025\/12\/french-linen-water___240220.webp","contentUrl":"https:\/\/sleepcity.ee\/wp-content\/uploads\/2025\/12\/french-linen-water___240220.webp","width":800,"height":583},{"@type":"BreadcrumbList","@id":"https:\/\/www.sleepcity.ee\/toode\/max-benjamin-kinkekomplekt-french-linen-water\/#breadcrumb","itemListElement":[{"@type":"ListItem","position":1,"name":"Home","item":"https:\/\/www.sleepcity.ee\/"},{"@type":"ListItem","position":2,"name":"Pood","item":"https:\/\/sleepcity.ee\/pood\/"},{"@type":"ListItem","position":3,"name":"Max Benjamin kinkekomplekt French Linen Water"}]},{"@type":"WebSite","@id":"https:\/\/sleepcity.ee\/#website","url":"https:\/\/sleepcity.ee\/","name":"Tempur Shop","description":"TEMPUR madratsid, voodid, padjad ja muud unetooted.","publisher":{"@id":"https:\/\/sleepcity.ee\/#organization"},"potentialAction":[{"@type":"SearchAction","target":{"@type":"EntryPoint","urlTemplate":"https:\/\/sleepcity.ee\/?s={search_term_string}"},"query-input":{"@type":"PropertyValueSpecification","valueRequired":true,"valueName":"search_term_string"}}],"inLanguage":"et"},{"@type":"Organization","@id":"https:\/\/sleepcity.ee\/#organization","name":"VG Design O\u00dc","url":"https:\/\/sleepcity.ee\/","logo":{"@type":"ImageObject","inLanguage":"et","@id":"https:\/\/sleepcity.ee\/#\/schema\/logo\/image\/","url":"https:\/\/sleepcity.ee\/wp-content\/uploads\/2023\/09\/sleepcity_logo.png","contentUrl":"https:\/\/sleepcity.ee\/wp-content\/uploads\/2023\/09\/sleepcity_logo.png","width":1034,"height":318,"caption":"VG Design O\u00dc"},"image":{"@id":"https:\/\/sleepcity.ee\/#\/schema\/logo\/image\/"},"sameAs":["http:\/\/www.fb.com\/TempurEstonia","http:\/\/www.instagram.com\/tempurestonia"]}]}},"_links":{"self":[{"href":"https:\/\/sleepcity.ee\/wp-json\/wp\/v2\/product\/9797","targetHints":{"allow":["GET"]}}],"collection":[{"href":"https:\/\/sleepcity.ee\/wp-json\/wp\/v2\/product"}],"about":[{"href":"https:\/\/sleepcity.ee\/wp-json\/wp\/v2\/types\/product"}],"replies":[{"embeddable":true,"href":"https:\/\/sleepcity.ee\/wp-json\/wp\/v2\/comments?post=9797"}],"wp:featuredmedia":[{"embeddable":true,"href":"https:\/\/sleepcity.ee\/wp-json\/wp\/v2\/media\/9798"}],"wp:attachment":[{"href":"https:\/\/sleepcity.ee\/wp-json\/wp\/v2\/media?parent=9797"}],"wp:term":[{"taxonomy":"product_brand","embeddable":true,"href":"https:\/\/sleepcity.ee\/wp-json\/wp\/v2\/product_brand?post=9797"},{"taxonomy":"product_cat","embeddable":true,"href":"https:\/\/sleepcity.ee\/wp-json\/wp\/v2\/product_cat?post=9797"},{"taxonomy":"product_tag","embeddable":true,"href":"https:\/\/sleepcity.ee\/wp-json\/wp\/v2\/product_tag?post=9797"}],"curies":[{"name":"wp","href":"https:\/\/api.w.org\/{rel}","templated":true}]}}