{"id":9806,"date":"2025-12-15T09:45:31","date_gmt":"2025-12-15T09:45:31","guid":{"rendered":"https:\/\/sleepcity.ee\/?post_type=product&#038;p=9806"},"modified":"2025-12-15T09:46:37","modified_gmt":"2025-12-15T09:46:37","slug":"max-benjamin-kinkekomlekt-white-pomegranate","status":"publish","type":"product","link":"https:\/\/sleepcity.ee\/toode\/max-benjamin-kinkekomlekt-white-pomegranate\/","title":{"rendered":"Max Benjamin kinkekomlekt White Pomegranate"},"content":{"rendered":"<p><span dir=\"auto\">Looduslik k\u00e4te- ja kehapesuvahend<\/span><\/p>\n<ul>\n<li><span dir=\"auto\">SLS-vaba<\/span><\/li>\n<li><span dir=\"auto\">Parabeenidevaba<\/span><\/li>\n<li><span dir=\"auto\">Valmistatud kookos\u00f5list, niisutavate omadustega.<\/span><\/li>\n<li><span dir=\"auto\">98% loodusliku p\u00e4ritoluga koostisosadest<\/span><\/li>\n<li><span dir=\"auto\">Kasutage k\u00e4tele ja kehale ohtralt v\u00e4hese veega.<\/span><\/li>\n<\/ul>\n<p>&nbsp;<\/p>\n<p><span dir=\"auto\">Looduslik k\u00e4te- ja kehakreem<\/span><\/p>\n<ul>\n<li><span dir=\"auto\">SLS-vaba<\/span><\/li>\n<li><span dir=\"auto\">Parabeenidevaba<\/span><\/li>\n<li><span dir=\"auto\">Valmistatud magusa mandli\u00f5liga, niisutavate omadustega.<\/span><\/li>\n<li><span dir=\"auto\">Sisaldab sheav\u00f5id, mis on nahka rahustav ja pehmendav aine.<\/span><\/li>\n<li><span dir=\"auto\">95% loodusliku p\u00e4ritoluga koostisosadest<\/span><\/li>\n<li><span dir=\"auto\">Masseeri rikkalik kogus k\u00e4tele ja kehale ning kasuta regulaarselt.<\/span><\/li>\n<\/ul>\n<p>&nbsp;<\/p>\n<h4><span dir=\"auto\">Toote koostisosad:<\/span><\/h4>\n<p><span dir=\"auto\">K\u00e4te- ja kehapesuvahend: vesi, kookosgl\u00fckosiid, naatriumkokosulfaat, gl\u00fctseriin, kookosbetaiin, gl\u00fctser\u00fc\u00fcloleaat, h\u00fcdrol\u00fc\u00fcsitud siid, pantenool, piimhape, sidrunhape, naatriumkloriid, kaaliumsorbaat, naatriumbensoaat, parf\u00fc\u00fcm, heks\u00fc\u00fcltsinnamaal.<\/span><\/p>\n<p><span dir=\"auto\">K\u00e4te- ja kehakreem: vesi, mandli\u00f5li, gl\u00fctseriin, kapr\u00fc\u00fcl-\/kapriintrigl\u00fctseriid, dimetikoon, mandliv\u00f5i, siid\u00f5li, h\u00fcdrol\u00fc\u00fcsitud siid, pantenool, tokofer\u00fc\u00fclatsetaat, naatriumpol\u00fcakr\u00fclaat, kaaliumsorbaat, naatriumbensoaat, et\u00fc\u00fclheks\u00fc\u00fclgl\u00fctseriin, fenoks\u00fcetanool, parf\u00fc\u00fcm, heks\u00fc\u00fcltsinnamaal, tsitronellool, limoneen.<\/span><\/p>\n","protected":false},"excerpt":{"rendered":"<p>V\u00f5rgutav ja eksootiline l\u00f5hn, mis on inspireeritud Itaalia romantiliseima linna Verona v\u00e4liturgudelt.<\/p>\n<p>V\u00e4rske granaat\u00f5un ja eksootiline roosinupp paljastavad liilia ja gardeenia s\u00fcdame. S\u00fcdamenootide hulka kuuluvad must s\u00f5star ja vanill.<\/p>\n<p>Valge granaat\u00f5una k\u00e4te- ja kehapesugeel ning k\u00e4te- ja kehakreem 2 x 300 ml.<\/p>\n","protected":false},"featured_media":9804,"comment_status":"open","ping_status":"closed","template":"","meta":{"_monsterinsights_skip_tracking":false,"_monsterinsights_sitenote_active":false,"_monsterinsights_sitenote_note":"","_monsterinsights_sitenote_category":0},"product_brand":[],"product_cat":[273,688,687,272,15],"product_tag":[],"class_list":{"0":"post-9806","1":"product","2":"type-product","3":"status-publish","4":"has-post-thumbnail","6":"product_cat-iseendale","7":"product_cat-kehale","8":"product_cat-kingitused","9":"product_cat-meeleolu","10":"product_cat-muu","12":"first","13":"instock","14":"taxable","15":"shipping-taxable","16":"purchasable","17":"product-type-simple"},"yoast_head":"<!-- This site is optimized with the Yoast SEO plugin v27.3 - https:\/\/yoast.com\/product\/yoast-seo-wordpress\/ -->\n<title>Max Benjamin kinkekomlekt White Pomegranate - SleepCity - Hea Une Valem<\/title>\n<meta name=\"description\" content=\"V\u00f5rgutav ja eksootiline l\u00f5hn, mis on inspireeritud Itaalia romantiliseima linna Verona v\u00e4liturgudelt.  V\u00e4rske granaat\u00f5un ja eksootiline roosinupp paljastavad liilia ja gardeenia s\u00fcdame. S\u00fcdamenootide hulka kuuluvad must s\u00f5star ja vanill.  Valge granaat\u00f5una k\u00e4te- ja kehapesugeel ning k\u00e4te- ja kehakreem 2 x 300 ml.\" \/>\n<meta name=\"robots\" content=\"index, follow, max-snippet:-1, max-image-preview:large, max-video-preview:-1\" \/>\n<link rel=\"canonical\" href=\"https:\/\/sleepcity.ee\/toode\/max-benjamin-kinkekomlekt-white-pomegranate\/\" \/>\n<meta property=\"og:locale\" content=\"et_EE\" \/>\n<meta property=\"og:type\" content=\"article\" \/>\n<meta property=\"og:title\" content=\"Max Benjamin kinkekomlekt White Pomegranate - SleepCity - Hea Une Valem\" \/>\n<meta property=\"og:description\" content=\"V\u00f5rgutav ja eksootiline l\u00f5hn, mis on inspireeritud Itaalia romantiliseima linna Verona v\u00e4liturgudelt.  V\u00e4rske granaat\u00f5un ja eksootiline roosinupp paljastavad liilia ja gardeenia s\u00fcdame. S\u00fcdamenootide hulka kuuluvad must s\u00f5star ja vanill.  Valge granaat\u00f5una k\u00e4te- ja kehapesugeel ning k\u00e4te- ja kehakreem 2 x 300 ml.\" \/>\n<meta property=\"og:url\" content=\"https:\/\/sleepcity.ee\/toode\/max-benjamin-kinkekomlekt-white-pomegranate\/\" \/>\n<meta property=\"og:site_name\" content=\"SleepCity - Hea Une Valem\" \/>\n<meta property=\"article:publisher\" content=\"http:\/\/www.fb.com\/TempurEstonia\" \/>\n<meta property=\"article:modified_time\" content=\"2025-12-15T09:46:37+00:00\" \/>\n<meta property=\"og:image\" content=\"https:\/\/sleepcity.ee\/wp-content\/uploads\/2025\/12\/White-Pomegranate-1-scaled-1.jpg\" \/>\n\t<meta property=\"og:image:width\" content=\"1920\" \/>\n\t<meta property=\"og:image:height\" content=\"1920\" \/>\n\t<meta property=\"og:image:type\" content=\"image\/jpeg\" \/>\n<meta name=\"twitter:card\" content=\"summary_large_image\" \/>\n<meta name=\"twitter:label1\" content=\"Est. reading time\" \/>\n\t<meta name=\"twitter:data1\" content=\"1 minut\" \/>\n<script type=\"application\/ld+json\" class=\"yoast-schema-graph\">{\"@context\":\"https:\\\/\\\/schema.org\",\"@graph\":[{\"@type\":\"WebPage\",\"@id\":\"https:\\\/\\\/sleepcity.ee\\\/toode\\\/max-benjamin-kinkekomlekt-white-pomegranate\\\/\",\"url\":\"https:\\\/\\\/sleepcity.ee\\\/toode\\\/max-benjamin-kinkekomlekt-white-pomegranate\\\/\",\"name\":\"Max Benjamin kinkekomlekt White Pomegranate - SleepCity - Hea Une Valem\",\"isPartOf\":{\"@id\":\"https:\\\/\\\/sleepcity.ee\\\/#website\"},\"primaryImageOfPage\":{\"@id\":\"https:\\\/\\\/sleepcity.ee\\\/toode\\\/max-benjamin-kinkekomlekt-white-pomegranate\\\/#primaryimage\"},\"image\":{\"@id\":\"https:\\\/\\\/sleepcity.ee\\\/toode\\\/max-benjamin-kinkekomlekt-white-pomegranate\\\/#primaryimage\"},\"thumbnailUrl\":\"https:\\\/\\\/sleepcity.ee\\\/wp-content\\\/uploads\\\/2025\\\/12\\\/White-Pomegranate-1-scaled-1.jpg\",\"datePublished\":\"2025-12-15T09:45:31+00:00\",\"dateModified\":\"2025-12-15T09:46:37+00:00\",\"description\":\"V\u00f5rgutav ja eksootiline l\u00f5hn, mis on inspireeritud Itaalia romantiliseima linna Verona v\u00e4liturgudelt. V\u00e4rske granaat\u00f5un ja eksootiline roosinupp paljastavad liilia ja gardeenia s\u00fcdame. S\u00fcdamenootide hulka kuuluvad must s\u00f5star ja vanill. Valge granaat\u00f5una k\u00e4te- ja kehapesugeel ning k\u00e4te- ja kehakreem 2 x 300 ml.\",\"breadcrumb\":{\"@id\":\"https:\\\/\\\/sleepcity.ee\\\/toode\\\/max-benjamin-kinkekomlekt-white-pomegranate\\\/#breadcrumb\"},\"inLanguage\":\"et\",\"potentialAction\":[{\"@type\":\"ReadAction\",\"target\":[\"https:\\\/\\\/sleepcity.ee\\\/toode\\\/max-benjamin-kinkekomlekt-white-pomegranate\\\/\"]}]},{\"@type\":\"ImageObject\",\"inLanguage\":\"et\",\"@id\":\"https:\\\/\\\/sleepcity.ee\\\/toode\\\/max-benjamin-kinkekomlekt-white-pomegranate\\\/#primaryimage\",\"url\":\"https:\\\/\\\/sleepcity.ee\\\/wp-content\\\/uploads\\\/2025\\\/12\\\/White-Pomegranate-1-scaled-1.jpg\",\"contentUrl\":\"https:\\\/\\\/sleepcity.ee\\\/wp-content\\\/uploads\\\/2025\\\/12\\\/White-Pomegranate-1-scaled-1.jpg\",\"width\":1920,\"height\":1920},{\"@type\":\"BreadcrumbList\",\"@id\":\"https:\\\/\\\/sleepcity.ee\\\/toode\\\/max-benjamin-kinkekomlekt-white-pomegranate\\\/#breadcrumb\",\"itemListElement\":[{\"@type\":\"ListItem\",\"position\":1,\"name\":\"Home\",\"item\":\"https:\\\/\\\/www.sleepcity.ee\\\/\"},{\"@type\":\"ListItem\",\"position\":2,\"name\":\"Pood\",\"item\":\"https:\\\/\\\/sleepcity.ee\\\/pood\\\/\"},{\"@type\":\"ListItem\",\"position\":3,\"name\":\"Max Benjamin kinkekomlekt White Pomegranate\"}]},{\"@type\":\"WebSite\",\"@id\":\"https:\\\/\\\/sleepcity.ee\\\/#website\",\"url\":\"https:\\\/\\\/sleepcity.ee\\\/\",\"name\":\"Tempur Shop\",\"description\":\"TEMPUR madratsid, voodid, padjad ja muud unetooted.\",\"publisher\":{\"@id\":\"https:\\\/\\\/sleepcity.ee\\\/#organization\"},\"potentialAction\":[{\"@type\":\"SearchAction\",\"target\":{\"@type\":\"EntryPoint\",\"urlTemplate\":\"https:\\\/\\\/sleepcity.ee\\\/?s={search_term_string}\"},\"query-input\":{\"@type\":\"PropertyValueSpecification\",\"valueRequired\":true,\"valueName\":\"search_term_string\"}}],\"inLanguage\":\"et\"},{\"@type\":\"Organization\",\"@id\":\"https:\\\/\\\/sleepcity.ee\\\/#organization\",\"name\":\"VG Design O\u00dc\",\"url\":\"https:\\\/\\\/sleepcity.ee\\\/\",\"logo\":{\"@type\":\"ImageObject\",\"inLanguage\":\"et\",\"@id\":\"https:\\\/\\\/sleepcity.ee\\\/#\\\/schema\\\/logo\\\/image\\\/\",\"url\":\"https:\\\/\\\/sleepcity.ee\\\/wp-content\\\/uploads\\\/2023\\\/09\\\/sleepcity_logo.png\",\"contentUrl\":\"https:\\\/\\\/sleepcity.ee\\\/wp-content\\\/uploads\\\/2023\\\/09\\\/sleepcity_logo.png\",\"width\":1034,\"height\":318,\"caption\":\"VG Design O\u00dc\"},\"image\":{\"@id\":\"https:\\\/\\\/sleepcity.ee\\\/#\\\/schema\\\/logo\\\/image\\\/\"},\"sameAs\":[\"http:\\\/\\\/www.fb.com\\\/TempurEstonia\",\"http:\\\/\\\/www.instagram.com\\\/tempurestonia\"]}]}<\/script>\n<!-- \/ Yoast SEO plugin. -->","yoast_head_json":{"title":"Max Benjamin kinkekomlekt White Pomegranate - SleepCity - Hea Une Valem","description":"V\u00f5rgutav ja eksootiline l\u00f5hn, mis on inspireeritud Itaalia romantiliseima linna Verona v\u00e4liturgudelt.  V\u00e4rske granaat\u00f5un ja eksootiline roosinupp paljastavad liilia ja gardeenia s\u00fcdame. S\u00fcdamenootide hulka kuuluvad must s\u00f5star ja vanill.  Valge granaat\u00f5una k\u00e4te- ja kehapesugeel ning k\u00e4te- ja kehakreem 2 x 300 ml.","robots":{"index":"index","follow":"follow","max-snippet":"max-snippet:-1","max-image-preview":"max-image-preview:large","max-video-preview":"max-video-preview:-1"},"canonical":"https:\/\/sleepcity.ee\/toode\/max-benjamin-kinkekomlekt-white-pomegranate\/","og_locale":"et_EE","og_type":"article","og_title":"Max Benjamin kinkekomlekt White Pomegranate - SleepCity - Hea Une Valem","og_description":"V\u00f5rgutav ja eksootiline l\u00f5hn, mis on inspireeritud Itaalia romantiliseima linna Verona v\u00e4liturgudelt.  V\u00e4rske granaat\u00f5un ja eksootiline roosinupp paljastavad liilia ja gardeenia s\u00fcdame. S\u00fcdamenootide hulka kuuluvad must s\u00f5star ja vanill.  Valge granaat\u00f5una k\u00e4te- ja kehapesugeel ning k\u00e4te- ja kehakreem 2 x 300 ml.","og_url":"https:\/\/sleepcity.ee\/toode\/max-benjamin-kinkekomlekt-white-pomegranate\/","og_site_name":"SleepCity - Hea Une Valem","article_publisher":"http:\/\/www.fb.com\/TempurEstonia","article_modified_time":"2025-12-15T09:46:37+00:00","og_image":[{"width":1920,"height":1920,"url":"https:\/\/sleepcity.ee\/wp-content\/uploads\/2025\/12\/White-Pomegranate-1-scaled-1.jpg","type":"image\/jpeg"}],"twitter_card":"summary_large_image","twitter_misc":{"Est. reading time":"1 minut"},"schema":{"@context":"https:\/\/schema.org","@graph":[{"@type":"WebPage","@id":"https:\/\/sleepcity.ee\/toode\/max-benjamin-kinkekomlekt-white-pomegranate\/","url":"https:\/\/sleepcity.ee\/toode\/max-benjamin-kinkekomlekt-white-pomegranate\/","name":"Max Benjamin kinkekomlekt White Pomegranate - SleepCity - Hea Une Valem","isPartOf":{"@id":"https:\/\/sleepcity.ee\/#website"},"primaryImageOfPage":{"@id":"https:\/\/sleepcity.ee\/toode\/max-benjamin-kinkekomlekt-white-pomegranate\/#primaryimage"},"image":{"@id":"https:\/\/sleepcity.ee\/toode\/max-benjamin-kinkekomlekt-white-pomegranate\/#primaryimage"},"thumbnailUrl":"https:\/\/sleepcity.ee\/wp-content\/uploads\/2025\/12\/White-Pomegranate-1-scaled-1.jpg","datePublished":"2025-12-15T09:45:31+00:00","dateModified":"2025-12-15T09:46:37+00:00","description":"V\u00f5rgutav ja eksootiline l\u00f5hn, mis on inspireeritud Itaalia romantiliseima linna Verona v\u00e4liturgudelt. V\u00e4rske granaat\u00f5un ja eksootiline roosinupp paljastavad liilia ja gardeenia s\u00fcdame. S\u00fcdamenootide hulka kuuluvad must s\u00f5star ja vanill. Valge granaat\u00f5una k\u00e4te- ja kehapesugeel ning k\u00e4te- ja kehakreem 2 x 300 ml.","breadcrumb":{"@id":"https:\/\/sleepcity.ee\/toode\/max-benjamin-kinkekomlekt-white-pomegranate\/#breadcrumb"},"inLanguage":"et","potentialAction":[{"@type":"ReadAction","target":["https:\/\/sleepcity.ee\/toode\/max-benjamin-kinkekomlekt-white-pomegranate\/"]}]},{"@type":"ImageObject","inLanguage":"et","@id":"https:\/\/sleepcity.ee\/toode\/max-benjamin-kinkekomlekt-white-pomegranate\/#primaryimage","url":"https:\/\/sleepcity.ee\/wp-content\/uploads\/2025\/12\/White-Pomegranate-1-scaled-1.jpg","contentUrl":"https:\/\/sleepcity.ee\/wp-content\/uploads\/2025\/12\/White-Pomegranate-1-scaled-1.jpg","width":1920,"height":1920},{"@type":"BreadcrumbList","@id":"https:\/\/sleepcity.ee\/toode\/max-benjamin-kinkekomlekt-white-pomegranate\/#breadcrumb","itemListElement":[{"@type":"ListItem","position":1,"name":"Home","item":"https:\/\/www.sleepcity.ee\/"},{"@type":"ListItem","position":2,"name":"Pood","item":"https:\/\/sleepcity.ee\/pood\/"},{"@type":"ListItem","position":3,"name":"Max Benjamin kinkekomlekt White Pomegranate"}]},{"@type":"WebSite","@id":"https:\/\/sleepcity.ee\/#website","url":"https:\/\/sleepcity.ee\/","name":"Tempur Shop","description":"TEMPUR madratsid, voodid, padjad ja muud unetooted.","publisher":{"@id":"https:\/\/sleepcity.ee\/#organization"},"potentialAction":[{"@type":"SearchAction","target":{"@type":"EntryPoint","urlTemplate":"https:\/\/sleepcity.ee\/?s={search_term_string}"},"query-input":{"@type":"PropertyValueSpecification","valueRequired":true,"valueName":"search_term_string"}}],"inLanguage":"et"},{"@type":"Organization","@id":"https:\/\/sleepcity.ee\/#organization","name":"VG Design O\u00dc","url":"https:\/\/sleepcity.ee\/","logo":{"@type":"ImageObject","inLanguage":"et","@id":"https:\/\/sleepcity.ee\/#\/schema\/logo\/image\/","url":"https:\/\/sleepcity.ee\/wp-content\/uploads\/2023\/09\/sleepcity_logo.png","contentUrl":"https:\/\/sleepcity.ee\/wp-content\/uploads\/2023\/09\/sleepcity_logo.png","width":1034,"height":318,"caption":"VG Design O\u00dc"},"image":{"@id":"https:\/\/sleepcity.ee\/#\/schema\/logo\/image\/"},"sameAs":["http:\/\/www.fb.com\/TempurEstonia","http:\/\/www.instagram.com\/tempurestonia"]}]}},"_links":{"self":[{"href":"https:\/\/sleepcity.ee\/wp-json\/wp\/v2\/product\/9806","targetHints":{"allow":["GET"]}}],"collection":[{"href":"https:\/\/sleepcity.ee\/wp-json\/wp\/v2\/product"}],"about":[{"href":"https:\/\/sleepcity.ee\/wp-json\/wp\/v2\/types\/product"}],"replies":[{"embeddable":true,"href":"https:\/\/sleepcity.ee\/wp-json\/wp\/v2\/comments?post=9806"}],"wp:featuredmedia":[{"embeddable":true,"href":"https:\/\/sleepcity.ee\/wp-json\/wp\/v2\/media\/9804"}],"wp:attachment":[{"href":"https:\/\/sleepcity.ee\/wp-json\/wp\/v2\/media?parent=9806"}],"wp:term":[{"taxonomy":"product_brand","embeddable":true,"href":"https:\/\/sleepcity.ee\/wp-json\/wp\/v2\/product_brand?post=9806"},{"taxonomy":"product_cat","embeddable":true,"href":"https:\/\/sleepcity.ee\/wp-json\/wp\/v2\/product_cat?post=9806"},{"taxonomy":"product_tag","embeddable":true,"href":"https:\/\/sleepcity.ee\/wp-json\/wp\/v2\/product_tag?post=9806"}],"curies":[{"name":"wp","href":"https:\/\/api.w.org\/{rel}","templated":true}]}}