{"id":9819,"date":"2025-12-15T12:28:40","date_gmt":"2025-12-15T12:28:40","guid":{"rendered":"https:\/\/sleepcity.ee\/?post_type=product&#038;p=9819"},"modified":"2025-12-15T12:30:29","modified_gmt":"2025-12-15T12:30:29","slug":"max-benjamin-lohnakaart-acqua-viva","status":"publish","type":"product","link":"https:\/\/sleepcity.ee\/toode\/max-benjamin-lohnakaart-acqua-viva\/","title":{"rendered":"Max Benjamin l\u00f5hnakaart Acqua Viva"},"content":{"rendered":"<div class=\"sub-content\">\n<h4><span dir=\"auto\">Toote koostisosad<\/span><\/h4>\n<p><span dir=\"auto\">Acqua Viva l\u00f5hnakaart sisaldab: \u03b1-met\u00fc\u00fcl-1,3-bensodioksool-5-propionaldeh\u00fc\u00fcdi (CAS nr: 1205-17-0) | (R)-p-menta-1,8-dieeni, d-limoneeni (CAS nr: 5989-27-5) | linal\u00fc\u00fclatsetaati (CAS nr: 115-95-7) | 1-(1,2,3,4,5,6,7,8-oktah\u00fcdro-2,3,8,8-tetramet\u00fc\u00fcl-2-naft\u00fc\u00fcl)etaan-1-ooni (CAS nr: 54464-57-2)<\/span><\/p>\n<\/div>\n<div class=\"sub-content\">\n<h4><span dir=\"auto\">Ettevaatusabin\u00f5ud<\/span><\/h4>\n<p><span dir=\"auto\">HOIATUS! V\u00f5ib p\u00f5hjustada allergilist nahareaktsiooni. M\u00fcrgine veeorganismidele, pikaajalise toimega. Ettevaatusabin\u00f5ud: Hoida lastele k\u00e4ttesaamatus kohas. V\u00e4ltida keskkonda sattumist. NAHA PEALE SATTUMISE KORRAL: pesta rohke vee ja seebiga. Sisu k\u00f5rvaldada heakskiidetud k\u00e4itluskeskuses vastavalt riiklikele eeskirjadele.<\/span><\/p>\n<\/div>\n","protected":false},"excerpt":{"rendered":"<p><span dir=\"auto\">Ainulaadne l\u00f5hn, mis on inspireeritud Vahemere perepuhkustest Itaalia Amalfi rannikul. <\/span><\/p>\n<p><span dir=\"auto\">Tipunoodid mandariinist, apelsinist, sidrunist ja mustast s\u00f5strast viivavad tsitruselised noodid viivavad s\u00fcgavamale kardemoni ja<\/span><br \/>\n<span dir=\"auto\">pipra s\u00fcdamele ning aluseks muskus, merevaigukollane ja seedripuu.<\/span><\/p>\n<p>Need kaunid v\u00e4ikesed kaardid pakuvad v\u00f5imsat l\u00f5hnaelamust. Need sobivad ideaalselt v\u00e4ikestesse ruumidesse nagu riidekapid, sahtlid, k\u00e4ekotid v\u00f5i isegi kohvrisse, et saaksite oma lemmikl\u00f5hna endaga kaasa v\u00f5tta.<\/p>\n","protected":false},"featured_media":9820,"comment_status":"open","ping_status":"closed","template":"","meta":{"_monsterinsights_skip_tracking":false,"_monsterinsights_sitenote_active":false,"_monsterinsights_sitenote_note":"","_monsterinsights_sitenote_category":0},"product_brand":[],"product_cat":[687,421,272,15,274],"product_tag":[],"class_list":{"0":"post-9819","1":"product","2":"type-product","3":"status-publish","4":"has-post-thumbnail","6":"product_cat-kingitused","7":"product_cat-kodus","8":"product_cat-meeleolu","9":"product_cat-muu","10":"product_cat-ruumi-lohnastajad","12":"first","13":"instock","14":"taxable","15":"shipping-taxable","16":"purchasable","17":"product-type-simple"},"yoast_head":"<!-- This site is optimized with the Yoast SEO plugin v27.3 - https:\/\/yoast.com\/product\/yoast-seo-wordpress\/ -->\n<title>Max Benjamin l\u00f5hnakaart Acqua Viva - SleepCity - Hea Une Valem<\/title>\n<meta name=\"description\" content=\"Ainulaadne l\u00f5hn, mis on inspireeritud Vahemere perepuhkustest Itaalia Amalfi rannikul.   Tipunoodid mandariinist, apelsinist, sidrunist ja mustast s\u00f5strast viivavad tsitruselised noodid viivavad s\u00fcgavamale kardemoni ja pipra s\u00fcdamele ning aluseks muskus, merevaigukollane ja seedripuu.  Need kaunid v\u00e4ikesed kaardid pakuvad v\u00f5imsat l\u00f5hnaelamust. Need sobivad ideaalselt v\u00e4ikestesse ruumidesse nagu riidekapid, sahtlid, k\u00e4ekotid v\u00f5i isegi kohvrisse, et saaksite oma lemmikl\u00f5hna endaga kaasa v\u00f5tta.\" \/>\n<meta name=\"robots\" content=\"index, follow, max-snippet:-1, max-image-preview:large, max-video-preview:-1\" \/>\n<link rel=\"canonical\" href=\"https:\/\/www.sleepcity.ee\/toode\/max-benjamin-lohnakaart-acqua-viva\/\" \/>\n<meta property=\"og:locale\" content=\"et_EE\" \/>\n<meta property=\"og:type\" content=\"article\" \/>\n<meta property=\"og:title\" content=\"Max Benjamin l\u00f5hnakaart Acqua Viva - SleepCity - Hea Une Valem\" \/>\n<meta property=\"og:description\" content=\"Ainulaadne l\u00f5hn, mis on inspireeritud Vahemere perepuhkustest Itaalia Amalfi rannikul.   Tipunoodid mandariinist, apelsinist, sidrunist ja mustast s\u00f5strast viivavad tsitruselised noodid viivavad s\u00fcgavamale kardemoni ja pipra s\u00fcdamele ning aluseks muskus, merevaigukollane ja seedripuu.  Need kaunid v\u00e4ikesed kaardid pakuvad v\u00f5imsat l\u00f5hnaelamust. Need sobivad ideaalselt v\u00e4ikestesse ruumidesse nagu riidekapid, sahtlid, k\u00e4ekotid v\u00f5i isegi kohvrisse, et saaksite oma lemmikl\u00f5hna endaga kaasa v\u00f5tta.\" \/>\n<meta property=\"og:url\" content=\"https:\/\/www.sleepcity.ee\/toode\/max-benjamin-lohnakaart-acqua-viva\/\" \/>\n<meta property=\"og:site_name\" content=\"SleepCity - Hea Une Valem\" \/>\n<meta property=\"article:publisher\" content=\"http:\/\/www.fb.com\/TempurEstonia\" \/>\n<meta property=\"article:modified_time\" content=\"2025-12-15T12:30:29+00:00\" \/>\n<meta property=\"og:image\" content=\"https:\/\/www.sleepcity.ee\/wp-content\/uploads\/2025\/12\/ScentedCard_AcquaViva.png\" \/>\n\t<meta property=\"og:image:width\" content=\"1200\" \/>\n\t<meta property=\"og:image:height\" content=\"1200\" \/>\n\t<meta property=\"og:image:type\" content=\"image\/png\" \/>\n<meta name=\"twitter:card\" content=\"summary_large_image\" \/>\n<script type=\"application\/ld+json\" class=\"yoast-schema-graph\">{\"@context\":\"https:\\\/\\\/schema.org\",\"@graph\":[{\"@type\":\"WebPage\",\"@id\":\"https:\\\/\\\/www.sleepcity.ee\\\/toode\\\/max-benjamin-lohnakaart-acqua-viva\\\/\",\"url\":\"https:\\\/\\\/www.sleepcity.ee\\\/toode\\\/max-benjamin-lohnakaart-acqua-viva\\\/\",\"name\":\"Max Benjamin l\u00f5hnakaart Acqua Viva - SleepCity - Hea Une Valem\",\"isPartOf\":{\"@id\":\"https:\\\/\\\/sleepcity.ee\\\/#website\"},\"primaryImageOfPage\":{\"@id\":\"https:\\\/\\\/www.sleepcity.ee\\\/toode\\\/max-benjamin-lohnakaart-acqua-viva\\\/#primaryimage\"},\"image\":{\"@id\":\"https:\\\/\\\/www.sleepcity.ee\\\/toode\\\/max-benjamin-lohnakaart-acqua-viva\\\/#primaryimage\"},\"thumbnailUrl\":\"https:\\\/\\\/sleepcity.ee\\\/wp-content\\\/uploads\\\/2025\\\/12\\\/ScentedCard_AcquaViva.png\",\"datePublished\":\"2025-12-15T12:28:40+00:00\",\"dateModified\":\"2025-12-15T12:30:29+00:00\",\"description\":\"Ainulaadne l\u00f5hn, mis on inspireeritud Vahemere perepuhkustest Itaalia Amalfi rannikul. Tipunoodid mandariinist, apelsinist, sidrunist ja mustast s\u00f5strast viivavad tsitruselised noodid viivavad s\u00fcgavamale kardemoni ja pipra s\u00fcdamele ning aluseks muskus, merevaigukollane ja seedripuu. Need kaunid v\u00e4ikesed kaardid pakuvad v\u00f5imsat l\u00f5hnaelamust. Need sobivad ideaalselt v\u00e4ikestesse ruumidesse nagu riidekapid, sahtlid, k\u00e4ekotid v\u00f5i isegi kohvrisse, et saaksite oma lemmikl\u00f5hna endaga kaasa v\u00f5tta.\",\"breadcrumb\":{\"@id\":\"https:\\\/\\\/www.sleepcity.ee\\\/toode\\\/max-benjamin-lohnakaart-acqua-viva\\\/#breadcrumb\"},\"inLanguage\":\"et\",\"potentialAction\":[{\"@type\":\"ReadAction\",\"target\":[\"https:\\\/\\\/www.sleepcity.ee\\\/toode\\\/max-benjamin-lohnakaart-acqua-viva\\\/\"]}]},{\"@type\":\"ImageObject\",\"inLanguage\":\"et\",\"@id\":\"https:\\\/\\\/www.sleepcity.ee\\\/toode\\\/max-benjamin-lohnakaart-acqua-viva\\\/#primaryimage\",\"url\":\"https:\\\/\\\/sleepcity.ee\\\/wp-content\\\/uploads\\\/2025\\\/12\\\/ScentedCard_AcquaViva.png\",\"contentUrl\":\"https:\\\/\\\/sleepcity.ee\\\/wp-content\\\/uploads\\\/2025\\\/12\\\/ScentedCard_AcquaViva.png\",\"width\":1200,\"height\":1200},{\"@type\":\"BreadcrumbList\",\"@id\":\"https:\\\/\\\/www.sleepcity.ee\\\/toode\\\/max-benjamin-lohnakaart-acqua-viva\\\/#breadcrumb\",\"itemListElement\":[{\"@type\":\"ListItem\",\"position\":1,\"name\":\"Home\",\"item\":\"https:\\\/\\\/www.sleepcity.ee\\\/\"},{\"@type\":\"ListItem\",\"position\":2,\"name\":\"Pood\",\"item\":\"https:\\\/\\\/sleepcity.ee\\\/pood\\\/\"},{\"@type\":\"ListItem\",\"position\":3,\"name\":\"Max Benjamin l\u00f5hnakaart Acqua Viva\"}]},{\"@type\":\"WebSite\",\"@id\":\"https:\\\/\\\/sleepcity.ee\\\/#website\",\"url\":\"https:\\\/\\\/sleepcity.ee\\\/\",\"name\":\"Tempur Shop\",\"description\":\"TEMPUR madratsid, voodid, padjad ja muud unetooted.\",\"publisher\":{\"@id\":\"https:\\\/\\\/sleepcity.ee\\\/#organization\"},\"potentialAction\":[{\"@type\":\"SearchAction\",\"target\":{\"@type\":\"EntryPoint\",\"urlTemplate\":\"https:\\\/\\\/sleepcity.ee\\\/?s={search_term_string}\"},\"query-input\":{\"@type\":\"PropertyValueSpecification\",\"valueRequired\":true,\"valueName\":\"search_term_string\"}}],\"inLanguage\":\"et\"},{\"@type\":\"Organization\",\"@id\":\"https:\\\/\\\/sleepcity.ee\\\/#organization\",\"name\":\"VG Design O\u00dc\",\"url\":\"https:\\\/\\\/sleepcity.ee\\\/\",\"logo\":{\"@type\":\"ImageObject\",\"inLanguage\":\"et\",\"@id\":\"https:\\\/\\\/sleepcity.ee\\\/#\\\/schema\\\/logo\\\/image\\\/\",\"url\":\"https:\\\/\\\/sleepcity.ee\\\/wp-content\\\/uploads\\\/2023\\\/09\\\/sleepcity_logo.png\",\"contentUrl\":\"https:\\\/\\\/sleepcity.ee\\\/wp-content\\\/uploads\\\/2023\\\/09\\\/sleepcity_logo.png\",\"width\":1034,\"height\":318,\"caption\":\"VG Design O\u00dc\"},\"image\":{\"@id\":\"https:\\\/\\\/sleepcity.ee\\\/#\\\/schema\\\/logo\\\/image\\\/\"},\"sameAs\":[\"http:\\\/\\\/www.fb.com\\\/TempurEstonia\",\"http:\\\/\\\/www.instagram.com\\\/tempurestonia\"]}]}<\/script>\n<!-- \/ Yoast SEO plugin. -->","yoast_head_json":{"title":"Max Benjamin l\u00f5hnakaart Acqua Viva - SleepCity - Hea Une Valem","description":"Ainulaadne l\u00f5hn, mis on inspireeritud Vahemere perepuhkustest Itaalia Amalfi rannikul.   Tipunoodid mandariinist, apelsinist, sidrunist ja mustast s\u00f5strast viivavad tsitruselised noodid viivavad s\u00fcgavamale kardemoni ja pipra s\u00fcdamele ning aluseks muskus, merevaigukollane ja seedripuu.  Need kaunid v\u00e4ikesed kaardid pakuvad v\u00f5imsat l\u00f5hnaelamust. Need sobivad ideaalselt v\u00e4ikestesse ruumidesse nagu riidekapid, sahtlid, k\u00e4ekotid v\u00f5i isegi kohvrisse, et saaksite oma lemmikl\u00f5hna endaga kaasa v\u00f5tta.","robots":{"index":"index","follow":"follow","max-snippet":"max-snippet:-1","max-image-preview":"max-image-preview:large","max-video-preview":"max-video-preview:-1"},"canonical":"https:\/\/www.sleepcity.ee\/toode\/max-benjamin-lohnakaart-acqua-viva\/","og_locale":"et_EE","og_type":"article","og_title":"Max Benjamin l\u00f5hnakaart Acqua Viva - SleepCity - Hea Une Valem","og_description":"Ainulaadne l\u00f5hn, mis on inspireeritud Vahemere perepuhkustest Itaalia Amalfi rannikul.   Tipunoodid mandariinist, apelsinist, sidrunist ja mustast s\u00f5strast viivavad tsitruselised noodid viivavad s\u00fcgavamale kardemoni ja pipra s\u00fcdamele ning aluseks muskus, merevaigukollane ja seedripuu.  Need kaunid v\u00e4ikesed kaardid pakuvad v\u00f5imsat l\u00f5hnaelamust. Need sobivad ideaalselt v\u00e4ikestesse ruumidesse nagu riidekapid, sahtlid, k\u00e4ekotid v\u00f5i isegi kohvrisse, et saaksite oma lemmikl\u00f5hna endaga kaasa v\u00f5tta.","og_url":"https:\/\/www.sleepcity.ee\/toode\/max-benjamin-lohnakaart-acqua-viva\/","og_site_name":"SleepCity - Hea Une Valem","article_publisher":"http:\/\/www.fb.com\/TempurEstonia","article_modified_time":"2025-12-15T12:30:29+00:00","og_image":[{"width":1200,"height":1200,"url":"https:\/\/www.sleepcity.ee\/wp-content\/uploads\/2025\/12\/ScentedCard_AcquaViva.png","type":"image\/png"}],"twitter_card":"summary_large_image","schema":{"@context":"https:\/\/schema.org","@graph":[{"@type":"WebPage","@id":"https:\/\/www.sleepcity.ee\/toode\/max-benjamin-lohnakaart-acqua-viva\/","url":"https:\/\/www.sleepcity.ee\/toode\/max-benjamin-lohnakaart-acqua-viva\/","name":"Max Benjamin l\u00f5hnakaart Acqua Viva - SleepCity - Hea Une Valem","isPartOf":{"@id":"https:\/\/sleepcity.ee\/#website"},"primaryImageOfPage":{"@id":"https:\/\/www.sleepcity.ee\/toode\/max-benjamin-lohnakaart-acqua-viva\/#primaryimage"},"image":{"@id":"https:\/\/www.sleepcity.ee\/toode\/max-benjamin-lohnakaart-acqua-viva\/#primaryimage"},"thumbnailUrl":"https:\/\/sleepcity.ee\/wp-content\/uploads\/2025\/12\/ScentedCard_AcquaViva.png","datePublished":"2025-12-15T12:28:40+00:00","dateModified":"2025-12-15T12:30:29+00:00","description":"Ainulaadne l\u00f5hn, mis on inspireeritud Vahemere perepuhkustest Itaalia Amalfi rannikul. Tipunoodid mandariinist, apelsinist, sidrunist ja mustast s\u00f5strast viivavad tsitruselised noodid viivavad s\u00fcgavamale kardemoni ja pipra s\u00fcdamele ning aluseks muskus, merevaigukollane ja seedripuu. Need kaunid v\u00e4ikesed kaardid pakuvad v\u00f5imsat l\u00f5hnaelamust. Need sobivad ideaalselt v\u00e4ikestesse ruumidesse nagu riidekapid, sahtlid, k\u00e4ekotid v\u00f5i isegi kohvrisse, et saaksite oma lemmikl\u00f5hna endaga kaasa v\u00f5tta.","breadcrumb":{"@id":"https:\/\/www.sleepcity.ee\/toode\/max-benjamin-lohnakaart-acqua-viva\/#breadcrumb"},"inLanguage":"et","potentialAction":[{"@type":"ReadAction","target":["https:\/\/www.sleepcity.ee\/toode\/max-benjamin-lohnakaart-acqua-viva\/"]}]},{"@type":"ImageObject","inLanguage":"et","@id":"https:\/\/www.sleepcity.ee\/toode\/max-benjamin-lohnakaart-acqua-viva\/#primaryimage","url":"https:\/\/sleepcity.ee\/wp-content\/uploads\/2025\/12\/ScentedCard_AcquaViva.png","contentUrl":"https:\/\/sleepcity.ee\/wp-content\/uploads\/2025\/12\/ScentedCard_AcquaViva.png","width":1200,"height":1200},{"@type":"BreadcrumbList","@id":"https:\/\/www.sleepcity.ee\/toode\/max-benjamin-lohnakaart-acqua-viva\/#breadcrumb","itemListElement":[{"@type":"ListItem","position":1,"name":"Home","item":"https:\/\/www.sleepcity.ee\/"},{"@type":"ListItem","position":2,"name":"Pood","item":"https:\/\/sleepcity.ee\/pood\/"},{"@type":"ListItem","position":3,"name":"Max Benjamin l\u00f5hnakaart Acqua Viva"}]},{"@type":"WebSite","@id":"https:\/\/sleepcity.ee\/#website","url":"https:\/\/sleepcity.ee\/","name":"Tempur Shop","description":"TEMPUR madratsid, voodid, padjad ja muud unetooted.","publisher":{"@id":"https:\/\/sleepcity.ee\/#organization"},"potentialAction":[{"@type":"SearchAction","target":{"@type":"EntryPoint","urlTemplate":"https:\/\/sleepcity.ee\/?s={search_term_string}"},"query-input":{"@type":"PropertyValueSpecification","valueRequired":true,"valueName":"search_term_string"}}],"inLanguage":"et"},{"@type":"Organization","@id":"https:\/\/sleepcity.ee\/#organization","name":"VG Design O\u00dc","url":"https:\/\/sleepcity.ee\/","logo":{"@type":"ImageObject","inLanguage":"et","@id":"https:\/\/sleepcity.ee\/#\/schema\/logo\/image\/","url":"https:\/\/sleepcity.ee\/wp-content\/uploads\/2023\/09\/sleepcity_logo.png","contentUrl":"https:\/\/sleepcity.ee\/wp-content\/uploads\/2023\/09\/sleepcity_logo.png","width":1034,"height":318,"caption":"VG Design O\u00dc"},"image":{"@id":"https:\/\/sleepcity.ee\/#\/schema\/logo\/image\/"},"sameAs":["http:\/\/www.fb.com\/TempurEstonia","http:\/\/www.instagram.com\/tempurestonia"]}]}},"_links":{"self":[{"href":"https:\/\/sleepcity.ee\/wp-json\/wp\/v2\/product\/9819","targetHints":{"allow":["GET"]}}],"collection":[{"href":"https:\/\/sleepcity.ee\/wp-json\/wp\/v2\/product"}],"about":[{"href":"https:\/\/sleepcity.ee\/wp-json\/wp\/v2\/types\/product"}],"replies":[{"embeddable":true,"href":"https:\/\/sleepcity.ee\/wp-json\/wp\/v2\/comments?post=9819"}],"wp:featuredmedia":[{"embeddable":true,"href":"https:\/\/sleepcity.ee\/wp-json\/wp\/v2\/media\/9820"}],"wp:attachment":[{"href":"https:\/\/sleepcity.ee\/wp-json\/wp\/v2\/media?parent=9819"}],"wp:term":[{"taxonomy":"product_brand","embeddable":true,"href":"https:\/\/sleepcity.ee\/wp-json\/wp\/v2\/product_brand?post=9819"},{"taxonomy":"product_cat","embeddable":true,"href":"https:\/\/sleepcity.ee\/wp-json\/wp\/v2\/product_cat?post=9819"},{"taxonomy":"product_tag","embeddable":true,"href":"https:\/\/sleepcity.ee\/wp-json\/wp\/v2\/product_tag?post=9819"}],"curies":[{"name":"wp","href":"https:\/\/api.w.org\/{rel}","templated":true}]}}