{"id":9822,"date":"2025-12-15T12:34:21","date_gmt":"2025-12-15T12:34:21","guid":{"rendered":"https:\/\/sleepcity.ee\/?post_type=product&#038;p=9822"},"modified":"2025-12-15T12:34:21","modified_gmt":"2025-12-15T12:34:21","slug":"max-benjamin-lohnakaart-french-linen-water","status":"publish","type":"product","link":"https:\/\/sleepcity.ee\/toode\/max-benjamin-lohnakaart-french-linen-water\/","title":{"rendered":"Max Benjamin l\u00f5hnakaart French Linen Water"},"content":{"rendered":"<div class=\"sub-content\">\n<h4><span dir=\"auto\">Toote koostisosad<\/span><\/h4>\n<p><span dir=\"auto\">Prantsuse linase l\u00f5hnaga l\u00f5hnakaart sisaldab: (R)-p-menta-1,8-dieeni, d-limoneeni (CAS nr: 5989-27-5) | linalooli (CAS nr: 78-70-6) | nop\u00fc\u00fclatsetaati (CAS nr: 128-51-8) | bens\u00fc\u00fclsalits\u00fclaati (CAS nr: 118-58-1) | eugenooli (CAS nr: 97-53-0) | kumariini (CAS nr: 91-64-5)<\/span><\/p>\n<\/div>\n<div class=\"sub-content\">\n<h4><span dir=\"auto\">Ettevaatusabin\u00f5ud<\/span><\/h4>\n<p><span dir=\"auto\">HOIATUS! V\u00f5ib p\u00f5hjustada allergilist nahareaktsiooni. M\u00fcrgine veeorganismidele, pikaajalise toimega. Ettevaatusabin\u00f5ud: Hoida lastele k\u00e4ttesaamatus kohas. V\u00e4ltida keskkonda sattumist. NAHA PEALE SATTUMISE KORRAL: pesta rohke vee ja seebiga. Sisu k\u00f5rvaldada heakskiidetud k\u00e4itluskeskuses vastavalt riiklikele eeskirjadele.<\/span><\/p>\n<\/div>\n","protected":false},"excerpt":{"rendered":"<p>Pehme lilleline l\u00f5hn, mis meenutab Provence&#8217;i verandal l\u00f5\u00f5gastudes m\u00f5nusaid \u00f5htuid kerge ja jahutatud ros\u00e9&#8217;i r\u00fc\u00fcbates.<\/p>\n<p>Aroom sisaldab lavendli, magusa apelsini, petitgrain&#8217;i \u00f5lisid ja v\u00e4rskeid tsitruselisi noote.<\/p>\n<p>Need kaunid v\u00e4ikesed kaardid pakuvad v\u00f5imsat l\u00f5hnaelamust. Need sobivad ideaalselt v\u00e4ikestesse ruumidesse nagu riidekapid, sahtlid, k\u00e4ekotid v\u00f5i isegi kohvrisse, et saaksite oma lemmikl\u00f5hna endaga kaasa v\u00f5tta.<\/p>\n","protected":false},"featured_media":9823,"comment_status":"open","ping_status":"closed","template":"","meta":{"_monsterinsights_skip_tracking":false,"_monsterinsights_sitenote_active":false,"_monsterinsights_sitenote_note":"","_monsterinsights_sitenote_category":0},"product_brand":[],"product_cat":[687,421,272,15,274],"product_tag":[],"class_list":{"0":"post-9822","1":"product","2":"type-product","3":"status-publish","4":"has-post-thumbnail","6":"product_cat-kingitused","7":"product_cat-kodus","8":"product_cat-meeleolu","9":"product_cat-muu","10":"product_cat-ruumi-lohnastajad","12":"first","13":"instock","14":"taxable","15":"shipping-taxable","16":"purchasable","17":"product-type-simple"},"yoast_head":"<!-- This site is optimized with the Yoast SEO plugin v27.4 - https:\/\/yoast.com\/product\/yoast-seo-wordpress\/ -->\n<title>Max Benjamin l\u00f5hnakaart French Linen Water - SleepCity - Hea Une Valem<\/title>\n<meta name=\"description\" content=\"Pehme lilleline l\u00f5hn, mis meenutab Provence&#039;i verandal l\u00f5\u00f5gastudes m\u00f5nusaid \u00f5htuid kerge ja jahutatud ros\u00e9&#039;i r\u00fc\u00fcbates.  Aroom sisaldab lavendli, magusa apelsini, petitgrain&#039;i \u00f5lisid ja v\u00e4rskeid tsitruselisi noote.  Need kaunid v\u00e4ikesed kaardid pakuvad v\u00f5imsat l\u00f5hnaelamust. Need sobivad ideaalselt v\u00e4ikestesse ruumidesse nagu riidekapid, sahtlid, k\u00e4ekotid v\u00f5i isegi kohvrisse, et saaksite oma lemmikl\u00f5hna endaga kaasa v\u00f5tta.\" \/>\n<meta name=\"robots\" content=\"index, follow, max-snippet:-1, max-image-preview:large, max-video-preview:-1\" \/>\n<link rel=\"canonical\" href=\"https:\/\/www.sleepcity.ee\/toode\/max-benjamin-lohnakaart-french-linen-water\/\" \/>\n<meta property=\"og:locale\" content=\"et_EE\" \/>\n<meta property=\"og:type\" content=\"article\" \/>\n<meta property=\"og:title\" content=\"Max Benjamin l\u00f5hnakaart French Linen Water - SleepCity - Hea Une Valem\" \/>\n<meta property=\"og:description\" content=\"Pehme lilleline l\u00f5hn, mis meenutab Provence&#039;i verandal l\u00f5\u00f5gastudes m\u00f5nusaid \u00f5htuid kerge ja jahutatud ros\u00e9&#039;i r\u00fc\u00fcbates.  Aroom sisaldab lavendli, magusa apelsini, petitgrain&#039;i \u00f5lisid ja v\u00e4rskeid tsitruselisi noote.  Need kaunid v\u00e4ikesed kaardid pakuvad v\u00f5imsat l\u00f5hnaelamust. Need sobivad ideaalselt v\u00e4ikestesse ruumidesse nagu riidekapid, sahtlid, k\u00e4ekotid v\u00f5i isegi kohvrisse, et saaksite oma lemmikl\u00f5hna endaga kaasa v\u00f5tta.\" \/>\n<meta property=\"og:url\" content=\"https:\/\/www.sleepcity.ee\/toode\/max-benjamin-lohnakaart-french-linen-water\/\" \/>\n<meta property=\"og:site_name\" content=\"SleepCity - Hea Une Valem\" \/>\n<meta property=\"article:publisher\" content=\"http:\/\/www.fb.com\/TempurEstonia\" \/>\n<meta property=\"og:image\" content=\"https:\/\/www.sleepcity.ee\/wp-content\/uploads\/2025\/12\/ScentedCard_FrenchLinenWater.png\" \/>\n\t<meta property=\"og:image:width\" content=\"1200\" \/>\n\t<meta property=\"og:image:height\" content=\"1200\" \/>\n\t<meta property=\"og:image:type\" content=\"image\/png\" \/>\n<meta name=\"twitter:card\" content=\"summary_large_image\" \/>\n<script type=\"application\/ld+json\" class=\"yoast-schema-graph\">{\"@context\":\"https:\\\/\\\/schema.org\",\"@graph\":[{\"@type\":\"WebPage\",\"@id\":\"https:\\\/\\\/www.sleepcity.ee\\\/toode\\\/max-benjamin-lohnakaart-french-linen-water\\\/\",\"url\":\"https:\\\/\\\/www.sleepcity.ee\\\/toode\\\/max-benjamin-lohnakaart-french-linen-water\\\/\",\"name\":\"Max Benjamin l\u00f5hnakaart French Linen Water - SleepCity - Hea Une Valem\",\"isPartOf\":{\"@id\":\"https:\\\/\\\/sleepcity.ee\\\/#website\"},\"primaryImageOfPage\":{\"@id\":\"https:\\\/\\\/www.sleepcity.ee\\\/toode\\\/max-benjamin-lohnakaart-french-linen-water\\\/#primaryimage\"},\"image\":{\"@id\":\"https:\\\/\\\/www.sleepcity.ee\\\/toode\\\/max-benjamin-lohnakaart-french-linen-water\\\/#primaryimage\"},\"thumbnailUrl\":\"https:\\\/\\\/sleepcity.ee\\\/wp-content\\\/uploads\\\/2025\\\/12\\\/ScentedCard_FrenchLinenWater.png\",\"datePublished\":\"2025-12-15T12:34:21+00:00\",\"description\":\"Pehme lilleline l\u00f5hn, mis meenutab Provence'i verandal l\u00f5\u00f5gastudes m\u00f5nusaid \u00f5htuid kerge ja jahutatud ros\u00e9'i r\u00fc\u00fcbates. Aroom sisaldab lavendli, magusa apelsini, petitgrain'i \u00f5lisid ja v\u00e4rskeid tsitruselisi noote. Need kaunid v\u00e4ikesed kaardid pakuvad v\u00f5imsat l\u00f5hnaelamust. Need sobivad ideaalselt v\u00e4ikestesse ruumidesse nagu riidekapid, sahtlid, k\u00e4ekotid v\u00f5i isegi kohvrisse, et saaksite oma lemmikl\u00f5hna endaga kaasa v\u00f5tta.\",\"breadcrumb\":{\"@id\":\"https:\\\/\\\/www.sleepcity.ee\\\/toode\\\/max-benjamin-lohnakaart-french-linen-water\\\/#breadcrumb\"},\"inLanguage\":\"et\",\"potentialAction\":[{\"@type\":\"ReadAction\",\"target\":[\"https:\\\/\\\/www.sleepcity.ee\\\/toode\\\/max-benjamin-lohnakaart-french-linen-water\\\/\"]}]},{\"@type\":\"ImageObject\",\"inLanguage\":\"et\",\"@id\":\"https:\\\/\\\/www.sleepcity.ee\\\/toode\\\/max-benjamin-lohnakaart-french-linen-water\\\/#primaryimage\",\"url\":\"https:\\\/\\\/sleepcity.ee\\\/wp-content\\\/uploads\\\/2025\\\/12\\\/ScentedCard_FrenchLinenWater.png\",\"contentUrl\":\"https:\\\/\\\/sleepcity.ee\\\/wp-content\\\/uploads\\\/2025\\\/12\\\/ScentedCard_FrenchLinenWater.png\",\"width\":1200,\"height\":1200},{\"@type\":\"BreadcrumbList\",\"@id\":\"https:\\\/\\\/www.sleepcity.ee\\\/toode\\\/max-benjamin-lohnakaart-french-linen-water\\\/#breadcrumb\",\"itemListElement\":[{\"@type\":\"ListItem\",\"position\":1,\"name\":\"Home\",\"item\":\"https:\\\/\\\/sleepcity.ee\\\/\"},{\"@type\":\"ListItem\",\"position\":2,\"name\":\"Pood\",\"item\":\"https:\\\/\\\/sleepcity.ee\\\/pood\\\/\"},{\"@type\":\"ListItem\",\"position\":3,\"name\":\"Max Benjamin l\u00f5hnakaart French Linen Water\"}]},{\"@type\":\"WebSite\",\"@id\":\"https:\\\/\\\/sleepcity.ee\\\/#website\",\"url\":\"https:\\\/\\\/sleepcity.ee\\\/\",\"name\":\"Tempur Shop\",\"description\":\"TEMPUR madratsid, voodid, padjad ja muud unetooted.\",\"publisher\":{\"@id\":\"https:\\\/\\\/sleepcity.ee\\\/#organization\"},\"potentialAction\":[{\"@type\":\"SearchAction\",\"target\":{\"@type\":\"EntryPoint\",\"urlTemplate\":\"https:\\\/\\\/sleepcity.ee\\\/?s={search_term_string}\"},\"query-input\":{\"@type\":\"PropertyValueSpecification\",\"valueRequired\":true,\"valueName\":\"search_term_string\"}}],\"inLanguage\":\"et\"},{\"@type\":\"Organization\",\"@id\":\"https:\\\/\\\/sleepcity.ee\\\/#organization\",\"name\":\"VG Design O\u00dc\",\"url\":\"https:\\\/\\\/sleepcity.ee\\\/\",\"logo\":{\"@type\":\"ImageObject\",\"inLanguage\":\"et\",\"@id\":\"https:\\\/\\\/sleepcity.ee\\\/#\\\/schema\\\/logo\\\/image\\\/\",\"url\":\"https:\\\/\\\/sleepcity.ee\\\/wp-content\\\/uploads\\\/2023\\\/09\\\/sleepcity_logo.png\",\"contentUrl\":\"https:\\\/\\\/sleepcity.ee\\\/wp-content\\\/uploads\\\/2023\\\/09\\\/sleepcity_logo.png\",\"width\":1034,\"height\":318,\"caption\":\"VG Design O\u00dc\"},\"image\":{\"@id\":\"https:\\\/\\\/sleepcity.ee\\\/#\\\/schema\\\/logo\\\/image\\\/\"},\"sameAs\":[\"http:\\\/\\\/www.fb.com\\\/TempurEstonia\",\"http:\\\/\\\/www.instagram.com\\\/tempurestonia\"]}]}<\/script>\n<!-- \/ Yoast SEO plugin. -->","yoast_head_json":{"title":"Max Benjamin l\u00f5hnakaart French Linen Water - SleepCity - Hea Une Valem","description":"Pehme lilleline l\u00f5hn, mis meenutab Provence'i verandal l\u00f5\u00f5gastudes m\u00f5nusaid \u00f5htuid kerge ja jahutatud ros\u00e9'i r\u00fc\u00fcbates.  Aroom sisaldab lavendli, magusa apelsini, petitgrain'i \u00f5lisid ja v\u00e4rskeid tsitruselisi noote.  Need kaunid v\u00e4ikesed kaardid pakuvad v\u00f5imsat l\u00f5hnaelamust. Need sobivad ideaalselt v\u00e4ikestesse ruumidesse nagu riidekapid, sahtlid, k\u00e4ekotid v\u00f5i isegi kohvrisse, et saaksite oma lemmikl\u00f5hna endaga kaasa v\u00f5tta.","robots":{"index":"index","follow":"follow","max-snippet":"max-snippet:-1","max-image-preview":"max-image-preview:large","max-video-preview":"max-video-preview:-1"},"canonical":"https:\/\/www.sleepcity.ee\/toode\/max-benjamin-lohnakaart-french-linen-water\/","og_locale":"et_EE","og_type":"article","og_title":"Max Benjamin l\u00f5hnakaart French Linen Water - SleepCity - Hea Une Valem","og_description":"Pehme lilleline l\u00f5hn, mis meenutab Provence'i verandal l\u00f5\u00f5gastudes m\u00f5nusaid \u00f5htuid kerge ja jahutatud ros\u00e9'i r\u00fc\u00fcbates.  Aroom sisaldab lavendli, magusa apelsini, petitgrain'i \u00f5lisid ja v\u00e4rskeid tsitruselisi noote.  Need kaunid v\u00e4ikesed kaardid pakuvad v\u00f5imsat l\u00f5hnaelamust. Need sobivad ideaalselt v\u00e4ikestesse ruumidesse nagu riidekapid, sahtlid, k\u00e4ekotid v\u00f5i isegi kohvrisse, et saaksite oma lemmikl\u00f5hna endaga kaasa v\u00f5tta.","og_url":"https:\/\/www.sleepcity.ee\/toode\/max-benjamin-lohnakaart-french-linen-water\/","og_site_name":"SleepCity - Hea Une Valem","article_publisher":"http:\/\/www.fb.com\/TempurEstonia","og_image":[{"width":1200,"height":1200,"url":"https:\/\/www.sleepcity.ee\/wp-content\/uploads\/2025\/12\/ScentedCard_FrenchLinenWater.png","type":"image\/png"}],"twitter_card":"summary_large_image","schema":{"@context":"https:\/\/schema.org","@graph":[{"@type":"WebPage","@id":"https:\/\/www.sleepcity.ee\/toode\/max-benjamin-lohnakaart-french-linen-water\/","url":"https:\/\/www.sleepcity.ee\/toode\/max-benjamin-lohnakaart-french-linen-water\/","name":"Max Benjamin l\u00f5hnakaart French Linen Water - SleepCity - Hea Une Valem","isPartOf":{"@id":"https:\/\/sleepcity.ee\/#website"},"primaryImageOfPage":{"@id":"https:\/\/www.sleepcity.ee\/toode\/max-benjamin-lohnakaart-french-linen-water\/#primaryimage"},"image":{"@id":"https:\/\/www.sleepcity.ee\/toode\/max-benjamin-lohnakaart-french-linen-water\/#primaryimage"},"thumbnailUrl":"https:\/\/sleepcity.ee\/wp-content\/uploads\/2025\/12\/ScentedCard_FrenchLinenWater.png","datePublished":"2025-12-15T12:34:21+00:00","description":"Pehme lilleline l\u00f5hn, mis meenutab Provence'i verandal l\u00f5\u00f5gastudes m\u00f5nusaid \u00f5htuid kerge ja jahutatud ros\u00e9'i r\u00fc\u00fcbates. Aroom sisaldab lavendli, magusa apelsini, petitgrain'i \u00f5lisid ja v\u00e4rskeid tsitruselisi noote. Need kaunid v\u00e4ikesed kaardid pakuvad v\u00f5imsat l\u00f5hnaelamust. Need sobivad ideaalselt v\u00e4ikestesse ruumidesse nagu riidekapid, sahtlid, k\u00e4ekotid v\u00f5i isegi kohvrisse, et saaksite oma lemmikl\u00f5hna endaga kaasa v\u00f5tta.","breadcrumb":{"@id":"https:\/\/www.sleepcity.ee\/toode\/max-benjamin-lohnakaart-french-linen-water\/#breadcrumb"},"inLanguage":"et","potentialAction":[{"@type":"ReadAction","target":["https:\/\/www.sleepcity.ee\/toode\/max-benjamin-lohnakaart-french-linen-water\/"]}]},{"@type":"ImageObject","inLanguage":"et","@id":"https:\/\/www.sleepcity.ee\/toode\/max-benjamin-lohnakaart-french-linen-water\/#primaryimage","url":"https:\/\/sleepcity.ee\/wp-content\/uploads\/2025\/12\/ScentedCard_FrenchLinenWater.png","contentUrl":"https:\/\/sleepcity.ee\/wp-content\/uploads\/2025\/12\/ScentedCard_FrenchLinenWater.png","width":1200,"height":1200},{"@type":"BreadcrumbList","@id":"https:\/\/www.sleepcity.ee\/toode\/max-benjamin-lohnakaart-french-linen-water\/#breadcrumb","itemListElement":[{"@type":"ListItem","position":1,"name":"Home","item":"https:\/\/sleepcity.ee\/"},{"@type":"ListItem","position":2,"name":"Pood","item":"https:\/\/sleepcity.ee\/pood\/"},{"@type":"ListItem","position":3,"name":"Max Benjamin l\u00f5hnakaart French Linen Water"}]},{"@type":"WebSite","@id":"https:\/\/sleepcity.ee\/#website","url":"https:\/\/sleepcity.ee\/","name":"Tempur Shop","description":"TEMPUR madratsid, voodid, padjad ja muud unetooted.","publisher":{"@id":"https:\/\/sleepcity.ee\/#organization"},"potentialAction":[{"@type":"SearchAction","target":{"@type":"EntryPoint","urlTemplate":"https:\/\/sleepcity.ee\/?s={search_term_string}"},"query-input":{"@type":"PropertyValueSpecification","valueRequired":true,"valueName":"search_term_string"}}],"inLanguage":"et"},{"@type":"Organization","@id":"https:\/\/sleepcity.ee\/#organization","name":"VG Design O\u00dc","url":"https:\/\/sleepcity.ee\/","logo":{"@type":"ImageObject","inLanguage":"et","@id":"https:\/\/sleepcity.ee\/#\/schema\/logo\/image\/","url":"https:\/\/sleepcity.ee\/wp-content\/uploads\/2023\/09\/sleepcity_logo.png","contentUrl":"https:\/\/sleepcity.ee\/wp-content\/uploads\/2023\/09\/sleepcity_logo.png","width":1034,"height":318,"caption":"VG Design O\u00dc"},"image":{"@id":"https:\/\/sleepcity.ee\/#\/schema\/logo\/image\/"},"sameAs":["http:\/\/www.fb.com\/TempurEstonia","http:\/\/www.instagram.com\/tempurestonia"]}]}},"_links":{"self":[{"href":"https:\/\/sleepcity.ee\/wp-json\/wp\/v2\/product\/9822","targetHints":{"allow":["GET"]}}],"collection":[{"href":"https:\/\/sleepcity.ee\/wp-json\/wp\/v2\/product"}],"about":[{"href":"https:\/\/sleepcity.ee\/wp-json\/wp\/v2\/types\/product"}],"replies":[{"embeddable":true,"href":"https:\/\/sleepcity.ee\/wp-json\/wp\/v2\/comments?post=9822"}],"wp:featuredmedia":[{"embeddable":true,"href":"https:\/\/sleepcity.ee\/wp-json\/wp\/v2\/media\/9823"}],"wp:attachment":[{"href":"https:\/\/sleepcity.ee\/wp-json\/wp\/v2\/media?parent=9822"}],"wp:term":[{"taxonomy":"product_brand","embeddable":true,"href":"https:\/\/sleepcity.ee\/wp-json\/wp\/v2\/product_brand?post=9822"},{"taxonomy":"product_cat","embeddable":true,"href":"https:\/\/sleepcity.ee\/wp-json\/wp\/v2\/product_cat?post=9822"},{"taxonomy":"product_tag","embeddable":true,"href":"https:\/\/sleepcity.ee\/wp-json\/wp\/v2\/product_tag?post=9822"}],"curies":[{"name":"wp","href":"https:\/\/api.w.org\/{rel}","templated":true}]}}