{"id":9834,"date":"2025-12-15T13:09:58","date_gmt":"2025-12-15T13:09:58","guid":{"rendered":"https:\/\/sleepcity.ee\/?post_type=product&#038;p=9834"},"modified":"2025-12-15T13:36:01","modified_gmt":"2025-12-15T13:36:01","slug":"max-benjamin-lohnakuunal-dodici","status":"publish","type":"product","link":"https:\/\/sleepcity.ee\/toode\/max-benjamin-lohnakuunal-dodici\/","title":{"rendered":"Max Benjamin l\u00f5hnak\u00fc\u00fcnal Dodici"},"content":{"rendered":"<div class=\"sub-content\">\n<p><strong>Kaal:<\/strong> 569g<\/p>\n<p><strong>M\u00f5\u00f5tmed:<\/strong> 87x86x113mm<\/p>\n<p><strong><span dir=\"auto\">Toote koostisosad<\/span><\/strong><\/p>\n<p><span dir=\"auto\">Dodici k\u00fc\u00fcnal sisaldab: EUH208 (R)-p-menta-1,8-dieen, d-limoneen (5989-27-5) | eug\u00e9nool (97-53-0) | linal\u00fc\u00fclatsetaat (115-95-7) | tsitraal (5392-40-5) | linalool (78-70-6) | (118-58-1) |[3R-(3\u03b1,3a\u03b2,6\u03b1,7\u03b2,8a\u03b1)]-oktah\u00fcdro-6-metoks\u00fc-3,6,8,8-tetramet\u00fc\u00fcl-1H-3a,7-metanoasuleen (67874-81-1) | (127-51-5) | 3-(p-metoks\u00fcfen\u00fc\u00fcl)-2-met\u00fc\u00fclpropionaldeh\u00fc\u00fcd (5462-06-6) | kumariin (91-64-5).<\/span><\/p>\n<\/div>\n<div class=\"sub-content\">\n<p><strong><span dir=\"auto\">Ettevaatusabin\u00f5ud<\/span><\/strong><\/p>\n<p><span dir=\"auto\">HOIATUS! V\u00f5ib esile kutsuda allergilise reaktsiooni. Kahjulik veeorganismidele, pikaajalise toimega. Hoida lastele k\u00e4ttesaamatus kohas. V\u00e4ltida keskkonda sattumist. Sisu k\u00f5rvaldada heakskiidetud k\u00e4itluskeskuses vastavalt riiklikele eeskirjadele.<\/span><\/p>\n<\/div>\n","protected":false},"excerpt":{"rendered":"<p>Max Benjamini kaheteistk\u00fcmnes l\u00f5hn.<\/p>\n<p>Taasloob t\u00e4histaevas veedetud \u00f6id munakivit\u00e4navatel Sitsiilia t\u00e4navatel, kus soe tuuleke h\u00f5ljub joovastavas tsitruseliste ja l\u00f5hnavate \u00fcrtide aroomis.<\/p>\n<p>Sidruni ja majoraani tipunootide, millele on lisatud Toscana lavendli ja rosmariini\u00f5li noote.<\/p>\n<p><span dir=\"auto\">Loo oma \u00f5hkkond veelgi erilisemaks Dodici l\u00f5hnak\u00fc\u00fcnla <\/span><span dir=\"auto\">lummava aroomiga .\u00a0<\/span><\/p>\n<p><span dir=\"auto\">Telli oma\u00a0<\/span><span dir=\"auto\">Dodici l\u00f5hnak\u00fc\u00fcnal <\/span><span dir=\"auto\">kohe ja t\u00e4ida oma ruum vintage-luksuse olemusega!<\/span><\/p>\n<p>Meie l\u00f5hnak\u00fc\u00fcnlad on valmistatud 100% looduslikust vahast ja tahid puuvillast, et tagada puhas ja tahmavaba p\u00f5lemine. Iga k\u00fc\u00fcnal valatakse k\u00e4sitsi\u00a0 ja iga meie \u00fche tahiga k\u00fc\u00fcnla minimaalne p\u00f5lemisaeg on 50 tundi. Dodici 210g luksuslik k\u00fc\u00fcnal ja kaas.<\/p>\n","protected":false},"featured_media":9671,"comment_status":"open","ping_status":"closed","template":"","meta":{"_monsterinsights_skip_tracking":false,"_monsterinsights_sitenote_active":false,"_monsterinsights_sitenote_note":"","_monsterinsights_sitenote_category":0},"product_brand":[],"product_cat":[687,421,275,272,15],"product_tag":[],"class_list":{"0":"post-9834","1":"product","2":"type-product","3":"status-publish","4":"has-post-thumbnail","6":"product_cat-kingitused","7":"product_cat-kodus","8":"product_cat-kuunlad","9":"product_cat-meeleolu","10":"product_cat-muu","12":"first","13":"instock","14":"taxable","15":"shipping-taxable","16":"purchasable","17":"product-type-simple"},"yoast_head":"<!-- This site is optimized with the Yoast SEO plugin v27.3 - https:\/\/yoast.com\/product\/yoast-seo-wordpress\/ -->\n<title>Max Benjamin l\u00f5hnak\u00fc\u00fcnal Dodici - SleepCity - Hea Une Valem<\/title>\n<meta name=\"description\" content=\"Max Benjamini kaheteistk\u00fcmnes l\u00f5hn.  Taasloob t\u00e4histaevas veedetud \u00f6id munakivit\u00e4navatel Sitsiilia t\u00e4navatel, kus soe tuuleke h\u00f5ljub joovastavas tsitruseliste ja l\u00f5hnavate \u00fcrtide aroomis.  Sidruni ja majoraani tipunootide, millele on lisatud Toscana lavendli ja rosmariini\u00f5li noote.  Loo oma \u00f5hkkond veelgi erilisemaks Dodici l\u00f5hnak\u00fc\u00fcnla lummava aroomiga .\u00a0  Telli oma\u00a0Dodici l\u00f5hnak\u00fc\u00fcnal kohe ja t\u00e4ida oma ruum vintage-luksuse olemusega!  Meie l\u00f5hnak\u00fc\u00fcnlad on valmistatud 100% looduslikust vahast ja tahid puuvillast, et tagada puhas ja tahmavaba p\u00f5lemine. Iga k\u00fc\u00fcnal valatakse k\u00e4sitsi\u00a0 ja iga meie \u00fche tahiga k\u00fc\u00fcnla minimaalne p\u00f5lemisaeg on 50 tundi. Dodici 210g luksuslik k\u00fc\u00fcnal ja kaas.\" \/>\n<meta name=\"robots\" content=\"index, follow, max-snippet:-1, max-image-preview:large, max-video-preview:-1\" \/>\n<link rel=\"canonical\" href=\"https:\/\/www.sleepcity.ee\/toode\/max-benjamin-lohnakuunal-dodici\/\" \/>\n<meta property=\"og:locale\" content=\"et_EE\" \/>\n<meta property=\"og:type\" content=\"article\" \/>\n<meta property=\"og:title\" content=\"Max Benjamin l\u00f5hnak\u00fc\u00fcnal Dodici - SleepCity - Hea Une Valem\" \/>\n<meta property=\"og:description\" content=\"Max Benjamini kaheteistk\u00fcmnes l\u00f5hn.  Taasloob t\u00e4histaevas veedetud \u00f6id munakivit\u00e4navatel Sitsiilia t\u00e4navatel, kus soe tuuleke h\u00f5ljub joovastavas tsitruseliste ja l\u00f5hnavate \u00fcrtide aroomis.  Sidruni ja majoraani tipunootide, millele on lisatud Toscana lavendli ja rosmariini\u00f5li noote.  Loo oma \u00f5hkkond veelgi erilisemaks Dodici l\u00f5hnak\u00fc\u00fcnla lummava aroomiga .\u00a0  Telli oma\u00a0Dodici l\u00f5hnak\u00fc\u00fcnal kohe ja t\u00e4ida oma ruum vintage-luksuse olemusega!  Meie l\u00f5hnak\u00fc\u00fcnlad on valmistatud 100% looduslikust vahast ja tahid puuvillast, et tagada puhas ja tahmavaba p\u00f5lemine. Iga k\u00fc\u00fcnal valatakse k\u00e4sitsi\u00a0 ja iga meie \u00fche tahiga k\u00fc\u00fcnla minimaalne p\u00f5lemisaeg on 50 tundi. Dodici 210g luksuslik k\u00fc\u00fcnal ja kaas.\" \/>\n<meta property=\"og:url\" content=\"https:\/\/www.sleepcity.ee\/toode\/max-benjamin-lohnakuunal-dodici\/\" \/>\n<meta property=\"og:site_name\" content=\"SleepCity - Hea Une Valem\" \/>\n<meta property=\"article:publisher\" content=\"http:\/\/www.fb.com\/TempurEstonia\" \/>\n<meta property=\"article:modified_time\" content=\"2025-12-15T13:36:01+00:00\" \/>\n<meta property=\"og:image\" content=\"https:\/\/www.sleepcity.ee\/wp-content\/uploads\/2025\/11\/210mg_Dodici-lit.png\" \/>\n\t<meta property=\"og:image:width\" content=\"1200\" \/>\n\t<meta property=\"og:image:height\" content=\"1200\" \/>\n\t<meta property=\"og:image:type\" content=\"image\/png\" \/>\n<meta name=\"twitter:card\" content=\"summary_large_image\" \/>\n<script type=\"application\/ld+json\" class=\"yoast-schema-graph\">{\"@context\":\"https:\\\/\\\/schema.org\",\"@graph\":[{\"@type\":\"WebPage\",\"@id\":\"https:\\\/\\\/www.sleepcity.ee\\\/toode\\\/max-benjamin-lohnakuunal-dodici\\\/\",\"url\":\"https:\\\/\\\/www.sleepcity.ee\\\/toode\\\/max-benjamin-lohnakuunal-dodici\\\/\",\"name\":\"Max Benjamin l\u00f5hnak\u00fc\u00fcnal Dodici - SleepCity - Hea Une Valem\",\"isPartOf\":{\"@id\":\"https:\\\/\\\/sleepcity.ee\\\/#website\"},\"primaryImageOfPage\":{\"@id\":\"https:\\\/\\\/www.sleepcity.ee\\\/toode\\\/max-benjamin-lohnakuunal-dodici\\\/#primaryimage\"},\"image\":{\"@id\":\"https:\\\/\\\/www.sleepcity.ee\\\/toode\\\/max-benjamin-lohnakuunal-dodici\\\/#primaryimage\"},\"thumbnailUrl\":\"https:\\\/\\\/sleepcity.ee\\\/wp-content\\\/uploads\\\/2025\\\/11\\\/210mg_Dodici-lit.png\",\"datePublished\":\"2025-12-15T13:09:58+00:00\",\"dateModified\":\"2025-12-15T13:36:01+00:00\",\"description\":\"Max Benjamini kaheteistk\u00fcmnes l\u00f5hn. Taasloob t\u00e4histaevas veedetud \u00f6id munakivit\u00e4navatel Sitsiilia t\u00e4navatel, kus soe tuuleke h\u00f5ljub joovastavas tsitruseliste ja l\u00f5hnavate \u00fcrtide aroomis. Sidruni ja majoraani tipunootide, millele on lisatud Toscana lavendli ja rosmariini\u00f5li noote. Loo oma \u00f5hkkond veelgi erilisemaks Dodici l\u00f5hnak\u00fc\u00fcnla lummava aroomiga .\u00a0 Telli oma\u00a0Dodici l\u00f5hnak\u00fc\u00fcnal kohe ja t\u00e4ida oma ruum vintage-luksuse olemusega! Meie l\u00f5hnak\u00fc\u00fcnlad on valmistatud 100% looduslikust vahast ja tahid puuvillast, et tagada puhas ja tahmavaba p\u00f5lemine. Iga k\u00fc\u00fcnal valatakse k\u00e4sitsi\u00a0 ja iga meie \u00fche tahiga k\u00fc\u00fcnla minimaalne p\u00f5lemisaeg on 50 tundi. Dodici 210g luksuslik k\u00fc\u00fcnal ja kaas.\",\"breadcrumb\":{\"@id\":\"https:\\\/\\\/www.sleepcity.ee\\\/toode\\\/max-benjamin-lohnakuunal-dodici\\\/#breadcrumb\"},\"inLanguage\":\"et\",\"potentialAction\":[{\"@type\":\"ReadAction\",\"target\":[\"https:\\\/\\\/www.sleepcity.ee\\\/toode\\\/max-benjamin-lohnakuunal-dodici\\\/\"]}]},{\"@type\":\"ImageObject\",\"inLanguage\":\"et\",\"@id\":\"https:\\\/\\\/www.sleepcity.ee\\\/toode\\\/max-benjamin-lohnakuunal-dodici\\\/#primaryimage\",\"url\":\"https:\\\/\\\/sleepcity.ee\\\/wp-content\\\/uploads\\\/2025\\\/11\\\/210mg_Dodici-lit.png\",\"contentUrl\":\"https:\\\/\\\/sleepcity.ee\\\/wp-content\\\/uploads\\\/2025\\\/11\\\/210mg_Dodici-lit.png\",\"width\":1200,\"height\":1200},{\"@type\":\"BreadcrumbList\",\"@id\":\"https:\\\/\\\/www.sleepcity.ee\\\/toode\\\/max-benjamin-lohnakuunal-dodici\\\/#breadcrumb\",\"itemListElement\":[{\"@type\":\"ListItem\",\"position\":1,\"name\":\"Home\",\"item\":\"https:\\\/\\\/www.sleepcity.ee\\\/\"},{\"@type\":\"ListItem\",\"position\":2,\"name\":\"Pood\",\"item\":\"https:\\\/\\\/sleepcity.ee\\\/pood\\\/\"},{\"@type\":\"ListItem\",\"position\":3,\"name\":\"Max Benjamin l\u00f5hnak\u00fc\u00fcnal Dodici\"}]},{\"@type\":\"WebSite\",\"@id\":\"https:\\\/\\\/sleepcity.ee\\\/#website\",\"url\":\"https:\\\/\\\/sleepcity.ee\\\/\",\"name\":\"Tempur Shop\",\"description\":\"TEMPUR madratsid, voodid, padjad ja muud unetooted.\",\"publisher\":{\"@id\":\"https:\\\/\\\/sleepcity.ee\\\/#organization\"},\"potentialAction\":[{\"@type\":\"SearchAction\",\"target\":{\"@type\":\"EntryPoint\",\"urlTemplate\":\"https:\\\/\\\/sleepcity.ee\\\/?s={search_term_string}\"},\"query-input\":{\"@type\":\"PropertyValueSpecification\",\"valueRequired\":true,\"valueName\":\"search_term_string\"}}],\"inLanguage\":\"et\"},{\"@type\":\"Organization\",\"@id\":\"https:\\\/\\\/sleepcity.ee\\\/#organization\",\"name\":\"VG Design O\u00dc\",\"url\":\"https:\\\/\\\/sleepcity.ee\\\/\",\"logo\":{\"@type\":\"ImageObject\",\"inLanguage\":\"et\",\"@id\":\"https:\\\/\\\/sleepcity.ee\\\/#\\\/schema\\\/logo\\\/image\\\/\",\"url\":\"https:\\\/\\\/sleepcity.ee\\\/wp-content\\\/uploads\\\/2023\\\/09\\\/sleepcity_logo.png\",\"contentUrl\":\"https:\\\/\\\/sleepcity.ee\\\/wp-content\\\/uploads\\\/2023\\\/09\\\/sleepcity_logo.png\",\"width\":1034,\"height\":318,\"caption\":\"VG Design O\u00dc\"},\"image\":{\"@id\":\"https:\\\/\\\/sleepcity.ee\\\/#\\\/schema\\\/logo\\\/image\\\/\"},\"sameAs\":[\"http:\\\/\\\/www.fb.com\\\/TempurEstonia\",\"http:\\\/\\\/www.instagram.com\\\/tempurestonia\"]}]}<\/script>\n<!-- \/ Yoast SEO plugin. -->","yoast_head_json":{"title":"Max Benjamin l\u00f5hnak\u00fc\u00fcnal Dodici - SleepCity - Hea Une Valem","description":"Max Benjamini kaheteistk\u00fcmnes l\u00f5hn.  Taasloob t\u00e4histaevas veedetud \u00f6id munakivit\u00e4navatel Sitsiilia t\u00e4navatel, kus soe tuuleke h\u00f5ljub joovastavas tsitruseliste ja l\u00f5hnavate \u00fcrtide aroomis.  Sidruni ja majoraani tipunootide, millele on lisatud Toscana lavendli ja rosmariini\u00f5li noote.  Loo oma \u00f5hkkond veelgi erilisemaks Dodici l\u00f5hnak\u00fc\u00fcnla lummava aroomiga .\u00a0  Telli oma\u00a0Dodici l\u00f5hnak\u00fc\u00fcnal kohe ja t\u00e4ida oma ruum vintage-luksuse olemusega!  Meie l\u00f5hnak\u00fc\u00fcnlad on valmistatud 100% looduslikust vahast ja tahid puuvillast, et tagada puhas ja tahmavaba p\u00f5lemine. Iga k\u00fc\u00fcnal valatakse k\u00e4sitsi\u00a0 ja iga meie \u00fche tahiga k\u00fc\u00fcnla minimaalne p\u00f5lemisaeg on 50 tundi. Dodici 210g luksuslik k\u00fc\u00fcnal ja kaas.","robots":{"index":"index","follow":"follow","max-snippet":"max-snippet:-1","max-image-preview":"max-image-preview:large","max-video-preview":"max-video-preview:-1"},"canonical":"https:\/\/www.sleepcity.ee\/toode\/max-benjamin-lohnakuunal-dodici\/","og_locale":"et_EE","og_type":"article","og_title":"Max Benjamin l\u00f5hnak\u00fc\u00fcnal Dodici - SleepCity - Hea Une Valem","og_description":"Max Benjamini kaheteistk\u00fcmnes l\u00f5hn.  Taasloob t\u00e4histaevas veedetud \u00f6id munakivit\u00e4navatel Sitsiilia t\u00e4navatel, kus soe tuuleke h\u00f5ljub joovastavas tsitruseliste ja l\u00f5hnavate \u00fcrtide aroomis.  Sidruni ja majoraani tipunootide, millele on lisatud Toscana lavendli ja rosmariini\u00f5li noote.  Loo oma \u00f5hkkond veelgi erilisemaks Dodici l\u00f5hnak\u00fc\u00fcnla lummava aroomiga .\u00a0  Telli oma\u00a0Dodici l\u00f5hnak\u00fc\u00fcnal kohe ja t\u00e4ida oma ruum vintage-luksuse olemusega!  Meie l\u00f5hnak\u00fc\u00fcnlad on valmistatud 100% looduslikust vahast ja tahid puuvillast, et tagada puhas ja tahmavaba p\u00f5lemine. Iga k\u00fc\u00fcnal valatakse k\u00e4sitsi\u00a0 ja iga meie \u00fche tahiga k\u00fc\u00fcnla minimaalne p\u00f5lemisaeg on 50 tundi. Dodici 210g luksuslik k\u00fc\u00fcnal ja kaas.","og_url":"https:\/\/www.sleepcity.ee\/toode\/max-benjamin-lohnakuunal-dodici\/","og_site_name":"SleepCity - Hea Une Valem","article_publisher":"http:\/\/www.fb.com\/TempurEstonia","article_modified_time":"2025-12-15T13:36:01+00:00","og_image":[{"width":1200,"height":1200,"url":"https:\/\/www.sleepcity.ee\/wp-content\/uploads\/2025\/11\/210mg_Dodici-lit.png","type":"image\/png"}],"twitter_card":"summary_large_image","schema":{"@context":"https:\/\/schema.org","@graph":[{"@type":"WebPage","@id":"https:\/\/www.sleepcity.ee\/toode\/max-benjamin-lohnakuunal-dodici\/","url":"https:\/\/www.sleepcity.ee\/toode\/max-benjamin-lohnakuunal-dodici\/","name":"Max Benjamin l\u00f5hnak\u00fc\u00fcnal Dodici - SleepCity - Hea Une Valem","isPartOf":{"@id":"https:\/\/sleepcity.ee\/#website"},"primaryImageOfPage":{"@id":"https:\/\/www.sleepcity.ee\/toode\/max-benjamin-lohnakuunal-dodici\/#primaryimage"},"image":{"@id":"https:\/\/www.sleepcity.ee\/toode\/max-benjamin-lohnakuunal-dodici\/#primaryimage"},"thumbnailUrl":"https:\/\/sleepcity.ee\/wp-content\/uploads\/2025\/11\/210mg_Dodici-lit.png","datePublished":"2025-12-15T13:09:58+00:00","dateModified":"2025-12-15T13:36:01+00:00","description":"Max Benjamini kaheteistk\u00fcmnes l\u00f5hn. Taasloob t\u00e4histaevas veedetud \u00f6id munakivit\u00e4navatel Sitsiilia t\u00e4navatel, kus soe tuuleke h\u00f5ljub joovastavas tsitruseliste ja l\u00f5hnavate \u00fcrtide aroomis. Sidruni ja majoraani tipunootide, millele on lisatud Toscana lavendli ja rosmariini\u00f5li noote. Loo oma \u00f5hkkond veelgi erilisemaks Dodici l\u00f5hnak\u00fc\u00fcnla lummava aroomiga .\u00a0 Telli oma\u00a0Dodici l\u00f5hnak\u00fc\u00fcnal kohe ja t\u00e4ida oma ruum vintage-luksuse olemusega! Meie l\u00f5hnak\u00fc\u00fcnlad on valmistatud 100% looduslikust vahast ja tahid puuvillast, et tagada puhas ja tahmavaba p\u00f5lemine. Iga k\u00fc\u00fcnal valatakse k\u00e4sitsi\u00a0 ja iga meie \u00fche tahiga k\u00fc\u00fcnla minimaalne p\u00f5lemisaeg on 50 tundi. Dodici 210g luksuslik k\u00fc\u00fcnal ja kaas.","breadcrumb":{"@id":"https:\/\/www.sleepcity.ee\/toode\/max-benjamin-lohnakuunal-dodici\/#breadcrumb"},"inLanguage":"et","potentialAction":[{"@type":"ReadAction","target":["https:\/\/www.sleepcity.ee\/toode\/max-benjamin-lohnakuunal-dodici\/"]}]},{"@type":"ImageObject","inLanguage":"et","@id":"https:\/\/www.sleepcity.ee\/toode\/max-benjamin-lohnakuunal-dodici\/#primaryimage","url":"https:\/\/sleepcity.ee\/wp-content\/uploads\/2025\/11\/210mg_Dodici-lit.png","contentUrl":"https:\/\/sleepcity.ee\/wp-content\/uploads\/2025\/11\/210mg_Dodici-lit.png","width":1200,"height":1200},{"@type":"BreadcrumbList","@id":"https:\/\/www.sleepcity.ee\/toode\/max-benjamin-lohnakuunal-dodici\/#breadcrumb","itemListElement":[{"@type":"ListItem","position":1,"name":"Home","item":"https:\/\/www.sleepcity.ee\/"},{"@type":"ListItem","position":2,"name":"Pood","item":"https:\/\/sleepcity.ee\/pood\/"},{"@type":"ListItem","position":3,"name":"Max Benjamin l\u00f5hnak\u00fc\u00fcnal Dodici"}]},{"@type":"WebSite","@id":"https:\/\/sleepcity.ee\/#website","url":"https:\/\/sleepcity.ee\/","name":"Tempur Shop","description":"TEMPUR madratsid, voodid, padjad ja muud unetooted.","publisher":{"@id":"https:\/\/sleepcity.ee\/#organization"},"potentialAction":[{"@type":"SearchAction","target":{"@type":"EntryPoint","urlTemplate":"https:\/\/sleepcity.ee\/?s={search_term_string}"},"query-input":{"@type":"PropertyValueSpecification","valueRequired":true,"valueName":"search_term_string"}}],"inLanguage":"et"},{"@type":"Organization","@id":"https:\/\/sleepcity.ee\/#organization","name":"VG Design O\u00dc","url":"https:\/\/sleepcity.ee\/","logo":{"@type":"ImageObject","inLanguage":"et","@id":"https:\/\/sleepcity.ee\/#\/schema\/logo\/image\/","url":"https:\/\/sleepcity.ee\/wp-content\/uploads\/2023\/09\/sleepcity_logo.png","contentUrl":"https:\/\/sleepcity.ee\/wp-content\/uploads\/2023\/09\/sleepcity_logo.png","width":1034,"height":318,"caption":"VG Design O\u00dc"},"image":{"@id":"https:\/\/sleepcity.ee\/#\/schema\/logo\/image\/"},"sameAs":["http:\/\/www.fb.com\/TempurEstonia","http:\/\/www.instagram.com\/tempurestonia"]}]}},"_links":{"self":[{"href":"https:\/\/sleepcity.ee\/wp-json\/wp\/v2\/product\/9834","targetHints":{"allow":["GET"]}}],"collection":[{"href":"https:\/\/sleepcity.ee\/wp-json\/wp\/v2\/product"}],"about":[{"href":"https:\/\/sleepcity.ee\/wp-json\/wp\/v2\/types\/product"}],"replies":[{"embeddable":true,"href":"https:\/\/sleepcity.ee\/wp-json\/wp\/v2\/comments?post=9834"}],"wp:featuredmedia":[{"embeddable":true,"href":"https:\/\/sleepcity.ee\/wp-json\/wp\/v2\/media\/9671"}],"wp:attachment":[{"href":"https:\/\/sleepcity.ee\/wp-json\/wp\/v2\/media?parent=9834"}],"wp:term":[{"taxonomy":"product_brand","embeddable":true,"href":"https:\/\/sleepcity.ee\/wp-json\/wp\/v2\/product_brand?post=9834"},{"taxonomy":"product_cat","embeddable":true,"href":"https:\/\/sleepcity.ee\/wp-json\/wp\/v2\/product_cat?post=9834"},{"taxonomy":"product_tag","embeddable":true,"href":"https:\/\/sleepcity.ee\/wp-json\/wp\/v2\/product_tag?post=9834"}],"curies":[{"name":"wp","href":"https:\/\/api.w.org\/{rel}","templated":true}]}}