{"id":9838,"date":"2025-12-15T13:17:35","date_gmt":"2025-12-15T13:17:35","guid":{"rendered":"https:\/\/sleepcity.ee\/?post_type=product&#038;p=9838"},"modified":"2025-12-15T13:35:22","modified_gmt":"2025-12-15T13:35:22","slug":"max-benjamin-lohnakuunal-white-pomegranate","status":"publish","type":"product","link":"https:\/\/sleepcity.ee\/toode\/max-benjamin-lohnakuunal-white-pomegranate\/","title":{"rendered":"Max Benjamin l\u00f5hnak\u00fc\u00fcnal White Pomegranate"},"content":{"rendered":"<div class=\"sub-content\">\n<p><strong>Kaal:<\/strong> 569g<\/p>\n<p><strong>M\u00f5\u00f5tmed:<\/strong> 87x86x113mm<\/p>\n<p><strong><span dir=\"auto\">Toote koostisosad<\/span><\/strong><\/p>\n<p><span dir=\"auto\">Valge granaat\u00f5unak\u00fc\u00fcnal. Sisaldab: \u03b1-heks\u00fc\u00fcltsinnamaaldeh\u00fc\u00fcdi (CAS nr: 101-86-0) | dl-tsitronellooli (CAS nr: 106-22-9) | geraniooli (CAS nr: 106-24-1) | beeta-pineeni (CAS nr: 127-91-3)<\/span><\/p>\n<\/div>\n<div class=\"sub-content\">\n<p><strong><span dir=\"auto\">Ettevaatusabin\u00f5ud<\/span><\/strong><\/p>\n<p><span dir=\"auto\">HOIATUS! V\u00f5ib esile kutsuda allergilise reaktsiooni. Kahjulik veeorganismidele, pikaajalise toimega. Hoida lastele k\u00e4ttesaamatus kohas. V\u00e4ltida keskkonda sattumist. Sisu k\u00f5rvaldada heakskiidetud k\u00e4itluskeskuses vastavalt riiklikele eeskirjadele.<\/span><\/p>\n<\/div>\n","protected":false},"excerpt":{"rendered":"<p><span dir=\"auto\">Astu aromaatsele seiklusele meie\u00a0<\/span><span dir=\"auto\">valge granaat\u00f5unak\u00fc\u00fcnlaga\u00a0<\/span><span dir=\"auto\">, mis on inspireeritud Verona elavatest turgudest Itaalias. See v\u00f5rgutav segu sisaldab v\u00e4rskete granaat\u00f5unade essentsi, mis on p\u00f5imitud eksootiliste roosinuppudega, paljastades s\u00fcdame, mis \u00f5itseb liilia ja gardeeniaga. S\u00fcdame ja vanilje soojus lisab sellele k\u00fctkestavale l\u00f5hnale sensuaalsust.<\/span><\/p>\n<p><span dir=\"auto\">Kogege Itaalia romantiliseima linna v\u00f5lu iga kord, kui s\u00fc\u00fctate meie\u00a0<\/span><span dir=\"auto\">valge granaat\u00f5unak\u00fc\u00fcnla\u00a0<\/span><span dir=\"auto\">. Laske selle eksootilisel l\u00f5hnal end kanda Verona sagivatele t\u00e4navatele, kus iga sissehingamine paljastab uue kihi intriigi ja v\u00f5lu.<\/span><\/p>\n<p><span dir=\"auto\">Naudi valge granaat\u00f5una\u00a0<\/span><span dir=\"auto\">v\u00f5lu,\u00a0<\/span><span dir=\"auto\">samal ajal kui selle aroom lummab sinu \u00fcmbrust, luues romantikat ja m\u00fcstikat h\u00f5ngu t\u00e4is atmosf\u00e4\u00e4ri. T\u00f5sta oma ruumi uuele tasemele meie\u00a0<\/span><span dir=\"auto\">valge granaat\u00f5unak\u00fc\u00fcnla ahvatleva aroomiga\u00a0<\/span><span dir=\"auto\">ja telli see kohe.<\/span><\/p>\n<p><span dir=\"auto\">K\u00f5ik meie l\u00f5hnak\u00fc\u00fcnlad on valmistatud 100% looduslikust vahast ja meie tahid on puuvillast, et tagada puhas ja tahmavaba p\u00f5lemine. Iga k\u00fc\u00fcnal valatakse k\u00e4sitsi Enniskerrys ja iga meie \u00fche tahiga k\u00fc\u00fcnla minimaalne p\u00f5lemisaeg on 50 tundi. Valge granaat\u00f5unaga 210g luksuslik k\u00fc\u00fcnal ja kaas.<\/span><\/p>\n","protected":false},"featured_media":9841,"comment_status":"open","ping_status":"closed","template":"","meta":{"_monsterinsights_skip_tracking":false,"_monsterinsights_sitenote_active":false,"_monsterinsights_sitenote_note":"","_monsterinsights_sitenote_category":0},"product_brand":[],"product_cat":[687,421,275,272,15],"product_tag":[],"class_list":{"0":"post-9838","1":"product","2":"type-product","3":"status-publish","4":"has-post-thumbnail","6":"product_cat-kingitused","7":"product_cat-kodus","8":"product_cat-kuunlad","9":"product_cat-meeleolu","10":"product_cat-muu","12":"first","13":"instock","14":"taxable","15":"shipping-taxable","16":"purchasable","17":"product-type-simple"},"yoast_head":"<!-- This site is optimized with the Yoast SEO plugin v27.3 - https:\/\/yoast.com\/product\/yoast-seo-wordpress\/ -->\n<title>Max Benjamin l\u00f5hnak\u00fc\u00fcnal White Pomegranate - SleepCity - Hea Une Valem<\/title>\n<meta name=\"description\" content=\"Astu aromaatsele seiklusele meie\u00a0valge granaat\u00f5unak\u00fc\u00fcnlaga\u00a0, mis on inspireeritud Verona elavatest turgudest Itaalias. See v\u00f5rgutav segu sisaldab v\u00e4rskete granaat\u00f5unade essentsi, mis on p\u00f5imitud eksootiliste roosinuppudega, paljastades s\u00fcdame, mis \u00f5itseb liilia ja gardeeniaga. S\u00fcdame ja vanilje soojus lisab sellele k\u00fctkestavale l\u00f5hnale sensuaalsust.  Kogege Itaalia romantiliseima linna v\u00f5lu iga kord, kui s\u00fc\u00fctate meie\u00a0valge granaat\u00f5unak\u00fc\u00fcnla\u00a0. Laske selle eksootilisel l\u00f5hnal end kanda Verona sagivatele t\u00e4navatele, kus iga sissehingamine paljastab uue kihi intriigi ja v\u00f5lu.  Naudi valge granaat\u00f5una\u00a0v\u00f5lu,\u00a0samal ajal kui selle aroom lummab sinu \u00fcmbrust, luues romantikat ja m\u00fcstikat h\u00f5ngu t\u00e4is atmosf\u00e4\u00e4ri. T\u00f5sta oma ruumi uuele tasemele meie\u00a0valge granaat\u00f5unak\u00fc\u00fcnla ahvatleva aroomiga\u00a0ja telli see kohe.  K\u00f5ik meie l\u00f5hnak\u00fc\u00fcnlad on valmistatud 100% looduslikust vahast ja meie tahid on puuvillast, et tagada puhas ja tahmavaba p\u00f5lemine. Iga k\u00fc\u00fcnal valatakse k\u00e4sitsi Enniskerrys ja iga meie \u00fche tahiga k\u00fc\u00fcnla minimaalne p\u00f5lemisaeg on 50 tundi. Valge granaat\u00f5unaga 210g luksuslik k\u00fc\u00fcnal ja kaas.\" \/>\n<meta name=\"robots\" content=\"index, follow, max-snippet:-1, max-image-preview:large, max-video-preview:-1\" \/>\n<link rel=\"canonical\" href=\"https:\/\/sleepcity.ee\/toode\/max-benjamin-lohnakuunal-white-pomegranate\/\" \/>\n<meta property=\"og:locale\" content=\"et_EE\" \/>\n<meta property=\"og:type\" content=\"article\" \/>\n<meta property=\"og:title\" content=\"Max Benjamin l\u00f5hnak\u00fc\u00fcnal White Pomegranate - SleepCity - Hea Une Valem\" \/>\n<meta property=\"og:description\" content=\"Astu aromaatsele seiklusele meie\u00a0valge granaat\u00f5unak\u00fc\u00fcnlaga\u00a0, mis on inspireeritud Verona elavatest turgudest Itaalias. See v\u00f5rgutav segu sisaldab v\u00e4rskete granaat\u00f5unade essentsi, mis on p\u00f5imitud eksootiliste roosinuppudega, paljastades s\u00fcdame, mis \u00f5itseb liilia ja gardeeniaga. S\u00fcdame ja vanilje soojus lisab sellele k\u00fctkestavale l\u00f5hnale sensuaalsust.  Kogege Itaalia romantiliseima linna v\u00f5lu iga kord, kui s\u00fc\u00fctate meie\u00a0valge granaat\u00f5unak\u00fc\u00fcnla\u00a0. Laske selle eksootilisel l\u00f5hnal end kanda Verona sagivatele t\u00e4navatele, kus iga sissehingamine paljastab uue kihi intriigi ja v\u00f5lu.  Naudi valge granaat\u00f5una\u00a0v\u00f5lu,\u00a0samal ajal kui selle aroom lummab sinu \u00fcmbrust, luues romantikat ja m\u00fcstikat h\u00f5ngu t\u00e4is atmosf\u00e4\u00e4ri. T\u00f5sta oma ruumi uuele tasemele meie\u00a0valge granaat\u00f5unak\u00fc\u00fcnla ahvatleva aroomiga\u00a0ja telli see kohe.  K\u00f5ik meie l\u00f5hnak\u00fc\u00fcnlad on valmistatud 100% looduslikust vahast ja meie tahid on puuvillast, et tagada puhas ja tahmavaba p\u00f5lemine. Iga k\u00fc\u00fcnal valatakse k\u00e4sitsi Enniskerrys ja iga meie \u00fche tahiga k\u00fc\u00fcnla minimaalne p\u00f5lemisaeg on 50 tundi. Valge granaat\u00f5unaga 210g luksuslik k\u00fc\u00fcnal ja kaas.\" \/>\n<meta property=\"og:url\" content=\"https:\/\/sleepcity.ee\/toode\/max-benjamin-lohnakuunal-white-pomegranate\/\" \/>\n<meta property=\"og:site_name\" content=\"SleepCity - Hea Une Valem\" \/>\n<meta property=\"article:publisher\" content=\"http:\/\/www.fb.com\/TempurEstonia\" \/>\n<meta property=\"article:modified_time\" content=\"2025-12-15T13:35:22+00:00\" \/>\n<meta property=\"og:image\" content=\"https:\/\/sleepcity.ee\/wp-content\/uploads\/2025\/12\/210mg_WhitePomegranate-lit.png\" \/>\n\t<meta property=\"og:image:width\" content=\"1200\" \/>\n\t<meta property=\"og:image:height\" content=\"1200\" \/>\n\t<meta property=\"og:image:type\" content=\"image\/png\" \/>\n<meta name=\"twitter:card\" content=\"summary_large_image\" \/>\n<script type=\"application\/ld+json\" class=\"yoast-schema-graph\">{\"@context\":\"https:\\\/\\\/schema.org\",\"@graph\":[{\"@type\":\"WebPage\",\"@id\":\"https:\\\/\\\/sleepcity.ee\\\/toode\\\/max-benjamin-lohnakuunal-white-pomegranate\\\/\",\"url\":\"https:\\\/\\\/sleepcity.ee\\\/toode\\\/max-benjamin-lohnakuunal-white-pomegranate\\\/\",\"name\":\"Max Benjamin l\u00f5hnak\u00fc\u00fcnal White Pomegranate - SleepCity - Hea Une Valem\",\"isPartOf\":{\"@id\":\"https:\\\/\\\/sleepcity.ee\\\/#website\"},\"primaryImageOfPage\":{\"@id\":\"https:\\\/\\\/sleepcity.ee\\\/toode\\\/max-benjamin-lohnakuunal-white-pomegranate\\\/#primaryimage\"},\"image\":{\"@id\":\"https:\\\/\\\/sleepcity.ee\\\/toode\\\/max-benjamin-lohnakuunal-white-pomegranate\\\/#primaryimage\"},\"thumbnailUrl\":\"https:\\\/\\\/www.sleepcity.ee\\\/wp-content\\\/uploads\\\/2025\\\/12\\\/210mg_WhitePomegranate-lit.png\",\"datePublished\":\"2025-12-15T13:17:35+00:00\",\"dateModified\":\"2025-12-15T13:35:22+00:00\",\"description\":\"Astu aromaatsele seiklusele meie\u00a0valge granaat\u00f5unak\u00fc\u00fcnlaga\u00a0, mis on inspireeritud Verona elavatest turgudest Itaalias. See v\u00f5rgutav segu sisaldab v\u00e4rskete granaat\u00f5unade essentsi, mis on p\u00f5imitud eksootiliste roosinuppudega, paljastades s\u00fcdame, mis \u00f5itseb liilia ja gardeeniaga. S\u00fcdame ja vanilje soojus lisab sellele k\u00fctkestavale l\u00f5hnale sensuaalsust. Kogege Itaalia romantiliseima linna v\u00f5lu iga kord, kui s\u00fc\u00fctate meie\u00a0valge granaat\u00f5unak\u00fc\u00fcnla\u00a0. Laske selle eksootilisel l\u00f5hnal end kanda Verona sagivatele t\u00e4navatele, kus iga sissehingamine paljastab uue kihi intriigi ja v\u00f5lu. Naudi valge granaat\u00f5una\u00a0v\u00f5lu,\u00a0samal ajal kui selle aroom lummab sinu \u00fcmbrust, luues romantikat ja m\u00fcstikat h\u00f5ngu t\u00e4is atmosf\u00e4\u00e4ri. T\u00f5sta oma ruumi uuele tasemele meie\u00a0valge granaat\u00f5unak\u00fc\u00fcnla ahvatleva aroomiga\u00a0ja telli see kohe. K\u00f5ik meie l\u00f5hnak\u00fc\u00fcnlad on valmistatud 100% looduslikust vahast ja meie tahid on puuvillast, et tagada puhas ja tahmavaba p\u00f5lemine. Iga k\u00fc\u00fcnal valatakse k\u00e4sitsi Enniskerrys ja iga meie \u00fche tahiga k\u00fc\u00fcnla minimaalne p\u00f5lemisaeg on 50 tundi. Valge granaat\u00f5unaga 210g luksuslik k\u00fc\u00fcnal ja kaas.\",\"breadcrumb\":{\"@id\":\"https:\\\/\\\/sleepcity.ee\\\/toode\\\/max-benjamin-lohnakuunal-white-pomegranate\\\/#breadcrumb\"},\"inLanguage\":\"et\",\"potentialAction\":[{\"@type\":\"ReadAction\",\"target\":[\"https:\\\/\\\/sleepcity.ee\\\/toode\\\/max-benjamin-lohnakuunal-white-pomegranate\\\/\"]}]},{\"@type\":\"ImageObject\",\"inLanguage\":\"et\",\"@id\":\"https:\\\/\\\/sleepcity.ee\\\/toode\\\/max-benjamin-lohnakuunal-white-pomegranate\\\/#primaryimage\",\"url\":\"https:\\\/\\\/www.sleepcity.ee\\\/wp-content\\\/uploads\\\/2025\\\/12\\\/210mg_WhitePomegranate-lit.png\",\"contentUrl\":\"https:\\\/\\\/www.sleepcity.ee\\\/wp-content\\\/uploads\\\/2025\\\/12\\\/210mg_WhitePomegranate-lit.png\",\"width\":1200,\"height\":1200},{\"@type\":\"BreadcrumbList\",\"@id\":\"https:\\\/\\\/sleepcity.ee\\\/toode\\\/max-benjamin-lohnakuunal-white-pomegranate\\\/#breadcrumb\",\"itemListElement\":[{\"@type\":\"ListItem\",\"position\":1,\"name\":\"Home\",\"item\":\"https:\\\/\\\/www.sleepcity.ee\\\/\"},{\"@type\":\"ListItem\",\"position\":2,\"name\":\"Pood\",\"item\":\"https:\\\/\\\/sleepcity.ee\\\/pood\\\/\"},{\"@type\":\"ListItem\",\"position\":3,\"name\":\"Max Benjamin l\u00f5hnak\u00fc\u00fcnal White Pomegranate\"}]},{\"@type\":\"WebSite\",\"@id\":\"https:\\\/\\\/sleepcity.ee\\\/#website\",\"url\":\"https:\\\/\\\/sleepcity.ee\\\/\",\"name\":\"Tempur Shop\",\"description\":\"TEMPUR madratsid, voodid, padjad ja muud unetooted.\",\"publisher\":{\"@id\":\"https:\\\/\\\/sleepcity.ee\\\/#organization\"},\"potentialAction\":[{\"@type\":\"SearchAction\",\"target\":{\"@type\":\"EntryPoint\",\"urlTemplate\":\"https:\\\/\\\/sleepcity.ee\\\/?s={search_term_string}\"},\"query-input\":{\"@type\":\"PropertyValueSpecification\",\"valueRequired\":true,\"valueName\":\"search_term_string\"}}],\"inLanguage\":\"et\"},{\"@type\":\"Organization\",\"@id\":\"https:\\\/\\\/sleepcity.ee\\\/#organization\",\"name\":\"VG Design O\u00dc\",\"url\":\"https:\\\/\\\/sleepcity.ee\\\/\",\"logo\":{\"@type\":\"ImageObject\",\"inLanguage\":\"et\",\"@id\":\"https:\\\/\\\/sleepcity.ee\\\/#\\\/schema\\\/logo\\\/image\\\/\",\"url\":\"https:\\\/\\\/www.sleepcity.ee\\\/wp-content\\\/uploads\\\/2023\\\/09\\\/sleepcity_logo.png\",\"contentUrl\":\"https:\\\/\\\/www.sleepcity.ee\\\/wp-content\\\/uploads\\\/2023\\\/09\\\/sleepcity_logo.png\",\"width\":1034,\"height\":318,\"caption\":\"VG Design O\u00dc\"},\"image\":{\"@id\":\"https:\\\/\\\/sleepcity.ee\\\/#\\\/schema\\\/logo\\\/image\\\/\"},\"sameAs\":[\"http:\\\/\\\/www.fb.com\\\/TempurEstonia\",\"http:\\\/\\\/www.instagram.com\\\/tempurestonia\"]}]}<\/script>\n<!-- \/ Yoast SEO plugin. -->","yoast_head_json":{"title":"Max Benjamin l\u00f5hnak\u00fc\u00fcnal White Pomegranate - SleepCity - Hea Une Valem","description":"Astu aromaatsele seiklusele meie\u00a0valge granaat\u00f5unak\u00fc\u00fcnlaga\u00a0, mis on inspireeritud Verona elavatest turgudest Itaalias. See v\u00f5rgutav segu sisaldab v\u00e4rskete granaat\u00f5unade essentsi, mis on p\u00f5imitud eksootiliste roosinuppudega, paljastades s\u00fcdame, mis \u00f5itseb liilia ja gardeeniaga. S\u00fcdame ja vanilje soojus lisab sellele k\u00fctkestavale l\u00f5hnale sensuaalsust.  Kogege Itaalia romantiliseima linna v\u00f5lu iga kord, kui s\u00fc\u00fctate meie\u00a0valge granaat\u00f5unak\u00fc\u00fcnla\u00a0. Laske selle eksootilisel l\u00f5hnal end kanda Verona sagivatele t\u00e4navatele, kus iga sissehingamine paljastab uue kihi intriigi ja v\u00f5lu.  Naudi valge granaat\u00f5una\u00a0v\u00f5lu,\u00a0samal ajal kui selle aroom lummab sinu \u00fcmbrust, luues romantikat ja m\u00fcstikat h\u00f5ngu t\u00e4is atmosf\u00e4\u00e4ri. T\u00f5sta oma ruumi uuele tasemele meie\u00a0valge granaat\u00f5unak\u00fc\u00fcnla ahvatleva aroomiga\u00a0ja telli see kohe.  K\u00f5ik meie l\u00f5hnak\u00fc\u00fcnlad on valmistatud 100% looduslikust vahast ja meie tahid on puuvillast, et tagada puhas ja tahmavaba p\u00f5lemine. Iga k\u00fc\u00fcnal valatakse k\u00e4sitsi Enniskerrys ja iga meie \u00fche tahiga k\u00fc\u00fcnla minimaalne p\u00f5lemisaeg on 50 tundi. Valge granaat\u00f5unaga 210g luksuslik k\u00fc\u00fcnal ja kaas.","robots":{"index":"index","follow":"follow","max-snippet":"max-snippet:-1","max-image-preview":"max-image-preview:large","max-video-preview":"max-video-preview:-1"},"canonical":"https:\/\/sleepcity.ee\/toode\/max-benjamin-lohnakuunal-white-pomegranate\/","og_locale":"et_EE","og_type":"article","og_title":"Max Benjamin l\u00f5hnak\u00fc\u00fcnal White Pomegranate - SleepCity - Hea Une Valem","og_description":"Astu aromaatsele seiklusele meie\u00a0valge granaat\u00f5unak\u00fc\u00fcnlaga\u00a0, mis on inspireeritud Verona elavatest turgudest Itaalias. See v\u00f5rgutav segu sisaldab v\u00e4rskete granaat\u00f5unade essentsi, mis on p\u00f5imitud eksootiliste roosinuppudega, paljastades s\u00fcdame, mis \u00f5itseb liilia ja gardeeniaga. S\u00fcdame ja vanilje soojus lisab sellele k\u00fctkestavale l\u00f5hnale sensuaalsust.  Kogege Itaalia romantiliseima linna v\u00f5lu iga kord, kui s\u00fc\u00fctate meie\u00a0valge granaat\u00f5unak\u00fc\u00fcnla\u00a0. Laske selle eksootilisel l\u00f5hnal end kanda Verona sagivatele t\u00e4navatele, kus iga sissehingamine paljastab uue kihi intriigi ja v\u00f5lu.  Naudi valge granaat\u00f5una\u00a0v\u00f5lu,\u00a0samal ajal kui selle aroom lummab sinu \u00fcmbrust, luues romantikat ja m\u00fcstikat h\u00f5ngu t\u00e4is atmosf\u00e4\u00e4ri. T\u00f5sta oma ruumi uuele tasemele meie\u00a0valge granaat\u00f5unak\u00fc\u00fcnla ahvatleva aroomiga\u00a0ja telli see kohe.  K\u00f5ik meie l\u00f5hnak\u00fc\u00fcnlad on valmistatud 100% looduslikust vahast ja meie tahid on puuvillast, et tagada puhas ja tahmavaba p\u00f5lemine. Iga k\u00fc\u00fcnal valatakse k\u00e4sitsi Enniskerrys ja iga meie \u00fche tahiga k\u00fc\u00fcnla minimaalne p\u00f5lemisaeg on 50 tundi. Valge granaat\u00f5unaga 210g luksuslik k\u00fc\u00fcnal ja kaas.","og_url":"https:\/\/sleepcity.ee\/toode\/max-benjamin-lohnakuunal-white-pomegranate\/","og_site_name":"SleepCity - Hea Une Valem","article_publisher":"http:\/\/www.fb.com\/TempurEstonia","article_modified_time":"2025-12-15T13:35:22+00:00","og_image":[{"width":1200,"height":1200,"url":"https:\/\/sleepcity.ee\/wp-content\/uploads\/2025\/12\/210mg_WhitePomegranate-lit.png","type":"image\/png"}],"twitter_card":"summary_large_image","schema":{"@context":"https:\/\/schema.org","@graph":[{"@type":"WebPage","@id":"https:\/\/sleepcity.ee\/toode\/max-benjamin-lohnakuunal-white-pomegranate\/","url":"https:\/\/sleepcity.ee\/toode\/max-benjamin-lohnakuunal-white-pomegranate\/","name":"Max Benjamin l\u00f5hnak\u00fc\u00fcnal White Pomegranate - SleepCity - Hea Une Valem","isPartOf":{"@id":"https:\/\/sleepcity.ee\/#website"},"primaryImageOfPage":{"@id":"https:\/\/sleepcity.ee\/toode\/max-benjamin-lohnakuunal-white-pomegranate\/#primaryimage"},"image":{"@id":"https:\/\/sleepcity.ee\/toode\/max-benjamin-lohnakuunal-white-pomegranate\/#primaryimage"},"thumbnailUrl":"https:\/\/www.sleepcity.ee\/wp-content\/uploads\/2025\/12\/210mg_WhitePomegranate-lit.png","datePublished":"2025-12-15T13:17:35+00:00","dateModified":"2025-12-15T13:35:22+00:00","description":"Astu aromaatsele seiklusele meie\u00a0valge granaat\u00f5unak\u00fc\u00fcnlaga\u00a0, mis on inspireeritud Verona elavatest turgudest Itaalias. See v\u00f5rgutav segu sisaldab v\u00e4rskete granaat\u00f5unade essentsi, mis on p\u00f5imitud eksootiliste roosinuppudega, paljastades s\u00fcdame, mis \u00f5itseb liilia ja gardeeniaga. S\u00fcdame ja vanilje soojus lisab sellele k\u00fctkestavale l\u00f5hnale sensuaalsust. Kogege Itaalia romantiliseima linna v\u00f5lu iga kord, kui s\u00fc\u00fctate meie\u00a0valge granaat\u00f5unak\u00fc\u00fcnla\u00a0. Laske selle eksootilisel l\u00f5hnal end kanda Verona sagivatele t\u00e4navatele, kus iga sissehingamine paljastab uue kihi intriigi ja v\u00f5lu. Naudi valge granaat\u00f5una\u00a0v\u00f5lu,\u00a0samal ajal kui selle aroom lummab sinu \u00fcmbrust, luues romantikat ja m\u00fcstikat h\u00f5ngu t\u00e4is atmosf\u00e4\u00e4ri. T\u00f5sta oma ruumi uuele tasemele meie\u00a0valge granaat\u00f5unak\u00fc\u00fcnla ahvatleva aroomiga\u00a0ja telli see kohe. K\u00f5ik meie l\u00f5hnak\u00fc\u00fcnlad on valmistatud 100% looduslikust vahast ja meie tahid on puuvillast, et tagada puhas ja tahmavaba p\u00f5lemine. Iga k\u00fc\u00fcnal valatakse k\u00e4sitsi Enniskerrys ja iga meie \u00fche tahiga k\u00fc\u00fcnla minimaalne p\u00f5lemisaeg on 50 tundi. Valge granaat\u00f5unaga 210g luksuslik k\u00fc\u00fcnal ja kaas.","breadcrumb":{"@id":"https:\/\/sleepcity.ee\/toode\/max-benjamin-lohnakuunal-white-pomegranate\/#breadcrumb"},"inLanguage":"et","potentialAction":[{"@type":"ReadAction","target":["https:\/\/sleepcity.ee\/toode\/max-benjamin-lohnakuunal-white-pomegranate\/"]}]},{"@type":"ImageObject","inLanguage":"et","@id":"https:\/\/sleepcity.ee\/toode\/max-benjamin-lohnakuunal-white-pomegranate\/#primaryimage","url":"https:\/\/www.sleepcity.ee\/wp-content\/uploads\/2025\/12\/210mg_WhitePomegranate-lit.png","contentUrl":"https:\/\/www.sleepcity.ee\/wp-content\/uploads\/2025\/12\/210mg_WhitePomegranate-lit.png","width":1200,"height":1200},{"@type":"BreadcrumbList","@id":"https:\/\/sleepcity.ee\/toode\/max-benjamin-lohnakuunal-white-pomegranate\/#breadcrumb","itemListElement":[{"@type":"ListItem","position":1,"name":"Home","item":"https:\/\/www.sleepcity.ee\/"},{"@type":"ListItem","position":2,"name":"Pood","item":"https:\/\/sleepcity.ee\/pood\/"},{"@type":"ListItem","position":3,"name":"Max Benjamin l\u00f5hnak\u00fc\u00fcnal White Pomegranate"}]},{"@type":"WebSite","@id":"https:\/\/sleepcity.ee\/#website","url":"https:\/\/sleepcity.ee\/","name":"Tempur Shop","description":"TEMPUR madratsid, voodid, padjad ja muud unetooted.","publisher":{"@id":"https:\/\/sleepcity.ee\/#organization"},"potentialAction":[{"@type":"SearchAction","target":{"@type":"EntryPoint","urlTemplate":"https:\/\/sleepcity.ee\/?s={search_term_string}"},"query-input":{"@type":"PropertyValueSpecification","valueRequired":true,"valueName":"search_term_string"}}],"inLanguage":"et"},{"@type":"Organization","@id":"https:\/\/sleepcity.ee\/#organization","name":"VG Design O\u00dc","url":"https:\/\/sleepcity.ee\/","logo":{"@type":"ImageObject","inLanguage":"et","@id":"https:\/\/sleepcity.ee\/#\/schema\/logo\/image\/","url":"https:\/\/www.sleepcity.ee\/wp-content\/uploads\/2023\/09\/sleepcity_logo.png","contentUrl":"https:\/\/www.sleepcity.ee\/wp-content\/uploads\/2023\/09\/sleepcity_logo.png","width":1034,"height":318,"caption":"VG Design O\u00dc"},"image":{"@id":"https:\/\/sleepcity.ee\/#\/schema\/logo\/image\/"},"sameAs":["http:\/\/www.fb.com\/TempurEstonia","http:\/\/www.instagram.com\/tempurestonia"]}]}},"_links":{"self":[{"href":"https:\/\/sleepcity.ee\/wp-json\/wp\/v2\/product\/9838","targetHints":{"allow":["GET"]}}],"collection":[{"href":"https:\/\/sleepcity.ee\/wp-json\/wp\/v2\/product"}],"about":[{"href":"https:\/\/sleepcity.ee\/wp-json\/wp\/v2\/types\/product"}],"replies":[{"embeddable":true,"href":"https:\/\/sleepcity.ee\/wp-json\/wp\/v2\/comments?post=9838"}],"wp:featuredmedia":[{"embeddable":true,"href":"https:\/\/sleepcity.ee\/wp-json\/wp\/v2\/media\/9841"}],"wp:attachment":[{"href":"https:\/\/sleepcity.ee\/wp-json\/wp\/v2\/media?parent=9838"}],"wp:term":[{"taxonomy":"product_brand","embeddable":true,"href":"https:\/\/sleepcity.ee\/wp-json\/wp\/v2\/product_brand?post=9838"},{"taxonomy":"product_cat","embeddable":true,"href":"https:\/\/sleepcity.ee\/wp-json\/wp\/v2\/product_cat?post=9838"},{"taxonomy":"product_tag","embeddable":true,"href":"https:\/\/sleepcity.ee\/wp-json\/wp\/v2\/product_tag?post=9838"}],"curies":[{"name":"wp","href":"https:\/\/api.w.org\/{rel}","templated":true}]}}